{"id":645,"date":"2023-04-14T16:22:38","date_gmt":"2023-04-14T19:22:38","guid":{"rendered":"https:\/\/litoral.ufpr.br\/uceo\/?page_id=645"},"modified":"2023-04-20T13:40:33","modified_gmt":"2023-04-20T16:40:33","slug":"estudo-tecnico-preliminar-etp","status":"publish","type":"page","link":"https:\/\/litoral.ufpr.br\/uceo\/estudo-tecnico-preliminar-etp\/","title":{"rendered":"Estudo T\u00e9cnico Preliminar  &#8211; ETP"},"content":{"rendered":"\n<p class=\"has-text-align-center has-medium-font-size\"><strong><img loading=\"lazy\" decoding=\"async\" width=\"1093\" height=\"408\" class=\"wp-image-703\" style=\"width: 500px\" src=\"https:\/\/litoral.ufpr.br\/uceo\/wp-content\/uploads\/sites\/30\/2023\/04\/Sem-titulo.png\" alt=\"\" srcset=\"https:\/\/litoral.ufpr.br\/uceo\/wp-content\/uploads\/sites\/30\/2023\/04\/Sem-titulo.png 1093w, https:\/\/litoral.ufpr.br\/uceo\/wp-content\/uploads\/sites\/30\/2023\/04\/Sem-titulo-300x112.png 300w, https:\/\/litoral.ufpr.br\/uceo\/wp-content\/uploads\/sites\/30\/2023\/04\/Sem-titulo-1024x382.png 1024w, https:\/\/litoral.ufpr.br\/uceo\/wp-content\/uploads\/sites\/30\/2023\/04\/Sem-titulo-768x287.png 768w\" sizes=\"auto, (max-width: 1093px) 100vw, 1093px\" \/><\/strong><\/p>\n\n\n\n<p> <\/p>\n\n\n\n<h2 class=\"has-text-align-left has-medium-font-size wp-block-heading\"><strong>Garantindo Efici\u00eancia em Contrata\u00e7\u00f5es P\u00fablicas<\/strong><\/h2>\n\n\n\n<p class=\"has-text-align-left has-medium-font-size\"><br>O Estudo T\u00e9cnico Preliminar (ETP), conforme estabelecido pela Instru\u00e7\u00e3o Normativa SEGES N\u00ba 58 de 8 de Agosto de 2022, \u00e9 uma etapa fundamental no processo de contrata\u00e7\u00e3o p\u00fablica no Brasil. Sua fun\u00e7\u00e3o \u00e9 analisar aspectos t\u00e9cnicos, operacionais e econ\u00f4micos do objeto da contrata\u00e7\u00e3o, servindo como base para elabora\u00e7\u00e3o de Termos de Refer\u00eancia (TR) e Projetos B\u00e1sicos (PB).<br><br>A correta realiza\u00e7\u00e3o do ETP, garante maior efici\u00eancia, legalidade e sucesso nas contrata\u00e7\u00f5es, otimizando investimentos e entregando solu\u00e7\u00f5es eficazes aos demandantes.<\/p>\n\n\n\n<div style=\"height:38px\" aria-hidden=\"true\" class=\"wp-block-spacer\"><\/div>\n\n\n\n<p><a href=\"https:\/\/www.gov.br\/compras\/pt-br\/acesso-a-informacao\/legislacao\/instrucoes-normativas\/instrucao-normativa-seges-no-58-de-8-de-agosto-de-2022\">INSTRU\u00c7\u00c3O NORMATIVA SEGES N\u00ba 58, DE 8 DE AGOSTO DE 2022<\/a><br><\/p>\n\n\n\n<p><a href=\"https:\/\/litoral.ufpr.br\/uceo\/wp-content\/uploads\/sites\/30\/2023\/04\/ETP.pdf\">Formul\u00e1rio SEI &#8220;estudo t\u00e9cnico preliminar&#8221;<\/a>  <br><\/p>\n\n\n\n<p>Modelos de ETP&#8217;s preenchidos. <br><br><br><br><br><br><br><br><\/p>\n","protected":false},"excerpt":{"rendered":"<p>Garantindo Efici\u00eancia em Contrata\u00e7\u00f5es P\u00fablicas O Estudo T\u00e9cnico Preliminar (ETP), conforme estabelecido pela Instru\u00e7\u00e3o Normativa SEGES N\u00ba 58 de 8 de Agosto de 2022, \u00e9 uma etapa fundamental no processo de contrata\u00e7\u00e3o p\u00fablica no Brasil. Sua fun\u00e7\u00e3o \u00e9 analisar aspectos t\u00e9cnicos, operacionais e econ\u00f4micos do objeto da contrata\u00e7\u00e3o, servindo como base para elabora\u00e7\u00e3o de Termos [&hellip;]<\/p>\n","protected":false},"author":1650,"featured_media":0,"parent":0,"menu_order":0,"comment_status":"closed","ping_status":"closed","template":"","meta":{"_acf_changed":false,"footnotes":""},"class_list":["post-645","page","type-page","status-publish","hentry"],"acf":[],"_links":{"self":[{"href":"https:\/\/litoral.ufpr.br\/uceo\/wp-json\/wp\/v2\/pages\/645","targetHints":{"allow":["GET"]}}],"collection":[{"href":"https:\/\/litoral.ufpr.br\/uceo\/wp-json\/wp\/v2\/pages"}],"about":[{"href":"https:\/\/litoral.ufpr.br\/uceo\/wp-json\/wp\/v2\/types\/page"}],"author":[{"embeddable":true,"href":"https:\/\/litoral.ufpr.br\/uceo\/wp-json\/wp\/v2\/users\/1650"}],"replies":[{"embeddable":true,"href":"https:\/\/litoral.ufpr.br\/uceo\/wp-json\/wp\/v2\/comments?post=645"}],"version-history":[{"count":41,"href":"https:\/\/litoral.ufpr.br\/uceo\/wp-json\/wp\/v2\/pages\/645\/revisions"}],"predecessor-version":[{"id":784,"href":"https:\/\/litoral.ufpr.br\/uceo\/wp-json\/wp\/v2\/pages\/645\/revisions\/784"}],"wp:attachment":[{"href":"https:\/\/litoral.ufpr.br\/uceo\/wp-json\/wp\/v2\/media?parent=645"}],"curies":[{"name":"wp","href":"https:\/\/api.w.org\/{rel}","templated":true}]}}