{"id":638,"date":"2023-04-14T16:18:17","date_gmt":"2023-04-14T19:18:17","guid":{"rendered":"https:\/\/litoral.ufpr.br\/uceo\/?page_id=638"},"modified":"2024-05-26T12:07:27","modified_gmt":"2024-05-26T15:07:27","slug":"links","status":"publish","type":"page","link":"https:\/\/litoral.ufpr.br\/uceo\/links\/","title":{"rendered":"Links \u00fateis"},"content":{"rendered":"\n<ul class=\"wp-block-list\"><li><a href=\"https:\/\/intranet.ufpr.br\/arrecadacao\/public\/index.jsf\">Acesso ao PagTesouro<\/a> &#8211; Recolhimento de recursos para a UFPR<\/li><li><a href=\"https:\/\/cgr.ufpr.br\/portal\/pops-sei\/\">PROCEDIMENTOS OPERACIONAIS &#8211;  PADR\u00c3O COM O SEI<\/a><\/li><li><a href=\"https:\/\/www.agtic.ufpr.br\/portal\/wp-content\/uploads\/2024\/04\/in01-24-classificacaodainfo.pdf\">INSTRU\u00c7\u00c3O NORMATIVA N\u00b0 01\/2024 CIGD<\/a> &#8211; Pol\u00edtica de Classifica\u00e7\u00e3o de Informa\u00e7\u00f5es na Universidade Federal do Paran\u00e1 (PCI-UFPR).<\/li><\/ul>\n","protected":false},"excerpt":{"rendered":"<p>Acesso ao PagTesouro &#8211; Recolhimento de recursos para a UFPR PROCEDIMENTOS OPERACIONAIS &#8211; PADR\u00c3O COM O SEI INSTRU\u00c7\u00c3O NORMATIVA N\u00b0 01\/2024 CIGD &#8211; Pol\u00edtica de Classifica\u00e7\u00e3o de Informa\u00e7\u00f5es na Universidade Federal do Paran\u00e1 (PCI-UFPR).<\/p>\n","protected":false},"author":1650,"featured_media":0,"parent":0,"menu_order":0,"comment_status":"closed","ping_status":"closed","template":"","meta":{"_acf_changed":false,"footnotes":""},"class_list":["post-638","page","type-page","status-publish","hentry"],"acf":[],"_links":{"self":[{"href":"https:\/\/litoral.ufpr.br\/uceo\/wp-json\/wp\/v2\/pages\/638","targetHints":{"allow":["GET"]}}],"collection":[{"href":"https:\/\/litoral.ufpr.br\/uceo\/wp-json\/wp\/v2\/pages"}],"about":[{"href":"https:\/\/litoral.ufpr.br\/uceo\/wp-json\/wp\/v2\/types\/page"}],"author":[{"embeddable":true,"href":"https:\/\/litoral.ufpr.br\/uceo\/wp-json\/wp\/v2\/users\/1650"}],"replies":[{"embeddable":true,"href":"https:\/\/litoral.ufpr.br\/uceo\/wp-json\/wp\/v2\/comments?post=638"}],"version-history":[{"count":9,"href":"https:\/\/litoral.ufpr.br\/uceo\/wp-json\/wp\/v2\/pages\/638\/revisions"}],"predecessor-version":[{"id":1397,"href":"https:\/\/litoral.ufpr.br\/uceo\/wp-json\/wp\/v2\/pages\/638\/revisions\/1397"}],"wp:attachment":[{"href":"https:\/\/litoral.ufpr.br\/uceo\/wp-json\/wp\/v2\/media?parent=638"}],"curies":[{"name":"wp","href":"https:\/\/api.w.org\/{rel}","templated":true}]}}