{"id":605,"date":"2023-04-14T09:56:21","date_gmt":"2023-04-14T12:56:21","guid":{"rendered":"https:\/\/litoral.ufpr.br\/uceo\/?page_id=605"},"modified":"2025-01-17T17:21:45","modified_gmt":"2025-01-17T20:21:45","slug":"execucao-2","status":"publish","type":"page","link":"https:\/\/litoral.ufpr.br\/uceo\/execucao-2\/","title":{"rendered":"Execu\u00e7\u00e3o da despesa (2025)"},"content":{"rendered":"\n<hr class=\"wp-block-separator has-text-color has-vivid-cyan-blue-color has-alpha-channel-opacity has-vivid-cyan-blue-background-color has-background is-style-wide\" \/>\n\n\n\n<p><a href=\"https:\/\/litoral.ufpr.br\/uceo\/wp-content\/uploads\/sites\/30\/2025\/01\/execucao-de-despesas-2024_17_01_2025.pdf\" data-type=\"attachment\" data-id=\"1450\">Execu\u00e7\u00e3o de Despesas &#8211; <\/a>2024<\/p>\n\n\n\n<p><a href=\"https:\/\/litoral.ufpr.br\/uceo\/wp-content\/uploads\/sites\/30\/2025\/01\/Relacao-de-Empenho_2024_17_1_25.pdf\" data-type=\"attachment\" data-id=\"1449\">Rela\u00e7\u00e3o de empenhos &#8211; <\/a>2024<\/p>\n\n\n\n<p><\/p>\n\n\n\n<p><\/p>\n\n\n\n<p><a href=\"https:\/\/litoral.ufpr.br\/wp-content\/uploads\/2024\/03\/Execucao-de-despesas_2023.pdf\">Execu\u00e7\u00e3o por Natureza de despesa 2023<\/a><\/p>\n\n\n\n<p><\/p>\n\n\n\n<p><a href=\"https:\/\/litoral.ufpr.br\/wp-content\/uploads\/2024\/03\/Execucao-de-despesas_por_fornecedor_2023.pdf\">Rela\u00e7\u00e3o dos empenhos emitidos, liquidados, e pagos (2023)<\/a><\/p>\n\n\n\n<p><\/p>\n\n\n\n<p><a href=\"https:\/\/litoral.ufpr.br\/wp-content\/uploads\/2024\/03\/compras_diretas_2023.pdf\">Rela\u00e7\u00e3o das contrata\u00e7\u00f5es diretas do Setor (2023) <\/a><\/p>\n\n\n\n<p><a rel=\"noreferrer noopener\" href=\"https:\/\/litoral.ufpr.br\/uceo\/execucao-orcamentaria\/transferencias-de-recursos\/\" target=\"_blank\">Transfer\u00eancias realizadas (at\u00e9 04\/09\/2023)<\/a><\/p>\n","protected":false},"excerpt":{"rendered":"<p>Execu\u00e7\u00e3o de Despesas &#8211; 2024 Rela\u00e7\u00e3o de empenhos &#8211; 2024 Execu\u00e7\u00e3o por Natureza de despesa 2023 Rela\u00e7\u00e3o dos empenhos emitidos, liquidados, e pagos (2023) Rela\u00e7\u00e3o das contrata\u00e7\u00f5es diretas do Setor (2023) Transfer\u00eancias realizadas (at\u00e9 04\/09\/2023)<\/p>\n","protected":false},"author":1650,"featured_media":0,"parent":0,"menu_order":0,"comment_status":"closed","ping_status":"closed","template":"","meta":{"_acf_changed":false,"footnotes":""},"class_list":["post-605","page","type-page","status-publish","hentry"],"acf":[],"_links":{"self":[{"href":"https:\/\/litoral.ufpr.br\/uceo\/wp-json\/wp\/v2\/pages\/605","targetHints":{"allow":["GET"]}}],"collection":[{"href":"https:\/\/litoral.ufpr.br\/uceo\/wp-json\/wp\/v2\/pages"}],"about":[{"href":"https:\/\/litoral.ufpr.br\/uceo\/wp-json\/wp\/v2\/types\/page"}],"author":[{"embeddable":true,"href":"https:\/\/litoral.ufpr.br\/uceo\/wp-json\/wp\/v2\/users\/1650"}],"replies":[{"embeddable":true,"href":"https:\/\/litoral.ufpr.br\/uceo\/wp-json\/wp\/v2\/comments?post=605"}],"version-history":[{"count":74,"href":"https:\/\/litoral.ufpr.br\/uceo\/wp-json\/wp\/v2\/pages\/605\/revisions"}],"predecessor-version":[{"id":1452,"href":"https:\/\/litoral.ufpr.br\/uceo\/wp-json\/wp\/v2\/pages\/605\/revisions\/1452"}],"wp:attachment":[{"href":"https:\/\/litoral.ufpr.br\/uceo\/wp-json\/wp\/v2\/media?parent=605"}],"curies":[{"name":"wp","href":"https:\/\/api.w.org\/{rel}","templated":true}]}}