{"id":598,"date":"2023-04-13T15:44:30","date_gmt":"2023-04-13T18:44:30","guid":{"rendered":"https:\/\/litoral.ufpr.br\/uceo\/?page_id=598"},"modified":"2023-04-24T17:58:37","modified_gmt":"2023-04-24T20:58:37","slug":"atribuicoes","status":"publish","type":"page","link":"https:\/\/litoral.ufpr.br\/uceo\/atribuicoes\/","title":{"rendered":"Atribui\u00e7\u00f5es da Unidade de Controle e Execu\u00e7\u00e3o Or\u00e7ament\u00e1ria do Setor Litoral &#8211; UCEO"},"content":{"rendered":"\n<p align=\"justify\"> A Unidade de Controle e Execu\u00e7\u00e3o Or\u00e7ament\u00e1ria do Setor Litoral &#8211; UCEO como um todo \u00e9 respons\u00e1vel por executar, acompanhar, controlar e avaliar as execu\u00e7\u00f5es financeiras e or\u00e7ament\u00e1rias do Setor Litoral &#8211; UFPR. Para isto perfazendo das seguintes atribui\u00e7\u00f5es: <\/p>\n\n\n\n<p align=\"justify\"><strong> a) <\/strong> Aux\u00edlio a Dire\u00e7\u00e3o do Setor nas tomadas de decis\u00f5es or\u00e7ament\u00e1rias e financeiras contribuindo com o planejamento estrat\u00e9gico do Setor; <\/p>\n\n\n\n<p align=\"justify\"> <strong>b)<\/strong> Atua\u00e7\u00e3o como unidade Requisitante atuante em a\u00e7\u00f5es relacionadas ao PCA (Plano de Contrata\u00e7\u00f5es Anuais) e PGC (Sistema de Planejamento e Gerenciamento de Contrata\u00e7\u00f5es) sendo a unidade respons\u00e1vel por ajudar na identifica\u00e7\u00e3o e na necessidade de contrata\u00e7\u00e3o de bens, servi\u00e7os e obras e tamb\u00e9m por adquiri-los;<\/p>\n\n\n\n<p><strong>c)<\/strong> Emiss\u00e3o da Autoriza\u00e7\u00e3o de Empenho das despesas com abertura de processos financeiros;<\/p>\n\n\n\n<p><strong>d) <\/strong>Acompanhamento das fases da despesa p\u00fablica do&nbsp;Setor: O empenho, a liquida\u00e7\u00e3o e o pagamento;<\/p>\n\n\n\n<p><strong>c) <\/strong>Transfer\u00eancia e controle de recursos or\u00e7ament\u00e1rios para outras unidades gestoras da UFPR, tais como: Almoxarifado Central,  CENTRAN, Gr\u00e1fica, entre outros; <\/p>\n\n\n\n<p><strong>d)<\/strong> Execu\u00e7\u00e3o de rotinas or\u00e7ament\u00e1rias e financeiras nos sistemas FINANCEIRO e OR\u00c7AMENT\u00c1RIO;<\/p>\n\n\n\n<p><strong>e)<\/strong> Gest\u00e3o do controle de concess\u00e3o de Di\u00e1rias e Passagens e operacionaliza\u00e7\u00e3o no sistema SCDP;<\/p>\n\n\n\n<p><strong>f) <\/strong>Auxilio \u00e0s demais unidades do&nbsp;Setor na montagem dos processos administrativos para aquisi\u00e7\u00e3o de bens e servi\u00e7os.<\/p>\n\n\n\n<p><\/p>\n\n\n\n<p><\/p>\n","protected":false},"excerpt":{"rendered":"<p>A Unidade de Controle e Execu\u00e7\u00e3o Or\u00e7ament\u00e1ria do Setor Litoral &#8211; UCEO como um todo \u00e9 respons\u00e1vel por executar, acompanhar, controlar e avaliar as execu\u00e7\u00f5es financeiras e or\u00e7ament\u00e1rias do Setor Litoral &#8211; UFPR. Para isto perfazendo das seguintes atribui\u00e7\u00f5es: a) Aux\u00edlio a Dire\u00e7\u00e3o do Setor nas tomadas de decis\u00f5es or\u00e7ament\u00e1rias e financeiras contribuindo com o [&hellip;]<\/p>\n","protected":false},"author":1650,"featured_media":0,"parent":0,"menu_order":0,"comment_status":"closed","ping_status":"closed","template":"","meta":{"_acf_changed":false,"footnotes":""},"class_list":["post-598","page","type-page","status-publish","hentry"],"acf":[],"_links":{"self":[{"href":"https:\/\/litoral.ufpr.br\/uceo\/wp-json\/wp\/v2\/pages\/598","targetHints":{"allow":["GET"]}}],"collection":[{"href":"https:\/\/litoral.ufpr.br\/uceo\/wp-json\/wp\/v2\/pages"}],"about":[{"href":"https:\/\/litoral.ufpr.br\/uceo\/wp-json\/wp\/v2\/types\/page"}],"author":[{"embeddable":true,"href":"https:\/\/litoral.ufpr.br\/uceo\/wp-json\/wp\/v2\/users\/1650"}],"replies":[{"embeddable":true,"href":"https:\/\/litoral.ufpr.br\/uceo\/wp-json\/wp\/v2\/comments?post=598"}],"version-history":[{"count":8,"href":"https:\/\/litoral.ufpr.br\/uceo\/wp-json\/wp\/v2\/pages\/598\/revisions"}],"predecessor-version":[{"id":828,"href":"https:\/\/litoral.ufpr.br\/uceo\/wp-json\/wp\/v2\/pages\/598\/revisions\/828"}],"wp:attachment":[{"href":"https:\/\/litoral.ufpr.br\/uceo\/wp-json\/wp\/v2\/media?parent=598"}],"curies":[{"name":"wp","href":"https:\/\/api.w.org\/{rel}","templated":true}]}}