{"id":576,"date":"2023-04-13T15:54:36","date_gmt":"2023-04-13T18:54:36","guid":{"rendered":"https:\/\/litoral.ufpr.br\/uceo\/?page_id=576"},"modified":"2025-01-17T17:43:26","modified_gmt":"2025-01-17T20:43:26","slug":"orcamento","status":"publish","type":"page","link":"https:\/\/litoral.ufpr.br\/uceo\/orcamento\/","title":{"rendered":"Recursos Or\u00e7ament\u00e1rios (Exerc\u00edcio 2025)"},"content":{"rendered":"\n<pre id=\"block-cca90a37-fe31-40dd-a0fa-6d125dc6f788\" class=\"wp-block-preformatted\">*Aguardando aprova\u00e7\u00e3o do or\u00e7amento pelo COPLAD. \n\nOs recursos Or\u00e7ament\u00e1rios destinados ao Setor Litoral conforme Or\u00e7amento aprovado pelo COPLAD na data de ----- foram:<\/pre>\n\n\n\n<hr class=\"wp-block-separator has-text-color has-vivid-cyan-blue-color has-alpha-channel-opacity has-vivid-cyan-blue-background-color has-background is-style-wide\" \/>\n\n\n\n<figure class=\"wp-block-table\"><table><tbody><tr><td class=\"has-text-align-center\" data-align=\"center\"><strong>Origem<\/strong><\/td><td class=\"has-text-align-center\" data-align=\"center\"><strong>Valor (R$)<\/strong><\/td><\/tr><tr><td class=\"has-text-align-center\" data-align=\"center\">Rateio Setorial<\/td><td class=\"has-text-align-center\" data-align=\"center\"><\/td><\/tr><tr><td class=\"has-text-align-center\" data-align=\"center\">Aula de Campo<\/td><td class=\"has-text-align-center\" data-align=\"center\"><\/td><\/tr><tr><td class=\"has-text-align-center\" data-align=\"center\">Laborat\u00f3rios de Gradua\u00e7\u00e3o<\/td><td class=\"has-text-align-center\" data-align=\"center\"><\/td><\/tr><tr><td class=\"has-text-align-center\" data-align=\"center\"><strong>Total<\/strong><\/td><td class=\"has-text-align-center\" data-align=\"center\"><\/td><\/tr><\/tbody><\/table><\/figure>\n\n\n\n<p>&#8212; OR\u00c7AMENTO 2024 &#8212;<\/p>\n\n\n\n<pre id=\"block-cca90a37-fe31-40dd-a0fa-6d125dc6f788\" class=\"wp-block-preformatted\">Os recursos Or\u00e7ament\u00e1rios destinados ao Setor Litoral conforme Or\u00e7amento aprovado pelo COPLAD na data de 08\/05\/2024 foram:<\/pre>\n\n\n\n<hr class=\"wp-block-separator has-text-color has-vivid-cyan-blue-color has-alpha-channel-opacity has-vivid-cyan-blue-background-color has-background is-style-wide\" \/>\n\n\n\n<figure class=\"wp-block-table\"><table><tbody><tr><td class=\"has-text-align-center\" data-align=\"center\"><strong>Origem<\/strong><\/td><td class=\"has-text-align-center\" data-align=\"center\"><strong>Valor (R$)<\/strong><\/td><\/tr><tr><td class=\"has-text-align-center\" data-align=\"center\">Rateio Setorial<\/td><td class=\"has-text-align-center\" data-align=\"center\">255.757,00<\/td><\/tr><tr><td class=\"has-text-align-center\" data-align=\"center\">Aula de Campo<\/td><td class=\"has-text-align-center\" data-align=\"center\">140.000,00<\/td><\/tr><tr><td class=\"has-text-align-center\" data-align=\"center\">Laborat\u00f3rios de Gradua\u00e7\u00e3o<\/td><td class=\"has-text-align-center\" data-align=\"center\">60.814,00<\/td><\/tr><tr><td class=\"has-text-align-center\" data-align=\"center\"><strong>Total<\/strong><\/td><td class=\"has-text-align-center\" data-align=\"center\"><strong>456.571,00<\/strong><\/td><\/tr><\/tbody><\/table><\/figure>\n\n\n\n<p><\/p>\n","protected":false},"excerpt":{"rendered":"<p>*Aguardando aprova\u00e7\u00e3o do or\u00e7amento pelo COPLAD. Os recursos Or\u00e7ament\u00e1rios destinados ao Setor Litoral conforme Or\u00e7amento aprovado pelo COPLAD na data de &#8212;&#8211; foram: Origem Valor (R$) Rateio Setorial Aula de Campo Laborat\u00f3rios de Gradua\u00e7\u00e3o Total &#8212; OR\u00c7AMENTO 2024 &#8212; Os recursos Or\u00e7ament\u00e1rios destinados ao Setor Litoral conforme Or\u00e7amento aprovado pelo COPLAD na data de 08\/05\/2024 [&hellip;]<\/p>\n","protected":false},"author":1650,"featured_media":0,"parent":0,"menu_order":0,"comment_status":"closed","ping_status":"closed","template":"","meta":{"_acf_changed":false,"footnotes":""},"class_list":["post-576","page","type-page","status-publish","hentry"],"acf":[],"_links":{"self":[{"href":"https:\/\/litoral.ufpr.br\/uceo\/wp-json\/wp\/v2\/pages\/576","targetHints":{"allow":["GET"]}}],"collection":[{"href":"https:\/\/litoral.ufpr.br\/uceo\/wp-json\/wp\/v2\/pages"}],"about":[{"href":"https:\/\/litoral.ufpr.br\/uceo\/wp-json\/wp\/v2\/types\/page"}],"author":[{"embeddable":true,"href":"https:\/\/litoral.ufpr.br\/uceo\/wp-json\/wp\/v2\/users\/1650"}],"replies":[{"embeddable":true,"href":"https:\/\/litoral.ufpr.br\/uceo\/wp-json\/wp\/v2\/comments?post=576"}],"version-history":[{"count":53,"href":"https:\/\/litoral.ufpr.br\/uceo\/wp-json\/wp\/v2\/pages\/576\/revisions"}],"predecessor-version":[{"id":1454,"href":"https:\/\/litoral.ufpr.br\/uceo\/wp-json\/wp\/v2\/pages\/576\/revisions\/1454"}],"wp:attachment":[{"href":"https:\/\/litoral.ufpr.br\/uceo\/wp-json\/wp\/v2\/media?parent=576"}],"curies":[{"name":"wp","href":"https:\/\/api.w.org\/{rel}","templated":true}]}}