{"id":339,"date":"2023-03-06T14:29:18","date_gmt":"2023-03-06T17:29:18","guid":{"rendered":"https:\/\/litoral.ufpr.br\/uceo\/?page_id=339"},"modified":"2023-06-07T16:11:31","modified_gmt":"2023-06-07T19:11:31","slug":"pca","status":"publish","type":"page","link":"https:\/\/litoral.ufpr.br\/uceo\/pca\/","title":{"rendered":"Plano Anual de Contrata\u00e7\u00f5es &#8211; PCA"},"content":{"rendered":"\n<p>Desde 2019, os \u00f3rg\u00e3os da Administra\u00e7\u00e3o P\u00fablica Federal direta, aut\u00e1rquica e fundacional, s\u00e3o obrigados a registrar as contrata\u00e7\u00f5es pretendidas para o exerc\u00edcio subsequente.<\/p>\n\n\n\n<p>A partir de 2023, a atividade passou a ser regida pelo&nbsp;<a rel=\"noreferrer noopener\" href=\"http:\/\/www.planalto.gov.br\/ccivil_03\/_ato2019-2022\/2022\/Decreto\/D10947.htm\" target=\"_blank\">Decreto 10.947\/2022<\/a>, e regulamentada, no \u00e2mbito da UFPR, pela&nbsp;<a rel=\"noreferrer noopener\" href=\"http:\/\/sei.ufpr.br\/sei\/web\/controlador.php?acao=procedimento_trabalhar&amp;id_procedimento=4904381&amp;id_documento=4904390\" target=\"_blank\">Instru\u00e7\u00e3o Normativa CLIC\/PRA\/UFPR n\u00ba 01<\/a>, de 20 de maio de 2022. <br>\u00c9 importante lembrar que o PCA trata apenas do planejamento das poss\u00edveis contrata\u00e7\u00f5es do ano subsequente. Para efetiva\u00e7\u00e3o das aquisi\u00e7\u00f5es \u00e9 necess\u00e1rio a abertura de processo no SEI, para an\u00e1lise quanto \u00e0 viabilidade or\u00e7ament\u00e1ria da contrata\u00e7\u00e3o.<br>A partir de 2023, nenhuma contrata\u00e7\u00e3o poder\u00e1 ser iniciada sem constar no planejamento anual de contrata\u00e7\u00f5es. Se houver alguma d\u00favida, entre em contato pelo e-mail &#8220;<a href=\"mailto:financeirolitoral@ufpr.br\">financeirolitoral@ufpr.br<\/a>&#8220;.<br><\/p>\n\n\n\n<div class=\"wp-block-group\"><div class=\"wp-block-group__inner-container is-layout-flow wp-block-group-is-layout-flow\"><\/div><\/div>\n\n\n\n<figure class=\"wp-block-table is-style-stripes\"><table class=\"has-black-color has-cyan-bluish-gray-background-color has-text-color has-background has-fixed-layout\"><tbody><tr><td class=\"has-text-align-left\" data-align=\"left\"><strong>Cadastro de demandas (DFD)<\/strong><\/td><td>02\/jan \u2013 31\/mar<br>Apenas o que vai virar licita\u00e7\u00e3o<\/td><td class=\"has-text-align-left\" data-align=\"left\"><br><br>15\/set \u2013 31\/out<br>Dispensas e inexigibilidades<br><sub><sup>Altera\u00e7\u00e3o nos itens cadastrados na 1\u00aa etapa<\/sup><\/sub><\/td><\/tr><tr><td class=\"has-text-align-left\" data-align=\"left\"><strong>Consolida\u00e7\u00e3o<\/strong>&nbsp;<strong>(CLIC\/UPCL)<\/strong><\/td><td>01 a 30\/abr<\/td><td class=\"has-text-align-left\" data-align=\"left\">01 a 10\/nov<\/td><\/tr><tr><td class=\"has-text-align-left\" data-align=\"left\"><strong>Aprova\u00e7\u00e3o<\/strong>&nbsp;<strong>(PRA)<\/strong><\/td><td>At\u00e9 15 de maio<\/td><td class=\"has-text-align-left\" data-align=\"left\">At\u00e9 15 de novembro<\/td><\/tr><\/tbody><\/table><\/figure>\n\n\n\n<p><br><br><strong>PCA &#8211; 2024<\/strong><br>As solicita\u00e7\u00f5es enviadas pelas unidades em 2023, foram compilados e encaminhados para a Pr\u00f3-reitora de Administra\u00e7\u00e3o. Aguarda-se a consolida\u00e7\u00e3o do PAC pela Pr\u00f3-reitora de Administra\u00e7\u00e3o .<br><br>Solicita\u00e7\u00f5es encaminhadas para o PAC 2024 &#8211; Setor Litoral.<br><\/p>\n\n\n\n<p><br><mark style=\"background-color:#ffffff\" class=\"has-inline-color\"><strong>PCA &#8211; 2023<\/strong><\/mark><br>Os planejamentos enviados pelas unidades em 2022, foram compilados e encaminhados para a Pr\u00f3-Reitoria de Administra\u00e7\u00e3o, que os incorporou ao planejamento geral de contrata\u00e7\u00f5es da UFPR para o  exerc\u00edcio de 2023.<br>Durante o ano de 2023, a Coordena\u00e7\u00e3o Administrativa entrar\u00e1 em contato com os interessados para definirem o melhor encaminhamento das demandas. Caso permane\u00e7a a necessidade, o demandante dever\u00e1 abrir um processo no SEI, solicitando a efetiva contrata\u00e7\u00e3o.<br><br>Solicita\u00e7\u00f5es encaminhadas para o PAC 2023 &#8211; Setor Litoral. <br><a href=\"https:\/\/pncp.gov.br\/app\/pca\/75095679000149\/2023\">Plano Anual de Contrata\u00e7\u00f5es para 2023 &#8211; UFPR<\/a><\/p>\n\n\n\n<p><br><\/p>\n","protected":false},"excerpt":{"rendered":"<p>Desde 2019, os \u00f3rg\u00e3os da Administra\u00e7\u00e3o P\u00fablica Federal direta, aut\u00e1rquica e fundacional, s\u00e3o obrigados a registrar as contrata\u00e7\u00f5es pretendidas para o exerc\u00edcio subsequente. A partir de 2023, a atividade passou a ser regida pelo&nbsp;Decreto 10.947\/2022, e regulamentada, no \u00e2mbito da UFPR, pela&nbsp;Instru\u00e7\u00e3o Normativa CLIC\/PRA\/UFPR n\u00ba 01, de 20 de maio de 2022. \u00c9 importante lembrar [&hellip;]<\/p>\n","protected":false},"author":1650,"featured_media":0,"parent":0,"menu_order":0,"comment_status":"closed","ping_status":"closed","template":"","meta":{"_acf_changed":false,"footnotes":""},"class_list":["post-339","page","type-page","status-publish","hentry"],"acf":[],"_links":{"self":[{"href":"https:\/\/litoral.ufpr.br\/uceo\/wp-json\/wp\/v2\/pages\/339","targetHints":{"allow":["GET"]}}],"collection":[{"href":"https:\/\/litoral.ufpr.br\/uceo\/wp-json\/wp\/v2\/pages"}],"about":[{"href":"https:\/\/litoral.ufpr.br\/uceo\/wp-json\/wp\/v2\/types\/page"}],"author":[{"embeddable":true,"href":"https:\/\/litoral.ufpr.br\/uceo\/wp-json\/wp\/v2\/users\/1650"}],"replies":[{"embeddable":true,"href":"https:\/\/litoral.ufpr.br\/uceo\/wp-json\/wp\/v2\/comments?post=339"}],"version-history":[{"count":30,"href":"https:\/\/litoral.ufpr.br\/uceo\/wp-json\/wp\/v2\/pages\/339\/revisions"}],"predecessor-version":[{"id":1172,"href":"https:\/\/litoral.ufpr.br\/uceo\/wp-json\/wp\/v2\/pages\/339\/revisions\/1172"}],"wp:attachment":[{"href":"https:\/\/litoral.ufpr.br\/uceo\/wp-json\/wp\/v2\/media?parent=339"}],"curies":[{"name":"wp","href":"https:\/\/api.w.org\/{rel}","templated":true}]}}