{"id":28,"date":"2023-02-23T10:28:07","date_gmt":"2023-02-23T13:28:07","guid":{"rendered":"https:\/\/litoral.ufpr.br\/uceo\/?page_id=28"},"modified":"2025-04-08T14:18:38","modified_gmt":"2025-04-08T17:18:38","slug":"teletrabalho","status":"publish","type":"page","link":"https:\/\/litoral.ufpr.br\/uceo\/teletrabalho\/","title":{"rendered":"Programa de Gest\u00e3o &#8211; Teletrabalho"},"content":{"rendered":"\n<p><\/p>\n\n\n\n<p>Em conson\u00e2ncia com o disposto na Resolu\u00e7\u00e3o 16\/22-COPLAD, que regulamenta o Programa de Gest\u00e3o da Universidade Federal do Paran\u00e1, esta unidade atua em regime teletrabalho parcial. <br>As autoriza\u00e7\u00f5es constam das Portarias n\u00ba 1.549, 1.550, 1.551 e 1.552\/2022 da UFPR, publicadas em 14 de Dezembro de 2022.<br><\/p>\n\n\n\n<p>Para mais informa\u00e7\u00f5es sobre o Programa de Gest\u00e3o e Desempenho na UFPR acesse <a href=\"http:\/\/www.teletrabalho.ufpr.br\">www.teletrabalho.ufpr.br<\/a><br><\/p>\n\n\n\n<p>Para mais informa\u00e7\u00f5es sobre o o Programa de Gest\u00e3o  e Desempenho &#8211; PGD, no servi\u00e7o p\u00fablico federal acesse,  <a href=\"https:\/\/www.gov.br\/servidor\/pt-br\/assuntos\/programa-de-gestao\">PGD \u2014 Portal do Servidor (www.gov.br)<\/a><\/p>\n\n\n\n<p><\/p>\n\n\n\n<div class=\"wp-block-columns is-layout-flex wp-container-core-columns-is-layout-9d6595d7 wp-block-columns-is-layout-flex\">\n<div class=\"wp-block-column is-layout-flow wp-block-column-is-layout-flow\" style=\"flex-basis:100%\"><\/div>\n<\/div>\n\n\n\n<hr class=\"wp-block-separator has-text-color has-vivid-cyan-blue-color has-alpha-channel-opacity has-vivid-cyan-blue-background-color has-background\" \/>\n\n\n\n<figure class=\"wp-block-table aligncenter is-style-stripes\"><table class=\"has-fixed-layout\"><thead><tr><th>Servidor<\/th><th>Cargo<\/th><th>Escala<\/th><th>E-mail\/Teams<\/th><\/tr><\/thead><tbody><tr><td><strong>Murilo Duarte Feitosa    <\/strong><\/td><td>Contador<br>(Coordenador)                  <\/td><td>Ter\u00e7as e Quintas<br>08:00h -12:00h<br>13:00h &#8211; 17:00h                                      <\/td><td><a href=\"mailto:murilodf@ufpr.br\">murilodf@ufpr.br<\/a><\/td><\/tr><tr><td><strong>Carleno Alcides Amorim Quintino        <\/strong>                        <\/td><td>Administrador<\/td><td>Ter\u00e7as e Quartas<br>08:00h &#8211; 12:00h<br>13:00h -18:00h<\/td><td><a href=\"mailto:carleno@ufpr.br\">carleno@ufpr.br<\/a>      <\/td><\/tr><tr><td><strong>Maximiliano Stersa Budke<br><\/strong><\/td><td>Administrador<\/td><td>Segundas e Ter\u00e7as<br>08:00h -12:00h<br>12:00h -17:00h             <\/td><td><a href=\"mailto:Aldrin@ufpr.br\">maximiliano@ufpr.br<\/a><\/td><\/tr><tr><td><strong>Izaias Ribeiro dos Santos Junior<\/strong><\/td><td>Assistente Administrativo<\/td><td>Ter\u00e7as e Sextas<br>8:00h -12:00h<br>12:00h -17:00h<\/td><td><a href=\"mailto:ernanicherato@ufpr.br\">izaias.junior@ufpr.br<\/a><\/td><\/tr><\/tbody><\/table><figcaption><strong>E-mail da Unidade:  uceolitoral@ufpr.br<\/strong> &#8211; <strong>Fone\/WhatsApp\u00a0 41- 98487-0029<\/strong><\/figcaption><\/figure>\n\n\n\n<p><a href=\"http:\/\/www.teletrabalho.ufpr.br\"><br><\/a><\/p>\n","protected":false},"excerpt":{"rendered":"<p>Em conson\u00e2ncia com o disposto na Resolu\u00e7\u00e3o 16\/22-COPLAD, que regulamenta o Programa de Gest\u00e3o da Universidade Federal do Paran\u00e1, esta unidade atua em regime teletrabalho parcial. As autoriza\u00e7\u00f5es constam das Portarias n\u00ba 1.549, 1.550, 1.551 e 1.552\/2022 da UFPR, publicadas em 14 de Dezembro de 2022. Para mais informa\u00e7\u00f5es sobre o Programa de Gest\u00e3o e [&hellip;]<\/p>\n","protected":false},"author":1614,"featured_media":0,"parent":0,"menu_order":0,"comment_status":"closed","ping_status":"closed","template":"","meta":{"_acf_changed":false,"footnotes":""},"class_list":["post-28","page","type-page","status-publish","hentry"],"acf":[],"_links":{"self":[{"href":"https:\/\/litoral.ufpr.br\/uceo\/wp-json\/wp\/v2\/pages\/28","targetHints":{"allow":["GET"]}}],"collection":[{"href":"https:\/\/litoral.ufpr.br\/uceo\/wp-json\/wp\/v2\/pages"}],"about":[{"href":"https:\/\/litoral.ufpr.br\/uceo\/wp-json\/wp\/v2\/types\/page"}],"author":[{"embeddable":true,"href":"https:\/\/litoral.ufpr.br\/uceo\/wp-json\/wp\/v2\/users\/1614"}],"replies":[{"embeddable":true,"href":"https:\/\/litoral.ufpr.br\/uceo\/wp-json\/wp\/v2\/comments?post=28"}],"version-history":[{"count":19,"href":"https:\/\/litoral.ufpr.br\/uceo\/wp-json\/wp\/v2\/pages\/28\/revisions"}],"predecessor-version":[{"id":1471,"href":"https:\/\/litoral.ufpr.br\/uceo\/wp-json\/wp\/v2\/pages\/28\/revisions\/1471"}],"wp:attachment":[{"href":"https:\/\/litoral.ufpr.br\/uceo\/wp-json\/wp\/v2\/media?parent=28"}],"curies":[{"name":"wp","href":"https:\/\/api.w.org\/{rel}","templated":true}]}}