{"id":265,"date":"2023-03-02T22:31:20","date_gmt":"2023-03-03T01:31:20","guid":{"rendered":"https:\/\/litoral.ufpr.br\/uceo\/?page_id=265"},"modified":"2025-09-30T14:58:29","modified_gmt":"2025-09-30T17:58:29","slug":"diarias-2","status":"publish","type":"page","link":"https:\/\/litoral.ufpr.br\/uceo\/diarias-2\/","title":{"rendered":"PROCEDIMENTOS PARA SOLICITA\u00c7\u00c3O DE DI\u00c1RIAS."},"content":{"rendered":"\n<hr class=\"wp-block-separator has-alpha-channel-opacity\" \/>\n\n\n\n<p class=\"has-vivid-red-color has-text-color\"><\/p>\n\n\n\n<p class=\"has-background\" style=\"background-color:#abb7c27d\"><strong>Prazos para envio dos processos:<br><\/strong><br><strong>20 dias antes do in\u00edcio da viagem,<\/strong> caso solicite di\u00e1rias;<br><strong>30 dias antes do in\u00edcio da viagem,<\/strong> caso solicite somente passagens.<br>Os prazos s\u00e3o necess\u00e1rios para assegurar a disponibilidade dos recursos e o planejamento da viagem. Se n\u00e3o puder cumprir os prazos, justifique a raz\u00e3o da urg\u00eancia no formul\u00e1rio de requisi\u00e7\u00e3o.<br><br><strong>Justificativas para viagens em car\u00e1ter Excepcional:<\/strong><br><br>As situa\u00e7\u00f5es elencadas abaixo s\u00e3o consideradas como v<strong>iagens em car\u00e1ter excepcional<\/strong> e necessitam de aprova\u00e7\u00e3o da autoridade superior da UFPR (reitor).  <br><em><strong>I \u2013 por prazo superior a cinco dias cont\u00ednuos;<br>II \u2013 em quantidade superior a trinta di\u00e1rias intercaladas por proposto no ano;<br>III \u2013 de mais de cinco pessoas para o mesmo evento;<br>IV \u2013 que envolvam o pagamento de di\u00e1rias nos finais de semana;<br>V \u2013 em car\u00e1ter de urg\u00eancia (prazo inferior a 15 dias).<\/strong><\/em><br>Nesses casos, deve-se preencher as devidas justificativas no formul\u00e1rio de requisi\u00e7\u00e3o de di\u00e1rias e passagens.<br><br><strong>Conta Corrente para Recebimento das di\u00e1rias <\/strong> <br><br>O servidor deve verificar se j\u00e1 possui conta  corrente cadastrada para o recebimento de di\u00e1rias. Essa verifica\u00e7\u00e3o pode ser feita pelo site ou aplicativo do Sou Gov.   <a href=\"https:\/\/litoral.ufpr.br\/uceo\/wp-content\/uploads\/sites\/30\/2023\/03\/Tutorial-SOUGOV-ALTERACAO-DE-DADOS-BANCARIOS-1.pdf\">Tutorial para consulta\/altera\u00e7\u00e3o de dados banc\u00e1rios<\/a>. <\/p>\n\n\n\n<p class=\"has-text-align-left has-background\" style=\"background-color:#a7c9e880\"><strong>ORIENTA\u00c7\u00d5ES PARA INSTRU\u00c7\u00c3O DO PROCESSO:<\/strong><br><br>1. <strong>Abrir processo no Sistema SEI<\/strong>: Tipo de processo: &#8220;Or\u00e7amento e Finan\u00e7as: Di\u00e1rias e Passagens\u201d<br><br>2. <strong>Incluir e preencher o formul\u00e1rio<\/strong>: &#8220;SCDP: Anexo II &#8211; Requisi\u00e7\u00e3o de Di\u00e1rias e Passagens&#8221;.  <br>&#8211; N\u00edvel de Acesso:  <strong>Restrito<\/strong>.  (<strong>Instru\u00e7\u00e3o Normativa 01\/2024<\/strong>,do Comit\u00ea Institucional de Governan\u00e7a Digital (CIGD).<br>&#8211; Todos os campos devem ser preenchidos, inclusive as justificativas do campo 7, quando se aplicar. <br>&#8211; No caso de solicita\u00e7\u00e3o de passagens, indicar os voos de refer\u00eancia para a pesquisa de pre\u00e7o. <br>&#8211; Deve ser assinado pelo proposto (quem vai viajar).<br>&#8211; No caso de colaborador eventual ou convidado, inserir a descri\u00e7\u00e3o do curr\u00edculo ou o link para acesso.<br><br>3. <strong>Anexar Documento de comprova\u00e7\u00e3o da viagem<\/strong>: Convoca\u00e7\u00e3o, carta convite, Ficha 2,  folder do evento, cronograma de aula, aprova\u00e7\u00e3o de apresenta\u00e7\u00e3o de trabalho, entre outros.  <br><br>4. <strong>Anexar documento de Aprova\u00e7\u00e3o da C\u00e2mara do Curso, da Coordena\u00e7\u00e3o Administrativa ou da Coordena\u00e7\u00e3o Acad\u00eamica<\/strong>: Deve constar expressamente a autoriza\u00e7\u00e3o para a viagem e para o recebimento de di\u00e1rias e\/ou passagens.   <br><br>&#8211;  Com rela\u00e7\u00e3o aos t\u00e9cnicos,  o servidor assina o formul\u00e1rio de requisi\u00e7\u00e3o junto com a chefia imediata e encaminha para a coordena\u00e7\u00e3o administrativa ou coordena\u00e7\u00e3o acad\u00eamica, a depender se sua lota\u00e7\u00e3o. O coordenador d\u00e1 o despacho da autoriza\u00e7\u00e3o e encaminhar para a UCEO Litoral. <br><br>&#8211; Para facilitar a delibera\u00e7\u00e3o por parte do colegiado, e das coordena\u00e7\u00f5es os custos estimados para a realiza\u00e7\u00e3o da viagem poder\u00e3o ser solicitados previamente \u00e0 autoriza\u00e7\u00e3o, pelo e-mail financeirolitoral@ufpr.br ou por mensagens no TEAMS no contato murilodf@ufpr.br. <br><br>5. <strong>Encaminhar o processo SEI para a UCEO Litoral<\/strong> (<em><a>UFPR\/R\/LT\/UCEO<\/a><\/em>). <br><br>6. <strong>Acompanhar o processo<\/strong>:<br>&#8211; Verificar status e atualiza\u00e7\u00f5es no Sistema SEI. Informa\u00e7\u00f5es a respeito da tramita\u00e7\u00e3o ou solicita\u00e7\u00f5es de corre\u00e7\u00f5es ser\u00e3o encaminhadas ao e-mail cadastrado no formul\u00e1rio de solicita\u00e7\u00e3o. <br><br>7. <strong>Realizar a presta\u00e7\u00e3o de contas: At\u00e9 5 (cinco) dias ap\u00f3s o retorno viagem.<\/strong><br>&#8211; Incluir no processo o formul\u00e1rio nato SEI: <strong>&#8220;<\/strong>SCDP: Anexo III \u2013 Relat\u00f3rio de Viagem Nacional&#8221;<br>&#8211; Anexar documentos comprobat\u00f3rios: Certificado, fotos, relato, declara\u00e7\u00e3o de participa\u00e7\u00e3o, ata de reuni\u00e3o, etc.<br>&#8211; Anexar canhoto de bilhete de embarque (No caso de passagens)<br>-No caso de viagem Internacional incluir o formul\u00e1rio nato SEI &#8220;SCDP: Anexo IV &#8211; Relat\u00f3rio de Viagem Internacional&#8221;<\/p>\n\n\n\n<p><\/p>\n\n\n\n<p class=\"has-text-align-left has-background\" style=\"background-color:#a7c9e880\"><strong>FLUXO DO PROCESSO:<\/strong><br><br><img loading=\"lazy\" decoding=\"async\" width=\"1889\" height=\"733\" class=\"wp-image-1179\" style=\"width: 1600px\" src=\"https:\/\/litoral.ufpr.br\/uceo\/wp-content\/uploads\/sites\/30\/2023\/06\/edicao-png-22-1.png\" alt=\"\" srcset=\"https:\/\/litoral.ufpr.br\/uceo\/wp-content\/uploads\/sites\/30\/2023\/06\/edicao-png-22-1.png 1889w, https:\/\/litoral.ufpr.br\/uceo\/wp-content\/uploads\/sites\/30\/2023\/06\/edicao-png-22-1-300x116.png 300w, https:\/\/litoral.ufpr.br\/uceo\/wp-content\/uploads\/sites\/30\/2023\/06\/edicao-png-22-1-1024x397.png 1024w, https:\/\/litoral.ufpr.br\/uceo\/wp-content\/uploads\/sites\/30\/2023\/06\/edicao-png-22-1-768x298.png 768w, https:\/\/litoral.ufpr.br\/uceo\/wp-content\/uploads\/sites\/30\/2023\/06\/edicao-png-22-1-1536x596.png 1536w\" sizes=\"auto, (max-width: 1889px) 100vw, 1889px\" \/><br><\/p>\n\n\n\n<hr class=\"wp-block-separator has-alpha-channel-opacity\" \/>\n\n\n\n<p class=\"has-background\" style=\"background-color:#cce2fa\"><strong>DI\u00c1RIAS PELA PRPPG<br><\/strong>\u00c9 poss\u00edvel, <strong>no caso de di\u00e1rias e passagens para pesquisas<\/strong>, ser feito a solicita\u00e7\u00e3o de di\u00e1rias e passagens  via PRPPG. <br><a href=\"http:\/\/www.prppg.ufpr.br\/site\/uceo\/passagens_diarias\/\">Orienta\u00e7\u00f5es PRPPG<\/a><\/p>\n\n\n\n<p class=\"has-background\" style=\"background-color:#cbe1f5\"><strong>VALORES DE DI\u00c1RIAS <br><\/strong><a href=\"https:\/\/www.in.gov.br\/en\/web\/dou\/-\/decreto-n-11.872-de-29-de-dezembro-de-2023-534996945\">Di\u00e1rias Nacionais<\/a><\/p>\n\n\n\n<p class=\"has-background\" style=\"background-color:#c9def2\"><strong>PEDIDO DE AFASTAMENTO <\/strong><br>Paralelamente ao <strong><em>processo de di\u00e1rias e passagens<\/em><\/strong> dever\u00e1 ser aberto um <em><strong>processo de afastamento<\/strong><\/em> conforme orienta\u00e7\u00e3o da Dire\u00e7\u00e3o do Setor. <br><br>Orienta\u00e7\u00e3o da PROGEPE para pedidos de afastamentos para eventos <br><a href=\"http:\/\/progepe.ufpr.br\/manual\/afastamento-evento\/\">Afastamento para Eventos<\/a><br><\/p>\n\n\n\n<p><\/p>\n","protected":false},"excerpt":{"rendered":"<p>Prazos para envio dos processos:20 dias antes do in\u00edcio da viagem, caso solicite di\u00e1rias;30 dias antes do in\u00edcio da viagem, caso solicite somente passagens.Os prazos s\u00e3o necess\u00e1rios para assegurar a disponibilidade dos recursos e o planejamento da viagem. Se n\u00e3o puder cumprir os prazos, justifique a raz\u00e3o da urg\u00eancia no formul\u00e1rio de requisi\u00e7\u00e3o. Justificativas para [&hellip;]<\/p>\n","protected":false},"author":1650,"featured_media":0,"parent":0,"menu_order":0,"comment_status":"closed","ping_status":"closed","template":"","meta":{"_acf_changed":false,"footnotes":""},"class_list":["post-265","page","type-page","status-publish","hentry"],"acf":[],"_links":{"self":[{"href":"https:\/\/litoral.ufpr.br\/uceo\/wp-json\/wp\/v2\/pages\/265","targetHints":{"allow":["GET"]}}],"collection":[{"href":"https:\/\/litoral.ufpr.br\/uceo\/wp-json\/wp\/v2\/pages"}],"about":[{"href":"https:\/\/litoral.ufpr.br\/uceo\/wp-json\/wp\/v2\/types\/page"}],"author":[{"embeddable":true,"href":"https:\/\/litoral.ufpr.br\/uceo\/wp-json\/wp\/v2\/users\/1650"}],"replies":[{"embeddable":true,"href":"https:\/\/litoral.ufpr.br\/uceo\/wp-json\/wp\/v2\/comments?post=265"}],"version-history":[{"count":91,"href":"https:\/\/litoral.ufpr.br\/uceo\/wp-json\/wp\/v2\/pages\/265\/revisions"}],"predecessor-version":[{"id":1473,"href":"https:\/\/litoral.ufpr.br\/uceo\/wp-json\/wp\/v2\/pages\/265\/revisions\/1473"}],"wp:attachment":[{"href":"https:\/\/litoral.ufpr.br\/uceo\/wp-json\/wp\/v2\/media?parent=265"}],"curies":[{"name":"wp","href":"https:\/\/api.w.org\/{rel}","templated":true}]}}