{"id":22,"date":"2023-02-23T10:26:45","date_gmt":"2023-02-23T13:26:45","guid":{"rendered":"https:\/\/litoral.ufpr.br\/uceo\/?page_id=22"},"modified":"2025-02-24T09:59:02","modified_gmt":"2025-02-24T12:59:02","slug":"dispensa","status":"publish","type":"page","link":"https:\/\/litoral.ufpr.br\/uceo\/dispensa\/","title":{"rendered":"Aquisi\u00e7\u00e3o Direta"},"content":{"rendered":"\n<div style=\"height:13px\" aria-hidden=\"true\" class=\"wp-block-spacer\"><\/div>\n\n\n\n<p><br><strong>Compra direta<\/strong> \u00e9 qualquer aquisi\u00e7\u00e3o ou contrata\u00e7\u00e3o realizada por dispensa ou inexigibilidade de licita\u00e7\u00e3o. Sua regulamenta\u00e7\u00e3o no \u00e2mbito da UFPR \u00e9 feita atrav\u00e9s da Instru\u00e7\u00e3o Normativa Conjunta PRA-PROPLAN-PRPPG-SUINFRA\/UFPR N\u00ba 01 DE 10 DE MAR\u00c7O DE 2023. Abaixo seguem as orienta\u00e7\u00f5es gerais para abertura dos processos de compra direta. No final desta p\u00e1gina h\u00e1 modelos e exemplos para o preenchimento dos documentos. <\/p>\n\n\n\n<div style=\"height:13px\" aria-hidden=\"true\" class=\"wp-block-spacer\"><\/div>\n\n\n\n<h4 class=\"has-background wp-block-heading\" style=\"background-color:#cdd5dd\">Processos dispensa de pequeno valor<\/h4>\n\n\n\n<div style=\"height:12px\" aria-hidden=\"true\" class=\"wp-block-spacer\"><\/div>\n\n\n\n<p>\u00c9 dispens\u00e1vel a licita\u00e7\u00e3o no caso de valores inferiores a <strong>R$ 125.451,15<\/strong> (cento e vinte e cinco mil quatrocentos e cinquenta e um reais e quinze centavos) para servi\u00e7os e obras e engenharia e inferiores a <strong>R$ 62.725,59<\/strong> (sessenta e dois mil setecentos e vinte e cinco reais e cinquenta e nove centavos) para os demais casos. Valores corrigidos pelo decreto o n\u00ba 12.343\/2024. Os processos de dispensas por pequeno valor s\u00e3o instru\u00eddos conforme instru\u00e7\u00f5es abaixo.<\/p>\n\n\n\n<div style=\"height:13px\" aria-hidden=\"true\" class=\"wp-block-spacer\"><\/div>\n\n\n\n<p><strong>I) Abertura de processo no sistema SEI:<\/strong><br>          <em>      Tipo de processo: &#8220;contrata\u00e7\u00e3o direta<\/em>&#8220;<\/p>\n\n\n\n<p>           <\/p>\n\n\n\n<p><strong>II- DFD ou, caso sua elabora\u00e7\u00e3o seja dispensada, memorando de abertura caracterizando a demanda.<\/strong><\/p>\n\n\n\n<blockquote class=\"wp-block-quote has-small-font-size is-layout-flow wp-block-quote-is-layout-flow\"><p><em>*O Documento de Formaliza\u00e7\u00e3o de Demanda \u00e9 obrigat\u00f3rio para as aquisi\u00e7\u00f5es ou contrata\u00e7\u00f5es com valor acima de R<strong>$ 10.000,00 (dez mil reais)<\/strong>, e para aquelas que, independentemente do valor, demandem obriga\u00e7\u00f5es futuras da Contratada.<\/em><\/p><\/blockquote>\n\n\n\n<p>       <\/p>\n\n\n\n<p><strong>III- Termo de refer\u00eancia<\/strong><br>      <em>         Tipo de documento SEI: &#8220;Termo de refer\u00eancia&#8221;<\/em><\/p>\n\n\n\n<p>           <\/p>\n\n\n\n<p><strong>IV- Declara\u00e7\u00e3o do demandante, contemplando os seguintes aspectos da contrata\u00e7\u00e3o:<\/strong><\/p>\n\n\n\n<blockquote class=\"wp-block-quote has-text-align-left has-small-font-size is-layout-flow wp-block-quote-is-layout-flow\"><p><em>a) se o objeto for material: sobre atendimento do princ\u00edpio da padroniza\u00e7\u00e3o, a utiliza\u00e7\u00e3o ou n\u00e3o do cat\u00e1logo eletr\u00f4nico de padroniza\u00e7\u00e3o do Minist\u00e9rio da Gest\u00e3o e Inova\u00e7\u00e3o em Servi\u00e7os P\u00fablicos e a indica\u00e7\u00e3o ou veda\u00e7\u00e3o de determinada marca ou produto;<\/em><\/p><p><em>b) se o objeto for servi\u00e7o: sobre atendimento do princ\u00edpio da padroniza\u00e7\u00e3o, a utiliza\u00e7\u00e3o ou n\u00e3o do cat\u00e1logo eletr\u00f4nico de padroniza\u00e7\u00e3o do Minist\u00e9rio da Gest\u00e3o e Inova\u00e7\u00e3o em Servi\u00e7os P\u00fablicos e o enquadramento dos servi\u00e7os como atividades materiais acess\u00f3rias, instrumentais ou complementares \u00e0 \u00e1rea de compet\u00eancia legal da UFPR;<\/em><\/p><p><em>c) informa\u00e7\u00e3o sobre a atividade econ\u00f4mica em que se insere o objeto da contrata\u00e7\u00e3o, de acordo com o n\u00edvel \u201csubclasse\u201d da Classifica\u00e7\u00e3o Nacional de Atividades Econ\u00f4micas (CNAE) do IBGE;<\/em><\/p><p><em>d) informa\u00e7\u00e3o de que a estimativa de pre\u00e7os ocorrer\u00e1 concomitantemente com a sele\u00e7\u00e3o da proposta mais vantajosa;<\/em><\/p><p><em>e) informa\u00e7\u00e3o de que a sele\u00e7\u00e3o de fornecedor ser\u00e1 realizada atrav\u00e9s de procedimento de dispensa eletr\u00f4nica, nos termos de normativa do Minist\u00e9rio da Gest\u00e3o e Inova\u00e7\u00e3o em Servi\u00e7os P\u00fablicos;<\/em><\/p><p><em>f) informa\u00e7\u00e3o sobre a n\u00e3o realiza\u00e7\u00e3o de estudos preliminares, em raz\u00e3o da baixa complexidade da contrata\u00e7\u00e3o;<\/em><\/p><p><em>g) informa\u00e7\u00e3o sobre a n\u00e3o ado\u00e7\u00e3o do cart\u00e3o de pagamento previsto no art. 75 \u00a7 4\u00ba da Lei 14.133\/2021.<\/em><\/p><\/blockquote>\n\n\n\n<p> <\/p>\n\n\n\n<p><strong>V -Manifesta\u00e7\u00e3o das unidades t\u00e9cnicas especializadas sobre o prosseguimento da aquisi\u00e7\u00e3o ou contrata\u00e7\u00e3o, se necess\u00e1rio.<\/strong><\/p>\n\n\n\n<blockquote class=\"wp-block-quote has-small-font-size is-layout-flow wp-block-quote-is-layout-flow\"><p><em>IV- Manifesta\u00e7\u00e3o das unidades t\u00e9cnicas especializadas sobre o prosseguimento da aquisi\u00e7\u00e3o ou contrata\u00e7\u00e3o, se necess\u00e1rio.<br>Unidades t\u00e9cnicas especializadas, conforme o objeto da aquisi\u00e7\u00e3o ou contrata\u00e7\u00e3o:<\/em><\/p><p><em>a) Superintend\u00eancia de Infraestrutura, para obras e servi\u00e7os de Engenharia;<\/em><\/p><p><em>b) Ag\u00eancia de Tecnologia da Informa\u00e7\u00e3o e Comunica\u00e7\u00e3o, para solu\u00e7\u00f5es de Tecnologia da Informa\u00e7\u00e3o e Comunica\u00e7\u00e3o (TIC);<\/em><\/p><p><em>c) Central de Transportes, para aquisi\u00e7\u00e3o de ve\u00edculos, contrata\u00e7\u00e3o de manuten\u00e7\u00e3o veicular e assuntos correlatos.<\/em><\/p><\/blockquote>\n\n\n\n<p> <\/p>\n\n\n\n<div style=\"height:20px\" aria-hidden=\"true\" class=\"wp-block-spacer\"><\/div>\n\n\n\n<p><strong>VI &#8211; Encaminhar o processo deve ser encaminhado para a UCEO Litoral (UFPR\/R\/LT\/UCEO). <\/strong><\/p>\n\n\n\n<div style=\"height:37px\" aria-hidden=\"true\" class=\"wp-block-spacer\"><\/div>\n\n\n\n<p>A UCEO verificar\u00e1 se a instru\u00e7\u00e3o do processo est\u00e1 correta e encaminhar\u00e1 o processo para a Dire\u00e7\u00e3o do Setor aprovar o termo de refer\u00eancia. Sendo aprovado, a UCEO prosseguir\u00e1 com os demais tr\u00e2mites necess\u00e1rios. <\/p>\n\n\n\n<div style=\"height:100px\" aria-hidden=\"true\" class=\"wp-block-spacer\"><\/div>\n\n\n\n<h4 class=\"has-black-color has-text-color has-background wp-block-heading\" style=\"background-color:#c1ceda\">Processos de Inexigibilidade<\/h4>\n\n\n\n<p><\/p>\n\n\n\n<p>A <strong>Inexigibilidade <\/strong>ocorre quando \u00e9 invi\u00e1vel a competi\u00e7\u00e3o para contrata\u00e7\u00e3o do objeto desejado. <\/p>\n\n\n\n<div class=\"wp-block-group\"><div class=\"wp-block-group__inner-container is-layout-flow wp-block-group-is-layout-flow\">\n<p align=\"justify\"> I) Abertura de processo SEI tipo de processo &#8220;contrata\u00e7\u00e3o direta&#8221;; <\/p>\n\n\n\n<p align=\"justify\"> II- DFD ou, caso sua elabora\u00e7\u00e3o seja dispensada, memorando de abertura caracterizando a demanda;<\/p>\n\n\n\n<div class=\"wp-block-group\"><div class=\"wp-block-group__inner-container is-layout-flow wp-block-group-is-layout-flow\">\n<p align=\"justify\"> III- estudo t\u00e9cnico preliminar &#8211; ETP; <\/p>\n<\/div><\/div>\n\n\n\n<p align=\"justify\">IV- demonstra\u00e7\u00e3o da inviabilidade de competi\u00e7\u00e3o;<\/p>\n\n\n\n<p align=\"justify\"> V- justificativa do pre\u00e7o; <\/p>\n\n\n\n<p align=\"justify\"> VI- declara\u00e7\u00e3o do respons\u00e1vel pela sele\u00e7\u00e3o do fornecedor, consolidando informa\u00e7\u00f5es sobre a motiva\u00e7\u00e3o das condi\u00e7\u00f5es da contrata\u00e7\u00e3o e sobre a compatibilidade do pre\u00e7o com os valores praticados pelo mercado; <\/p>\n\n\n\n<p align=\"justify\">VII- an\u00e1lise de riscos; <\/p>\n\n\n\n<p align=\"justify\"> VIII- termo de refer\u00eancia;<\/p>\n\n\n\n<p align=\"justify\"> IX- Aprova\u00e7\u00e3o do estudo t\u00e9cnico preliminar e do termo de refer\u00eancia pelo Ordenador de Despesas da unidade demandante, declarando que o objeto atende \u00e0 finalidade e ao interesse p\u00fablico, n\u00e3o violando princ\u00edpios da licita\u00e7\u00e3o; <\/p>\n\n\n\n<p align=\"justify\"> X- informa\u00e7\u00e3o sobre disponibilidade or\u00e7ament\u00e1ria; <\/p>\n\n\n\n<p align=\"justify\"> XI- termo de inexigibilidade de licita\u00e7\u00e3o, documento que autoriza a contrata\u00e7\u00e3o direta, contendo o objeto da contrata\u00e7\u00e3o, o valor e o fundamento legal, assinado pelo Ordenador de Despesas da unidade demandante; <\/p>\n\n\n\n<p align=\"justify\"> XI- documentos de habilita\u00e7\u00e3o do fornecedor;<\/p>\n\n\n\n<p align=\"justify\"> XIII- documentos de empenho;<\/p>\n\n\n\n<p align=\"justify\"> XIV- lista de verifica\u00e7\u00e3o da instru\u00e7\u00e3o processual, conforme modelo disponibilizado pela Advocacia-Geral da Uni\u00e3o, assinada pelo Ordenador da Despesa, <\/p>\n<\/div><\/div>\n\n\n\n<hr class=\"wp-block-separator has-text-color has-vivid-cyan-blue-color has-alpha-channel-opacity has-vivid-cyan-blue-background-color has-background is-style-wide\" \/>\n\n\n\n<p><\/p>\n\n\n\n<p><\/p>\n\n\n\n<p><\/p>\n\n\n\n<p><a href=\"https:\/\/www.planalto.gov.br\/ccivil_03\/_ato2019-2022\/2021\/lei\/L14133.htm?origin=instituicao\">LEI 14133 <\/a> &#8211; Lei de Licita\u00e7\u00f5es e Contratos Administrativos.<\/p>\n\n\n\n<p><\/p>\n\n\n\n<p><a href=\"https:\/\/sei.ufpr.br\/sei\/web\/modulos\/pesquisa\/md_pesq_documento_consulta_externa.php?9LibXMqGnN7gSpLFOOgUQFziRouBJ5VnVL5b7-UrE5TCpuRkmuYUhSQjqplz0mmvCSa5r7ICJEs7ub77o6cBgSC2yblysSTvpuTriIvO96MQ_2FOUau2ualYUPLUUfT6\">IN Conjunta n\u00ba1\/2023<\/a> &#8211; Normatiza os processos de aquisi\u00e7\u00e3o direta na UFPR.<\/p>\n\n\n\n<p><a href=\"https:\/\/litoral.ufpr.br\/uceo\/wp-content\/uploads\/sites\/30\/2023\/05\/SEI_5560973_Memorando_Circular_5-2.pdf\">Orienta\u00e7\u00e3o para contrata\u00e7\u00e3o da FUNPAR \/ FUPEP<\/a><\/p>\n\n\n\n<p>MODELOS<\/p>\n\n\n\n<p><a href=\"https:\/\/litoral.ufpr.br\/uceo\/wp-content\/uploads\/sites\/30\/2023\/04\/CD-Memo-de-abertura.pdf\">Exemplo de memorando de abertura para processos sem DFD<\/a> <\/p>\n\n\n\n<p><a href=\"https:\/\/ufprbr0.sharepoint.com\/:w:\/s\/GEPEC\/ES0ueyFw5VpDo0psWl2NHZIBhzudvjrILrFkyIi6U2Bc1Q?e=gtRYIn\">Exemplo Termo de refer\u00eancia para Servi\u00e7o (Manuten\u00e7\u00e3o autoclave)<\/a><\/p>\n\n\n\n<p><a href=\"http:\/\/ufprbr0.sharepoint.com\/:w:\/s\/GEPEC\/EfRdh9noARVEugA99yqQQ5IB9aDWQvrhVGDVwdhc0YseGg?e=Uzw7Ml\">Exemplo Termo de refer\u00eancia para Material Permanente (mesa de escrit\u00f3rio)<\/a><\/p>\n\n\n\n<p><a href=\"https:\/\/ufprbr0.sharepoint.com\/:w:\/s\/GEPEC\/EUGg_rPyP0JNvIlc8xNmfiQBtm251kZD94Yoc2FQprr-kg?e=6jegtf\">Exemplo Termo de refer\u00eancia Material de Consumo (bateria recarreg\u00e1vel)<\/a><\/p>\n\n\n\n<p><a href=\"https:\/\/ufprbr0.sharepoint.com\/:w:\/s\/GEPEC\/EeJkgH8ZrWNIkVn35C2jiwkB9DzNfJ1PerFjK059kSRtdw?e=aKB1Ld\">Modelo Declara\u00e7\u00e3o Consolidada sobre a motiva\u00e7\u00e3o das condi\u00e7\u00f5es da contrata\u00e7\u00e3o<\/a>.<\/p>\n\n\n\n<p><a href=\"https:\/\/ufprbr0.sharepoint.com\/:v:\/s\/GEPEC\/ETrbRNb7EYJFgE7Kr_J5l0oByJSqhMBJkfJQkQMvnyaZdw?e=N2l5vN\">V\u00eddeo Tutorial &#8211; Instru\u00e7\u00e3o de processos para contrata\u00e7\u00e3o direta.<\/a> <\/p>\n\n\n\n<p><\/p>\n","protected":false},"excerpt":{"rendered":"<p>Compra direta \u00e9 qualquer aquisi\u00e7\u00e3o ou contrata\u00e7\u00e3o realizada por dispensa ou inexigibilidade de licita\u00e7\u00e3o. Sua regulamenta\u00e7\u00e3o no \u00e2mbito da UFPR \u00e9 feita atrav\u00e9s da Instru\u00e7\u00e3o Normativa Conjunta PRA-PROPLAN-PRPPG-SUINFRA\/UFPR N\u00ba 01 DE 10 DE MAR\u00c7O DE 2023. Abaixo seguem as orienta\u00e7\u00f5es gerais para abertura dos processos de compra direta. No final desta p\u00e1gina h\u00e1 modelos e [&hellip;]<\/p>\n","protected":false},"author":1650,"featured_media":0,"parent":0,"menu_order":0,"comment_status":"closed","ping_status":"closed","template":"","meta":{"_acf_changed":false,"footnotes":""},"class_list":["post-22","page","type-page","status-publish","hentry"],"acf":[],"_links":{"self":[{"href":"https:\/\/litoral.ufpr.br\/uceo\/wp-json\/wp\/v2\/pages\/22","targetHints":{"allow":["GET"]}}],"collection":[{"href":"https:\/\/litoral.ufpr.br\/uceo\/wp-json\/wp\/v2\/pages"}],"about":[{"href":"https:\/\/litoral.ufpr.br\/uceo\/wp-json\/wp\/v2\/types\/page"}],"author":[{"embeddable":true,"href":"https:\/\/litoral.ufpr.br\/uceo\/wp-json\/wp\/v2\/users\/1650"}],"replies":[{"embeddable":true,"href":"https:\/\/litoral.ufpr.br\/uceo\/wp-json\/wp\/v2\/comments?post=22"}],"version-history":[{"count":63,"href":"https:\/\/litoral.ufpr.br\/uceo\/wp-json\/wp\/v2\/pages\/22\/revisions"}],"predecessor-version":[{"id":1459,"href":"https:\/\/litoral.ufpr.br\/uceo\/wp-json\/wp\/v2\/pages\/22\/revisions\/1459"}],"wp:attachment":[{"href":"https:\/\/litoral.ufpr.br\/uceo\/wp-json\/wp\/v2\/media?parent=22"}],"curies":[{"name":"wp","href":"https:\/\/api.w.org\/{rel}","templated":true}]}}