{"id":199,"date":"2023-03-01T17:50:59","date_gmt":"2023-03-01T20:50:59","guid":{"rendered":"https:\/\/litoral.ufpr.br\/uceo\/?page_id=199"},"modified":"2025-01-17T17:26:34","modified_gmt":"2025-01-17T20:26:34","slug":"anteriores","status":"publish","type":"page","link":"https:\/\/litoral.ufpr.br\/uceo\/anteriores\/","title":{"rendered":"Exerc\u00edcios Anteriores"},"content":{"rendered":"\n<p><\/p>\n\n\n\n<p><strong>2024<\/strong><\/p>\n\n\n\n<p id=\"block-ae499686-e8e3-46fe-8833-6b0d6ecf442e\"><a href=\"https:\/\/litoral.ufpr.br\/uceo\/wp-content\/uploads\/sites\/30\/2025\/01\/execucao-de-despesas-2024_17_01_2025.pdf\">Execu\u00e7\u00e3o de Despesas &#8211; <\/a>2024<\/p>\n\n\n\n<p id=\"block-3b310658-bdd2-4432-8089-332512033837\"><a href=\"https:\/\/litoral.ufpr.br\/uceo\/wp-content\/uploads\/sites\/30\/2025\/01\/Relacao-de-Empenho_2024_17_1_25.pdf\">Rela\u00e7\u00e3o de empenhos &#8211; <\/a>2024<\/p>\n\n\n\n<p><strong>2023<\/strong><\/p>\n\n\n\n<p><a href=\"http:\/\/www.planalto.gov.br\/ccivil_03\/_ato2023-2026\/2023\/lei\/L14535.htm#:~:text=LEI%20N%C2%BA%2014.535%2C%20DE%2017%20DE%20JANEIRO%20DE%202023&amp;text=Estima%20a%20receita%20e%20fixa,o%20exerc%C3%ADcio%20financeiro%20de%202023.&amp;text=III%20%2D%20o%20Or%C3%A7amento%20de%20Investimento,social%20com%20direito%20a%20voto.\">L14535 (planalto.gov.br)<\/a> Lei Or\u00e7ament\u00e1ria 2023<\/p>\n\n\n\n<p><a href=\"https:\/\/litoral.ufpr.br\/uceo\/wp-content\/uploads\/sites\/30\/2024\/02\/alocacoes-2023.pdf\" data-type=\"attachment\" data-id=\"1374\">Aloca\u00e7\u00f5es de recursos <\/a>&#8211; Recursos alocados pelo Setor Litoral &#8211; 2023. <\/p>\n\n\n\n<p><a href=\"https:\/\/litoral.ufpr.br\/uceo\/wp-content\/uploads\/sites\/30\/2024\/02\/TRANSFERENCIAS_TOTAIS_2023.pdf\" data-type=\"attachment\" data-id=\"1378\">Transfer\u00eancias realizadas<\/a> &#8211; Recursos enviados a outras unidades da UFPR &#8211; 2023 <\/p>\n\n\n\n<p><a href=\"https:\/\/litoral.ufpr.br\/uceo\/wp-content\/uploads\/sites\/30\/2023\/06\/Principais-tabelas-rateio-orcamento-aprovado-2023.docx\">Principais tabelas da proposta or\u00e7ament\u00e1ria aprovada da UFPR para 2023<\/a><\/p>\n\n\n\n<p><a href=\"https:\/\/litoral.ufpr.br\/wp-content\/uploads\/2024\/03\/Execucao-de-despesas_2023.pdf\">Execu\u00e7\u00e3o por Natureza de despesa 2023<\/a><\/p>\n\n\n\n<p><a href=\"https:\/\/litoral.ufpr.br\/wp-content\/uploads\/2024\/03\/Execucao-de-despesas_por_fornecedor_2023.pdf\">Rela\u00e7\u00e3o dos empenhos emitidos, liquidados, e pagos (2023)<\/a><\/p>\n\n\n\n<p><a href=\"https:\/\/litoral.ufpr.br\/wp-content\/uploads\/2024\/03\/compras_diretas_2023.pdf\">Rela\u00e7\u00e3o das contrata\u00e7\u00f5es diretas do Setor (2023)<\/a><\/p>\n\n\n\n<p><br><\/p>\n\n\n\n<hr class=\"wp-block-separator has-text-color has-vivid-cyan-blue-color has-alpha-channel-opacity has-vivid-cyan-blue-background-color has-background\" \/>\n\n\n\n<h4 class=\"wp-block-heading\"><strong>2022<\/strong><\/h4>\n\n\n\n<div class=\"wp-block-group\"><div class=\"wp-block-group__inner-container is-layout-flow wp-block-group-is-layout-flow\">\n<p><a rel=\"noreferrer noopener\" href=\"https:\/\/litoral.ufpr.br\/uceo\/wp-content\/uploads\/sites\/30\/2023\/03\/planilha_principal_SITE_03_03_23_execucao_orcamento.pdf\" data-type=\"attachment\" data-id=\"360\" target=\"_blank\">Execu\u00e7\u00e3o Or\u00e7ament\u00e1ria<\/a> <br><a rel=\"noreferrer noopener\" href=\"https:\/\/litoral.ufpr.br\/uceo\/wp-content\/uploads\/sites\/30\/2023\/03\/receita_orcamento_site_03_02_23_despesa_detalhada.pdf\" target=\"_blank\">Execu\u00e7\u00e3o do Or\u00e7amento por natureza detalhada de despesa<\/a><br><a rel=\"noreferrer noopener\" href=\"https:\/\/litoral.ufpr.br\/uceo\/wp-content\/uploads\/sites\/30\/2023\/03\/execucao-2022_valor_do_empenho-1.xlsx\" target=\"_blank\">Rela\u00e7\u00e3o dos empenhos emitidos, liquidados, e pagos por fornecedor.<\/a><br><a rel=\"noreferrer noopener\" href=\"https:\/\/litoral.ufpr.br\/uceo\/wp-content\/uploads\/sites\/30\/2023\/03\/receita_orcamento_site_03_02_23_transferencia_em2022.pdf\" target=\"_blank\">Transfer\u00eancias realizadas<\/a><br><a href=\"https:\/\/litoral.ufpr.br\/uceo\/wp-content\/uploads\/sites\/30\/2023\/04\/ORCAMENTO_APROVADO_COPLAD_2022.pdf\">Proposta Or\u00e7ament\u00e1ria aprovada<\/a><\/p>\n\n\n\n<hr class=\"wp-block-separator has-text-color has-vivid-cyan-blue-color has-alpha-channel-opacity has-vivid-cyan-blue-background-color has-background\" \/>\n<\/div><\/div>\n\n\n\n<p><strong>2021<\/strong><br><a href=\"https:\/\/litoral.ufpr.br\/uceo\/wp-content\/uploads\/sites\/30\/2023\/04\/PROPOSTA_2021_APROVADA.pdf\">Proposta Or\u00e7ament\u00e1ria aprovada (UFPR)- 2021<\/a><\/p>\n\n\n\n<p><a href=\"https:\/\/litoral.ufpr.br\/uceo\/wp-content\/uploads\/sites\/30\/2023\/04\/Execucao-2021.pdf\">Execu\u00e7\u00e3o or\u00e7ament\u00e1ria &#8211; 31\/12\/2021<\/a><\/p>\n\n\n\n<hr class=\"wp-block-separator has-text-color has-vivid-cyan-blue-color has-alpha-channel-opacity has-vivid-cyan-blue-background-color has-background\" \/>\n\n\n\n<p><strong>2020<\/strong><br><a href=\"https:\/\/litoral.ufpr.br\/uceo\/wp-content\/uploads\/sites\/30\/2023\/04\/PROPOSTA_2021_APROVADA.pdf\">Proposta Or\u00e7ament\u00e1ria aprovada (UFPR) &#8211; 2020<\/a><\/p>\n\n\n\n<p><a href=\"https:\/\/litoral.ufpr.br\/uceo\/wp-content\/uploads\/sites\/30\/2023\/04\/execucao-2020.pdf\">Execu\u00e7\u00e3o or\u00e7ament\u00e1ria em 31\/12\/2020<\/a><\/p>\n\n\n\n<hr class=\"wp-block-separator has-text-color has-vivid-cyan-blue-color has-alpha-channel-opacity has-vivid-cyan-blue-background-color has-background\" \/>\n\n\n\n<p class=\"has-small-font-size\"><strong>Execu\u00e7\u00e3o Or\u00e7ament\u00e1ria at\u00e9 2019<\/strong> (Em constru\u00e7\u00e3o)<br><br><br><strong>An\u00e1lises quanto \u00e0 Execu\u00e7\u00e3o Or\u00e7ament\u00e1ria. <\/strong>(Em constru\u00e7\u00e3o)<br><br><br>Portal da transpar\u00eancia Governo Federal<br>Pr\u00f3-reitoria de Planejamento, Or\u00e7amento e Finan\u00e7as<br><\/p>\n","protected":false},"excerpt":{"rendered":"<p>2024 Execu\u00e7\u00e3o de Despesas &#8211; 2024 Rela\u00e7\u00e3o de empenhos &#8211; 2024 2023 L14535 (planalto.gov.br) Lei Or\u00e7ament\u00e1ria 2023 Aloca\u00e7\u00f5es de recursos &#8211; Recursos alocados pelo Setor Litoral &#8211; 2023. Transfer\u00eancias realizadas &#8211; Recursos enviados a outras unidades da UFPR &#8211; 2023 Principais tabelas da proposta or\u00e7ament\u00e1ria aprovada da UFPR para 2023 Execu\u00e7\u00e3o por Natureza de despesa [&hellip;]<\/p>\n","protected":false},"author":1650,"featured_media":0,"parent":0,"menu_order":0,"comment_status":"closed","ping_status":"closed","template":"","meta":{"_acf_changed":false,"footnotes":""},"class_list":["post-199","page","type-page","status-publish","hentry"],"acf":[],"_links":{"self":[{"href":"https:\/\/litoral.ufpr.br\/uceo\/wp-json\/wp\/v2\/pages\/199","targetHints":{"allow":["GET"]}}],"collection":[{"href":"https:\/\/litoral.ufpr.br\/uceo\/wp-json\/wp\/v2\/pages"}],"about":[{"href":"https:\/\/litoral.ufpr.br\/uceo\/wp-json\/wp\/v2\/types\/page"}],"author":[{"embeddable":true,"href":"https:\/\/litoral.ufpr.br\/uceo\/wp-json\/wp\/v2\/users\/1650"}],"replies":[{"embeddable":true,"href":"https:\/\/litoral.ufpr.br\/uceo\/wp-json\/wp\/v2\/comments?post=199"}],"version-history":[{"count":53,"href":"https:\/\/litoral.ufpr.br\/uceo\/wp-json\/wp\/v2\/pages\/199\/revisions"}],"predecessor-version":[{"id":1453,"href":"https:\/\/litoral.ufpr.br\/uceo\/wp-json\/wp\/v2\/pages\/199\/revisions\/1453"}],"wp:attachment":[{"href":"https:\/\/litoral.ufpr.br\/uceo\/wp-json\/wp\/v2\/media?parent=199"}],"curies":[{"name":"wp","href":"https:\/\/api.w.org\/{rel}","templated":true}]}}