{"id":891,"date":"2024-09-06T10:59:21","date_gmt":"2024-09-06T13:59:21","guid":{"rendered":"https:\/\/litoral.ufpr.br\/servicosocial\/?page_id=891"},"modified":"2026-02-02T21:00:39","modified_gmt":"2026-02-03T00:00:39","slug":"ofertas-de-modulos","status":"publish","type":"page","link":"https:\/\/litoral.ufpr.br\/servicosocial\/ofertas-de-modulos\/","title":{"rendered":"Ofertas de M\u00f3dulos"},"content":{"rendered":"\n<figure class=\"wp-block-image size-large\"><img loading=\"lazy\" decoding=\"async\" width=\"1024\" height=\"724\" src=\"https:\/\/litoral.ufpr.br\/servicosocial\/wp-content\/uploads\/sites\/17\/2026\/02\/ofertas-2026-1-1024x724.png\" alt=\"\" class=\"wp-image-1205\" srcset=\"https:\/\/litoral.ufpr.br\/servicosocial\/wp-content\/uploads\/sites\/17\/2026\/02\/ofertas-2026-1-1024x724.png 1024w, https:\/\/litoral.ufpr.br\/servicosocial\/wp-content\/uploads\/sites\/17\/2026\/02\/ofertas-2026-1-300x212.png 300w, https:\/\/litoral.ufpr.br\/servicosocial\/wp-content\/uploads\/sites\/17\/2026\/02\/ofertas-2026-1-768x543.png 768w, https:\/\/litoral.ufpr.br\/servicosocial\/wp-content\/uploads\/sites\/17\/2026\/02\/ofertas-2026-1-1536x1086.png 1536w, https:\/\/litoral.ufpr.br\/servicosocial\/wp-content\/uploads\/sites\/17\/2026\/02\/ofertas-2026-1.png 2000w\" sizes=\"auto, (max-width: 1024px) 100vw, 1024px\" \/><\/figure>\n\n\n\n<blockquote class=\"wp-block-quote is-layout-flow wp-block-quote-is-layout-flow\">\n<blockquote class=\"wp-block-quote is-layout-flow wp-block-quote-is-layout-flow\">\n<p>Data da atualiza\u00e7\u00e3o da p\u00e1gina: 2 fev. 2026.<\/p>\n<\/blockquote>\n<\/blockquote>\n\n\n\n<p><\/p>\n","protected":false},"excerpt":{"rendered":"","protected":false},"author":1641,"featured_media":0,"parent":0,"menu_order":0,"comment_status":"closed","ping_status":"closed","template":"","meta":{"_acf_changed":false,"footnotes":""},"class_list":["post-891","page","type-page","status-publish","hentry"],"acf":[],"_links":{"self":[{"href":"https:\/\/litoral.ufpr.br\/servicosocial\/wp-json\/wp\/v2\/pages\/891","targetHints":{"allow":["GET"]}}],"collection":[{"href":"https:\/\/litoral.ufpr.br\/servicosocial\/wp-json\/wp\/v2\/pages"}],"about":[{"href":"https:\/\/litoral.ufpr.br\/servicosocial\/wp-json\/wp\/v2\/types\/page"}],"author":[{"embeddable":true,"href":"https:\/\/litoral.ufpr.br\/servicosocial\/wp-json\/wp\/v2\/users\/1641"}],"replies":[{"embeddable":true,"href":"https:\/\/litoral.ufpr.br\/servicosocial\/wp-json\/wp\/v2\/comments?post=891"}],"version-history":[{"count":8,"href":"https:\/\/litoral.ufpr.br\/servicosocial\/wp-json\/wp\/v2\/pages\/891\/revisions"}],"predecessor-version":[{"id":1206,"href":"https:\/\/litoral.ufpr.br\/servicosocial\/wp-json\/wp\/v2\/pages\/891\/revisions\/1206"}],"wp:attachment":[{"href":"https:\/\/litoral.ufpr.br\/servicosocial\/wp-json\/wp\/v2\/media?parent=891"}],"curies":[{"name":"wp","href":"https:\/\/api.w.org\/{rel}","templated":true}]}}