{"id":181,"date":"2018-07-04T14:28:58","date_gmt":"2018-07-04T17:28:58","guid":{"rendered":"https:\/\/litoral.ufpr.br\/servicosocial\/?page_id=181"},"modified":"2025-12-22T16:15:11","modified_gmt":"2025-12-22T19:15:11","slug":"informacoes","status":"publish","type":"page","link":"https:\/\/litoral.ufpr.br\/servicosocial\/informacoes\/","title":{"rendered":"Atividade Acad\u00eamica"},"content":{"rendered":"<p style=\"text-align: left\">MANUAL DO ESTUDANTE<\/p>\n<ul>\n<li><a href=\"https:\/\/litoral.ufpr.br\/servicosocial\/wp-content\/uploads\/sites\/17\/2022\/06\/Manual-da-Estudante-e-do-Estudante-UFPR-min.pdf\">Manual do estudante 2022<\/a><\/li>\n<\/ul>\n<p style=\"text-align: left\">EST\u00c1GIO<\/p>\n<ul>\n<li style=\"text-align: left\"><a href=\"https:\/\/litoral.ufpr.br\/servicosocial\/wp-content\/uploads\/sites\/17\/2018\/07\/Manual-de-Est\u00e1gios-da-UFPR.pdf\" target=\"_blank\" rel=\"noopener\">Manual de Est\u00e1gios da UFPR<\/a><\/li>\n<\/ul>\n<hr>\n<p><strong>RESOLU\u00c7\u00d5ES E NORMAS&nbsp;<\/strong><\/p>\n<ul>\n<li><a href=\"https:\/\/litoral.ufpr.br\/wp-content\/uploads\/2016\/03\/cepe3797-Atividade-Acad%C3%AAmica.pdf\" target=\"_blank\" rel=\"noopener\">Resolu\u00e7\u00e3o CEPE n\u00ba 37\/97 \u2013 Atividade Acad\u00eamica<\/a><\/li>\n<li><a href=\"https:\/\/litoral.ufpr.br\/wp-content\/uploads\/2017\/07\/cepe9715-Trancamento-de-Curso-atual.pdf\" target=\"_blank\" rel=\"noopener\">Resolu\u00e7\u00e3o CEPE n\u00ba 97\/15 \u2013 Trancamento de Curso<\/a><\/li>\n<li><a href=\"https:\/\/litoral.ufpr.br\/wp-content\/uploads\/2017\/07\/cepe9213-Dispensas.pdf\" target=\"_blank\" rel=\"noopener\">Resolu\u00e7\u00e3o CEPE n\u00ba 92\/13 \u2013 Dispensa de Disciplinas, de Equival\u00eancia de Disciplinas, de Exames de Adiantamento e Aproveitamento de Conhecimento<\/a><\/li>\n<\/ul>\n<ul>\n<li><a href=\"https:\/\/litoral.ufpr.br\/wp-content\/uploads\/2014\/12\/Do-Adiantamento-de-Conhecimento.pdf\" target=\"_blank\" rel=\"noopener\">RESUMO \u2013 Do Adiantamento de Conhecimento<\/a><\/li>\n<li><a href=\"https:\/\/litoral.ufpr.br\/wp-content\/uploads\/2014\/12\/Do-Aproveitamento-de-Conhecimento.pdf\" target=\"_blank\" rel=\"noopener\">RESUMO \u2013 Do Aproveitamento de Conhecimento<\/a><\/li>\n<li><a href=\"https:\/\/litoral.ufpr.br\/wp-content\/uploads\/2014\/12\/Da-Matr%C3%ADcula-em-Disciplina-Eletiva.pdf\" target=\"_blank\" rel=\"noopener\">RESUMO \u2013 Da Matr\u00edcula em Disciplina Eletiva<\/a><\/li>\n<li><a href=\"https:\/\/litoral.ufpr.br\/wp-content\/uploads\/2014\/12\/Da-Matr%C3%ADcula-em-Disciplinas-Isoladas.pdf\" target=\"_blank\" rel=\"noopener\">RESUMO \u2013 Da Matr\u00edcula em Disciplinas Isoladas<\/a><\/li>\n<li><a href=\"https:\/\/litoral.ufpr.br\/wp-content\/uploads\/2014\/12\/Dos-Exerc%C3%ADcios-Domiciliares.pdf\" target=\"_blank\" rel=\"noopener\">RESUMO \u2013 Dos Exerc\u00edcios Domiciliares<\/a><\/li>\n<li><a href=\"https:\/\/litoral.ufpr.br\/wp-content\/uploads\/2017\/07\/PPC-2015-Diretrizes-das-Atividades-Formativas-Complementares.pdf\" target=\"_blank\" rel=\"noopener\">PPC 2015 \u2013 Diretrizes das Atividades Formativas Complementares<\/a><\/li>\n<\/ul>\n","protected":false},"excerpt":{"rendered":"<p>MANUAL DO ESTUDANTE Manual do estudante 2022 EST\u00c1GIO Manual de Est\u00e1gios da UFPR RESOLU\u00c7\u00d5ES E NORMAS&nbsp; Resolu\u00e7\u00e3o CEPE n\u00ba 37\/97 \u2013 Atividade Acad\u00eamica Resolu\u00e7\u00e3o CEPE n\u00ba 97\/15 \u2013 Trancamento de Curso Resolu\u00e7\u00e3o CEPE n\u00ba 92\/13 \u2013 Dispensa de Disciplinas, de Equival\u00eancia de Disciplinas, de Exames de Adiantamento e Aproveitamento de Conhecimento RESUMO \u2013 Do Adiantamento [&hellip;]<\/p>\n","protected":false},"author":3,"featured_media":0,"parent":0,"menu_order":0,"comment_status":"closed","ping_status":"closed","template":"","meta":{"_acf_changed":false,"footnotes":""},"class_list":["post-181","page","type-page","status-publish","hentry"],"acf":[],"_links":{"self":[{"href":"https:\/\/litoral.ufpr.br\/servicosocial\/wp-json\/wp\/v2\/pages\/181","targetHints":{"allow":["GET"]}}],"collection":[{"href":"https:\/\/litoral.ufpr.br\/servicosocial\/wp-json\/wp\/v2\/pages"}],"about":[{"href":"https:\/\/litoral.ufpr.br\/servicosocial\/wp-json\/wp\/v2\/types\/page"}],"author":[{"embeddable":true,"href":"https:\/\/litoral.ufpr.br\/servicosocial\/wp-json\/wp\/v2\/users\/3"}],"replies":[{"embeddable":true,"href":"https:\/\/litoral.ufpr.br\/servicosocial\/wp-json\/wp\/v2\/comments?post=181"}],"version-history":[{"count":9,"href":"https:\/\/litoral.ufpr.br\/servicosocial\/wp-json\/wp\/v2\/pages\/181\/revisions"}],"predecessor-version":[{"id":1049,"href":"https:\/\/litoral.ufpr.br\/servicosocial\/wp-json\/wp\/v2\/pages\/181\/revisions\/1049"}],"wp:attachment":[{"href":"https:\/\/litoral.ufpr.br\/servicosocial\/wp-json\/wp\/v2\/media?parent=181"}],"curies":[{"name":"wp","href":"https:\/\/api.w.org\/{rel}","templated":true}]}}