{"id":171,"date":"2018-07-04T14:23:05","date_gmt":"2018-07-04T17:23:05","guid":{"rendered":"https:\/\/litoral.ufpr.br\/servicosocial\/?page_id=171"},"modified":"2025-01-16T11:50:40","modified_gmt":"2025-01-16T14:50:40","slug":"projeto-pedagogico-do-curso","status":"publish","type":"page","link":"https:\/\/litoral.ufpr.br\/servicosocial\/projeto-pedagogico-do-curso\/","title":{"rendered":"Projeto Pedag\u00f3gico do Curso"},"content":{"rendered":"<p><a href=\"https:\/\/litoral.ufpr.br\/servicosocial\/wp-content\/uploads\/sites\/17\/2023\/10\/PPC-Curso-de-Servico-Social-2024.pdf\"><strong>Projeto Pedag\u00f3gico do Curso (vers\u00e3o 2023\u2013 ATUAL)<\/strong><\/a><\/p>\n<ul>\n<li><a href=\"https:\/\/litoral.ufpr.br\/servicosocial\/wp-content\/uploads\/sites\/17\/2025\/01\/Matriz-Curricular-apos-ajuste-DOU.pdf\">Quadro de M\u00f3dulos<\/a><\/li>\n<li><a href=\"https:\/\/litoral.ufpr.br\/servicosocial\/wp-content\/uploads\/sites\/17\/2023\/11\/SEI_5987901_Resolucao__Conselho_de_Ensino__Pesquisa_e_Extensao_81_23_CEPE.pdf\">RESOLU\u00c7\u00c3O N\u00ba 81\/23-CEPE (Curr\u00edculo Pleno)<\/a><\/li>\n<\/ul>\n<p><strong><a href=\"https:\/\/litoral.ufpr.br\/wp-content\/uploads\/2017\/06\/2015-Projeto-Pol%C3%ADtico-do-Curso-de-Servi%C3%A7o-Social-revisado.pdf\" target=\"_blank\" rel=\"noopener\">Projeto Pedag\u00f3gico do Curso (vers\u00e3o 2015 \u2013 p\/ Turmas 2022 e anteriores)<\/a><\/strong><\/p>\n<ul>\n<li><a href=\"https:\/\/litoral.ufpr.br\/wp-content\/uploads\/2017\/03\/Grade-Curricular-QUADRO-PPC-2015.pdf\" target=\"_blank\" rel=\"noopener\">Quadro de M\u00f3dulos<\/a><\/li>\n<li><a href=\"https:\/\/litoral.ufpr.br\/wp-content\/uploads\/2017\/02\/Resolu%C3%A7%C3%A3o-CEPE-N%C2%BA-021-15-Curr%C3%ADculo-Pleno-de-SS.pdf\" target=\"_blank\" rel=\"noopener\">Resolu\u00e7\u00e3o 021\/15 CEPE (Curr\u00edculo Pleno)<\/a><\/li>\n<\/ul>\n<p><strong><a href=\"https:\/\/litoral.ufpr.br\/wp-content\/uploads\/2017\/02\/PPC-SS-Maio-2010.pdf\" target=\"_blank\" rel=\"noopener\">Projeto Pedag\u00f3gico do Curso (vers\u00e3o 2010 \u2013 p\/ Turmas 2013 e anteriores)<\/a><\/strong><\/p>\n<ul>\n<li><a href=\"https:\/\/litoral.ufpr.br\/wp-content\/uploads\/2017\/02\/Resolu%C3%A7%C3%A3o-CEPE-N%C2%BA-47-10-Curr%C3%ADculo-Pleno-de-SS.pdf\" target=\"_blank\" rel=\"noopener\">Resolu\u00e7\u00e3o 47\/10 CEPE (Curr\u00edculo Pleno)<\/a><\/li>\n<\/ul>\n<p><a href=\"https:\/\/litoral.ufpr.br\/servico-social\/camaras-tematicas-ampliadas-revisao-ppc\/\" target=\"_blank\" rel=\"noopener\">C\u00e2maras Tem\u00e1ticas Ampliadas \u2013 Revis\u00e3o PPC<\/a><\/p>\n","protected":false},"excerpt":{"rendered":"<p>Projeto Pedag\u00f3gico do Curso (vers\u00e3o 2023\u2013 ATUAL) Quadro de M\u00f3dulos RESOLU\u00c7\u00c3O N\u00ba 81\/23-CEPE (Curr\u00edculo Pleno) Projeto Pedag\u00f3gico do Curso (vers\u00e3o 2015 \u2013 p\/ Turmas 2022 e anteriores) Quadro de M\u00f3dulos Resolu\u00e7\u00e3o 021\/15 CEPE (Curr\u00edculo Pleno) Projeto Pedag\u00f3gico do Curso (vers\u00e3o 2010 \u2013 p\/ Turmas 2013 e anteriores) Resolu\u00e7\u00e3o 47\/10 CEPE (Curr\u00edculo Pleno) C\u00e2maras Tem\u00e1ticas Ampliadas [&hellip;]<\/p>\n","protected":false},"author":3,"featured_media":0,"parent":0,"menu_order":0,"comment_status":"closed","ping_status":"closed","template":"","meta":{"_acf_changed":false,"footnotes":""},"class_list":["post-171","page","type-page","status-publish","hentry"],"acf":[],"_links":{"self":[{"href":"https:\/\/litoral.ufpr.br\/servicosocial\/wp-json\/wp\/v2\/pages\/171","targetHints":{"allow":["GET"]}}],"collection":[{"href":"https:\/\/litoral.ufpr.br\/servicosocial\/wp-json\/wp\/v2\/pages"}],"about":[{"href":"https:\/\/litoral.ufpr.br\/servicosocial\/wp-json\/wp\/v2\/types\/page"}],"author":[{"embeddable":true,"href":"https:\/\/litoral.ufpr.br\/servicosocial\/wp-json\/wp\/v2\/users\/3"}],"replies":[{"embeddable":true,"href":"https:\/\/litoral.ufpr.br\/servicosocial\/wp-json\/wp\/v2\/comments?post=171"}],"version-history":[{"count":8,"href":"https:\/\/litoral.ufpr.br\/servicosocial\/wp-json\/wp\/v2\/pages\/171\/revisions"}],"predecessor-version":[{"id":914,"href":"https:\/\/litoral.ufpr.br\/servicosocial\/wp-json\/wp\/v2\/pages\/171\/revisions\/914"}],"wp:attachment":[{"href":"https:\/\/litoral.ufpr.br\/servicosocial\/wp-json\/wp\/v2\/media?parent=171"}],"curies":[{"name":"wp","href":"https:\/\/api.w.org\/{rel}","templated":true}]}}