{"id":1173,"date":"2025-12-22T16:43:42","date_gmt":"2025-12-22T19:43:42","guid":{"rendered":"https:\/\/litoral.ufpr.br\/servicosocial\/?page_id=1173"},"modified":"2025-12-22T17:02:05","modified_gmt":"2025-12-22T20:02:05","slug":"ufpr-virtual","status":"publish","type":"page","link":"https:\/\/litoral.ufpr.br\/servicosocial\/ufpr-virtual\/","title":{"rendered":"UFPR Virtual"},"content":{"rendered":"\n<p>A UFPR Virtual \u00e9 o Ambiente Virtual de Aprendizagem (AVA) oferecidos \u00e0 comunidade acad\u00eamica. Voc\u00ea, estudante, ter\u00e1 acesso \u00e0s disciplinas em que est\u00e1 matriculado ou matriculada. Para acessar, entre no seguinte link:&nbsp;<a href=\"https:\/\/ufprvirtual.ufpr.br\/\">https:\/\/ufprvirtual.ufpr.br\/<\/a>&nbsp;e clique no \u00edcone \u201cacesso\u201d, que est\u00e1 no canto superior direito. Para realizar o login, insira seu CPF na identifica\u00e7\u00e3o e sua data de nascimento (sem abreviatura do ano) na senha.<\/p>\n\n\n\n<figure class=\"wp-block-image\"><img decoding=\"async\" src=\"https:\/\/litoral.ufpr.br\/admpublica\/wp-content\/uploads\/sites\/6\/2025\/08\/image-3.png\" alt=\"\" class=\"wp-image-4202\" \/><\/figure>\n\n\n\n<p><br>P\u00e1gina da UFPR Virtual<\/p>\n\n\n\n<figure class=\"wp-block-image\"><img decoding=\"async\" src=\"https:\/\/litoral.ufpr.br\/admpublica\/wp-content\/uploads\/sites\/6\/2025\/08\/image-4.png\" alt=\"\" class=\"wp-image-4203\" \/><\/figure>\n\n\n\n<p>P\u00e1gina de login<\/p>\n","protected":false},"excerpt":{"rendered":"<p>A UFPR Virtual \u00e9 o Ambiente Virtual de Aprendizagem (AVA) oferecidos \u00e0 comunidade acad\u00eamica. Voc\u00ea, estudante, ter\u00e1 acesso \u00e0s disciplinas em que est\u00e1 matriculado ou matriculada. Para acessar, entre no seguinte link:&nbsp;https:\/\/ufprvirtual.ufpr.br\/&nbsp;e clique no \u00edcone \u201cacesso\u201d, que est\u00e1 no canto superior direito. Para realizar o login, insira seu CPF na identifica\u00e7\u00e3o e sua data de [&hellip;]<\/p>\n","protected":false},"author":1671,"featured_media":0,"parent":0,"menu_order":0,"comment_status":"closed","ping_status":"closed","template":"","meta":{"_acf_changed":false,"footnotes":""},"class_list":["post-1173","page","type-page","status-publish","hentry"],"acf":[],"_links":{"self":[{"href":"https:\/\/litoral.ufpr.br\/servicosocial\/wp-json\/wp\/v2\/pages\/1173","targetHints":{"allow":["GET"]}}],"collection":[{"href":"https:\/\/litoral.ufpr.br\/servicosocial\/wp-json\/wp\/v2\/pages"}],"about":[{"href":"https:\/\/litoral.ufpr.br\/servicosocial\/wp-json\/wp\/v2\/types\/page"}],"author":[{"embeddable":true,"href":"https:\/\/litoral.ufpr.br\/servicosocial\/wp-json\/wp\/v2\/users\/1671"}],"replies":[{"embeddable":true,"href":"https:\/\/litoral.ufpr.br\/servicosocial\/wp-json\/wp\/v2\/comments?post=1173"}],"version-history":[{"count":2,"href":"https:\/\/litoral.ufpr.br\/servicosocial\/wp-json\/wp\/v2\/pages\/1173\/revisions"}],"predecessor-version":[{"id":1195,"href":"https:\/\/litoral.ufpr.br\/servicosocial\/wp-json\/wp\/v2\/pages\/1173\/revisions\/1195"}],"wp:attachment":[{"href":"https:\/\/litoral.ufpr.br\/servicosocial\/wp-json\/wp\/v2\/media?parent=1173"}],"curies":[{"name":"wp","href":"https:\/\/api.w.org\/{rel}","templated":true}]}}