{"id":1152,"date":"2025-12-22T16:31:47","date_gmt":"2025-12-22T19:31:47","guid":{"rendered":"https:\/\/litoral.ufpr.br\/servicosocial\/?page_id=1152"},"modified":"2025-12-22T16:31:47","modified_gmt":"2025-12-22T19:31:47","slug":"oportunidades","status":"publish","type":"page","link":"https:\/\/litoral.ufpr.br\/servicosocial\/oportunidades\/","title":{"rendered":"Oportunidades"},"content":{"rendered":"\n<p><strong>Semestre 2023-1<\/strong><\/p>\n\n\n\n<p><a href=\"https:\/\/litoral.ufpr.br\/admpublica\/wp-content\/uploads\/sites\/6\/2023\/03\/Edital-bolsa-monitoria-Aprovados.pdf\">Edital Bolsa de Monitoria \u2013 Aprovados<\/a><\/p>\n\n\n\n<p><a href=\"https:\/\/litoral.ufpr.br\/admpublica\/wp-content\/uploads\/sites\/6\/2023\/03\/Edital-bolsa-monitoria-Estagio-I.pdf\">Edital Bolsa de Monitoria \u2013 Est\u00e1gio I<\/a><\/p>\n\n\n\n<p><a href=\"https:\/\/litoral.ufpr.br\/admpublica\/wp-content\/uploads\/sites\/6\/2023\/03\/Edital-bolsa-monitoria-Estagio-II-2.pdf\">Edital Bolsa de Monitoria \u2013 Est\u00e1gio II<\/a><\/p>\n\n\n\n<p><a href=\"https:\/\/litoral.ufpr.br\/admpublica\/wp-content\/uploads\/sites\/6\/2023\/03\/Edital-bolsa-monitoria-PA-TCC-I-1-1.pdf\">Edital Bolsa de Monitoria \u2013 PA TCC<\/a><\/p>\n\n\n\n<p><a href=\"https:\/\/litoral.ufpr.br\/admpublica\/wp-content\/uploads\/sites\/6\/2023\/03\/Edital-monitoria-Elaboracao-de-projeto-de-TCC-2.pdf\">Edital Bolsa de Monitoria \u2013 Elabora\u00e7\u00e3o de Projeto de TCC<\/a><\/p>\n\n\n\n<p><a href=\"https:\/\/litoral.ufpr.br\/admpublica\/wp-content\/uploads\/sites\/6\/2023\/03\/Edital-monitoria-Gestao-de-Pessoas-2.pdf\">Edital Bolsa de Monitoria \u2013 Gest\u00e3o de Pessoas<\/a><\/p>\n\n\n\n<p><strong>Semestre 2022-2<\/strong><\/p>\n\n\n\n<p><a href=\"https:\/\/litoral.ufpr.br\/admpublica\/wp-content\/uploads\/sites\/6\/2022\/10\/Resultado-edital-monitoria-SLAP005-TEORIA-DAS-ORGANIZACOES.docx.pdf\">Resultado edital 23\/2022 monitoria SLAP005 \u2013 Teoria das Organiza\u00e7\u00f5es<\/a><\/p>\n\n\n\n<p><a href=\"https:\/\/litoral.ufpr.br\/admpublica\/wp-content\/uploads\/sites\/6\/2022\/10\/Edital-bolsa-monitoria-SLAP005-%E2%80%93-TEORIA-DAS-ORGANIZACOES.docx.pdf\">Edital 23\/2022 monitoria SLAP005 \u2013 Teoria das Organiza\u00e7\u00f5es<\/a><\/p>\n\n\n\n<p><a href=\"https:\/\/litoral.ufpr.br\/admpublica\/wp-content\/uploads\/sites\/6\/2022\/10\/Resultado-edital-monitoria-SLAP002-TEORIA-E-PRATICA-DA-POLITICA-II.docx-1.pdf\">Resultado edital 23\/2022 monitoria SLAP002 \u2013 Teoria e Pr\u00e1tica da Pol\u00edtica II<\/a><\/p>\n\n\n\n<p><a href=\"https:\/\/litoral.ufpr.br\/admpublica\/wp-content\/uploads\/sites\/6\/2022\/10\/Edital-bolsa-monitoria-SLAP002-%E2%80%93-TEORIA-E-PRATICA-DA-POLITICA-II.docx.pdf\">Edital 23\/2022 monitoria SLAP002 \u2013 Teoria e Pr\u00e1tica da Pol\u00edtica II<\/a><\/p>\n\n\n\n<p><a href=\"https:\/\/litoral.ufpr.br\/admpublica\/wp-content\/uploads\/sites\/6\/2022\/09\/Edital-Monitoria-_PA-Elaboracao-de-projeto-de-TCC.pdf\">Edital 23\/2022 monitoria PA -Elabora\u00e7\u00e3o de Projeto de TCC<\/a><\/p>\n\n\n\n<p><a href=\"https:\/\/litoral.ufpr.br\/admpublica\/wp-content\/uploads\/sites\/6\/2022\/09\/Edital-Monitoria-_Legislacao-aplicada-a-gestao-Publica.pdf\">Edital 23\/2022 monitoria SLAP004 \u2013 Legisla\u00e7\u00e3o Aplicada \u00e0 Gest\u00e3o P\u00fablica<\/a><\/p>\n\n\n\n<p><strong>Semestre 2022-1<\/strong><\/p>\n\n\n\n<p><a href=\"https:\/\/litoral.ufpr.br\/admpublica\/wp-content\/uploads\/sites\/6\/2022\/05\/Edital-02-2022-monitoria-politica-economica.pdf\" target=\"_blank\" rel=\"noreferrer noopener\">Edital 02 2022 monitoria Pol\u00edtica Econ\u00f4mica<\/a><\/p>\n\n\n\n<p><a rel=\"noreferrer noopener\" href=\"https:\/\/litoral.ufpr.br\/admpublica\/wp-content\/uploads\/sites\/6\/2022\/05\/Edital-03-2022-monitoria-PA-Desenvolimento-Regional.pdf\" target=\"_blank\">Edital 03 2022 monitoria PA \u2013 Desenvolvimento Regional<\/a><\/p>\n\n\n\n<p><a href=\"https:\/\/litoral.ufpr.br\/admpublica\/wp-content\/uploads\/sites\/6\/2022\/06\/Edital_Selecao_IC_LAR_2022_23.pdf\" target=\"_blank\" rel=\"noreferrer noopener\">Edital Sele\u00e7\u00e3o Inicia\u00e7\u00e3o Cient\u00edfica \u2013 Laborat\u00f3rio de An\u00e1lise de Redes 2022 \u2013 23<\/a><\/p>\n\n\n\n<p><strong>Semestre 2021-2<\/strong><\/p>\n\n\n\n<p><a href=\"https:\/\/litoral.ufpr.br\/admpublica\/wp-content\/uploads\/sites\/6\/2022\/02\/Edital-01-2022-monitoria-economia-politica.pdf\"><br>Edital 01 2022 monitoria economia pol\u00edtica<\/a><a href=\"https:\/\/litoral.ufpr.br\/admpublica\/wp-content\/uploads\/sites\/6\/2022\/02\/Edital-01-2022-monitoria-economia-politica.pdf\">Baixar<\/a><\/p>\n\n\n\n<p><a href=\"https:\/\/litoral.ufpr.br\/admpublica\/wp-content\/uploads\/sites\/6\/2022\/02\/Resultado-do-Edital-de-monitoria-economia-politica.pdf\">Resultado do Edital de monitoria economia pol\u00edtica<\/a><a href=\"https:\/\/litoral.ufpr.br\/admpublica\/wp-content\/uploads\/sites\/6\/2022\/02\/Resultado-do-Edital-de-monitoria-economia-politica.pdf\">Baixar<\/a><\/p>\n\n\n\n<p><a href=\"https:\/\/litoral.ufpr.br\/admpublica\/wp-content\/uploads\/sites\/6\/2022\/02\/Edital-bolsa-Estagio-nao-remunerado-1.pdf\">Edital bolsa Estagio n\u00e3o remunerado 1<\/a><a href=\"https:\/\/litoral.ufpr.br\/admpublica\/wp-content\/uploads\/sites\/6\/2022\/02\/Edital-bolsa-Estagio-nao-remunerado-1.pdf\">Baixar<\/a><\/p>\n\n\n\n<p><a href=\"https:\/\/litoral.ufpr.br\/admpublica\/wp-content\/uploads\/sites\/6\/2022\/02\/Resultado-do-Edital-bolsa-Estagio-nao-remunerado.pdf\">Resultado-do-Edital-bolsa-Estagio-nao-remunerado<\/a><a href=\"https:\/\/litoral.ufpr.br\/admpublica\/wp-content\/uploads\/sites\/6\/2022\/02\/Resultado-do-Edital-bolsa-Estagio-nao-remunerado.pdf\">Baixar<\/a><\/p>\n\n\n\n<p><a href=\"https:\/\/litoral.ufpr.br\/admpublica\/wp-content\/uploads\/sites\/6\/2022\/02\/EDITAL-COMPLEMENTAR-BOLSA-SIBI-2021-corrigido.pdf\">EDITAL COMPLEMENTAR BOLSA SIBI 2021 corrigido<\/a><a href=\"https:\/\/litoral.ufpr.br\/admpublica\/wp-content\/uploads\/sites\/6\/2022\/02\/EDITAL-COMPLEMENTAR-BOLSA-SIBI-2021-corrigido.pdf\">Baixar<\/a><\/p>\n\n\n\n<p><a href=\"https:\/\/litoral.ufpr.br\/admpublica\/wp-content\/uploads\/sites\/6\/2022\/02\/Edital-Selecao-PET-CC-2022-1.pdf\">Edital Sele\u00e7\u00e3o PET CC 2022-1<\/a><a href=\"https:\/\/litoral.ufpr.br\/admpublica\/wp-content\/uploads\/sites\/6\/2022\/02\/Edital-Selecao-PET-CC-2022-1.pdf\">Baixar<\/a><\/p>\n\n\n\n<p><a href=\"https:\/\/litoral.ufpr.br\/admpublica\/wp-content\/uploads\/sites\/6\/2022\/02\/EDITAL.pdf\">EDITAL Para Programa Internacional de Estudos 2023\/2024<\/a><a href=\"https:\/\/litoral.ufpr.br\/admpublica\/wp-content\/uploads\/sites\/6\/2022\/02\/EDITAL.pdf\">Baixar<\/a><\/p>\n","protected":false},"excerpt":{"rendered":"<p>Semestre 2023-1 Edital Bolsa de Monitoria \u2013 Aprovados Edital Bolsa de Monitoria \u2013 Est\u00e1gio I Edital Bolsa de Monitoria \u2013 Est\u00e1gio II Edital Bolsa de Monitoria \u2013 PA TCC Edital Bolsa de Monitoria \u2013 Elabora\u00e7\u00e3o de Projeto de TCC Edital Bolsa de Monitoria \u2013 Gest\u00e3o de Pessoas Semestre 2022-2 Resultado edital 23\/2022 monitoria SLAP005 \u2013 [&hellip;]<\/p>\n","protected":false},"author":1671,"featured_media":0,"parent":0,"menu_order":0,"comment_status":"closed","ping_status":"closed","template":"","meta":{"_acf_changed":false,"footnotes":""},"class_list":["post-1152","page","type-page","status-publish","hentry"],"acf":[],"_links":{"self":[{"href":"https:\/\/litoral.ufpr.br\/servicosocial\/wp-json\/wp\/v2\/pages\/1152","targetHints":{"allow":["GET"]}}],"collection":[{"href":"https:\/\/litoral.ufpr.br\/servicosocial\/wp-json\/wp\/v2\/pages"}],"about":[{"href":"https:\/\/litoral.ufpr.br\/servicosocial\/wp-json\/wp\/v2\/types\/page"}],"author":[{"embeddable":true,"href":"https:\/\/litoral.ufpr.br\/servicosocial\/wp-json\/wp\/v2\/users\/1671"}],"replies":[{"embeddable":true,"href":"https:\/\/litoral.ufpr.br\/servicosocial\/wp-json\/wp\/v2\/comments?post=1152"}],"version-history":[{"count":1,"href":"https:\/\/litoral.ufpr.br\/servicosocial\/wp-json\/wp\/v2\/pages\/1152\/revisions"}],"predecessor-version":[{"id":1153,"href":"https:\/\/litoral.ufpr.br\/servicosocial\/wp-json\/wp\/v2\/pages\/1152\/revisions\/1153"}],"wp:attachment":[{"href":"https:\/\/litoral.ufpr.br\/servicosocial\/wp-json\/wp\/v2\/media?parent=1152"}],"curies":[{"name":"wp","href":"https:\/\/api.w.org\/{rel}","templated":true}]}}