{"id":1125,"date":"2025-12-22T16:08:57","date_gmt":"2025-12-22T19:08:57","guid":{"rendered":"https:\/\/litoral.ufpr.br\/servicosocial\/?page_id=1125"},"modified":"2025-12-22T16:12:23","modified_gmt":"2025-12-22T19:12:23","slug":"extensao","status":"publish","type":"page","link":"https:\/\/litoral.ufpr.br\/servicosocial\/extensao\/","title":{"rendered":"Extens\u00e3o"},"content":{"rendered":"\n<figure class=\"wp-block-table\"><table class=\"has-fixed-layout\"><thead><tr><th>Atividade (C\u00f3digo Extens\u00e3o)<\/th><th>Tipo<\/th><th>Previs\u00e3o &#8211; In\u00edcio<\/th><th>Previs\u00e3o &#8211; Fim<\/th><th>Coordenador(a)\/Vice<\/th><th>\u00c1rea Tem\u00e1tica<\/th><\/tr><\/thead><tbody><tr><td>Escola de Conselhos do Paran\u00e1 (38258)<\/td><td>Programa de Extens\u00e3o<\/td><td>13\/01\/2025<\/td><td>16\/12\/2030<\/td><td>ANE BARBARA VOIDELO\/ &#8211;<\/td><td>Direitos Humanos e Justi\u00e7a<\/td><\/tr><tr><td>Din\u00e2micas socioterritoriais, incid\u00eancias coletivas e pol\u00edticas p\u00fablicas (42529)<\/td><td>Programa de Extens\u00e3o<\/td><td>03\/03\/2025<\/td><td>02\/03\/2030<\/td><td>SILVANA MARTA TUMELERO\/JAYSON AZEVEDO MARSELLA DE ALMEIDA PEDROSA VAZ GUIMARAES<\/td><td>Direitos Humanos e Justi\u00e7a<\/td><\/tr><tr><td>Conselho da Comunidade na Pol\u00edtica de Execu\u00e7\u00e3o Penal (23)<\/td><td>Programa de Extens\u00e3o<\/td><td>02\/03\/2020<\/td><td>02\/03\/2030<\/td><td>ADRIANA LUCINDA DE OLIVEIRA\/JOSE LANNES DE MELO<\/td><td>Direitos Humanos e Justi\u00e7a<\/td><\/tr><tr><td>Direito \u00e0 Cidade e Prote\u00e7\u00e3o Social: incid\u00eancias coletivas e pol\u00edticas p\u00fablicas (607)<\/td><td>Projeto de Extens\u00e3o<\/td><td>09\/11\/2022<\/td><td>18\/12\/2026<\/td><td>SILVANA MARTA TUMELERO\/ANDREA MAXIMO ESPINOLA<\/td><td>Direitos Humanos e Justi\u00e7a<\/td><\/tr><tr><td>Preven\u00e7\u00e3o e Enfrentamento a viol\u00eancia dom\u00e9stica e familiar (21371)<\/td><td>Projeto de Extens\u00e3o<\/td><td>11\/03\/2024<\/td><td>29\/12\/2028<\/td><td>ADRIANA LUCINDA DE OLIVEIRA\/SILVANA MARTA TUMELERO<\/td><td>Direitos Humanos e Justi\u00e7a<\/td><\/tr><tr><td>As redes Socioassistenciais do Paran\u00e1 (21591)<\/td><td>Projeto de Extens\u00e3o<\/td><td>05\/06\/2024<\/td><td>05\/06\/2029<\/td><td>ANE BARBARA VOIDELO\/ &#8211;<\/td><td>Direitos Humanos e Justi\u00e7a<\/td><\/tr><tr><td>Implanta\u00e7\u00e3o do N\u00facleo de Forma\u00e7\u00e3o Continuada para Conselhos e Sistema de Garantia de Direitos no Estado do Paran\u00e1 \u2013 Escola de Conselhos (38261)<\/td><td>Projeto de Extens\u00e3o<\/td><td>03\/02\/2025<\/td><td>26\/10\/2026<\/td><td>ANE BARBARA VOIDELO\/ &#8211;<\/td><td>Direitos Humanos e Justi\u00e7a<\/td><\/tr><tr><td>Resist\u00eancia Litoral: Ci\u00eancia, Cultura e Comunidade (38266)<\/td><td>Projeto de Extens\u00e3o<\/td><td>13\/01\/2025<\/td><td>07\/01\/2030<\/td><td>ANE BARBARA VOIDELO\/ &#8211;<\/td><td>Direitos Humanos e Justi\u00e7a<\/td><\/tr><tr><td>A Rede do Litoral: Articula\u00e7\u00e3o e Pesquisa da Rede Socioassistencial no Litoral do Paran\u00e1 (38268)<\/td><td>Projeto de Extens\u00e3o<\/td><td>15\/01\/2025<\/td><td>01\/01\/2026<\/td><td>ANE BARBARA VOIDELO\/ &#8211;<\/td><td>Direitos Humanos e Justi\u00e7a<\/td><\/tr><tr><td>Pol\u00edticas e Servi\u00e7os de Atendimento \u00e0 Popula\u00e7\u00e3o em Situa\u00e7\u00e3o de Rua no munic\u00edpio de Garuva (42455)<\/td><td>Projeto de Extens\u00e3o<\/td><td>10\/03\/2025<\/td><td>09\/03\/2027<\/td><td>ROBSON DE OLIVEIRA\/ADRIANA LUCINDA DE OLIVEIRA<\/td><td>Direitos Humanos e Justi\u00e7a<\/td><\/tr><tr><td>Diagn\u00f3stico socioterritorial do munic\u00edpio de Garuva-SC (42662)<\/td><td>Projeto de Extens\u00e3o<\/td><td>03\/03\/2025<\/td><td>27\/02\/2026<\/td><td>SILVANA MARTA TUMELERO\/ADRIANA LUCINDA DE OLIVEIRA<\/td><td>Direitos Humanos e Justi\u00e7a<\/td><\/tr><tr><td>Pontes e Vozes: Criando Di\u00e1logos para o Empoderamento Coletivo das Pessoas com Defici\u00eancia (PCD) (55733)<\/td><td>Projeto de Extens\u00e3o<\/td><td>01\/11\/2025<\/td><td>31\/10\/2030<\/td><td>JAYSON AZEVEDO MARSELLA DE ALMEIDA PEDROSA VAZ GUIMARAES\/ &#8211;<\/td><td>Direitos Humanos e Justi\u00e7a<\/td><\/tr><\/tbody><\/table><\/figure>\n","protected":false},"excerpt":{"rendered":"<p>Atividade (C\u00f3digo Extens\u00e3o) Tipo Previs\u00e3o &#8211; In\u00edcio Previs\u00e3o &#8211; Fim Coordenador(a)\/Vice \u00c1rea Tem\u00e1tica Escola de Conselhos do Paran\u00e1 (38258) Programa de Extens\u00e3o 13\/01\/2025 16\/12\/2030 ANE BARBARA VOIDELO\/ &#8211; Direitos Humanos e Justi\u00e7a Din\u00e2micas socioterritoriais, incid\u00eancias coletivas e pol\u00edticas p\u00fablicas (42529) Programa de Extens\u00e3o 03\/03\/2025 02\/03\/2030 SILVANA MARTA TUMELERO\/JAYSON AZEVEDO MARSELLA DE ALMEIDA PEDROSA VAZ GUIMARAES [&hellip;]<\/p>\n","protected":false},"author":1671,"featured_media":0,"parent":0,"menu_order":0,"comment_status":"closed","ping_status":"closed","template":"","meta":{"_acf_changed":false,"footnotes":""},"class_list":["post-1125","page","type-page","status-publish","hentry"],"acf":[],"_links":{"self":[{"href":"https:\/\/litoral.ufpr.br\/servicosocial\/wp-json\/wp\/v2\/pages\/1125","targetHints":{"allow":["GET"]}}],"collection":[{"href":"https:\/\/litoral.ufpr.br\/servicosocial\/wp-json\/wp\/v2\/pages"}],"about":[{"href":"https:\/\/litoral.ufpr.br\/servicosocial\/wp-json\/wp\/v2\/types\/page"}],"author":[{"embeddable":true,"href":"https:\/\/litoral.ufpr.br\/servicosocial\/wp-json\/wp\/v2\/users\/1671"}],"replies":[{"embeddable":true,"href":"https:\/\/litoral.ufpr.br\/servicosocial\/wp-json\/wp\/v2\/comments?post=1125"}],"version-history":[{"count":2,"href":"https:\/\/litoral.ufpr.br\/servicosocial\/wp-json\/wp\/v2\/pages\/1125\/revisions"}],"predecessor-version":[{"id":1134,"href":"https:\/\/litoral.ufpr.br\/servicosocial\/wp-json\/wp\/v2\/pages\/1125\/revisions\/1134"}],"wp:attachment":[{"href":"https:\/\/litoral.ufpr.br\/servicosocial\/wp-json\/wp\/v2\/media?parent=1125"}],"curies":[{"name":"wp","href":"https:\/\/api.w.org\/{rel}","templated":true}]}}