{"id":1108,"date":"2025-12-22T15:44:07","date_gmt":"2025-12-22T18:44:07","guid":{"rendered":"https:\/\/litoral.ufpr.br\/servicosocial\/?page_id=1108"},"modified":"2025-12-22T15:44:07","modified_gmt":"2025-12-22T18:44:07","slug":"comissoes","status":"publish","type":"page","link":"https:\/\/litoral.ufpr.br\/servicosocial\/comissoes\/","title":{"rendered":"Comiss\u00f5es"},"content":{"rendered":"\n<h2 class=\"wp-block-heading\"><\/h2>\n\n\n\n<p><strong>COMISS\u00c3O ORIENTA\u00c7\u00c3O ACAD\u00caMICA \u2013 COA<\/strong><br>O Programa de Orienta\u00e7\u00e3o Acad\u00eamica (POA) visa orientar o estudante do Curso de Servi\u00e7o Social em sua trajet\u00f3ria acad\u00eamica, no intuito de identificar preventivamente e criar solu\u00e7\u00f5es para a supera\u00e7\u00e3o de obst\u00e1culos ao processo de ensino-aprendizagem, reduzindo a reten\u00e7\u00e3o e a evas\u00e3o. A POA segue os princ\u00edpios de tutoria, m\u00e9todo centrado no estudante que cria a oportunidade de acompanhamento do processo de forma\u00e7\u00e3o, atrav\u00e9s da aplica\u00e7\u00e3o de atividades extracurriculares para o desenvolvimento integral da aprendizagem. Todos os professores do curso participar\u00e3o como tutores. S\u00e3o objetivos do programa: a) acolher os estudantes ingressantes ao contexto universit\u00e1rio viabilizando a sua integra\u00e7\u00e3o; b) orientar a trajet\u00f3ria do estudante quanto ao curr\u00edculo; c) informar ao calouro o curr\u00edculo do Curso de Servi\u00e7o Social, o Projeto Pedag\u00f3gico do Curso (PPC), as resolu\u00e7\u00f5es que em vigor, os programas de bolsas institucionais etc.<\/p>\n\n\n\n<p><a href=\"https:\/\/litoral.ufpr.br\/servicosocial\/wp-content\/uploads\/sites\/17\/2025\/12\/SEI_8078303_Portaria_1970_2025_SETOR_LITORALCOA.pdf\" target=\"_blank\" rel=\"noreferrer noopener\">Portaria n\u00ba 1970\/2025 Setor Litoral, de 21 de agosto de 2025<\/a><\/p>\n\n\n\n<hr class=\"wp-block-separator has-alpha-channel-opacity\" \/>\n\n\n\n<p><strong>COMISS\u00c3O PERMANENTE DE ACOMPANHAMENTO DAS ATIVIDADES FORMATIVAS COMPLEMENTARES \u2013 CPAAF<\/strong><br>As Atividades Formativas Complementares (AFC) t\u00eam por objetivo flexibilizar e enriquecer o processo de ensino-aprendizagem, mediante a inser\u00e7\u00e3o e participa\u00e7\u00e3o do\/a estudante em diferentes espa\u00e7os, projetos e atividades relevantes a sua forma\u00e7\u00e3o social, pol\u00edtica, humana, cultural, cient\u00edfica e profissional. As AFC dever\u00e3o ser desenvolvidas dentro do per\u00edodo que vai do ingresso do estudante no Curso at\u00e9 o prazo de conclus\u00e3o, sendo obrigat\u00f3rio o cumprimento da carga hor\u00e1ria m\u00ednima exigida, a ser apresentada pelo(a) estudante no semestre anterior \u00e0 previs\u00e3o de integraliza\u00e7\u00e3o curricular. Para tal, h\u00e1 uma Comiss\u00e3o Permanente de Acompanhamento de Atividades Formativas (CPAAF), que realizar\u00e1 a valida\u00e7\u00e3o\/homologa\u00e7\u00e3o das declara\u00e7\u00f5es e certificados apresentados pelos estudantes.<\/p>\n\n\n\n<p><a href=\"https:\/\/litoral.ufpr.br\/servicosocial\/wp-content\/uploads\/sites\/17\/2025\/12\/SEI_7914409_Portaria_1935_2025_SETOR_LITORALCPAAF.pdf\" target=\"_blank\" rel=\"noreferrer noopener\">Portaria n\u00ba 1935\/2025 Setor Litoral, de 02 de julho de 2025<\/a><\/p>\n\n\n\n<hr class=\"wp-block-separator has-alpha-channel-opacity\" \/>\n\n\n\n<p><strong>COMISS\u00c3O ORIENTADORA DE EST\u00c1GIOS \u2013 COE<\/strong><br>A COE do Curso de Servi\u00e7o Social ser\u00e1 composta pelo Coordenador do Curso e\/ou o Vice-Coordenador e dois ou mais professores que comp\u00f5e o Colegiado de Curso, com a compet\u00eancia de: a) definir os crit\u00e9rios m\u00ednimos exigidos para o aceite de est\u00e1gios n\u00e3o obrigat\u00f3rios; b) planejar, controlar e avaliar os est\u00e1gios n\u00e3o obrigat\u00f3rios realizados, mantendo o fluxo de informa\u00e7\u00f5es relativas ao acompanhamento e desenvolvimento dos est\u00e1gios em processo; c) analisar a documenta\u00e7\u00e3o e a solicita\u00e7\u00e3o do est\u00e1gio frente \u00e0 natureza do Curso de Servi\u00e7o Social e \u00e0s normas regulamentares; d) compatibilizar as a\u00e7\u00f5es previstas no \u201cPlano de Atividades do Est\u00e1gio\u201d; e) convocar reuni\u00f5es com os professores orientadores e alunos estagi\u00e1rios; f) socializar sistematicamente as normas institucionais e orienta\u00e7\u00f5es junto ao corpo discente.<\/p>\n\n\n\n<p><a href=\"https:\/\/litoral.ufpr.br\/servicosocial\/wp-content\/uploads\/sites\/17\/2025\/12\/SEI_8078197_Portaria_1969_2025_SETOR_LITORALCOE.pdf\" target=\"_blank\" rel=\"noreferrer noopener\"> Portaria n\u00ba 1969\/2025 Setor Litoral, de 21 de agosto de 2025<\/a><\/p>\n\n\n\n<hr class=\"wp-block-separator has-alpha-channel-opacity\" \/>\n\n\n\n<h4 class=\"wp-block-heading\"><strong>N\u00daCLEO DOCENTE ESTRUTURANTE <strong>\u2013<\/strong><\/strong> <strong>NDE<\/strong><\/h4>\n\n\n\n<p>Segundo as Resolu\u00e7\u00f5es n\u00ba 75\/09-CEPE e 34\/11-CEPE, do Conselho de Ensino, Pesquisa e Extens\u00e3o da UFPR, o N\u00facleo Docente Estruturante (NDE) constitui segmento da estrutura de gest\u00e3o acad\u00eamica em cada Curso de Gradua\u00e7\u00e3o com atribui\u00e7\u00f5es consultivas, propositivas e de assessoria sobre mat\u00e9ria de natureza acad\u00eamica. O NDE \u00e9 co-respons\u00e1vel pela elabora\u00e7\u00e3o, implementa\u00e7\u00e3o e consolida\u00e7\u00e3o do Projeto Pedag\u00f3gico de Curso, tendo como atribui\u00e7\u00f5es: a) contribuir para a consolida\u00e7\u00e3o do perfil profissional do egresso do curso; b) zelar pela integra\u00e7\u00e3o curricular interdisciplinar entre as diferentes atividades de ensino constantes no curr\u00edculo; c) indicar formas de incentivo ao desenvolvimento de linhas de pesquisa e extens\u00e3o, oriundas de necessidades da gradua\u00e7\u00e3o, de exig\u00eancias do mercado de trabalho e afinadas com as pol\u00edticas p\u00fablicas relativas \u00e0 \u00e1rea de conhecimento do curso; d) zelar pelo cumprimento das Diretrizes Curriculares Nacionais para os Cursos de Gradua\u00e7\u00e3o.<\/p>\n\n\n\n<p><a href=\"https:\/\/litoral.ufpr.br\/servicosocial\/wp-content\/uploads\/sites\/17\/2025\/12\/SEI_8078152_Portaria_1968_2025_SETOR_LITORALNDE.pdf\" target=\"_blank\" rel=\"noreferrer noopener\">Portaria n\u00ba 1968\/2025 Setor Litoral, de 21 de agosto de 2025<\/a><\/p>\n","protected":false},"excerpt":{"rendered":"<p>COMISS\u00c3O ORIENTA\u00c7\u00c3O ACAD\u00caMICA \u2013 COAO Programa de Orienta\u00e7\u00e3o Acad\u00eamica (POA) visa orientar o estudante do Curso de Servi\u00e7o Social em sua trajet\u00f3ria acad\u00eamica, no intuito de identificar preventivamente e criar solu\u00e7\u00f5es para a supera\u00e7\u00e3o de obst\u00e1culos ao processo de ensino-aprendizagem, reduzindo a reten\u00e7\u00e3o e a evas\u00e3o. A POA segue os princ\u00edpios de tutoria, m\u00e9todo centrado [&hellip;]<\/p>\n","protected":false},"author":1671,"featured_media":0,"parent":0,"menu_order":0,"comment_status":"closed","ping_status":"closed","template":"","meta":{"_acf_changed":false,"footnotes":""},"class_list":["post-1108","page","type-page","status-publish","hentry"],"acf":[],"_links":{"self":[{"href":"https:\/\/litoral.ufpr.br\/servicosocial\/wp-json\/wp\/v2\/pages\/1108","targetHints":{"allow":["GET"]}}],"collection":[{"href":"https:\/\/litoral.ufpr.br\/servicosocial\/wp-json\/wp\/v2\/pages"}],"about":[{"href":"https:\/\/litoral.ufpr.br\/servicosocial\/wp-json\/wp\/v2\/types\/page"}],"author":[{"embeddable":true,"href":"https:\/\/litoral.ufpr.br\/servicosocial\/wp-json\/wp\/v2\/users\/1671"}],"replies":[{"embeddable":true,"href":"https:\/\/litoral.ufpr.br\/servicosocial\/wp-json\/wp\/v2\/comments?post=1108"}],"version-history":[{"count":1,"href":"https:\/\/litoral.ufpr.br\/servicosocial\/wp-json\/wp\/v2\/pages\/1108\/revisions"}],"predecessor-version":[{"id":1113,"href":"https:\/\/litoral.ufpr.br\/servicosocial\/wp-json\/wp\/v2\/pages\/1108\/revisions\/1113"}],"wp:attachment":[{"href":"https:\/\/litoral.ufpr.br\/servicosocial\/wp-json\/wp\/v2\/media?parent=1108"}],"curies":[{"name":"wp","href":"https:\/\/api.w.org\/{rel}","templated":true}]}}