{"id":1104,"date":"2025-12-22T13:00:18","date_gmt":"2025-12-22T16:00:18","guid":{"rendered":"https:\/\/litoral.ufpr.br\/servicosocial\/?page_id=1104"},"modified":"2025-12-22T13:00:18","modified_gmt":"2025-12-22T16:00:18","slug":"secretaria-academica","status":"publish","type":"page","link":"https:\/\/litoral.ufpr.br\/servicosocial\/secretaria-academica\/","title":{"rendered":"Secretaria Acad\u00eamica"},"content":{"rendered":"\n<p>Rafael Baldin<\/p>\n\n\n\n<p>Hor\u00e1rio de atendimento: seg. e sex.: das 15h30 \u00e0s 21h30; ter. a qui.: das 12h \u00e0s 18h<\/p>\n\n\n\n<p>E-mail: rafael.baldin@ufpr.br<\/p>\n","protected":false},"excerpt":{"rendered":"<p>Rafael Baldin Hor\u00e1rio de atendimento: seg. e sex.: das 15h30 \u00e0s 21h30; ter. a qui.: das 12h \u00e0s 18h E-mail: rafael.baldin@ufpr.br<\/p>\n","protected":false},"author":1671,"featured_media":0,"parent":0,"menu_order":0,"comment_status":"closed","ping_status":"closed","template":"","meta":{"_acf_changed":false,"footnotes":""},"class_list":["post-1104","page","type-page","status-publish","hentry"],"acf":[],"_links":{"self":[{"href":"https:\/\/litoral.ufpr.br\/servicosocial\/wp-json\/wp\/v2\/pages\/1104","targetHints":{"allow":["GET"]}}],"collection":[{"href":"https:\/\/litoral.ufpr.br\/servicosocial\/wp-json\/wp\/v2\/pages"}],"about":[{"href":"https:\/\/litoral.ufpr.br\/servicosocial\/wp-json\/wp\/v2\/types\/page"}],"author":[{"embeddable":true,"href":"https:\/\/litoral.ufpr.br\/servicosocial\/wp-json\/wp\/v2\/users\/1671"}],"replies":[{"embeddable":true,"href":"https:\/\/litoral.ufpr.br\/servicosocial\/wp-json\/wp\/v2\/comments?post=1104"}],"version-history":[{"count":1,"href":"https:\/\/litoral.ufpr.br\/servicosocial\/wp-json\/wp\/v2\/pages\/1104\/revisions"}],"predecessor-version":[{"id":1105,"href":"https:\/\/litoral.ufpr.br\/servicosocial\/wp-json\/wp\/v2\/pages\/1104\/revisions\/1105"}],"wp:attachment":[{"href":"https:\/\/litoral.ufpr.br\/servicosocial\/wp-json\/wp\/v2\/media?parent=1104"}],"curies":[{"name":"wp","href":"https:\/\/api.w.org\/{rel}","templated":true}]}}