{"id":1098,"date":"2025-12-22T12:55:41","date_gmt":"2025-12-22T15:55:41","guid":{"rendered":"https:\/\/litoral.ufpr.br\/servicosocial\/?page_id=1098"},"modified":"2025-12-22T12:55:41","modified_gmt":"2025-12-22T15:55:41","slug":"coordenacao-camara","status":"publish","type":"page","link":"https:\/\/litoral.ufpr.br\/servicosocial\/coordenacao-camara\/","title":{"rendered":"Coordena\u00e7\u00e3o\/C\u00e2mara"},"content":{"rendered":"\n<p><strong>Coordenador em exerc\u00edcio (decano):<\/strong>\u00a0Prof. Dr. Antonio Sandro Schuartz<br><strong>E-mail da Coordena\u00e7\u00e3o:\u00a0<\/strong>camara.ss@ufpr.br<br><a href=\"https:\/\/litoral.ufpr.br\/servicosocial\/wp-content\/uploads\/sites\/17\/2025\/12\/Portaria-UFPR-n-1878-de-14-de-novembro-de-2025-Antonio-coordenador-em-exercicio-decano.pdf\" target=\"_blank\" rel=\"noreferrer noopener\">Portaria UFPR n\u00ba 1.878, de 14 de novembro de 2025<\/a><\/p>\n\n\n\n<p>Altera\u00e7\u00e3o da composi\u00e7\u00e3o de docentes efetivos da C\u00e2mara pedag\u00f3gica do curso de Bacharelado em Administra\u00e7\u00e3o P\u00fablica \u2013\u00a0<a href=\"https:\/\/litoral.ufpr.br\/servicosocial\/wp-content\/uploads\/sites\/17\/2025\/12\/Portaria-n-2018-2025-Setor-Litoral-de-23-de-outubro-de-2025-SEI-23075_042592_2019-87.pdf\" target=\"_blank\" rel=\"noreferrer noopener\">Portaria n\u00ba 2018\/2025 Setor Litoral, de 23 de outubro de 2025<\/a><\/p>\n\n\n\n<p><\/p>\n","protected":false},"excerpt":{"rendered":"<p>Coordenador em exerc\u00edcio (decano):\u00a0Prof. Dr. Antonio Sandro SchuartzE-mail da Coordena\u00e7\u00e3o:\u00a0camara.ss@ufpr.brPortaria UFPR n\u00ba 1.878, de 14 de novembro de 2025 Altera\u00e7\u00e3o da composi\u00e7\u00e3o de docentes efetivos da C\u00e2mara pedag\u00f3gica do curso de Bacharelado em Administra\u00e7\u00e3o P\u00fablica \u2013\u00a0Portaria n\u00ba 2018\/2025 Setor Litoral, de 23 de outubro de 2025<\/p>\n","protected":false},"author":1671,"featured_media":0,"parent":0,"menu_order":0,"comment_status":"closed","ping_status":"closed","template":"","meta":{"_acf_changed":false,"footnotes":""},"class_list":["post-1098","page","type-page","status-publish","hentry"],"acf":[],"_links":{"self":[{"href":"https:\/\/litoral.ufpr.br\/servicosocial\/wp-json\/wp\/v2\/pages\/1098","targetHints":{"allow":["GET"]}}],"collection":[{"href":"https:\/\/litoral.ufpr.br\/servicosocial\/wp-json\/wp\/v2\/pages"}],"about":[{"href":"https:\/\/litoral.ufpr.br\/servicosocial\/wp-json\/wp\/v2\/types\/page"}],"author":[{"embeddable":true,"href":"https:\/\/litoral.ufpr.br\/servicosocial\/wp-json\/wp\/v2\/users\/1671"}],"replies":[{"embeddable":true,"href":"https:\/\/litoral.ufpr.br\/servicosocial\/wp-json\/wp\/v2\/comments?post=1098"}],"version-history":[{"count":1,"href":"https:\/\/litoral.ufpr.br\/servicosocial\/wp-json\/wp\/v2\/pages\/1098\/revisions"}],"predecessor-version":[{"id":1102,"href":"https:\/\/litoral.ufpr.br\/servicosocial\/wp-json\/wp\/v2\/pages\/1098\/revisions\/1102"}],"wp:attachment":[{"href":"https:\/\/litoral.ufpr.br\/servicosocial\/wp-json\/wp\/v2\/media?parent=1098"}],"curies":[{"name":"wp","href":"https:\/\/api.w.org\/{rel}","templated":true}]}}