{"id":1016,"date":"2025-08-22T17:39:55","date_gmt":"2025-08-22T20:39:55","guid":{"rendered":"https:\/\/litoral.ufpr.br\/servicosocial\/?page_id=1016"},"modified":"2025-08-22T18:34:40","modified_gmt":"2025-08-22T21:34:40","slug":"indicadores-do-curso","status":"publish","type":"page","link":"https:\/\/litoral.ufpr.br\/servicosocial\/indicadores-do-curso\/","title":{"rendered":"Indicadores do Curso"},"content":{"rendered":"\n<p>O curso de Servi\u00e7o Social da UFPR \u00e9 avaliado periodicamente pelo <strong>INEP\/MEC<\/strong> e pela <strong>Comiss\u00e3o Pr\u00f3pria de Avalia\u00e7\u00e3o (CPA)<\/strong> da universidade.<\/p>\n\n\n\n<ul class=\"wp-block-list\"><li><strong>Enade: <\/strong>Ultima avalia\u00e7\u00e3o em 2022 o curso subiu de nota 3 para 4 no ENADE <a href=\"https:\/\/www.gov.br\/inep\/pt-br\/acesso-a-informacao\/dados-abertos\/indicadores-educacionais\/indicadores-de-qualidade-da-educacao-superior\">https:\/\/www.gov.br\/inep\/pt-br\/acesso-a-informacao\/dados-abertos\/indicadores-educacionais\/indicadores-de-qualidade-da-educacao-superior<\/a><ul><li>Autoriza\u00e7\u00e3o: Resolu\u00e7\u00e3o 28\/06 CEPE (2006).<\/li><li>Aprova\u00e7\u00e3o do Projeto Pedag\u00f3gico do Curso: Resolu\u00e7\u00e3o 021\/15 CEPE (2015)<\/li><li>Ato autorizativo: Resolu\u00e7\u00e3o 19 de 08\/03\/2013 &#8211; Publicado no Coun &#8211; UFPR em 08\/03\/2013<\/li><li>Portaria de Reconhecimento: Portaria 308 de 29\/03\/2021 &#8211; Publicado no Di\u00e1rio Oficial da Uni\u00e3o em 31\/03\/2021<\/li><\/ul><\/li><\/ul>\n\n\n\n<p><\/p>\n\n\n\n<figure id=\"listar-ies-cadastro\" class=\"wp-block-table\"><table><thead><tr><th><strong>C\u00f3digo<\/strong><\/th><th><strong>Modalidade<\/strong><\/th><th><strong>Grau<\/strong><\/th><th><strong>Endere\u00e7o<\/strong><\/th><th><strong>UF<\/strong><\/th><th><strong>Munic\u00edpio<\/strong><\/th><th><strong>ENADE<\/strong><\/th><th><strong>CPC<\/strong><\/th><th><strong>CC<\/strong><\/th><th><strong>IDD<\/strong><\/th><\/tr><\/thead><tbody><tr><td>102296<\/td><td>Presencial<\/td><td>Bacharelado<\/td><td>Rua Jaguaria\u00edva, 512, Caiob\u00e1<\/td><td>PR<\/td><td>&nbsp;Matinhos<\/td><td>4<\/td><td>4<\/td><td>4<\/td><td>3<\/td><\/tr><\/tbody><\/table><\/figure>\n\n\n\n<p><\/p>\n\n\n\n<figure class=\"wp-block-table\"><table><thead><tr><th><strong>Ato Regulat\u00f3rio<\/strong><\/th><th><strong>Tipo de documento<\/strong><\/th><th><strong>N\u00ba do documento<\/strong><\/th><th><strong>Data do documento<\/strong><\/th><th><strong>Data de publica\u00e7\u00e3o<\/strong><\/th><th><strong>Prazo de validade<\/strong><\/th><th><strong>Arquivo para download<\/strong><\/th><\/tr><\/thead><tbody><tr><td>Renova\u00e7\u00e3o de Reconhecimento de Curso<\/td><td>Portaria<\/td><td>308 de 29\/03\/2021<\/td><td>29\/03\/2021<\/td><td>31\/03\/2021<\/td><td>Vinculado ao Ciclo Avaliativo<\/td><td><a href=\"https:\/\/litoral.ufpr.br\/servicosocial\/wp-content\/uploads\/sites\/17\/2025\/08\/564293_10152.pdf\" target=\"_blank\" rel=\"noreferrer noopener\"><img loading=\"lazy\" decoding=\"async\" width=\"980\" height=\"980\" class=\"wp-image-1021\" style=\"width: 150px\" src=\"https:\/\/litoral.ufpr.br\/servicosocial\/wp-content\/uploads\/sites\/17\/2025\/08\/4249014-arquivo-computador-pasta-icone-isolado-no-fundo-branco-vetor.jpg\" alt=\"\"><\/a><\/td><\/tr><tr><td>Altera\u00e7\u00e3o de Vaga<\/td><td>Ata &#8211; Conselho Diretivo da UFPR<\/td><td>44\/2013<\/td><td>21\/02\/2013<\/td><td>21\/02\/2013<\/td><td>Vinculado ao Ciclo Avaliativo<\/td><td><\/td><\/tr><tr><td>Reconhecimento de Curso<\/td><td>Portaria<\/td><td>488 de 20\/12\/2011<\/td><td>20\/12\/2011<\/td><td>22\/12\/2011<\/td><td>Vinculado ao Ciclo Avaliativo<\/td><td><a href=\"https:\/\/litoral.ufpr.br\/servicosocial\/wp-content\/uploads\/sites\/17\/2025\/08\/55798_10152.pdf\" target=\"_blank\" rel=\"noreferrer noopener\"><img loading=\"lazy\" decoding=\"async\" width=\"980\" height=\"980\" class=\"wp-image-1021\" style=\"width: 150px\" src=\"https:\/\/litoral.ufpr.br\/servicosocial\/wp-content\/uploads\/sites\/17\/2025\/08\/4249014-arquivo-computador-pasta-icone-isolado-no-fundo-branco-vetor.jpg\" alt=\"\"><\/a><\/td><\/tr><tr><td>Autoriza\u00e7\u00e3o<\/td><td>Resolu\u00e7\u00e3o<\/td><td>39\/2004<\/td><td>&#8211;<\/td><td>08\/06\/2004<\/td><td>Art. 35 Decreto 5.773\/06 (Reda\u00e7\u00e3o dada pelo Art. 2 Decreto 6.303\/07)<\/td><td><\/td><\/tr><\/tbody><\/table><\/figure>\n\n\n\n<p><\/p>\n\n\n\n<div data-wp-interactive=\"core\/file\" class=\"wp-block-file\"><object data-wp-bind--hidden=\"!state.hasPdfPreview\" hidden class=\"wp-block-file__embed\" data=\"https:\/\/litoral.ufpr.br\/servicosocial\/wp-content\/uploads\/sites\/17\/2025\/08\/PORTARIA-N-488-DE-20-DE-DEZEMBRO-DE-2011-DOU-22-12-2011-p-31-32.pdf\" type=\"application\/pdf\" style=\"width:100%;height:600px\" aria-label=\"Incorporado de Incorporado de PORTARIA-N-488-DE-20-DE-DEZEMBRO-DE-2011-DOU-22-12-2011-p-31-32..\"><\/object><a id=\"wp-block-file--media-9cc55644-f650-4e42-88bd-e71bc897276b\" href=\"https:\/\/litoral.ufpr.br\/servicosocial\/wp-content\/uploads\/sites\/17\/2025\/08\/PORTARIA-N-488-DE-20-DE-DEZEMBRO-DE-2011-DOU-22-12-2011-p-31-32.pdf\">PORTARIA-N-488-DE-20-DE-DEZEMBRO-DE-2011-DOU-22-12-2011-p-31-32<\/a><a href=\"https:\/\/litoral.ufpr.br\/servicosocial\/wp-content\/uploads\/sites\/17\/2025\/08\/PORTARIA-N-488-DE-20-DE-DEZEMBRO-DE-2011-DOU-22-12-2011-p-31-32.pdf\" class=\"wp-block-file__button\" download aria-describedby=\"wp-block-file--media-9cc55644-f650-4e42-88bd-e71bc897276b\">Baixar<\/a><\/div>\n\n\n\n<blockquote class=\"wp-block-quote is-layout-flow wp-block-quote-is-layout-flow\"><p><\/p><cite>Data da atualiza\u00e7\u00e3o da p\u00e1gina: 22 ago. 2025.<\/cite><\/blockquote>\n","protected":false},"excerpt":{"rendered":"<p>O curso de Servi\u00e7o Social da UFPR \u00e9 avaliado periodicamente pelo INEP\/MEC e pela Comiss\u00e3o Pr\u00f3pria de Avalia\u00e7\u00e3o (CPA) da universidade. Enade: Ultima avalia\u00e7\u00e3o em 2022 o curso subiu de nota 3 para 4 no ENADE https:\/\/www.gov.br\/inep\/pt-br\/acesso-a-informacao\/dados-abertos\/indicadores-educacionais\/indicadores-de-qualidade-da-educacao-superior Autoriza\u00e7\u00e3o: Resolu\u00e7\u00e3o 28\/06 CEPE (2006). Aprova\u00e7\u00e3o do Projeto Pedag\u00f3gico do Curso: Resolu\u00e7\u00e3o 021\/15 CEPE (2015) Ato autorizativo: Resolu\u00e7\u00e3o [&hellip;]<\/p>\n","protected":false},"author":1671,"featured_media":0,"parent":0,"menu_order":0,"comment_status":"closed","ping_status":"closed","template":"","meta":{"_acf_changed":false,"footnotes":""},"class_list":["post-1016","page","type-page","status-publish","hentry"],"acf":[],"_links":{"self":[{"href":"https:\/\/litoral.ufpr.br\/servicosocial\/wp-json\/wp\/v2\/pages\/1016","targetHints":{"allow":["GET"]}}],"collection":[{"href":"https:\/\/litoral.ufpr.br\/servicosocial\/wp-json\/wp\/v2\/pages"}],"about":[{"href":"https:\/\/litoral.ufpr.br\/servicosocial\/wp-json\/wp\/v2\/types\/page"}],"author":[{"embeddable":true,"href":"https:\/\/litoral.ufpr.br\/servicosocial\/wp-json\/wp\/v2\/users\/1671"}],"replies":[{"embeddable":true,"href":"https:\/\/litoral.ufpr.br\/servicosocial\/wp-json\/wp\/v2\/comments?post=1016"}],"version-history":[{"count":8,"href":"https:\/\/litoral.ufpr.br\/servicosocial\/wp-json\/wp\/v2\/pages\/1016\/revisions"}],"predecessor-version":[{"id":1047,"href":"https:\/\/litoral.ufpr.br\/servicosocial\/wp-json\/wp\/v2\/pages\/1016\/revisions\/1047"}],"wp:attachment":[{"href":"https:\/\/litoral.ufpr.br\/servicosocial\/wp-json\/wp\/v2\/media?parent=1016"}],"curies":[{"name":"wp","href":"https:\/\/api.w.org\/{rel}","templated":true}]}}