{"id":535,"date":"2019-02-26T14:14:41","date_gmt":"2019-02-26T17:14:41","guid":{"rendered":"https:\/\/litoral.ufpr.br\/saudecoletiva\/?page_id=535"},"modified":"2026-01-22T09:22:18","modified_gmt":"2026-01-22T12:22:18","slug":"oferta-de-modulos","status":"publish","type":"page","link":"https:\/\/litoral.ufpr.br\/saudecoletiva\/curriculo\/oferta-de-modulos\/","title":{"rendered":"Grade Hor\u00e1ria"},"content":{"rendered":"\n<p>Grade hor\u00e1ria 2026_1 (mudan\u00e7as de docentes podem ocorrer sem aviso pr\u00e9vio).<\/p>\n\n\n\n<div data-wp-interactive=\"core\/file\" class=\"wp-block-file\"><object data-wp-bind--hidden=\"!state.hasPdfPreview\" hidden class=\"wp-block-file__embed\" data=\"https:\/\/litoral.ufpr.br\/saudecoletiva\/wp-content\/uploads\/sites\/16\/2026\/01\/Grade-Horaria-Turma-2026-correta.pdf\" type=\"application\/pdf\" style=\"width:100%;height:600px\" aria-label=\"Incorporado de Grade Hor\u00e1ria Turma 2026 correta.\"><\/object><a id=\"wp-block-file--media-90a319cb-b7b2-46bf-89d9-a80d8f1cc810\" href=\"https:\/\/litoral.ufpr.br\/saudecoletiva\/wp-content\/uploads\/sites\/16\/2026\/01\/Grade-Horaria-Turma-2026-correta.pdf\">Grade Hor\u00e1ria Turma 2026 correta<\/a><a href=\"https:\/\/litoral.ufpr.br\/saudecoletiva\/wp-content\/uploads\/sites\/16\/2026\/01\/Grade-Horaria-Turma-2026-correta.pdf\" class=\"wp-block-file__button wp-element-button\" download aria-describedby=\"wp-block-file--media-90a319cb-b7b2-46bf-89d9-a80d8f1cc810\">Baixar<\/a><\/div>\n\n\n\n<p>Grade hor\u00e1ria 2025_2 (mudan\u00e7as de docentes podem ocorrer sem aviso pr\u00e9vio).<\/p>\n\n\n\n<div data-wp-interactive=\"core\/file\" class=\"wp-block-file\"><object data-wp-bind--hidden=\"!state.hasPdfPreview\" hidden class=\"wp-block-file__embed\" data=\"https:\/\/litoral.ufpr.br\/saudecoletiva\/wp-content\/uploads\/sites\/16\/2025\/10\/Distribuicao_de_encargos_didaticos_2025_final_2025.docx.pdf\" type=\"application\/pdf\" style=\"width:100%;height:600px\" aria-label=\"Incorporado de Distribuicao_de_encargos_didaticos_2025_final_2025.docx.\"><\/object><a id=\"wp-block-file--media-01ddfa56-4c71-473a-b721-03ed58c7d949\" href=\"https:\/\/litoral.ufpr.br\/saudecoletiva\/wp-content\/uploads\/sites\/16\/2025\/10\/Distribuicao_de_encargos_didaticos_2025_final_2025.docx.pdf\">Distribuicao_de_encargos_didaticos_2025_final_2025.docx<\/a><a href=\"https:\/\/litoral.ufpr.br\/saudecoletiva\/wp-content\/uploads\/sites\/16\/2025\/10\/Distribuicao_de_encargos_didaticos_2025_final_2025.docx.pdf\" class=\"wp-block-file__button wp-element-button\" download aria-describedby=\"wp-block-file--media-01ddfa56-4c71-473a-b721-03ed58c7d949\">Baixar<\/a><\/div>\n\n\n\n<p>Grade hor\u00e1ria 2025_1 (mudan\u00e7as de docentes podem ocorrer sem aviso pr\u00e9vio).<\/p>\n\n\n\n<div data-wp-interactive=\"core\/file\" class=\"wp-block-file\"><object data-wp-bind--hidden=\"!state.hasPdfPreview\" hidden class=\"wp-block-file__embed\" data=\"https:\/\/litoral.ufpr.br\/saudecoletiva\/wp-content\/uploads\/sites\/16\/2025\/02\/grade-horaria-2025_1-1.pdf\" type=\"application\/pdf\" style=\"width:100%;height:600px\" aria-label=\"Incorporado de grade-horaria-2025_1-1.\"><\/object><a id=\"wp-block-file--media-a9405e45-704d-4733-8b41-502786c33c08\" href=\"https:\/\/litoral.ufpr.br\/saudecoletiva\/wp-content\/uploads\/sites\/16\/2025\/02\/grade-horaria-2025_1-1.pdf\">grade-horaria-2025_1-1<\/a><a href=\"https:\/\/litoral.ufpr.br\/saudecoletiva\/wp-content\/uploads\/sites\/16\/2025\/02\/grade-horaria-2025_1-1.pdf\" class=\"wp-block-file__button wp-element-button\" download aria-describedby=\"wp-block-file--media-a9405e45-704d-4733-8b41-502786c33c08\">Baixar<\/a><\/div>\n\n\n\n<div data-wp-interactive=\"core\/file\" class=\"wp-block-file\"><object data-wp-bind--hidden=\"!state.hasPdfPreview\" hidden class=\"wp-block-file__embed\" data=\"https:\/\/litoral.ufpr.br\/saudecoletiva\/wp-content\/uploads\/sites\/16\/2024\/08\/Grade-Horaria-2024_2.pdf\" type=\"application\/pdf\" style=\"width:100%;height:600px\" aria-label=\"Incorporado de Grade-Horaria-2024_2.\"><\/object><a id=\"wp-block-file--media-9c4db419-3a4c-4ce0-9e99-03c45e9c1887\" href=\"https:\/\/litoral.ufpr.br\/saudecoletiva\/wp-content\/uploads\/sites\/16\/2024\/08\/Grade-Horaria-2024_2.pdf\">Grade-Horaria-2024_2<\/a><a href=\"https:\/\/litoral.ufpr.br\/saudecoletiva\/wp-content\/uploads\/sites\/16\/2024\/08\/Grade-Horaria-2024_2.pdf\" class=\"wp-block-file__button wp-element-button\" download aria-describedby=\"wp-block-file--media-9c4db419-3a4c-4ce0-9e99-03c45e9c1887\">Baixar<\/a><\/div>\n\n\n\n<p>PLANO DE ADAPTA\u00c7\u00c3O CURRICULAR <\/p>\n\n\n\n<div data-wp-interactive=\"core\/file\" class=\"wp-block-file\"><object data-wp-bind--hidden=\"!state.hasPdfPreview\" hidden class=\"wp-block-file__embed\" data=\"https:\/\/litoral.ufpr.br\/saudecoletiva\/wp-content\/uploads\/sites\/16\/2024\/08\/Adaptacoes-1.pdf\" type=\"application\/pdf\" style=\"width:100%;height:600px\" aria-label=\"Incorporado de Adaptacoes-1.\"><\/object><a id=\"wp-block-file--media-f02ce3d3-8b0e-4e18-848b-246b879553c3\" href=\"https:\/\/litoral.ufpr.br\/saudecoletiva\/wp-content\/uploads\/sites\/16\/2024\/08\/Adaptacoes-1.pdf\">Adaptacoes-1<\/a><a href=\"https:\/\/litoral.ufpr.br\/saudecoletiva\/wp-content\/uploads\/sites\/16\/2024\/08\/Adaptacoes-1.pdf\" class=\"wp-block-file__button wp-element-button\" download aria-describedby=\"wp-block-file--media-f02ce3d3-8b0e-4e18-848b-246b879553c3\">Baixar<\/a><\/div>\n\n\n\n<p><\/p>\n\n\n\n<p>.<\/p>\n\n\n\n<p>.<\/p>\n\n\n\n<p class=\"has-text-align-left\"><strong>INTERA\u00c7\u00c3O CULTURAL E HUMAN\u00cdSTICA<\/strong><\/p>\n\n\n\n<p class=\"has-text-align-left\"><br>O espa\u00e7o curricular das Intera\u00e7\u00f5es Culturais e Human\u00edsticas (ICH) consiste num dos pilares da concep\u00e7\u00e3o pedag\u00f3gica do Setor Litoral. \u00c9 constitu\u00eddo por atividades formativas que privilegiam a integra\u00e7\u00e3o das diferentes \u00e1reas do conhecimento. No geral, se configuram por atividades voltadas \u00e0s discuss\u00f5es e reflex\u00f5es sobre temas relevantes para a humanidade a fim de desencadear um processo de forma\u00e7\u00e3o integral dos estudantes no tocante \u00e0 supera\u00e7\u00e3o da vis\u00e3o<br>tecnicista e fragment\u00e1ria de produ\u00e7\u00e3o do conhecimento.<\/p>\n\n\n\n<p class=\"has-text-align-left\"><\/p>\n\n\n\n<p><\/p>\n\n\n\n<p><\/p>\n\n\n\n<p><\/p>\n\n\n\n<p><\/p>\n\n\n\n<p><strong>Arquivos 2021<\/strong><\/p>\n\n\n\n<p><\/p>\n\n\n\n<p>Confira abaixo as FICHAS 2 dos m\u00f3dulos com mais informa\u00e7\u00f5es sobre os mesmos:<\/p>\n\n\n\n<div data-wp-interactive=\"core\/file\" class=\"wp-block-file\"><a href=\"https:\/\/litoral.ufpr.br\/saudecoletiva\/wp-content\/uploads\/sites\/16\/2022\/01\/01.-SC21-SLSC059-REPRESENTACOES-SOCIAIS-EM-SAUDE_CARLOS-MEISTER.pdf\">01.-SC21-SLSC059-REPRESENTACOES-SOCIAIS-EM-SAUDE_CARLOS-MEISTER<\/a><a href=\"https:\/\/litoral.ufpr.br\/saudecoletiva\/wp-content\/uploads\/sites\/16\/2022\/01\/01.-SC21-SLSC059-REPRESENTACOES-SOCIAIS-EM-SAUDE_CARLOS-MEISTER.pdf\" class=\"wp-block-file__button\" download>Baixar<\/a><\/div>\n\n\n\n<div data-wp-interactive=\"core\/file\" class=\"wp-block-file\"><a href=\"https:\/\/litoral.ufpr.br\/saudecoletiva\/wp-content\/uploads\/sites\/16\/2022\/01\/02.-SC21-SLSC060-HISTORIA-DA-SAUDE-PUBLICA-NO-BRASIL_MARGIO-KLOCK.pdf\">02.-SC21-SLSC060-HISTORIA-DA-SAUDE-PUBLICA-NO-BRASIL_MARGIO-KLOCK<\/a><a href=\"https:\/\/litoral.ufpr.br\/saudecoletiva\/wp-content\/uploads\/sites\/16\/2022\/01\/02.-SC21-SLSC060-HISTORIA-DA-SAUDE-PUBLICA-NO-BRASIL_MARGIO-KLOCK.pdf\" class=\"wp-block-file__button\" download>Baixar<\/a><\/div>\n\n\n\n<div data-wp-interactive=\"core\/file\" class=\"wp-block-file\"><a href=\"https:\/\/litoral.ufpr.br\/saudecoletiva\/wp-content\/uploads\/sites\/16\/2022\/01\/03.-SC21-SLSC061-INFORMACAO-EM-SAUDE_MARGIO-KLOCK.pdf\">03.-SC21-SLSC061-INFORMACAO-EM-SAUDE_MARGIO-KLOCK<\/a><a href=\"https:\/\/litoral.ufpr.br\/saudecoletiva\/wp-content\/uploads\/sites\/16\/2022\/01\/03.-SC21-SLSC061-INFORMACAO-EM-SAUDE_MARGIO-KLOCK.pdf\" class=\"wp-block-file__button\" download>Baixar<\/a><\/div>\n\n\n\n<div data-wp-interactive=\"core\/file\" class=\"wp-block-file\"><a href=\"https:\/\/litoral.ufpr.br\/saudecoletiva\/wp-content\/uploads\/sites\/16\/2022\/01\/04.-SC21-SLSC062-FUNDAMENTOS-DE-SAUDE-COLETIVA-II_MARCOS-SIGNORELLI.pdf\">04.-SC21-SLSC062-FUNDAMENTOS-DE-SAUDE-COLETIVA-II_MARCOS-SIGNORELLI<\/a><a href=\"https:\/\/litoral.ufpr.br\/saudecoletiva\/wp-content\/uploads\/sites\/16\/2022\/01\/04.-SC21-SLSC062-FUNDAMENTOS-DE-SAUDE-COLETIVA-II_MARCOS-SIGNORELLI.pdf\" class=\"wp-block-file__button\" download>Baixar<\/a><\/div>\n\n\n\n<div data-wp-interactive=\"core\/file\" class=\"wp-block-file\"><a href=\"https:\/\/litoral.ufpr.br\/saudecoletiva\/wp-content\/uploads\/sites\/16\/2022\/01\/05.-SC21-SLSC063-FUNDAMENTOS-MORFOFUNCIONAIS-HUMANOS-II_NEILOR-KLEINUBING.pdf\">05.-SC21-SLSC063-FUNDAMENTOS-MORFOFUNCIONAIS-HUMANOS-II_NEILOR-KLEINUBING<\/a><a href=\"https:\/\/litoral.ufpr.br\/saudecoletiva\/wp-content\/uploads\/sites\/16\/2022\/01\/05.-SC21-SLSC063-FUNDAMENTOS-MORFOFUNCIONAIS-HUMANOS-II_NEILOR-KLEINUBING.pdf\" class=\"wp-block-file__button\" download>Baixar<\/a><\/div>\n\n\n\n<div data-wp-interactive=\"core\/file\" class=\"wp-block-file\"><a href=\"https:\/\/litoral.ufpr.br\/saudecoletiva\/wp-content\/uploads\/sites\/16\/2022\/01\/06.-SC21-SLSC064-EDUCACAO-EM-SAUDE_CARLOS-MEISTER.pdf\">06.-SC21-SLSC064-EDUCACAO-EM-SAUDE_CARLOS-MEISTER<\/a><a href=\"https:\/\/litoral.ufpr.br\/saudecoletiva\/wp-content\/uploads\/sites\/16\/2022\/01\/06.-SC21-SLSC064-EDUCACAO-EM-SAUDE_CARLOS-MEISTER.pdf\" class=\"wp-block-file__button\" download>Baixar<\/a><\/div>\n\n\n\n<div data-wp-interactive=\"core\/file\" class=\"wp-block-file\"><a href=\"https:\/\/litoral.ufpr.br\/saudecoletiva\/wp-content\/uploads\/sites\/16\/2022\/01\/07.-SC21-SL61-PA-COLETIVO-II_TAINA-MELO.pdf\">07.-SC21-SL61-PA-COLETIVO-II_TAINA-MELO<\/a><a href=\"https:\/\/litoral.ufpr.br\/saudecoletiva\/wp-content\/uploads\/sites\/16\/2022\/01\/07.-SC21-SL61-PA-COLETIVO-II_TAINA-MELO.pdf\" class=\"wp-block-file__button\" download>Baixar<\/a><\/div>\n\n\n\n<div data-wp-interactive=\"core\/file\" class=\"wp-block-file\"><a href=\"https:\/\/litoral.ufpr.br\/saudecoletiva\/wp-content\/uploads\/sites\/16\/2022\/01\/08.-SC20-SLSC071-CICLOS-DA-VIDA_TAINA-MELO.pdf\">08.-SC20-SLSC071-CICLOS-DA-VIDA_TAINA-MELO<\/a><a href=\"https:\/\/litoral.ufpr.br\/saudecoletiva\/wp-content\/uploads\/sites\/16\/2022\/01\/08.-SC20-SLSC071-CICLOS-DA-VIDA_TAINA-MELO.pdf\" class=\"wp-block-file__button\" download>Baixar<\/a><\/div>\n\n\n\n<div data-wp-interactive=\"core\/file\" class=\"wp-block-file\"><a href=\"https:\/\/litoral.ufpr.br\/saudecoletiva\/wp-content\/uploads\/sites\/16\/2022\/01\/09.-SC20-SLSC072-POLITICA-NACIONAL-DE-ATENCAO-BASICA_MARCOS-SIGNORELLI.pdf\">09.-SC20-SLSC072-POLITICA-NACIONAL-DE-ATENCAO-BASICA_MARCOS-SIGNORELLI<\/a><a href=\"https:\/\/litoral.ufpr.br\/saudecoletiva\/wp-content\/uploads\/sites\/16\/2022\/01\/09.-SC20-SLSC072-POLITICA-NACIONAL-DE-ATENCAO-BASICA_MARCOS-SIGNORELLI.pdf\" class=\"wp-block-file__button\" download>Baixar<\/a><\/div>\n\n\n\n<div data-wp-interactive=\"core\/file\" class=\"wp-block-file\"><a href=\"https:\/\/litoral.ufpr.br\/saudecoletiva\/wp-content\/uploads\/sites\/16\/2022\/01\/10.-SC20-SLSC073-EPIDEMIOLOGIA-I_VINICIO-OLIVEIRA.pdf\">10. SC20 SLSC073 EPIDEMIOLOGIA I_VIN\u00cdCIO OLIVEIRA<\/a><a href=\"https:\/\/litoral.ufpr.br\/saudecoletiva\/wp-content\/uploads\/sites\/16\/2022\/01\/10.-SC20-SLSC073-EPIDEMIOLOGIA-I_VINICIO-OLIVEIRA.pdf\" class=\"wp-block-file__button\" download>Baixar<\/a><\/div>\n\n\n\n<div data-wp-interactive=\"core\/file\" class=\"wp-block-file\"><a href=\"https:\/\/litoral.ufpr.br\/saudecoletiva\/wp-content\/uploads\/sites\/16\/2022\/01\/11.-SC20-SLSC074-VETORES-E-ENTOMOLOGIA_NEILOR-KLEINUBING.pdf\">11. SC20 SLSC074 VETORES E ENTOMOLOGIA_NEILOR KLEINUBING<\/a><a href=\"https:\/\/litoral.ufpr.br\/saudecoletiva\/wp-content\/uploads\/sites\/16\/2022\/01\/11.-SC20-SLSC074-VETORES-E-ENTOMOLOGIA_NEILOR-KLEINUBING.pdf\" class=\"wp-block-file__button\" download>Baixar<\/a><\/div>\n\n\n\n<div data-wp-interactive=\"core\/file\" class=\"wp-block-file\"><a href=\"https:\/\/litoral.ufpr.br\/saudecoletiva\/wp-content\/uploads\/sites\/16\/2022\/01\/12.-SC20-SLSC075-CIDADES-SAUDAVEIS-I_ROBERTO-BUENO.pdf\">12. SC20 SLSC075 CIDADES SAUD\u00c1VEIS I_ROBERTO BUENO<\/a><a href=\"https:\/\/litoral.ufpr.br\/saudecoletiva\/wp-content\/uploads\/sites\/16\/2022\/01\/12.-SC20-SLSC075-CIDADES-SAUDAVEIS-I_ROBERTO-BUENO.pdf\" class=\"wp-block-file__button\" download>Baixar<\/a><\/div>\n\n\n\n<div data-wp-interactive=\"core\/file\" class=\"wp-block-file\"><a href=\"https:\/\/litoral.ufpr.br\/saudecoletiva\/wp-content\/uploads\/sites\/16\/2022\/01\/13.-SC20-SLSC076-PLANEJAMENTO-E-GESTAO-EM-SAUDE-I_CARLOS-MEISTER.pdf\">13. SC20 SLSC076 PLANEJAMENTO E GEST\u00c3O EM SA\u00daDE I_CARLOS MEISTER<\/a><a href=\"https:\/\/litoral.ufpr.br\/saudecoletiva\/wp-content\/uploads\/sites\/16\/2022\/01\/13.-SC20-SLSC076-PLANEJAMENTO-E-GESTAO-EM-SAUDE-I_CARLOS-MEISTER.pdf\" class=\"wp-block-file__button\" download>Baixar<\/a><\/div>\n\n\n\n<div data-wp-interactive=\"core\/file\" class=\"wp-block-file\"><a href=\"https:\/\/litoral.ufpr.br\/saudecoletiva\/wp-content\/uploads\/sites\/16\/2022\/01\/14.-SCOPT-SLSC083-CIDADES-SAUDAVEIS-II_ROBERTO-BUENO.pdf\">14. SCOPT SLSC083 CIDADES SAUD\u00c1VEIS II_ROBERTO BUENO<\/a><a href=\"https:\/\/litoral.ufpr.br\/saudecoletiva\/wp-content\/uploads\/sites\/16\/2022\/01\/14.-SCOPT-SLSC083-CIDADES-SAUDAVEIS-II_ROBERTO-BUENO.pdf\" class=\"wp-block-file__button\" download>Baixar<\/a><\/div>\n\n\n\n<div data-wp-interactive=\"core\/file\" class=\"wp-block-file\"><a href=\"https:\/\/litoral.ufpr.br\/saudecoletiva\/wp-content\/uploads\/sites\/16\/2022\/01\/15.-SC19-SLSC084-VIGILANCIA-SANITARIA_EDUARDA-POLETTO.pdf\">15. SC19 SLSC084 VIGIL\u00c2NCIA SANIT\u00c1RIA_EDUARDA POLETTO<\/a><a href=\"https:\/\/litoral.ufpr.br\/saudecoletiva\/wp-content\/uploads\/sites\/16\/2022\/01\/15.-SC19-SLSC084-VIGILANCIA-SANITARIA_EDUARDA-POLETTO.pdf\" class=\"wp-block-file__button\" download>Baixar<\/a><\/div>\n\n\n\n<div data-wp-interactive=\"core\/file\" class=\"wp-block-file\"><a href=\"https:\/\/litoral.ufpr.br\/saudecoletiva\/wp-content\/uploads\/sites\/16\/2022\/01\/16.-SC19-SLSC085-EPIDEMIOLOGIA-E-BIOESTATISTICA_EMERSON-JOUCOSKI.pdf\">16. SC19 SLSC085 EPIDEMIOLOGIA E BIOESTAT\u00cdSTICA_EMERSON JOUCOSKI<\/a><a href=\"https:\/\/litoral.ufpr.br\/saudecoletiva\/wp-content\/uploads\/sites\/16\/2022\/01\/16.-SC19-SLSC085-EPIDEMIOLOGIA-E-BIOESTATISTICA_EMERSON-JOUCOSKI.pdf\" class=\"wp-block-file__button\" download>Baixar<\/a><\/div>\n\n\n\n<div data-wp-interactive=\"core\/file\" class=\"wp-block-file\"><a href=\"https:\/\/litoral.ufpr.br\/saudecoletiva\/wp-content\/uploads\/sites\/16\/2022\/01\/17.-SC19-SLSC086-PATOLOGIA-II_NEILOR-KLEINUBING-1.pdf\">17.-SC19-SLSC086-PATOLOGIA-II_NEILOR-KLEINUBING-1<\/a><a href=\"https:\/\/litoral.ufpr.br\/saudecoletiva\/wp-content\/uploads\/sites\/16\/2022\/01\/17.-SC19-SLSC086-PATOLOGIA-II_NEILOR-KLEINUBING-1.pdf\" class=\"wp-block-file__button\" download>Baixar<\/a><\/div>\n\n\n\n<div data-wp-interactive=\"core\/file\" class=\"wp-block-file\"><a href=\"https:\/\/litoral.ufpr.br\/saudecoletiva\/wp-content\/uploads\/sites\/16\/2022\/01\/18.-SC19-SLSC087-VIGILANCIA-AMBIENTAL_EDUARDA-POLETTO.pdf\">18. SC19 SLSC087 VIGIL\u00c2NCIA AMBIENTAL_EDUARDA POLETTO<\/a><a href=\"https:\/\/litoral.ufpr.br\/saudecoletiva\/wp-content\/uploads\/sites\/16\/2022\/01\/18.-SC19-SLSC087-VIGILANCIA-AMBIENTAL_EDUARDA-POLETTO.pdf\" class=\"wp-block-file__button\" download>Baixar<\/a><\/div>\n\n\n\n<div data-wp-interactive=\"core\/file\" class=\"wp-block-file\"><a href=\"https:\/\/litoral.ufpr.br\/saudecoletiva\/wp-content\/uploads\/sites\/16\/2022\/01\/19.-SC19-SLSC088-PESSOAS-COM-DEFICIENCIA-E-ACOES-SOCIAIS_EDUARDA-POLETTO.pdf\">19. SC19 SLSC088 PESSOAS COM DEFICI\u00caNCIA E A\u00c7\u00d5ES SOCIAIS_EDUARDA POLETTO<\/a><a href=\"https:\/\/litoral.ufpr.br\/saudecoletiva\/wp-content\/uploads\/sites\/16\/2022\/01\/19.-SC19-SLSC088-PESSOAS-COM-DEFICIENCIA-E-ACOES-SOCIAIS_EDUARDA-POLETTO.pdf\" class=\"wp-block-file__button\" download>Baixar<\/a><\/div>\n\n\n\n<div data-wp-interactive=\"core\/file\" class=\"wp-block-file\"><a href=\"https:\/\/litoral.ufpr.br\/saudecoletiva\/wp-content\/uploads\/sites\/16\/2022\/01\/20.-SC19-SLSC095-TCC-I_TAINA-MELO.pdf\">20. SC19 SLSC095 TCC I_TAIN\u00c1 M\u00c9LO<\/a><a href=\"https:\/\/litoral.ufpr.br\/saudecoletiva\/wp-content\/uploads\/sites\/16\/2022\/01\/20.-SC19-SLSC095-TCC-I_TAINA-MELO.pdf\" class=\"wp-block-file__button\" download>Baixar<\/a><\/div>\n\n\n\n<div data-wp-interactive=\"core\/file\" class=\"wp-block-file\"><a href=\"https:\/\/litoral.ufpr.br\/saudecoletiva\/wp-content\/uploads\/sites\/16\/2022\/01\/21.-SC18-SLSC090-VIGILANCIA-EPIDEMIOLOGICA_EDUARDA-POLETTO.pdf\">21. SC18 SLSC090 VIGIL\u00c2NCIA EPIDEMIOL\u00d3GICA_EDUARDA POLETTO<\/a><a href=\"https:\/\/litoral.ufpr.br\/saudecoletiva\/wp-content\/uploads\/sites\/16\/2022\/01\/21.-SC18-SLSC090-VIGILANCIA-EPIDEMIOLOGICA_EDUARDA-POLETTO.pdf\" class=\"wp-block-file__button\" download>Baixar<\/a><\/div>\n\n\n\n<div data-wp-interactive=\"core\/file\" class=\"wp-block-file\"><a href=\"https:\/\/litoral.ufpr.br\/saudecoletiva\/wp-content\/uploads\/sites\/16\/2022\/01\/22.-SC18-SLSC097-ESTAGIO-SUPERVISIONADO_TAINA-MARGIO-VINICIO-E-EDUARDA.pdf\">22. SC18 SLSC097 EST\u00c1GIO SUPERVISIONADO_TAIN\u00c1, MARGIO, VINICIO E EDUARDA<\/a><a href=\"https:\/\/litoral.ufpr.br\/saudecoletiva\/wp-content\/uploads\/sites\/16\/2022\/01\/22.-SC18-SLSC097-ESTAGIO-SUPERVISIONADO_TAINA-MARGIO-VINICIO-E-EDUARDA.pdf\" class=\"wp-block-file__button\" download>Baixar<\/a><\/div>\n\n\n\n<div data-wp-interactive=\"core\/file\" class=\"wp-block-file\"><a href=\"https:\/\/litoral.ufpr.br\/saudecoletiva\/wp-content\/uploads\/sites\/16\/2022\/01\/23.-TODAS-SL52-A-SL59-ICH-SAUDE-E-CINEMA-II_CARLOS-MEISTER.pdf\">23. TODAS SL52 A SL59 ICH SA\u00daDE E CINEMA II_CARLOS MEISTER<\/a><a href=\"https:\/\/litoral.ufpr.br\/saudecoletiva\/wp-content\/uploads\/sites\/16\/2022\/01\/23.-TODAS-SL52-A-SL59-ICH-SAUDE-E-CINEMA-II_CARLOS-MEISTER.pdf\" class=\"wp-block-file__button\" download>Baixar<\/a><\/div>\n\n\n\n<div data-wp-interactive=\"core\/file\" class=\"wp-block-file\"><a href=\"https:\/\/litoral.ufpr.br\/saudecoletiva\/wp-content\/uploads\/sites\/16\/2022\/01\/24.-TODAS-SL52-A-SL59-ICH-PANDEMIAS-E-MANEJO-DE-EMERGENCIAS-EM-SC-II_SUBS.pdf\">24. TODAS SL52 A SL59 ICH PANDEMIAS E MANEJO DE EMERG\u00caNCIAS EM SC II_SUBS<\/a><a href=\"https:\/\/litoral.ufpr.br\/saudecoletiva\/wp-content\/uploads\/sites\/16\/2022\/01\/24.-TODAS-SL52-A-SL59-ICH-PANDEMIAS-E-MANEJO-DE-EMERGENCIAS-EM-SC-II_SUBS.pdf\" class=\"wp-block-file__button\" download>Baixar<\/a><\/div>\n\n\n\n<div data-wp-interactive=\"core\/file\" class=\"wp-block-file\"><a href=\"https:\/\/litoral.ufpr.br\/saudecoletiva\/wp-content\/uploads\/sites\/16\/2022\/01\/25.-TODAS-SL60-A-SL67-PA-INDIVIDUAL_MARGIO-KLOCK.pdf\">25. TODAS SL60 A SL67 PA INDIVIDUAL_MARGIO KLOCK<\/a><a href=\"https:\/\/litoral.ufpr.br\/saudecoletiva\/wp-content\/uploads\/sites\/16\/2022\/01\/25.-TODAS-SL60-A-SL67-PA-INDIVIDUAL_MARGIO-KLOCK.pdf\" class=\"wp-block-file__button\" download>Baixar<\/a><\/div>\n\n\n\n<div data-wp-interactive=\"core\/file\" class=\"wp-block-file\"><a href=\"https:\/\/litoral.ufpr.br\/saudecoletiva\/wp-content\/uploads\/sites\/16\/2022\/01\/26.-TODAS-SL60-A-SL67-PA-INDIVIDUAL_NEILOR-KLEINUBING.pdf\">26. TODAS SL60 A SL67 PA INDIVIDUAL_NEILOR KLEINUBING<\/a><a href=\"https:\/\/litoral.ufpr.br\/saudecoletiva\/wp-content\/uploads\/sites\/16\/2022\/01\/26.-TODAS-SL60-A-SL67-PA-INDIVIDUAL_NEILOR-KLEINUBING.pdf\" class=\"wp-block-file__button\" download>Baixar<\/a><\/div>\n\n\n\n<div data-wp-interactive=\"core\/file\" class=\"wp-block-file\"><a href=\"https:\/\/litoral.ufpr.br\/saudecoletiva\/wp-content\/uploads\/sites\/16\/2022\/01\/27.-TODAS-SL60-A-SL67-PA-INDIVIDUAL_ROBERTO-BUENO.pdf\">27. TODAS SL60 A SL67 PA INDIVIDUAL_ROBERTO BUENO<\/a><a href=\"https:\/\/litoral.ufpr.br\/saudecoletiva\/wp-content\/uploads\/sites\/16\/2022\/01\/27.-TODAS-SL60-A-SL67-PA-INDIVIDUAL_ROBERTO-BUENO.pdf\" class=\"wp-block-file__button\" download>Baixar<\/a><\/div>\n\n\n\n<div data-wp-interactive=\"core\/file\" class=\"wp-block-file\"><a href=\"https:\/\/litoral.ufpr.br\/saudecoletiva\/wp-content\/uploads\/sites\/16\/2022\/01\/28.-TODAS-SL60-A-SL67-PA-INDIVIDUAL_TAINA-MELO.pdf\">28. TODAS SL60 A SL67 PA INDIVIDUAL_TAIN\u00c1 M\u00c9LO<\/a><a href=\"https:\/\/litoral.ufpr.br\/saudecoletiva\/wp-content\/uploads\/sites\/16\/2022\/01\/28.-TODAS-SL60-A-SL67-PA-INDIVIDUAL_TAINA-MELO.pdf\" class=\"wp-block-file__button\" download>Baixar<\/a><\/div>\n\n\n\n<div data-wp-interactive=\"core\/file\" class=\"wp-block-file\"><a href=\"https:\/\/litoral.ufpr.br\/saudecoletiva\/wp-content\/uploads\/sites\/16\/2022\/01\/29.-TODAS-SL60-A-SL67-PA-INDIVIDUAL_VINICIO-OLIVEIRA.pdf\">29. TODAS SL60 A SL67 PA INDIVIDUAL_VIN\u00cdCIO OLIVEIRA<\/a><a href=\"https:\/\/litoral.ufpr.br\/saudecoletiva\/wp-content\/uploads\/sites\/16\/2022\/01\/29.-TODAS-SL60-A-SL67-PA-INDIVIDUAL_VINICIO-OLIVEIRA.pdf\" class=\"wp-block-file__button\" download>Baixar<\/a><\/div>\n\n\n\n<p><em>P\u00e1gina atualizada em 18\/02\/2025 \u00e0s 09h15.<\/em><\/p>\n\n\n\n<p><\/p>\n","protected":false},"excerpt":{"rendered":"<p>Grade hor\u00e1ria 2026_1 (mudan\u00e7as de docentes podem ocorrer sem aviso pr\u00e9vio). Grade hor\u00e1ria 2025_2 (mudan\u00e7as de docentes podem ocorrer sem aviso pr\u00e9vio). Grade hor\u00e1ria 2025_1 (mudan\u00e7as de docentes podem ocorrer sem aviso pr\u00e9vio). PLANO DE ADAPTA\u00c7\u00c3O CURRICULAR . . INTERA\u00c7\u00c3O CULTURAL E HUMAN\u00cdSTICA O espa\u00e7o curricular das Intera\u00e7\u00f5es Culturais e Human\u00edsticas (ICH) consiste num dos [&hellip;]<\/p>\n","protected":false},"author":3,"featured_media":0,"parent":461,"menu_order":0,"comment_status":"closed","ping_status":"closed","template":"","meta":{"_acf_changed":false,"footnotes":""},"class_list":["post-535","page","type-page","status-publish","hentry"],"acf":[],"_links":{"self":[{"href":"https:\/\/litoral.ufpr.br\/saudecoletiva\/wp-json\/wp\/v2\/pages\/535","targetHints":{"allow":["GET"]}}],"collection":[{"href":"https:\/\/litoral.ufpr.br\/saudecoletiva\/wp-json\/wp\/v2\/pages"}],"about":[{"href":"https:\/\/litoral.ufpr.br\/saudecoletiva\/wp-json\/wp\/v2\/types\/page"}],"author":[{"embeddable":true,"href":"https:\/\/litoral.ufpr.br\/saudecoletiva\/wp-json\/wp\/v2\/users\/3"}],"replies":[{"embeddable":true,"href":"https:\/\/litoral.ufpr.br\/saudecoletiva\/wp-json\/wp\/v2\/comments?post=535"}],"version-history":[{"count":45,"href":"https:\/\/litoral.ufpr.br\/saudecoletiva\/wp-json\/wp\/v2\/pages\/535\/revisions"}],"predecessor-version":[{"id":2695,"href":"https:\/\/litoral.ufpr.br\/saudecoletiva\/wp-json\/wp\/v2\/pages\/535\/revisions\/2695"}],"up":[{"embeddable":true,"href":"https:\/\/litoral.ufpr.br\/saudecoletiva\/wp-json\/wp\/v2\/pages\/461"}],"wp:attachment":[{"href":"https:\/\/litoral.ufpr.br\/saudecoletiva\/wp-json\/wp\/v2\/media?parent=535"}],"curies":[{"name":"wp","href":"https:\/\/api.w.org\/{rel}","templated":true}]}}