{"id":483,"date":"2019-02-25T13:43:32","date_gmt":"2019-02-25T16:43:32","guid":{"rendered":"https:\/\/litoral.ufpr.br\/saudecoletiva\/?page_id=483"},"modified":"2023-12-18T08:38:40","modified_gmt":"2023-12-18T11:38:40","slug":"comissoes","status":"publish","type":"page","link":"https:\/\/litoral.ufpr.br\/saudecoletiva\/equipe\/comissoes\/","title":{"rendered":"Comiss\u00f5es"},"content":{"rendered":"\n<h2 class=\"wp-block-heading\"><strong>COMISS\u00c3O ORIENTA\u00c7\u00c3O ACAD\u00caMICA \u2013 COA<\/strong><\/h2>\n\n\n\n<p>A comiss\u00e3o \u00e9 respons\u00e1vel por acompanhar o desempenho acad\u00eamico das estudantes e dos estudantes sob sua responsabilidade, verificando a cada per\u00edodo letivo as notas ou conceitos obtidos e eventuais reprova\u00e7\u00f5es, destacando a import\u00e2ncia do rendimento na sua forma\u00e7\u00e3o acad\u00eamica; Propor a\u00e7\u00f5es resolutivas para as dificuldades encontradas pela estudante e pelo estudante sugerindo alternativas, tais como: cancelamento de disciplina, aproveitamento de conhecimento, trancamento de curso, aulas de refor\u00e7o, entre outras; Elaborar plano de estudos em comum acordo com a estudante ou o estudante e a coordena\u00e7\u00e3o, visando reorganizar a sua trajet\u00f3ria acad\u00eamica.<\/p>\n\n\n\n<p><strong>PORTARIA N\u00ba 1741\/2023 SETOR LITORAL, DE 14 DE DEZEMBRO DE 2023.<\/strong><\/p>\n\n\n\n<p>Membros atuais:<\/p>\n\n\n\n<ul class=\"wp-block-list\"><li>MARGIO CEZAR LOSS KLOCK &#8211; e-mail institucional: margioklock@ufpr.br.<\/li><li>TAIN\u00c1 RIBAS M\u00c9LO &#8211; e-mail institucional: ribasmelo@ufpr.br.<\/li><\/ul>\n\n\n\n<p>Vig\u00eancia da comiss\u00e3o: 15 de dezembro de 2023 a 15 de dezembro de 2025.<\/p>\n\n\n\n<div data-wp-interactive=\"core\/file\" class=\"wp-block-file\"><object data-wp-bind--hidden=\"!state.hasPdfPreview\" hidden class=\"wp-block-file__embed\" data=\"https:\/\/litoral.ufpr.br\/saudecoletiva\/wp-content\/uploads\/sites\/16\/2023\/12\/Portaria-COA-Saude-coletiva.pdf\" type=\"application\/pdf\" style=\"width:100%;height:600px\" aria-label=\"Incorporado de Incorporado de Portaria-COA-Sa\u00fade-Coletiva..\"><\/object><a id=\"wp-block-file--media-1470675f-98a2-45c7-999f-aa9f6bca04c2\" href=\"https:\/\/litoral.ufpr.br\/saudecoletiva\/wp-content\/uploads\/sites\/16\/2023\/12\/Portaria-COA-Saude-coletiva.pdf\">Portaria-COA-Sa\u00fade-Coletiva<\/a><a href=\"https:\/\/litoral.ufpr.br\/saudecoletiva\/wp-content\/uploads\/sites\/16\/2023\/12\/Portaria-COA-Saude-coletiva.pdf\" class=\"wp-block-file__button\" download aria-describedby=\"wp-block-file--media-1470675f-98a2-45c7-999f-aa9f6bca04c2\">Baixar<\/a><\/div>\n\n\n\n<h2 class=\"wp-block-heading\"><strong>COMISS\u00c3O PERMANENTE DE ACOMPANHAMENTO DAS ATIVIDADES FORMATIVAS &#8211; CPAAF<\/strong><\/h2>\n\n\n<p>A Comiss\u00e3o tem a responsabilidade de analisar e validar as atividades formativas complementares que os estudantes protocolarem, conforme Resolu\u00e7\u00e3o n\u00ba 70\/04 \u2013 CEPE.<\/p>\n<p><strong>PORTARIA N\u00ba 1743\/2023 SETOR LITORAL, DE 14 DE DEZEMBRO DE 2023.<\/strong><\/p>\n<p>Membros atuais:<\/p>\n<ul>\n<li>ROBERTO EDUARDO BUENO &#8211;\u00a0 e-mail institucional: roberto.bueno@ufpr.br.<\/li>\n<li>SUZANE DE OLIVEIRA &#8211; e-mail institucional: suzane.oliveira@ufpr.br.<\/li>\n<\/ul>\n<p>Vig\u00eancia da comiss\u00e3o: 15 de dezembro de 2023 a 15 de dezembro de 2025.<\/p>\n<p>\u00a0<\/p>\n\n\n<div data-wp-interactive=\"core\/file\" class=\"wp-block-file\"><object data-wp-bind--hidden=\"!state.hasPdfPreview\" hidden class=\"wp-block-file__embed\" data=\"https:\/\/litoral.ufpr.br\/saudecoletiva\/wp-content\/uploads\/sites\/16\/2023\/12\/Portaria-CPAAF-Saude-coletiva.pdf\" type=\"application\/pdf\" style=\"width:100%;height:600px\" aria-label=\"Incorporado de Incorporado de Portaria-CPAAF-Sa\u00fade-Coletiva..\"><\/object><a id=\"wp-block-file--media-e06efe4d-07b1-4b32-948b-221c85f05c99\" href=\"https:\/\/litoral.ufpr.br\/saudecoletiva\/wp-content\/uploads\/sites\/16\/2023\/12\/Portaria-CPAAF-Saude-coletiva.pdf\">Portaria-CPAAF-Sa\u00fade-Coletiva<\/a><a href=\"https:\/\/litoral.ufpr.br\/saudecoletiva\/wp-content\/uploads\/sites\/16\/2023\/12\/Portaria-CPAAF-Saude-coletiva.pdf\" class=\"wp-block-file__button\" download aria-describedby=\"wp-block-file--media-e06efe4d-07b1-4b32-948b-221c85f05c99\">Baixar<\/a><\/div>\n\n\n\n<h2 class=\"wp-block-heading\"><strong>COMISS\u00c3O DE ORIENTA\u00c7\u00c3O DE EST\u00c1GIOS \u2013 COE <\/strong><\/h2>\n\n\n\n<p>A Comiss\u00e3o \u00e9 respons\u00e1vel por planejar e avaliar as atividades referentes aos est\u00e1gios de forma a garantir o cumprimento das diretrizes gerais do est\u00e1gio na UFPR; representar-se junto ao colegiado de curso a fim de articular a defini\u00e7\u00e3o de pol\u00edticas de desenvolvimento, acompanhamento e avalia\u00e7\u00e3o do est\u00e1gio junto ao curso; contatar as institui\u00e7\u00f5es concedentes de est\u00e1gio para an\u00e1lise de condi\u00e7\u00f5es do campo e das informa\u00e7\u00f5es quanto \u00e0 celebra\u00e7\u00e3o de conv\u00eanios, quando necess\u00e1rios, e\/ou celebra\u00e7\u00e3o de acordos de coopera\u00e7\u00e3o espec\u00edficos ao curso que lhe seja afeto; e manter fluxo de informa\u00e7\u00f5es relativas ao acompanhamento e desenvolvimento dos est\u00e1gios em processo, bem como assegurar a socializa\u00e7\u00e3o de informa\u00e7\u00f5es junto \u00e0s coordena\u00e7\u00f5es de curso e ao campo de est\u00e1gio.<\/p>\n\n\n\n<p><strong>PORTARIA N\u00ba 1742\/2023 SETOR LITORAL, DE 14 DE DEZEMBRO DE 2023<\/strong>.<\/p>\n\n\n\n<p>Membros atuais:<\/p>\n\n\n\n<ul class=\"wp-block-list\"><li>TAIN\u00c1 RIBAS M\u00c9LO &#8211; e-mail institucional: ribasmelo@ufpr.br.<\/li><li>NEILOR VANDERLEI KLEIN\u00dcBING &#8211; e-mail institucional: kleinubing@ufpr.br.<\/li><\/ul>\n\n\n\n<p>Vig\u00eancia da comiss\u00e3o: 15 de dezembro de 2023 a 15 de dezembro de 2025.<\/p>\n\n\n\n<div data-wp-interactive=\"core\/file\" class=\"wp-block-file\"><object data-wp-bind--hidden=\"!state.hasPdfPreview\" hidden class=\"wp-block-file__embed\" data=\"https:\/\/litoral.ufpr.br\/saudecoletiva\/wp-content\/uploads\/sites\/16\/2023\/12\/Portaria-COE-Saude-coletiva.pdf\" type=\"application\/pdf\" style=\"width:100%;height:600px\" aria-label=\"Incorporado de Incorporado de Portaria-COE-Sa\u00fade-Coletiva..\"><\/object><a id=\"wp-block-file--media-1d19c874-4939-48e6-bd9c-1d8ab98fa018\" href=\"https:\/\/litoral.ufpr.br\/saudecoletiva\/wp-content\/uploads\/sites\/16\/2023\/12\/Portaria-COE-Saude-coletiva.pdf\">Portaria-COE-Sa\u00fade-Coletiva<\/a><a href=\"https:\/\/litoral.ufpr.br\/saudecoletiva\/wp-content\/uploads\/sites\/16\/2023\/12\/Portaria-COE-Saude-coletiva.pdf\" class=\"wp-block-file__button\" download aria-describedby=\"wp-block-file--media-1d19c874-4939-48e6-bd9c-1d8ab98fa018\">Baixar<\/a><\/div>\n\n\n\n<h2 class=\"wp-block-heading\"><strong>COMISS\u00c3O DE EXTENS\u00c3O EM SA\u00daDE COLETIVA &#8211; CESC<\/strong><\/h2>\n\n\n\n<p>Os m\u00f3dulos associados a Atividades Curriculares de Extens\u00e3o em Sa\u00fade Coletiva constituem espa\u00e7os de converg\u00eancia, integra\u00e7\u00e3o, articula\u00e7\u00e3o de conte\u00fados, de aplica\u00e7\u00e3o de conhecimentos te\u00f3rico-conceituais e metodol\u00f3gicos em Sa\u00fade Coletiva e em outros campos do conhecimento. Prioriza-se o desenvolvimento de atividades que tenham como&nbsp;<em>l\u00f3cus&nbsp;<\/em>de interven\u00e7\u00e3o um territ\u00f3rio delimitado e, especialmente, os servi\u00e7os e o sistema de sa\u00fade em seus diversos n\u00edveis de aten\u00e7\u00e3o, gest\u00e3o e complexidade, os equipamentos sociais e comunit\u00e1rios, e os grupos populacionais que nele residem ou trabalham.<\/p>\n\n\n\n<p>A extens\u00e3o, no presente curr\u00edculo, atende aos princ\u00edpios de curriculariza\u00e7\u00e3o, garantindo-se credita\u00e7\u00e3o m\u00ednima de 10% da carga hor\u00e1ria do curso, de forma a articular ensino, pesquisa e extens\u00e3o, relacionados aos FTPs, PAs e\/ou ICHs, assim como ao eixo transversal do curso e aten\u00e7\u00e3o ao Projeto Pol\u00edtico Pedag\u00f3gico do Setor Litoral.<\/p>\n\n\n\n<p>A Comiss\u00e3o de Extens\u00e3o em Sa\u00fade Coletiva tem como fun\u00e7\u00e3o avaliar e orientar o corpo discente visando a efetiva participa\u00e7\u00e3o nas atividades extensionistas e a correta orienta\u00e7\u00e3o sobre a natureza da extens\u00e3o, assim como o cumprimento dos tr\u00e2mites burocr\u00e1ticos.<\/p>\n\n\n\n<p><strong>PORTARIA N\u00ba 1745\/2023 SETOR LITORAL, DE 14 DE DEZEMBRO DE 2023<\/strong>.<\/p>\n\n\n\n<p>Membros atuais:<\/p>\n\n\n\n<ul class=\"wp-block-list\"><li>ROBERTO EDUARDO BUENO &#8211;&nbsp; e-mail institucional: roberto.bueno@ufpr.br.<\/li><li>NEILOR VANDERLEI KLEIN\u00dcBING &#8211; e-mail institucional: kleinubing@ufpr.br.<\/li><\/ul>\n\n\n\n<p>Vig\u00eancia da comiss\u00e3o: 15 de dezembro de 2023 a 15 de dezembro de 2025.<\/p>\n\n\n\n<div data-wp-interactive=\"core\/file\" class=\"wp-block-file\"><object data-wp-bind--hidden=\"!state.hasPdfPreview\" hidden class=\"wp-block-file__embed\" data=\"https:\/\/litoral.ufpr.br\/saudecoletiva\/wp-content\/uploads\/sites\/16\/2023\/12\/Portaria-criacao-CESC.pdf\" type=\"application\/pdf\" style=\"width:100%;height:600px\" aria-label=\"Incorporado de Incorporado de Portaria-CESC - Sa\u00fade Coletiva..\"><\/object><a id=\"wp-block-file--media-767a464d-1acb-40ca-afad-09bb002ed484\" href=\"https:\/\/litoral.ufpr.br\/saudecoletiva\/wp-content\/uploads\/sites\/16\/2023\/12\/Portaria-criacao-CESC.pdf\">Portaria-CESC &#8211; Sa\u00fade Coletiva<\/a><a href=\"https:\/\/litoral.ufpr.br\/saudecoletiva\/wp-content\/uploads\/sites\/16\/2023\/12\/Portaria-criacao-CESC.pdf\" class=\"wp-block-file__button\" download aria-describedby=\"wp-block-file--media-767a464d-1acb-40ca-afad-09bb002ed484\">Baixar<\/a><\/div>\n","protected":false},"excerpt":{"rendered":"<p>COMISS\u00c3O ORIENTA\u00c7\u00c3O ACAD\u00caMICA \u2013 COA A comiss\u00e3o \u00e9 respons\u00e1vel por acompanhar o desempenho acad\u00eamico das estudantes e dos estudantes sob sua responsabilidade, verificando a cada per\u00edodo letivo as notas ou conceitos obtidos e eventuais reprova\u00e7\u00f5es, destacando a import\u00e2ncia do rendimento na sua forma\u00e7\u00e3o acad\u00eamica; Propor a\u00e7\u00f5es resolutivas para as dificuldades encontradas pela estudante e pelo [&hellip;]<\/p>\n","protected":false},"author":3,"featured_media":0,"parent":479,"menu_order":0,"comment_status":"closed","ping_status":"closed","template":"","meta":{"_acf_changed":false,"footnotes":""},"class_list":["post-483","page","type-page","status-publish","hentry"],"acf":[],"_links":{"self":[{"href":"https:\/\/litoral.ufpr.br\/saudecoletiva\/wp-json\/wp\/v2\/pages\/483","targetHints":{"allow":["GET"]}}],"collection":[{"href":"https:\/\/litoral.ufpr.br\/saudecoletiva\/wp-json\/wp\/v2\/pages"}],"about":[{"href":"https:\/\/litoral.ufpr.br\/saudecoletiva\/wp-json\/wp\/v2\/types\/page"}],"author":[{"embeddable":true,"href":"https:\/\/litoral.ufpr.br\/saudecoletiva\/wp-json\/wp\/v2\/users\/3"}],"replies":[{"embeddable":true,"href":"https:\/\/litoral.ufpr.br\/saudecoletiva\/wp-json\/wp\/v2\/comments?post=483"}],"version-history":[{"count":19,"href":"https:\/\/litoral.ufpr.br\/saudecoletiva\/wp-json\/wp\/v2\/pages\/483\/revisions"}],"predecessor-version":[{"id":1881,"href":"https:\/\/litoral.ufpr.br\/saudecoletiva\/wp-json\/wp\/v2\/pages\/483\/revisions\/1881"}],"up":[{"embeddable":true,"href":"https:\/\/litoral.ufpr.br\/saudecoletiva\/wp-json\/wp\/v2\/pages\/479"}],"wp:attachment":[{"href":"https:\/\/litoral.ufpr.br\/saudecoletiva\/wp-json\/wp\/v2\/media?parent=483"}],"curies":[{"name":"wp","href":"https:\/\/api.w.org\/{rel}","templated":true}]}}