{"id":481,"date":"2019-02-25T13:42:55","date_gmt":"2019-02-25T16:42:55","guid":{"rendered":"https:\/\/litoral.ufpr.br\/saudecoletiva\/?page_id=481"},"modified":"2025-10-21T09:07:20","modified_gmt":"2025-10-21T12:07:20","slug":"assessoria","status":"publish","type":"page","link":"https:\/\/litoral.ufpr.br\/saudecoletiva\/equipe\/assessoria\/","title":{"rendered":"Assessoria"},"content":{"rendered":"<p>E-mail da Assessoria:\u00a0 <strong>assessoria.sc@ufpr.br<\/strong><\/p>\n<p>Assessor: Jo\u00e3o<\/p>\n<p>Hor\u00e1rio: 08h00 &#8211; 14h00<\/p>\n\n\n<figure class=\"wp-block-image size-large\"><img loading=\"lazy\" decoding=\"async\" width=\"1024\" height=\"129\" src=\"https:\/\/litoral.ufpr.br\/saudecoletiva\/wp-content\/uploads\/sites\/16\/2024\/02\/correio-eletronico-1024x129.png\" alt=\"\" class=\"wp-image-1951\" srcset=\"https:\/\/litoral.ufpr.br\/saudecoletiva\/wp-content\/uploads\/sites\/16\/2024\/02\/correio-eletronico-1024x129.png 1024w, https:\/\/litoral.ufpr.br\/saudecoletiva\/wp-content\/uploads\/sites\/16\/2024\/02\/correio-eletronico-300x38.png 300w, https:\/\/litoral.ufpr.br\/saudecoletiva\/wp-content\/uploads\/sites\/16\/2024\/02\/correio-eletronico-768x97.png 768w, https:\/\/litoral.ufpr.br\/saudecoletiva\/wp-content\/uploads\/sites\/16\/2024\/02\/correio-eletronico.png 1390w\" sizes=\"auto, (max-width: 1024px) 100vw, 1024px\" \/><figcaption>Segundo a Instru\u00e7\u00e3o Normativa 01\/2023 &#8211; CIGD, \u00e9 obrigat\u00f3rio o uso do e-mail institucional para a comunidade acad\u00eamica.<\/figcaption><\/figure>\n\n\n\n<p><a href=\"https:\/\/litoral.ufpr.br\/saudecoletiva\/wp-content\/uploads\/sites\/16\/2024\/02\/in-01-2023-cigd-politica-de-privacidade-controle-de-acesso-e-uso-de-recursos-de-tic-na-ufpr.pdf\" data-type=\"URL\" data-id=\"https:\/\/litoral.ufpr.br\/saudecoletiva\/wp-content\/uploads\/sites\/16\/2024\/02\/in-01-2023-cigd-politica-de-privacidade-controle-de-acesso-e-uso-de-recursos-de-tic-na-ufpr.pdf\">Instru\u00e7\u00e3o Normativa 01\/2023 &#8211; CIGD<\/a><\/p>\n\n\n\n<p>Atualizado em 21\/10\/2025 \u00e0s 09h10.<\/p>\n","protected":false},"excerpt":{"rendered":"<p>E-mail da Assessoria:\u00a0 assessoria.sc@ufpr.br Assessor: Jo\u00e3o Hor\u00e1rio: 08h00 &#8211; 14h00 Instru\u00e7\u00e3o Normativa 01\/2023 &#8211; CIGD Atualizado em 21\/10\/2025 \u00e0s 09h10.<\/p>\n","protected":false},"author":3,"featured_media":0,"parent":479,"menu_order":0,"comment_status":"closed","ping_status":"closed","template":"","meta":{"_acf_changed":false,"footnotes":""},"class_list":["post-481","page","type-page","status-publish","hentry"],"acf":[],"_links":{"self":[{"href":"https:\/\/litoral.ufpr.br\/saudecoletiva\/wp-json\/wp\/v2\/pages\/481","targetHints":{"allow":["GET"]}}],"collection":[{"href":"https:\/\/litoral.ufpr.br\/saudecoletiva\/wp-json\/wp\/v2\/pages"}],"about":[{"href":"https:\/\/litoral.ufpr.br\/saudecoletiva\/wp-json\/wp\/v2\/types\/page"}],"author":[{"embeddable":true,"href":"https:\/\/litoral.ufpr.br\/saudecoletiva\/wp-json\/wp\/v2\/users\/3"}],"replies":[{"embeddable":true,"href":"https:\/\/litoral.ufpr.br\/saudecoletiva\/wp-json\/wp\/v2\/comments?post=481"}],"version-history":[{"count":26,"href":"https:\/\/litoral.ufpr.br\/saudecoletiva\/wp-json\/wp\/v2\/pages\/481\/revisions"}],"predecessor-version":[{"id":2575,"href":"https:\/\/litoral.ufpr.br\/saudecoletiva\/wp-json\/wp\/v2\/pages\/481\/revisions\/2575"}],"up":[{"embeddable":true,"href":"https:\/\/litoral.ufpr.br\/saudecoletiva\/wp-json\/wp\/v2\/pages\/479"}],"wp:attachment":[{"href":"https:\/\/litoral.ufpr.br\/saudecoletiva\/wp-json\/wp\/v2\/media?parent=481"}],"curies":[{"name":"wp","href":"https:\/\/api.w.org\/{rel}","templated":true}]}}