{"id":475,"date":"2019-02-25T13:42:13","date_gmt":"2019-02-25T16:42:13","guid":{"rendered":"https:\/\/litoral.ufpr.br\/saudecoletiva\/?page_id=475"},"modified":"2025-10-21T11:11:04","modified_gmt":"2025-10-21T14:11:04","slug":"documentos","status":"publish","type":"page","link":"https:\/\/litoral.ufpr.br\/saudecoletiva\/documentos\/","title":{"rendered":"Vida Estudantil"},"content":{"rendered":"\n<p> Regulamento de Atividades Formativas Complementares<br><strong><a href=\"https:\/\/litoral.ufpr.br\/saudecoletiva\/wp-content\/uploads\/sites\/16\/2022\/12\/Proposta-AFC-NDE-2022-versao1.docx-1.pdf\" data-type=\"URL\" data-id=\"https:\/\/litoral.ufpr.br\/saudecoletiva\/wp-content\/uploads\/sites\/16\/2022\/12\/Proposta-AFC-NDE-2022-versao1.docx-1.pdf\">Link aqui<\/a><\/strong><\/p>\n\n\n\n<p>Manual da Estudante e do Estudante 2022 <\/p>\n\n\n\n<div data-wp-interactive=\"core\/file\" class=\"wp-block-file\"><a href=\"https:\/\/litoral.ufpr.br\/saudecoletiva\/wp-content\/uploads\/sites\/16\/2022\/06\/Manual-da-Estudante-e-do-Estudante-UFPR-min.pdf\">Manual-da-Estudante-e-do-Estudante-UFPR-min<\/a><a href=\"https:\/\/litoral.ufpr.br\/saudecoletiva\/wp-content\/uploads\/sites\/16\/2022\/06\/Manual-da-Estudante-e-do-Estudante-UFPR-min.pdf\" class=\"wp-block-file__button\" download>Baixar<\/a><\/div>\n\n\n\n<p><br>PROJETO POL\u00cdTICO PEDAG\u00d3GICO DO CURSO<\/p>\n\n\n\n<p><a href=\"https:\/\/litoral.ufpr.br\/wp-content\/uploads\/2015\/04\/Sa%C3%BAde-Coletiva.pdf\" target=\"_blank\" rel=\"noopener noreferrer\">Projeto Pol\u00edtico Pedag\u00f3gico do Curso (PPC)<\/a><\/p>\n\n\n\n<p><a href=\"https:\/\/drive.google.com\/file\/d\/1fi4qa344wrv1MxWoR8E06NvlNTmmHKYp\/view?usp=sharing\">Ement\u00e1rio (FICHAS 1) m\u00f3dulos do curso<\/a><\/p>\n\n\n\n<p><strong>RESOLU\u00c7\u00d5ES<\/strong><\/p>\n\n\n\n<ul class=\"wp-block-list\"><li>Resolu\u00e7\u00e3o que fixa o curr\u00edculo do Curso Superior de Bacharelado em Sa\u00fade Coletiva<\/li><\/ul>\n\n\n\n<p><a href=\"https:\/\/litoral.ufpr.br\/saudecoletiva\/wp-content\/uploads\/sites\/16\/2019\/02\/Resolu\u00e7\u00e3o-CEPE-12-15-digitalizada.pdf\">Resolu\u00e7\u00e3o n\u00ba 12\/15<\/a>&nbsp;<a href=\"https:\/\/litoral.ufpr.br\/saudecoletiva\/wp-content\/uploads\/sites\/16\/2019\/02\/Resolu\u00e7\u00e3o-CEPE-12-15-digitalizada.pdf\">CEPE <\/a><\/p>\n\n\n\n<ul class=\"wp-block-list\"><li>Resolu\u00e7\u00e3o que Aprova normas b\u00e1sicas de controle e registro da atividade acad\u00eamica dos cursos de gradua\u00e7\u00e3o da Universidade<\/li><\/ul>\n\n\n\n<p><a href=\"https:\/\/litoral.ufpr.br\/wp-content\/uploads\/2014\/12\/cepe3797.pdf\">Resolu\u00e7\u00e3o n\u00ba 37\/97 CEPE<\/a><\/p>\n\n\n\n<ul class=\"wp-block-list\"><li>Resolu\u00e7\u00e3o que aprova normas de dispensa de Disciplinas, de Equival\u00eancia de Disciplinas, de Exames de Adiantamento e Aproveitamento de Conhecimento nos cursos de gradua\u00e7\u00e3o da Universidade Federal do Paran\u00e1.<\/li><\/ul>\n\n\n\n<p><a href=\"https:\/\/litoral.ufpr.br\/wp-content\/uploads\/2016\/08\/Resolu%C3%A7%C3%A3o-92-13-CEPE.pdf\">Resolu\u00e7\u00e3o n\u00ba 92\/13 CEPE<\/a><\/p>\n\n\n\n<ul class=\"wp-block-list\"><li>Aprova normas de dispensa de Disciplinas, de Equival\u00eancia de Disciplinas, de Exames de Adiantamento e Aproveitamento de Conhecimento nos cursos de gradua\u00e7\u00e3o da Universidade Federal do Paran\u00e1.<\/li><\/ul>\n","protected":false},"excerpt":{"rendered":"<p>Regulamento de Atividades Formativas ComplementaresLink aqui Manual da Estudante e do Estudante 2022 PROJETO POL\u00cdTICO PEDAG\u00d3GICO DO CURSO Projeto Pol\u00edtico Pedag\u00f3gico do Curso (PPC) Ement\u00e1rio (FICHAS 1) m\u00f3dulos do curso RESOLU\u00c7\u00d5ES Resolu\u00e7\u00e3o que fixa o curr\u00edculo do Curso Superior de Bacharelado em Sa\u00fade Coletiva Resolu\u00e7\u00e3o n\u00ba 12\/15&nbsp;CEPE Resolu\u00e7\u00e3o que Aprova normas b\u00e1sicas de controle e [&hellip;]<\/p>\n","protected":false},"author":3,"featured_media":0,"parent":0,"menu_order":0,"comment_status":"closed","ping_status":"closed","template":"","meta":{"_acf_changed":false,"footnotes":""},"class_list":["post-475","page","type-page","status-publish","hentry"],"acf":[],"_links":{"self":[{"href":"https:\/\/litoral.ufpr.br\/saudecoletiva\/wp-json\/wp\/v2\/pages\/475","targetHints":{"allow":["GET"]}}],"collection":[{"href":"https:\/\/litoral.ufpr.br\/saudecoletiva\/wp-json\/wp\/v2\/pages"}],"about":[{"href":"https:\/\/litoral.ufpr.br\/saudecoletiva\/wp-json\/wp\/v2\/types\/page"}],"author":[{"embeddable":true,"href":"https:\/\/litoral.ufpr.br\/saudecoletiva\/wp-json\/wp\/v2\/users\/3"}],"replies":[{"embeddable":true,"href":"https:\/\/litoral.ufpr.br\/saudecoletiva\/wp-json\/wp\/v2\/comments?post=475"}],"version-history":[{"count":21,"href":"https:\/\/litoral.ufpr.br\/saudecoletiva\/wp-json\/wp\/v2\/pages\/475\/revisions"}],"predecessor-version":[{"id":2594,"href":"https:\/\/litoral.ufpr.br\/saudecoletiva\/wp-json\/wp\/v2\/pages\/475\/revisions\/2594"}],"wp:attachment":[{"href":"https:\/\/litoral.ufpr.br\/saudecoletiva\/wp-json\/wp\/v2\/media?parent=475"}],"curies":[{"name":"wp","href":"https:\/\/api.w.org\/{rel}","templated":true}]}}