{"id":471,"date":"2019-02-25T13:40:15","date_gmt":"2019-02-25T16:40:15","guid":{"rendered":"https:\/\/litoral.ufpr.br\/saudecoletiva\/?page_id=471"},"modified":"2024-02-28T09:03:46","modified_gmt":"2024-02-28T12:03:46","slug":"pesquisa","status":"publish","type":"page","link":"https:\/\/litoral.ufpr.br\/saudecoletiva\/programas-e-projetos\/pesquisa\/","title":{"rendered":"Projetos de pesquisa"},"content":{"rendered":"\n<p><strong>Projetos de Pesquisa dos professores de Sa\u00fade Coletiva<\/strong>:<\/p>\n\n\n\n<figure class=\"wp-block-table\"><table><tbody><tr><td><strong>Docente<\/strong><\/td><td><strong>Projetos de Pesquisa<\/strong><\/td><\/tr><tr><td><strong>Margio Cezar Loss Klock<\/strong>&#8211; Doutor margioklock@ufpr.br<br><a href=\"http:\/\/lattes.cnpq.br\/2146405758647159\">http:\/\/lattes.cnpq.br\/2146405758647159<\/a><\/td><td><strong>2019 &#8211; Atual<\/strong> <br>Impacto das Radia\u00e7\u00f5es Solares em Idosos no Litoral do Paran\u00e1. <br><strong>2014 &#8211; Atual<\/strong> <br>Estudo sobre Qualidade de Vida Ac\u00fastica em Ambientes Escolares no Litoral do PR.<\/td><\/tr><tr><td><strong>Suzane de Oliveira<\/strong> &#8211; Mestre  <br>suzane.oliveira@ufpr.br <a href=\"http:\/\/lattes.cnpq.br\/6988924602944061\">http:\/\/lattes.cnpq.br\/6988924602944061<\/a><a rel=\"noreferrer noopener\" href=\"http:\/\/lattes.cnpq.br\/3789580715700828\" target=\"_blank\"><br><\/a><\/td><td><strong>2019 &#8211; Atual<\/strong> <br>Micropl\u00e1sticos no meio ambiente e na Biota de Estu\u00e1rios do Paran\u00e1 e de Santa Catarina. <br><strong>2019 &#8211; Atual<\/strong> <br>Polui\u00e7\u00e3o Marinha: Res\u00edduos S\u00f3lidos no Munic\u00edpio de Matinhos.<br><strong>2014 &#8211; Atual<\/strong> <br>Contaminantes org\u00e2nicos e inorg\u00e2nicos na biota marinha do Estu\u00e1rio de Paranagu\u00e1 e Guaratuba- PR e seu efeito ecot\u00f3xico e t\u00f3xico na sa\u00fade humana.<\/td><\/tr><tr><td><strong>Roberto Eduardo Bueno<\/strong> &#8211; Doutor roberto.bueno@ufpr.br <a href=\"http:\/\/lattes.cnpq.br\/5807879476536500\">http:\/\/lattes.cnpq.br\/5807879476536500<\/a><\/td><td><strong>2020 &#8211; Atual<\/strong> <br>Inter-rela\u00e7\u00f5es entre os objetivos de desenvolvimento sustent\u00e1vel e a promo\u00e7\u00e3o da sa\u00fade: redes, agendas priorit\u00e1rias, indicadores e pol\u00edticas p\u00fablicas.<br><strong>2016 &#8211; Atual<\/strong> <br>Promo\u00e7\u00e3o da Sa\u00fade como Pol\u00edtica P\u00fablica e em Todas as Pol\u00edticas. <br><strong>2015 &#8211; Atual<\/strong> <br>Pr\u00e1ticas Integrativas e Complementares na Aten\u00e7\u00e3o \u00e0 Sa\u00fade, sob a \u00f3tica da Fitoterapia. <br><strong>2014 &#8211; Atual<\/strong> <br>Contribui\u00e7\u00e3o de especialistas para a revis\u00e3o da Pol\u00edtica Nacional de Promo\u00e7\u00e3o da Sa\u00fade.<\/td><\/tr><tr><td><strong>Vin\u00edcio Oliveira da Silva<\/strong> \u2013 Doutor <br>viniciooliveira@ufpr.br<br><a href=\"http:\/\/lattes.cnpq.br\/4793410169632874\"><u>http:\/\/lattes.cnpq.br\/4793410169632874<\/u><\/a><\/td><td><strong>2018 &#8211; Atual<\/strong> <br>Gradua\u00e7\u00e3o em Sa\u00fade Coletiva no Brasil: m\u00faltiplos olhares sobre os sujeitos dos cursos.<\/td><\/tr><tr><td><strong>Carla Daniele Straub<\/strong>&#8211; Mestre (em licen\u00e7a)<br>carlastraub@ufpr.br <a href=\"http:\/\/lattes.cnpq.br\/4672714068718614\">http:\/\/lattes.cnpq.br\/4672714068718614<\/a><\/td><td><strong>2020 &#8211; Atual<\/strong><br>Sa\u00fade da Crian\u00e7a: promo\u00e7\u00e3o \u00e0 aten\u00e7\u00e3o integral da sa\u00fade da crian\u00e7a e forma\u00e7\u00e3o de redes.<\/td><\/tr><tr><td><strong>Tain\u00e1 Ribas M\u00e9lo<\/strong> \u2013 Doutora <br>ribasmelo@ufpr.br<br><a href=\"http:\/\/lattes.cnpq.br\/4451993479214864\">http:\/\/lattes.cnpq.br\/4451993479214864<\/a><\/td><td><strong>2023 &#8211; Atual<\/strong><br>Equidade na pr\u00e1tica: conhecimento e considera\u00e7\u00f5es dos profissionais de sa\u00fade de n\u00edvel superior atuantes na aten\u00e7\u00e3o prim\u00e1ria \u00e0 sa\u00fade de um distrito sanit\u00e1rio do Munic\u00edpio de Curitiba\/PR sobre o princ\u00edpio da equidade em sa\u00fade<br><strong>2023 &#8211; Atual<\/strong><br>Investiga\u00e7\u00e3o sobre o consumo de \u00e1lcool entre discentes e docentes Universit\u00e1rios UFPR Setor Litoral e sua rela\u00e7\u00e3o com a pandemia do COVID &#8211; 19<br><strong>2022 &#8211; Atual<\/strong><br>Sa\u00fade da Crian\u00e7a: cobertura vacinal, hesita\u00e7\u00e3o vacinal e a pandemia de COVID-19 no litoral do Paran\u00e1<br><strong>2020 &#8211; Atual<\/strong><br>Redes de aten\u00e7\u00e3o \u00e0 viol\u00eancia nos munic\u00edpios do Litoral do Paran\u00e1<br><strong>2020 &#8211; Atual<\/strong><br>#CRIAN\u00c7A EM CASA: Sa\u00fade, desenvolvimento e qualidade de vida de beb\u00eas e crian\u00e7as brasileiras durante pandemia do Coronav\u00edrus (COVID-19)<br><strong>2020 &#8211; Atual<\/strong><br>Sa\u00fade da Crian\u00e7a: promo\u00e7\u00e3o \u00e0 aten\u00e7\u00e3o integral da sa\u00fade da crian\u00e7a e forma\u00e7\u00e3o de redes (Inicia\u00e7\u00e3o Cient\u00edfica)<br><strong>2016 &#8211; Atual<\/strong><br>Atividade F\u00edsica Precoce: Proposta De Avalia\u00e7\u00e3o, Acompanhamento E Programa De Interven\u00e7\u00e3o Precoce E Fisioterapia Aqu\u00e1tica Em Crian\u00e7as<br><strong>2016 &#8211; Atual<\/strong><br>Equipe De Apoio Na Aten\u00e7\u00e3o Prim\u00e1ria: Atua\u00e7\u00e3o Multiprofissional<\/td><\/tr><tr><td><strong>Michele Straub &#8211;<\/strong> Mestre<br>michele.straub@ufpr.br <a href=\"http:\/\/lattes.cnpq.br\/1234220722100747\">http:\/\/lattes.cnpq.br\/1234220722100747<\/a> <\/td><td><strong>2020 &#8211; Atual<\/strong><br>Desafios e oportunidades da Rede de Aten\u00e7\u00e3o \u00e0 Sa\u00fade em tempos de pandemia COVID-19: informa\u00e7\u00e3o, organiza\u00e7\u00e3o e acesso \u00e0s pr\u00e1ticas de sa\u00fade<br><strong>2020 \u2013 Atual<\/strong><br>A rela\u00e7\u00e3o p\u00fablico-privado no SUS<br><strong>2019 \u2013 Atual<\/strong><\/td><\/tr><tr><td><strong>Rafael Oleg\u00e1rio dos Santos <\/strong>\u2013 Mestre<br>rafael.olegario@ufpr.br<br><a href=\"http:\/\/lattes.cnpq.br\/2027816682107354\"><u>http:\/\/lattes.cnpq.br\/2027816682107354<\/u><\/a><\/td><td><strong>2019 &#8211; Atual<\/strong><br>Caracteriza\u00e7\u00e3o das notifica\u00e7\u00f5es de viol\u00eancias contra l\u00e9sbicas, gays, bissexuais, travestis e transexuais (LGBT) registradas no Paran\u00e1, 2015 a 2017<br><strong>2018 &#8211; Atual<\/strong><br>A Pol\u00edtica Nacional de Sa\u00fade Integral de L\u00e9sbicas, Gays, Bissexuais, Travestis e Transexuais (LGBT): estrat\u00e9gias de an\u00e1lise, avalia\u00e7\u00e3o e forma\u00e7\u00e3o para o aprimoramento do Sistema \u00danico de Sa\u00fade<\/td><\/tr><tr><td><strong>Emerson Joucoski<\/strong>&#8211; Doutor (Professor de Licenciatura em Ci\u00eancias)<br> joucoski@ufpr.br <a href=\"http:\/\/lattes.cnpq.br\/3137238168546861\">http:\/\/lattes.cnpq.br\/3137238168546861<\/a><\/td><td><strong>2019 &#8211; Atual<\/strong> <br>A Educa\u00e7\u00e3o Ambiental dos sujeitos em a\u00e7\u00e3o docente atrav\u00e9s da Ci\u00eancia Cidad\u00e3 <br><strong>2018 &#8211; Atual<\/strong> <br>Polui\u00e7\u00e3o atmosf\u00e9rica relacionada \u00e0s atividades portu\u00e1rias em Paranagu\u00e1: Impactos nas \u00e1reas naturais protegidas da Mata atl\u00e2ntica Paranaense <br><strong>2017 &#8211; Atual<\/strong> <br>A forma\u00e7\u00e3o extra curricular atrav\u00e9s do uso da plataforma Arduino <br><strong>2015 &#8211; Atual<\/strong> <br>Os egressos das licenciaturas da UFPR Litoral: os sujeitos em a\u00e7\u00e3o docente ap\u00f3s a forma\u00e7\u00e3o sob um PPP diferenciado<\/td><\/tr><\/tbody><\/table><\/figure>\n\n\n\n<p>P\u00e1gina atualizada em 28\/02\/2024.<\/p>\n","protected":false},"excerpt":{"rendered":"<p>Projetos de Pesquisa dos professores de Sa\u00fade Coletiva: Docente Projetos de Pesquisa Margio Cezar Loss Klock&#8211; Doutor margioklock@ufpr.brhttp:\/\/lattes.cnpq.br\/2146405758647159 2019 &#8211; Atual Impacto das Radia\u00e7\u00f5es Solares em Idosos no Litoral do Paran\u00e1. 2014 &#8211; Atual Estudo sobre Qualidade de Vida Ac\u00fastica em Ambientes Escolares no Litoral do PR. Suzane de Oliveira &#8211; Mestre suzane.oliveira@ufpr.br http:\/\/lattes.cnpq.br\/6988924602944061 2019 [&hellip;]<\/p>\n","protected":false},"author":3,"featured_media":0,"parent":467,"menu_order":0,"comment_status":"closed","ping_status":"closed","template":"","meta":{"_acf_changed":false,"footnotes":""},"class_list":["post-471","page","type-page","status-publish","hentry"],"acf":[],"_links":{"self":[{"href":"https:\/\/litoral.ufpr.br\/saudecoletiva\/wp-json\/wp\/v2\/pages\/471","targetHints":{"allow":["GET"]}}],"collection":[{"href":"https:\/\/litoral.ufpr.br\/saudecoletiva\/wp-json\/wp\/v2\/pages"}],"about":[{"href":"https:\/\/litoral.ufpr.br\/saudecoletiva\/wp-json\/wp\/v2\/types\/page"}],"author":[{"embeddable":true,"href":"https:\/\/litoral.ufpr.br\/saudecoletiva\/wp-json\/wp\/v2\/users\/3"}],"replies":[{"embeddable":true,"href":"https:\/\/litoral.ufpr.br\/saudecoletiva\/wp-json\/wp\/v2\/comments?post=471"}],"version-history":[{"count":35,"href":"https:\/\/litoral.ufpr.br\/saudecoletiva\/wp-json\/wp\/v2\/pages\/471\/revisions"}],"predecessor-version":[{"id":2007,"href":"https:\/\/litoral.ufpr.br\/saudecoletiva\/wp-json\/wp\/v2\/pages\/471\/revisions\/2007"}],"up":[{"embeddable":true,"href":"https:\/\/litoral.ufpr.br\/saudecoletiva\/wp-json\/wp\/v2\/pages\/467"}],"wp:attachment":[{"href":"https:\/\/litoral.ufpr.br\/saudecoletiva\/wp-json\/wp\/v2\/media?parent=471"}],"curies":[{"name":"wp","href":"https:\/\/api.w.org\/{rel}","templated":true}]}}