{"id":467,"date":"2019-02-25T13:39:16","date_gmt":"2019-02-25T16:39:16","guid":{"rendered":"https:\/\/litoral.ufpr.br\/saudecoletiva\/?page_id=467"},"modified":"2023-03-07T10:38:23","modified_gmt":"2023-03-07T13:38:23","slug":"programas-e-projetos","status":"publish","type":"page","link":"https:\/\/litoral.ufpr.br\/saudecoletiva\/programas-e-projetos\/","title":{"rendered":"Programas e Projetos"},"content":{"rendered":"\n<p><\/p>\n\n\n\n<p><strong>Programa de Orienta\u00e7\u00e3o Acad\u00eamica (POA)<\/strong><\/p>\n\n\n\n<div data-wp-interactive=\"core\/file\" class=\"wp-block-file\"><object data-wp-bind--hidden=\"!state.hasPdfPreview\" hidden class=\"wp-block-file__embed\" data=\"https:\/\/litoral.ufpr.br\/saudecoletiva\/wp-content\/uploads\/sites\/16\/2022\/12\/Regulamento-POA-SAUDE-COLETIVA-FINAL-1.pdf\" type=\"application\/pdf\" style=\"width:100%;height:600px\" aria-label=\"Incorporado de Incorporado de Regulamento-POA-SAUDE-COLETIVA-FINAL-1..\"><\/object><a id=\"wp-block-file--media-6bc355d9-7e1b-425c-bf09-f44229248760\" href=\"https:\/\/litoral.ufpr.br\/saudecoletiva\/wp-content\/uploads\/sites\/16\/2022\/12\/Regulamento-POA-SAUDE-COLETIVA-FINAL-1.pdf\">Regulamento-POA-SAUDE-COLETIVA-FINAL-1<\/a><a href=\"https:\/\/litoral.ufpr.br\/saudecoletiva\/wp-content\/uploads\/sites\/16\/2022\/12\/Regulamento-POA-SAUDE-COLETIVA-FINAL-1.pdf\" class=\"wp-block-file__button\" download aria-describedby=\"wp-block-file--media-6bc355d9-7e1b-425c-bf09-f44229248760\">Baixar<\/a><\/div>\n","protected":false},"excerpt":{"rendered":"<p>Programa de Orienta\u00e7\u00e3o Acad\u00eamica (POA)<\/p>\n","protected":false},"author":3,"featured_media":0,"parent":0,"menu_order":0,"comment_status":"closed","ping_status":"closed","template":"","meta":{"_acf_changed":false,"footnotes":""},"class_list":["post-467","page","type-page","status-publish","hentry"],"acf":[],"_links":{"self":[{"href":"https:\/\/litoral.ufpr.br\/saudecoletiva\/wp-json\/wp\/v2\/pages\/467","targetHints":{"allow":["GET"]}}],"collection":[{"href":"https:\/\/litoral.ufpr.br\/saudecoletiva\/wp-json\/wp\/v2\/pages"}],"about":[{"href":"https:\/\/litoral.ufpr.br\/saudecoletiva\/wp-json\/wp\/v2\/types\/page"}],"author":[{"embeddable":true,"href":"https:\/\/litoral.ufpr.br\/saudecoletiva\/wp-json\/wp\/v2\/users\/3"}],"replies":[{"embeddable":true,"href":"https:\/\/litoral.ufpr.br\/saudecoletiva\/wp-json\/wp\/v2\/comments?post=467"}],"version-history":[{"count":19,"href":"https:\/\/litoral.ufpr.br\/saudecoletiva\/wp-json\/wp\/v2\/pages\/467\/revisions"}],"predecessor-version":[{"id":1663,"href":"https:\/\/litoral.ufpr.br\/saudecoletiva\/wp-json\/wp\/v2\/pages\/467\/revisions\/1663"}],"wp:attachment":[{"href":"https:\/\/litoral.ufpr.br\/saudecoletiva\/wp-json\/wp\/v2\/media?parent=467"}],"curies":[{"name":"wp","href":"https:\/\/api.w.org\/{rel}","templated":true}]}}