{"id":465,"date":"2019-02-25T13:37:11","date_gmt":"2019-02-25T16:37:11","guid":{"rendered":"https:\/\/litoral.ufpr.br\/saudecoletiva\/?page_id=465"},"modified":"2024-08-27T11:36:51","modified_gmt":"2024-08-27T14:36:51","slug":"estagios","status":"publish","type":"page","link":"https:\/\/litoral.ufpr.br\/saudecoletiva\/curriculo\/estagios\/","title":{"rendered":"Est\u00e1gios"},"content":{"rendered":"\n<figure class=\"wp-block-embed is-type-video is-provider-youtube wp-block-embed-youtube wp-embed-aspect-16-9 wp-has-aspect-ratio\"><div class=\"wp-block-embed__wrapper\">\n<iframe loading=\"lazy\" title=\"Sa\u00fade Coletiva- EST\u00c1GIOS\" width=\"500\" height=\"281\" src=\"https:\/\/www.youtube.com\/embed\/videoseries?list=PLRZ1U6-4FpG-d9UOcjRvrQhxZy2_mRCVU\" frameborder=\"0\" allow=\"accelerometer; autoplay; clipboard-write; encrypted-media; gyroscope; picture-in-picture; web-share\" referrerpolicy=\"strict-origin-when-cross-origin\" allowfullscreen><\/iframe>\n<\/div><\/figure>\n\n\n\n<p><a href=\"http:\/\/www.prograd.ufpr.br\/portal\/coafe\/ue\/perguntas-frequentes\/\" data-type=\"URL\" data-id=\"http:\/\/www.prograd.ufpr.br\/portal\/coafe\/ue\/perguntas-frequentes\/\">Perguntas frequentes (site coafe)<\/a><\/p>\n\n\n\n<p>Confira no link abaixo um modelo preenchido:<\/p>\n\n\n\n<div class=\"wp-block-file\"><a href=\"https:\/\/litoral.ufpr.br\/saudecoletiva\/wp-content\/uploads\/sites\/16\/2021\/08\/Termo-de-Est\u00e1gio-TESTE.pdf\">Termo-de-Est\u00e1gio-TESTE<\/a><a href=\"https:\/\/litoral.ufpr.br\/saudecoletiva\/wp-content\/uploads\/sites\/16\/2021\/08\/Termo-de-Est\u00e1gio-TESTE.pdf\" class=\"wp-block-file__button\" download>Baixar<\/a><\/div>\n\n\n\n<p>Gest\u00e3o Documental&nbsp;dos&nbsp;Est\u00e1gios&nbsp;na&nbsp;UFPR Litoral<\/p>\n\n\n\n<div class=\"wp-block-file\"><a href=\"https:\/\/litoral.ufpr.br\/saudecoletiva\/wp-content\/uploads\/sites\/16\/2019\/10\/Gest\u00e3o-Documental-dos-Est\u00e1gios-na-UFPR-Setor-Litoral.pdf\"> Gest\u00e3o-Documental-dos-Est\u00e1gios-na-UFPR-Setor-Litoral<\/a><a href=\"https:\/\/litoral.ufpr.br\/saudecoletiva\/wp-content\/uploads\/sites\/16\/2019\/10\/Gest\u00e3o-Documental-dos-Est\u00e1gios-na-UFPR-Setor-Litoral.pdf\" class=\"wp-block-file__button\" download>Baixar<\/a><\/div>\n\n\n\n<p>Site COAFE &#8211; Coordena\u00e7\u00e3o de Atividades Formativas e Est\u00e1gios da UFPR<\/p>\n\n\n\n<p><a href=\"http:\/\/www.prograd.ufpr.br\/portal\/coafe\/ue\/\" data-type=\"URL\" data-id=\"http:\/\/www.prograd.ufpr.br\/portal\/coafe\/ue\/\">site prograd &#8211; coafe<\/a><\/p>\n\n\n\n<p>Regulamento de Est\u00e1gio Supervisionado<\/p>\n\n\n\n<p><a href=\"https:\/\/litoral.ufpr.br\/saudecoletiva\/wp-content\/uploads\/sites\/16\/2022\/12\/ANEXO-II-Reg-Estagios-Revisao-2022-1-2.pdf\">https:\/\/litoral.ufpr.br\/saudecoletiva\/wp-content\/uploads\/sites\/16\/2022\/12\/ANEXO-II-Reg-Estagios-Revisao-2022-1-2.pdf<\/a><\/p>\n\n\n\n\n\n<p>P\u00e1gina atualizada em 27\/08\/2024 \u00e0s 11h36.<\/p>\n","protected":false},"excerpt":{"rendered":"<p>Perguntas frequentes (site coafe) Confira no link abaixo um modelo preenchido: Gest\u00e3o Documental&nbsp;dos&nbsp;Est\u00e1gios&nbsp;na&nbsp;UFPR Litoral Site COAFE &#8211; Coordena\u00e7\u00e3o de Atividades Formativas e Est\u00e1gios da UFPR site prograd &#8211; coafe Regulamento de Est\u00e1gio Supervisionado https:\/\/litoral.ufpr.br\/saudecoletiva\/wp-content\/uploads\/sites\/16\/2022\/12\/ANEXO-II-Reg-Estagios-Revisao-2022-1-2.pdf P\u00e1gina atualizada em 27\/08\/2024 \u00e0s 11h36.<\/p>\n","protected":false},"author":3,"featured_media":0,"parent":461,"menu_order":0,"comment_status":"closed","ping_status":"closed","template":"","meta":{"_acf_changed":false,"footnotes":""},"class_list":["post-465","page","type-page","status-publish","hentry"],"acf":[],"_links":{"self":[{"href":"https:\/\/litoral.ufpr.br\/saudecoletiva\/wp-json\/wp\/v2\/pages\/465","targetHints":{"allow":["GET"]}}],"collection":[{"href":"https:\/\/litoral.ufpr.br\/saudecoletiva\/wp-json\/wp\/v2\/pages"}],"about":[{"href":"https:\/\/litoral.ufpr.br\/saudecoletiva\/wp-json\/wp\/v2\/types\/page"}],"author":[{"embeddable":true,"href":"https:\/\/litoral.ufpr.br\/saudecoletiva\/wp-json\/wp\/v2\/users\/3"}],"replies":[{"embeddable":true,"href":"https:\/\/litoral.ufpr.br\/saudecoletiva\/wp-json\/wp\/v2\/comments?post=465"}],"version-history":[{"count":15,"href":"https:\/\/litoral.ufpr.br\/saudecoletiva\/wp-json\/wp\/v2\/pages\/465\/revisions"}],"predecessor-version":[{"id":2297,"href":"https:\/\/litoral.ufpr.br\/saudecoletiva\/wp-json\/wp\/v2\/pages\/465\/revisions\/2297"}],"up":[{"embeddable":true,"href":"https:\/\/litoral.ufpr.br\/saudecoletiva\/wp-json\/wp\/v2\/pages\/461"}],"wp:attachment":[{"href":"https:\/\/litoral.ufpr.br\/saudecoletiva\/wp-json\/wp\/v2\/media?parent=465"}],"curies":[{"name":"wp","href":"https:\/\/api.w.org\/{rel}","templated":true}]}}