{"id":272,"date":"2018-10-25T12:17:56","date_gmt":"2018-10-25T14:17:56","guid":{"rendered":"https:\/\/litoral.ufpr.br\/saudecoletiva\/?page_id=272"},"modified":"2024-02-28T09:04:51","modified_gmt":"2024-02-28T12:04:51","slug":"extensao","status":"publish","type":"page","link":"https:\/\/litoral.ufpr.br\/saudecoletiva\/programas-e-projetos\/extensao\/","title":{"rendered":"Extens\u00e3o"},"content":{"rendered":"<p>Educa\u00e7\u00e3o para a Sa\u00fade Bucal e Qualidade de Vida<br><a href=\"https:\/\/litoral.ufpr.br\/saudecoletiva\/extensao\/educacao-para-a-saude-bucal-e-qualidade-de-vida\/\">https:\/\/litoral.ufpr.br\/saudecoletiva\/extensao\/educacao-para-a-saude-bucal-e-qualidade-de-vida\/<\/a><\/p>\n\n\n<figure class=\"wp-block-table\"><table><tbody><tr><td><strong>Docente<\/strong><\/td><td><strong>Projetos de Extens\u00e3o<\/strong><\/td><\/tr><tr><td><strong>Margio Cezar Loss Klock<\/strong>&#8211; Doutor<br>margioklock@ufpr.br<br><a href=\"http:\/\/lattes.cnpq.br\/2146405758647159\">http:\/\/lattes.cnpq.br\/2146405758647159<\/a><\/td><td><strong>2023 &#8211; Atual<\/strong><br>Observat\u00f3rio de Sa\u00fade Coletiva do Litoral do Paran\u00e1 (ObsCool).<\/td><\/tr><tr><td><strong>Suzane de Oliveira<\/strong> &#8211; Mestre<br>suzane.oliveira@ufpr.br<br><a href=\"http:\/\/lattes.cnpq.br\/6988924602944061\">http:\/\/lattes.cnpq.br\/6988924602944061<\/a><\/td><td><strong>2016 &#8211; Atual<\/strong> <br>Pr\u00e1tica esportiva e educa\u00e7\u00e3o em sa\u00fade.<br><strong>2023 &#8211; Atual<\/strong><br>Observat\u00f3rio de Sa\u00fade Coletiva do Litoral do Paran\u00e1 (ObsCool).<\/td><\/tr><tr><td><strong>Roberto Eduardo Bueno<\/strong> &#8211; Doutor <br>roberto.bueno@ufpr.br <a href=\"http:\/\/lattes.cnpq.br\/5807879476536500\"><u>http:\/\/lattes.cnpq.br\/5807879476536500<\/u><\/a><\/td><td><strong>2023 &#8211; Atual<\/strong><br>Observat\u00f3rio de Sa\u00fade Coletiva do Litoral do Paran\u00e1 (ObsCool).<br><\/td><\/tr><tr><td><strong>Vin\u00edcio Oliveira da Silva<\/strong> \u2013 Doutor<br> viniciooliveira@ufpr.br<br><a href=\"http:\/\/lattes.cnpq.br\/4793410169632874\">http:\/\/lattes.cnpq.br\/4793410169632874<\/a><\/td><td><br><\/td><\/tr><tr><td><strong>Carla Daniele Straub<\/strong>&#8211; Mestre (em licen\u00e7a)<br>carlastraub@ufpr.br<br> <a href=\"http:\/\/lattes.cnpq.br\/4672714068718614\">http:\/\/lattes.cnpq.br\/4672714068718614<\/a><\/td><td><br><strong>2015 &#8211; Atual<\/strong> <br>Observat\u00f3rio do uso de agrot\u00f3xicos e consequ\u00eancias para a sa\u00fade humana e ambiental no Paran\u00e1.<br><strong>2023 &#8211; Atual<\/strong><br>Observat\u00f3rio de Sa\u00fade Coletiva do Litoral do Paran\u00e1 (ObsCool).<\/td><\/tr><tr><td><strong>Tain\u00e1 Ribas M\u00e9lo<\/strong> \u2013 Doutora<br> ribasmelo@ufpr.br<br> <a href=\"http:\/\/lattes.cnpq.br\/4451993479214864\">http:\/\/lattes.cnpq.br\/4451993479214864<\/a><\/td><td><br><strong><strong>2023-&nbsp;<\/strong>Atual <\/strong><br>Projeto m\u00fasica e cogni\u00e7\u00e3o.<br><strong>2023 &#8211; Atual<\/strong><br>Observat\u00f3rio de Sa\u00fade Coletiva do Litoral do Paran\u00e1 (ObsCool).<\/td><\/tr><tr><td><strong>Michele Straub \u2013<\/strong>&nbsp;Mestre<br>michele.straub@ufpr.br<br>&nbsp;<a href=\"http:\/\/lattes.cnpq.br\/1234220722100747\">http:\/\/lattes.cnpq.br\/1234220722100747<\/a><\/td><td><strong>2023 &#8211; Atual<\/strong><br>Observat\u00f3rio de Sa\u00fade Coletiva do Litoral do Paran\u00e1 (ObsCool).<\/td><\/tr><tr><td><strong>Rafael Oleg\u00e1rio dos Santos&nbsp;<\/strong>\u2013 Mestre<br>rafael.olegario@ufpr.br<br><a href=\"http:\/\/lattes.cnpq.br\/2027816682107354\">http:\/\/lattes.cnpq.br\/2027816682107354<\/a><\/td><td><strong>2023 &#8211; Atual<\/strong><br>Observat\u00f3rio de Sa\u00fade Coletiva do Litoral do Paran\u00e1 (ObsCool).<\/td><\/tr><\/tbody><\/table><\/figure>\n\n\n\n<p>P\u00e1gina atualizada em 28\/02\/2024.<\/p>\n","protected":false},"excerpt":{"rendered":"<p>Educa\u00e7\u00e3o para a Sa\u00fade Bucal e Qualidade de Vidahttps:\/\/litoral.ufpr.br\/saudecoletiva\/extensao\/educacao-para-a-saude-bucal-e-qualidade-de-vida\/ Docente Projetos de Extens\u00e3o Margio Cezar Loss Klock&#8211; Doutormargioklock@ufpr.brhttp:\/\/lattes.cnpq.br\/2146405758647159 2023 &#8211; AtualObservat\u00f3rio de Sa\u00fade Coletiva do Litoral do Paran\u00e1 (ObsCool). Suzane de Oliveira &#8211; Mestresuzane.oliveira@ufpr.brhttp:\/\/lattes.cnpq.br\/6988924602944061 2016 &#8211; Atual Pr\u00e1tica esportiva e educa\u00e7\u00e3o em sa\u00fade.2023 &#8211; AtualObservat\u00f3rio de Sa\u00fade Coletiva do Litoral do Paran\u00e1 (ObsCool). Roberto Eduardo [&hellip;]<\/p>\n","protected":false},"author":1586,"featured_media":0,"parent":467,"menu_order":0,"comment_status":"closed","ping_status":"closed","template":"","meta":{"_acf_changed":false,"footnotes":""},"class_list":["post-272","page","type-page","status-publish","hentry"],"acf":[],"_links":{"self":[{"href":"https:\/\/litoral.ufpr.br\/saudecoletiva\/wp-json\/wp\/v2\/pages\/272","targetHints":{"allow":["GET"]}}],"collection":[{"href":"https:\/\/litoral.ufpr.br\/saudecoletiva\/wp-json\/wp\/v2\/pages"}],"about":[{"href":"https:\/\/litoral.ufpr.br\/saudecoletiva\/wp-json\/wp\/v2\/types\/page"}],"author":[{"embeddable":true,"href":"https:\/\/litoral.ufpr.br\/saudecoletiva\/wp-json\/wp\/v2\/users\/1586"}],"replies":[{"embeddable":true,"href":"https:\/\/litoral.ufpr.br\/saudecoletiva\/wp-json\/wp\/v2\/comments?post=272"}],"version-history":[{"count":30,"href":"https:\/\/litoral.ufpr.br\/saudecoletiva\/wp-json\/wp\/v2\/pages\/272\/revisions"}],"predecessor-version":[{"id":2008,"href":"https:\/\/litoral.ufpr.br\/saudecoletiva\/wp-json\/wp\/v2\/pages\/272\/revisions\/2008"}],"up":[{"embeddable":true,"href":"https:\/\/litoral.ufpr.br\/saudecoletiva\/wp-json\/wp\/v2\/pages\/467"}],"wp:attachment":[{"href":"https:\/\/litoral.ufpr.br\/saudecoletiva\/wp-json\/wp\/v2\/media?parent=272"}],"curies":[{"name":"wp","href":"https:\/\/api.w.org\/{rel}","templated":true}]}}