{"id":2610,"date":"2025-10-21T12:24:56","date_gmt":"2025-10-21T15:24:56","guid":{"rendered":"https:\/\/litoral.ufpr.br\/saudecoletiva\/?page_id=2610"},"modified":"2025-10-21T12:56:14","modified_gmt":"2025-10-21T15:56:14","slug":"projeto-office-365","status":"publish","type":"page","link":"https:\/\/litoral.ufpr.br\/saudecoletiva\/projeto-office-365\/","title":{"rendered":"PROJETO OFFICE 365"},"content":{"rendered":"\n<p>A UFPR, atrav\u00e9s da AGTIC, firmou contrato de ades\u00e3o, sem custos para a Institui\u00e7\u00e3o, ao Office 365 Education.&nbsp;&nbsp;<\/p>\n\n\n\n<p>A partir da implanta\u00e7\u00e3o do Projeto Office 365, todos os usu\u00e1rios de e-mails @ufpr ter\u00e3o acesso gratuito a essa ferramenta.&nbsp;&nbsp;<\/p>\n\n\n\n<p><strong>O que \u00e9 o Projeto?&nbsp;<\/strong>&nbsp;<\/p>\n\n\n\n<p>\u00c9 a implementa\u00e7\u00e3o de recursos que permitir\u00e1 \u00e0 UFPR oferecer a sua comunidade acad\u00eamica, de forma gratuita, o acesso online aos principais aplicativos disponibilizados pelo Office 365, como Outlook (e-mail), OneDrive (nuvem de armazenamento), Teams (ferramenta de reuni\u00e3o e compartilhamento de arquivos), Excel (ferramenta de planilhas), PowerPoint (ferramenta de apresenta\u00e7\u00f5es), Word (ferramenta de texto), Forms (formul\u00e1rios) Planner (agenda e ferramenta de tarefas) entre outros.&nbsp;<\/p>\n\n\n\n<p><strong>Como acessar?<\/strong>&nbsp;<\/p>\n\n\n\n<p>Basta acessar seu e-mail @ufpr por meio do aplicativo Outlook (se estiver pelo celular) ou pelo link outlook.com (se estiver pelo computador) e acessar pelo \u00edcone superior esquerdo, com os nove pontos.&nbsp;<\/p>\n\n\n\n<figure class=\"wp-block-image size-full\"><img loading=\"lazy\" decoding=\"async\" width=\"816\" height=\"829\" src=\"https:\/\/litoral.ufpr.br\/saudecoletiva\/wp-content\/uploads\/sites\/16\/2025\/10\/image.png\" alt=\"\" class=\"wp-image-2650\" srcset=\"https:\/\/litoral.ufpr.br\/saudecoletiva\/wp-content\/uploads\/sites\/16\/2025\/10\/image.png 816w, https:\/\/litoral.ufpr.br\/saudecoletiva\/wp-content\/uploads\/sites\/16\/2025\/10\/image-295x300.png 295w, https:\/\/litoral.ufpr.br\/saudecoletiva\/wp-content\/uploads\/sites\/16\/2025\/10\/image-768x780.png 768w\" sizes=\"auto, (max-width: 816px) 100vw, 816px\" \/><\/figure>\n\n\n\n<p>P\u00e1gina atualizada em 21\/10\/2025 \u00e0s 13h00.<\/p>\n","protected":false},"excerpt":{"rendered":"<p>A UFPR, atrav\u00e9s da AGTIC, firmou contrato de ades\u00e3o, sem custos para a Institui\u00e7\u00e3o, ao Office 365 Education.&nbsp;&nbsp; A partir da implanta\u00e7\u00e3o do Projeto Office 365, todos os usu\u00e1rios de e-mails @ufpr ter\u00e3o acesso gratuito a essa ferramenta.&nbsp;&nbsp; O que \u00e9 o Projeto?&nbsp;&nbsp; \u00c9 a implementa\u00e7\u00e3o de recursos que permitir\u00e1 \u00e0 UFPR oferecer a sua [&hellip;]<\/p>\n","protected":false},"author":1651,"featured_media":0,"parent":0,"menu_order":0,"comment_status":"closed","ping_status":"closed","template":"","meta":{"_acf_changed":false,"footnotes":""},"class_list":["post-2610","page","type-page","status-publish","hentry"],"acf":[],"_links":{"self":[{"href":"https:\/\/litoral.ufpr.br\/saudecoletiva\/wp-json\/wp\/v2\/pages\/2610","targetHints":{"allow":["GET"]}}],"collection":[{"href":"https:\/\/litoral.ufpr.br\/saudecoletiva\/wp-json\/wp\/v2\/pages"}],"about":[{"href":"https:\/\/litoral.ufpr.br\/saudecoletiva\/wp-json\/wp\/v2\/types\/page"}],"author":[{"embeddable":true,"href":"https:\/\/litoral.ufpr.br\/saudecoletiva\/wp-json\/wp\/v2\/users\/1651"}],"replies":[{"embeddable":true,"href":"https:\/\/litoral.ufpr.br\/saudecoletiva\/wp-json\/wp\/v2\/comments?post=2610"}],"version-history":[{"count":5,"href":"https:\/\/litoral.ufpr.br\/saudecoletiva\/wp-json\/wp\/v2\/pages\/2610\/revisions"}],"predecessor-version":[{"id":2653,"href":"https:\/\/litoral.ufpr.br\/saudecoletiva\/wp-json\/wp\/v2\/pages\/2610\/revisions\/2653"}],"wp:attachment":[{"href":"https:\/\/litoral.ufpr.br\/saudecoletiva\/wp-json\/wp\/v2\/media?parent=2610"}],"curies":[{"name":"wp","href":"https:\/\/api.w.org\/{rel}","templated":true}]}}