{"id":2609,"date":"2025-10-21T12:24:56","date_gmt":"2025-10-21T15:24:56","guid":{"rendered":"https:\/\/litoral.ufpr.br\/saudecoletiva\/?page_id=2609"},"modified":"2025-10-21T13:51:15","modified_gmt":"2025-10-21T16:51:15","slug":"diplomas","status":"publish","type":"page","link":"https:\/\/litoral.ufpr.br\/saudecoletiva\/diplomas\/","title":{"rendered":"DIPLOMAS"},"content":{"rendered":"\n<p>DIPLOMA DIGITAL&nbsp;<\/p>\n\n\n\n<p>Ap\u00f3s 2023, todos os diplomas emitidos pela UFPR s\u00e3o digitais e s\u00e3o retirados via SIGA, no campo de \u201cegressos\u201d.&nbsp;<\/p>\n\n\n\n<p>O prazo para que o diploma fique dispon\u00edvel \u00e9 de at\u00e9 120 dias ap\u00f3s a ata de cola\u00e7\u00e3o e estando o egresso ou a egressa com a documenta\u00e7\u00e3o pessoal regularizada. Aconselhamos verificar a cada 15 dias.&nbsp;<\/p>\n\n\n\n<p>Tutorial para acesso ao Diploma:&nbsp;<\/p>\n\n\n\n<p><a href=\"https:\/\/ufpraberta.ufpr.br\/pluginfile.php\/142636\/mod_resource\/content\/1\/Tutorial%20Diploma%20Digital%20-%20Perfil%20Egresso.pdf\" data-type=\"URL\" data-id=\"https:\/\/ufpraberta.ufpr.br\/pluginfile.php\/142636\/mod_resource\/content\/1\/Tutorial%20Diploma%20Digital%20-%20Perfil%20Egresso.pdf\">Tutorial de acesso ao diploma<\/a><\/p>\n\n\n\n<p>REPRESENTA\u00c7\u00c3O VISUAL DIPLOMA DIGITAL (RVDD)&nbsp;<\/p>\n\n\n\n<p>Para imprimir a Representa\u00e7\u00e3o Visual do Diploma Digital, com a utiliza\u00e7\u00e3o de papel e tratamento gr\u00e1ficos, \u00e9 necess\u00e1rio o pagamento de taxa que deve ser feito com Guia de Recolhimento da Uni\u00e3o (GRU). O valor da Taxa \u00e9 de R$ 70,00 (setenta reais). A solicita\u00e7\u00e3o de impress\u00e3o da RVDD dever\u00e1 ser feita por e-mail, anexando a guia de recolhimento da uni\u00e3o, o comprovante de pagamento e requerimento preenchido e assinado.&nbsp;&nbsp;<\/p>\n\n\n\n<p><a href=\"https:\/\/direito.ufpr.br\/wp-content\/uploads\/2023\/09\/Requerimento_RVDD.pdf\" data-type=\"URL\" data-id=\"https:\/\/direito.ufpr.br\/wp-content\/uploads\/2023\/09\/Requerimento_RVDD.pdf\">REQUERIMENTO DE IMPRESS\u00c3O DA RVDD DO DIPLOMA DIGITAL<\/a><\/p>\n\n\n\n<p>ORIENTA\u00c7\u00d5ES PARA PREENCHIMENTO DA GRU (EXCLUSIVO RVDD)&nbsp;<\/p>\n\n\n\n<p><a href=\"https:\/\/pagtesouro.tesouro.gov.br\/portal-gru\/#\/emissao-gru\/formulario?ug=153079&amp;codigoRecolhimento=78929-1\" data-type=\"URL\" data-id=\"https:\/\/pagtesouro.tesouro.gov.br\/portal-gru\/#\/emissao-gru\/formulario?ug=153079&amp;codigoRecolhimento=78929-1\">ORIENTA\u00c7\u00d5ES PARA PREENCHIMENTO DA GRU (EXCLUSIVO RVDD)<\/a><\/p>\n\n\n\n<p>1. Unidade Gestora (UG) = 153079&nbsp;<\/p>\n\n\n\n<p>2. Gest\u00e3o = 15232&nbsp;<\/p>\n\n\n\n<p>3. C\u00f3digo de Recolhimento = 78929-1&nbsp;<\/p>\n\n\n\n<p>4. N\u00famero de Refer\u00eancia = 1715366206001&nbsp;<\/p>\n\n\n\n<p>5. Compet\u00eancia: m\u00eas de vencimento&nbsp;<\/p>\n\n\n\n<p>6. Vencimento: dia de vencimento&nbsp;<\/p>\n\n\n\n<p>7. CNPJ\/CPF do Contribuinte&nbsp;<\/p>\n\n\n\n<p>8. Nome do Contribuinte\/Recolhedor&nbsp;<\/p>\n\n\n\n<p>9. Valor Principal: : R$70,00&nbsp;<\/p>\n\n\n\n<p>10. Valor Total: R$70,00&nbsp;&nbsp;<\/p>\n\n\n\n<p>SEGUNDA VIA DE DIPLOMA&nbsp;<\/p>\n\n\n\n<p>Para solicitar a segunda via do diploma, \u00e9 necess\u00e1rio encaminhar os seguintes documentos para naadlitoral@ufpr.br:&nbsp;<\/p>\n\n\n\n<p>&nbsp;&nbsp;&nbsp; \u2022&nbsp; Formul\u00e1rio de Solicita\u00e7\u00e3o de Segunda Via do Diploma preenchido e assinado;&nbsp;<\/p>\n\n\n\n<p>&nbsp;&nbsp;&nbsp; \u2022&nbsp; C\u00f3pia autenticada da Certid\u00e3o de Nascimento ou Casamento;&nbsp;<\/p>\n\n\n\n<p>&nbsp;&nbsp;&nbsp; \u2022&nbsp; C\u00f3pia autenticada do RG;&nbsp;<\/p>\n\n\n\n<p>&nbsp;&nbsp;&nbsp; \u2022&nbsp; Guia de Recolhimento da Uni\u00e3o (GRU) com o comprovante de pagamento.&nbsp;<\/p>\n\n\n\n<p><a href=\"https:\/\/direito.ufpr.br\/wp-content\/uploads\/2022\/04\/REQUERIMENTO-PARA-SOLICITACAO-DE-2-VIA-DE-DIPLOMA.pdf\" data-type=\"URL\" data-id=\"https:\/\/direito.ufpr.br\/wp-content\/uploads\/2022\/04\/REQUERIMENTO-PARA-SOLICITACAO-DE-2-VIA-DE-DIPLOMA.pdf\">REQUERIMENTO PARA SOLICITA\u00c7\u00c3O DE 2\u00aa VIA DE DIPLOMA<\/a><\/p>\n\n\n\n<p>ORIENTA\u00c7\u00d5ES PARA PREENCHIMENTO DA GRU (EXCLUSIVO PARA SEGUNDA VIA DE DIPLOMA)&nbsp;<\/p>\n\n\n\n<p>1. Unidade Gestora Arrecadadora = 153079&nbsp;<\/p>\n\n\n\n<p>2. Gest\u00e3o = 15232&nbsp;<\/p>\n\n\n\n<p>3. C\u00f3digo de Recolhimento = 28927-2&nbsp;<\/p>\n\n\n\n<p>4. N\u00famero de Refer\u00eancia = 1715366206001&nbsp;<\/p>\n\n\n\n<p>5. Compet\u00eancia: m\u00eas de vencimento&nbsp;<\/p>\n\n\n\n<p>6. Vencimento: dia de vencimento&nbsp;<\/p>\n\n\n\n<p>7. CNPJ\/CPF do Contribuinte&nbsp;<\/p>\n\n\n\n<p>8. Nome do Contribuinte\/Recolhedor&nbsp;<\/p>\n\n\n\n<p>9. Valor Principal: 275,00&nbsp;<\/p>\n\n\n\n<p>10. Valor Total: 275,00&nbsp;<\/p>\n\n\n\n<p>\u00a0<\/p>\n\n\n\n<p>P\u00e1gina atualizada em 21\/10\/2025 \u00e0s 12h50.<\/p>\n","protected":false},"excerpt":{"rendered":"<p>DIPLOMA DIGITAL&nbsp; Ap\u00f3s 2023, todos os diplomas emitidos pela UFPR s\u00e3o digitais e s\u00e3o retirados via SIGA, no campo de \u201cegressos\u201d.&nbsp; O prazo para que o diploma fique dispon\u00edvel \u00e9 de at\u00e9 120 dias ap\u00f3s a ata de cola\u00e7\u00e3o e estando o egresso ou a egressa com a documenta\u00e7\u00e3o pessoal regularizada. Aconselhamos verificar a cada [&hellip;]<\/p>\n","protected":false},"author":1651,"featured_media":0,"parent":0,"menu_order":0,"comment_status":"closed","ping_status":"closed","template":"","meta":{"_acf_changed":false,"footnotes":""},"class_list":["post-2609","page","type-page","status-publish","hentry"],"acf":[],"_links":{"self":[{"href":"https:\/\/litoral.ufpr.br\/saudecoletiva\/wp-json\/wp\/v2\/pages\/2609","targetHints":{"allow":["GET"]}}],"collection":[{"href":"https:\/\/litoral.ufpr.br\/saudecoletiva\/wp-json\/wp\/v2\/pages"}],"about":[{"href":"https:\/\/litoral.ufpr.br\/saudecoletiva\/wp-json\/wp\/v2\/types\/page"}],"author":[{"embeddable":true,"href":"https:\/\/litoral.ufpr.br\/saudecoletiva\/wp-json\/wp\/v2\/users\/1651"}],"replies":[{"embeddable":true,"href":"https:\/\/litoral.ufpr.br\/saudecoletiva\/wp-json\/wp\/v2\/comments?post=2609"}],"version-history":[{"count":10,"href":"https:\/\/litoral.ufpr.br\/saudecoletiva\/wp-json\/wp\/v2\/pages\/2609\/revisions"}],"predecessor-version":[{"id":2648,"href":"https:\/\/litoral.ufpr.br\/saudecoletiva\/wp-json\/wp\/v2\/pages\/2609\/revisions\/2648"}],"wp:attachment":[{"href":"https:\/\/litoral.ufpr.br\/saudecoletiva\/wp-json\/wp\/v2\/media?parent=2609"}],"curies":[{"name":"wp","href":"https:\/\/api.w.org\/{rel}","templated":true}]}}