{"id":2602,"date":"2025-10-21T12:22:10","date_gmt":"2025-10-21T15:22:10","guid":{"rendered":"https:\/\/litoral.ufpr.br\/saudecoletiva\/?page_id=2602"},"modified":"2025-10-21T12:42:33","modified_gmt":"2025-10-21T15:42:33","slug":"siga","status":"publish","type":"page","link":"https:\/\/litoral.ufpr.br\/saudecoletiva\/siga\/","title":{"rendered":"SIGA"},"content":{"rendered":"\n<p>Para acessar o hist\u00f3rico escolar, fazer matr\u00edculas em m\u00f3dulos e verificar situa\u00e7\u00e3o acad\u00eamica acesse o SIGA-UFPR no endere\u00e7o: <a href=\"https:\/\/sistemas.ufpr.br\/\" target=\"_blank\" rel=\"noreferrer noopener\">Portal de Sistemas UFPR<\/a>&nbsp;<\/p>\n\n\n\n<p>Para acessar o SIGA UFPR voc\u00ea precisa ter:&nbsp;<\/p>\n\n\n\n<ul class=\"wp-block-list\"><li>Email UFPR cadastrado&nbsp;<\/li><\/ul>\n\n\n\n<ul class=\"wp-block-list\"><li>Senha de acesso ao sistema atualizada&nbsp;<\/li><\/ul>\n\n\n\n<p>Se quer aprender mais sobre o SIGA UFPR, acesse: <a href=\"https:\/\/ufpraberta.ufpr.br\/course\/view.php?id=9\" target=\"_blank\" rel=\"noreferrer noopener\">https:\/\/ufpraberta.ufpr.br\/course\/view.php?id=9<\/a>&nbsp;<\/p>\n\n\n\n<p><a href=\"https:\/\/litoral.ufpr.br\/lecampo\/wp-content\/uploads\/sites\/10\/2025\/04\/MANUAL-DOS-SITEMAS-UFPR-1-2.pdf\" target=\"_blank\" rel=\"noreferrer noopener\">Manual de como acessar os Sistemas UFPR<\/a>&nbsp;<\/p>\n\n\n\n<p>P\u00e1gina atualizada em 21\/10\/2025 \u00e0s 12h00.<\/p>\n","protected":false},"excerpt":{"rendered":"<p>Para acessar o hist\u00f3rico escolar, fazer matr\u00edculas em m\u00f3dulos e verificar situa\u00e7\u00e3o acad\u00eamica acesse o SIGA-UFPR no endere\u00e7o: Portal de Sistemas UFPR&nbsp; Para acessar o SIGA UFPR voc\u00ea precisa ter:&nbsp; Email UFPR cadastrado&nbsp; Senha de acesso ao sistema atualizada&nbsp; Se quer aprender mais sobre o SIGA UFPR, acesse: https:\/\/ufpraberta.ufpr.br\/course\/view.php?id=9&nbsp; Manual de como acessar os Sistemas [&hellip;]<\/p>\n","protected":false},"author":1651,"featured_media":0,"parent":0,"menu_order":0,"comment_status":"closed","ping_status":"closed","template":"","meta":{"_acf_changed":false,"footnotes":""},"class_list":["post-2602","page","type-page","status-publish","hentry"],"acf":[],"_links":{"self":[{"href":"https:\/\/litoral.ufpr.br\/saudecoletiva\/wp-json\/wp\/v2\/pages\/2602","targetHints":{"allow":["GET"]}}],"collection":[{"href":"https:\/\/litoral.ufpr.br\/saudecoletiva\/wp-json\/wp\/v2\/pages"}],"about":[{"href":"https:\/\/litoral.ufpr.br\/saudecoletiva\/wp-json\/wp\/v2\/types\/page"}],"author":[{"embeddable":true,"href":"https:\/\/litoral.ufpr.br\/saudecoletiva\/wp-json\/wp\/v2\/users\/1651"}],"replies":[{"embeddable":true,"href":"https:\/\/litoral.ufpr.br\/saudecoletiva\/wp-json\/wp\/v2\/comments?post=2602"}],"version-history":[{"count":4,"href":"https:\/\/litoral.ufpr.br\/saudecoletiva\/wp-json\/wp\/v2\/pages\/2602\/revisions"}],"predecessor-version":[{"id":2638,"href":"https:\/\/litoral.ufpr.br\/saudecoletiva\/wp-json\/wp\/v2\/pages\/2602\/revisions\/2638"}],"wp:attachment":[{"href":"https:\/\/litoral.ufpr.br\/saudecoletiva\/wp-json\/wp\/v2\/media?parent=2602"}],"curies":[{"name":"wp","href":"https:\/\/api.w.org\/{rel}","templated":true}]}}