{"id":2019,"date":"2024-02-29T08:52:40","date_gmt":"2024-02-29T11:52:40","guid":{"rendered":"https:\/\/litoral.ufpr.br\/saudecoletiva\/?page_id=2019"},"modified":"2025-09-23T08:34:17","modified_gmt":"2025-09-23T11:34:17","slug":"lei-no-14-725-de-16-de-novembro-de-2023","status":"publish","type":"page","link":"https:\/\/litoral.ufpr.br\/saudecoletiva\/lei-no-14-725-de-16-de-novembro-de-2023\/","title":{"rendered":"Rede social do curso"},"content":{"rendered":"\n<p><\/p>\n\n\n\n<p>Sa\u00fade Coletiva<\/p>\n\n\n\n<p><a href=\"https:\/\/www.instagram.com\/ufprsaudecoletiva\/#\">https:\/\/www.instagram.com\/ufprsaudecoletiva\/#<\/a><\/p>\n\n\n\n<p><\/p>\n\n\n\n<p>Observat\u00f3rio de Sa\u00fade Coletiva (Projeto de Extens\u00e3o)<\/p>\n\n\n\n<p><a href=\"https:\/\/www.instagram.com\/obscool_ufpr.litoral\/#\">https:\/\/www.instagram.com\/obscool_ufpr.litoral\/#<\/a><\/p>\n\n\n\n<p><\/p>\n\n\n\n<p>Sa\u00fade da Crian\u00e7a (Inicia\u00e7\u00e3o cient\u00edfica)<\/p>\n\n\n\n<p><a href=\"https:\/\/www.instagram.com\/icsaudedacrianca\/#\">https:\/\/www.instagram.com\/icsaudedacrianca\/#<\/a><\/p>\n\n\n\n<p><\/p>\n\n\n\n<p>Luz, c\u00e2mera, gest\u00e3o: qualificando a gest\u00e3o do SUS (Projeto de Extens\u00e3o)<\/p>\n\n\n\n<p><a href=\"https:\/\/www.instagram.com\/luzcameragestaosus\/#\">https:\/\/www.instagram.com\/luzcameragestaosus\/#<\/a><\/p>\n\n\n\n<p><\/p>\n\n\n\n<p>Centro acad\u00eamico de sa\u00fade coletiva (CASCOL)<\/p>\n\n\n\n<p><a href=\"https:\/\/www.instagram.com\/cascol.ufpr.ofc\/#\">https:\/\/www.instagram.com\/cascol.ufpr.ofc\/#<\/a><\/p>\n\n\n\n<p>P\u00e1gina atualizada em 23\/09\/2025 \u00e0s 08h34.<\/p>\n","protected":false},"excerpt":{"rendered":"<p>Sa\u00fade Coletiva https:\/\/www.instagram.com\/ufprsaudecoletiva\/# Observat\u00f3rio de Sa\u00fade Coletiva (Projeto de Extens\u00e3o) https:\/\/www.instagram.com\/obscool_ufpr.litoral\/# Sa\u00fade da Crian\u00e7a (Inicia\u00e7\u00e3o cient\u00edfica) https:\/\/www.instagram.com\/icsaudedacrianca\/# Luz, c\u00e2mera, gest\u00e3o: qualificando a gest\u00e3o do SUS (Projeto de Extens\u00e3o) https:\/\/www.instagram.com\/luzcameragestaosus\/# Centro acad\u00eamico de sa\u00fade coletiva (CASCOL) https:\/\/www.instagram.com\/cascol.ufpr.ofc\/# P\u00e1gina atualizada em 23\/09\/2025 \u00e0s 08h34.<\/p>\n","protected":false},"author":1651,"featured_media":0,"parent":0,"menu_order":0,"comment_status":"closed","ping_status":"closed","template":"","meta":{"_acf_changed":false,"footnotes":""},"class_list":["post-2019","page","type-page","status-publish","hentry"],"acf":[],"_links":{"self":[{"href":"https:\/\/litoral.ufpr.br\/saudecoletiva\/wp-json\/wp\/v2\/pages\/2019","targetHints":{"allow":["GET"]}}],"collection":[{"href":"https:\/\/litoral.ufpr.br\/saudecoletiva\/wp-json\/wp\/v2\/pages"}],"about":[{"href":"https:\/\/litoral.ufpr.br\/saudecoletiva\/wp-json\/wp\/v2\/types\/page"}],"author":[{"embeddable":true,"href":"https:\/\/litoral.ufpr.br\/saudecoletiva\/wp-json\/wp\/v2\/users\/1651"}],"replies":[{"embeddable":true,"href":"https:\/\/litoral.ufpr.br\/saudecoletiva\/wp-json\/wp\/v2\/comments?post=2019"}],"version-history":[{"count":6,"href":"https:\/\/litoral.ufpr.br\/saudecoletiva\/wp-json\/wp\/v2\/pages\/2019\/revisions"}],"predecessor-version":[{"id":2419,"href":"https:\/\/litoral.ufpr.br\/saudecoletiva\/wp-json\/wp\/v2\/pages\/2019\/revisions\/2419"}],"wp:attachment":[{"href":"https:\/\/litoral.ufpr.br\/saudecoletiva\/wp-json\/wp\/v2\/media?parent=2019"}],"curies":[{"name":"wp","href":"https:\/\/api.w.org\/{rel}","templated":true}]}}