{"id":1937,"date":"2024-02-08T10:36:18","date_gmt":"2024-02-08T13:36:18","guid":{"rendered":"https:\/\/litoral.ufpr.br\/saudecoletiva\/?page_id=1937"},"modified":"2024-11-21T08:27:26","modified_gmt":"2024-11-21T11:27:26","slug":"atividades-formativas-complementares","status":"publish","type":"page","link":"https:\/\/litoral.ufpr.br\/saudecoletiva\/atividades-formativas-complementares\/","title":{"rendered":"Atividades Formativas Complementares"},"content":{"rendered":"\n<p>Atividades Formativas Complementares 2024_2<\/p>\n\n\n\n<p><a href=\"https:\/\/litoral.ufpr.br\/saudecoletiva\/wp-content\/uploads\/sites\/16\/2024\/11\/EDITAL-04_2024_2-ATIVIDADES-FORMATIVAS-COMPLEMENTARES.pdf\" data-type=\"URL\" data-id=\"https:\/\/litoral.ufpr.br\/saudecoletiva\/wp-content\/uploads\/sites\/16\/2024\/11\/EDITAL-04_2024_2-ATIVIDADES-FORMATIVAS-COMPLEMENTARES.pdf\">Edital das Atividades Formativas Complementares 2024_2<\/a><\/p>\n\n\n\n<p><a href=\"https:\/\/litoral.ufpr.br\/saudecoletiva\/wp-content\/uploads\/sites\/16\/2024\/11\/Edital_6-Resultado-das-AFCs.pdf\" data-type=\"URL\" data-id=\"https:\/\/litoral.ufpr.br\/saudecoletiva\/wp-content\/uploads\/sites\/16\/2024\/11\/Edital_6-Resultado-das-AFCs.pdf\">Resultado da An\u00e1lise das Atividades Formativas Complementares 2024_2<\/a><\/p>\n\n\n\n<p>Atividades Formativas Complementares 2024_1<\/p>\n\n\n\n<p><a href=\"https:\/\/litoral.ufpr.br\/saudecoletiva\/wp-content\/uploads\/sites\/16\/2024\/08\/SEI_6847466_Edital_1.pdf\" data-type=\"URL\" data-id=\"https:\/\/litoral.ufpr.br\/saudecoletiva\/wp-content\/uploads\/sites\/16\/2024\/08\/SEI_6847466_Edital_1.pdf\">Edital das Atividades Formativas Complementares 2024_1<\/a><\/p>\n\n\n\n<p><a href=\"https:\/\/litoral.ufpr.br\/saudecoletiva\/wp-content\/uploads\/sites\/16\/2024\/08\/SEI_6916508_Edital_2.pdf\" data-type=\"URL\" data-id=\"https:\/\/litoral.ufpr.br\/saudecoletiva\/wp-content\/uploads\/sites\/16\/2024\/08\/SEI_6916508_Edital_2.pdf\">Homologa\u00e7\u00e3o dos Requerimentos de Valida\u00e7\u00e3o das Atividades Formativas Complementares 2024_1<\/a><\/p>\n\n\n\n<p><a href=\"https:\/\/litoral.ufpr.br\/saudecoletiva\/wp-content\/uploads\/sites\/16\/2024\/08\/SEI_6916843_Edital_3.pdf\" data-type=\"URL\" data-id=\"https:\/\/litoral.ufpr.br\/saudecoletiva\/wp-content\/uploads\/sites\/16\/2024\/08\/SEI_6916843_Edital_3.pdf\">Resultado da An\u00e1lise das Atividades Formativas Complementares 2024_1<\/a><\/p>\n\n\n\n<p>Atividades Formativas Complementares 2023_2<\/p>\n\n\n\n<p><a href=\"https:\/\/litoral.ufpr.br\/saudecoletiva\/wp-content\/uploads\/sites\/16\/2024\/02\/Edital-de-Atividades-Formativas-Curriculares-2023_2.pdf\" data-type=\"URL\" data-id=\"https:\/\/litoral.ufpr.br\/saudecoletiva\/wp-content\/uploads\/sites\/16\/2024\/02\/Edital-de-Atividades-Formativas-Curriculares-2023_2.pdf\">Edital das Atividades Formativas Complementares 2023_2<\/a><\/p>\n\n\n\n<p><a href=\"https:\/\/litoral.ufpr.br\/saudecoletiva\/wp-content\/uploads\/sites\/16\/2024\/02\/Requerimento-de-analise-de-Atividades-Formativas-2023_2.pdf\" data-type=\"URL\" data-id=\"https:\/\/litoral.ufpr.br\/saudecoletiva\/wp-content\/uploads\/sites\/16\/2024\/02\/Requerimento-de-analise-de-Atividades-Formativas-2023_2.pdf\">Requerimento de Valida\u00e7\u00e3o das Atividades Formativas Complementares 2023_2<\/a><\/p>\n\n\n\n<p><a href=\"https:\/\/litoral.ufpr.br\/saudecoletiva\/wp-content\/uploads\/sites\/16\/2024\/02\/Resultado-da-analise-das-Atividades-Formativas-2023_2.pdf\" data-type=\"URL\" data-id=\"https:\/\/litoral.ufpr.br\/saudecoletiva\/wp-content\/uploads\/sites\/16\/2024\/02\/Resultado-da-analise-das-Atividades-Formativas-2023_2.pdf\">Resultado da An\u00e1lise das Atividades Formativas Complementares 2023_2<\/a><\/p>\n\n\n\n<p>Atualizado em 27\/08\/2024 \u00e0s 09h55.<\/p>\n","protected":false},"excerpt":{"rendered":"<p>Atividades Formativas Complementares 2024_2 Edital das Atividades Formativas Complementares 2024_2 Resultado da An\u00e1lise das Atividades Formativas Complementares 2024_2 Atividades Formativas Complementares 2024_1 Edital das Atividades Formativas Complementares 2024_1 Homologa\u00e7\u00e3o dos Requerimentos de Valida\u00e7\u00e3o das Atividades Formativas Complementares 2024_1 Resultado da An\u00e1lise das Atividades Formativas Complementares 2024_1 Atividades Formativas Complementares 2023_2 Edital das Atividades Formativas Complementares [&hellip;]<\/p>\n","protected":false},"author":1651,"featured_media":0,"parent":0,"menu_order":0,"comment_status":"closed","ping_status":"closed","template":"","meta":{"_acf_changed":false,"footnotes":""},"class_list":["post-1937","page","type-page","status-publish","hentry"],"acf":[],"_links":{"self":[{"href":"https:\/\/litoral.ufpr.br\/saudecoletiva\/wp-json\/wp\/v2\/pages\/1937","targetHints":{"allow":["GET"]}}],"collection":[{"href":"https:\/\/litoral.ufpr.br\/saudecoletiva\/wp-json\/wp\/v2\/pages"}],"about":[{"href":"https:\/\/litoral.ufpr.br\/saudecoletiva\/wp-json\/wp\/v2\/types\/page"}],"author":[{"embeddable":true,"href":"https:\/\/litoral.ufpr.br\/saudecoletiva\/wp-json\/wp\/v2\/users\/1651"}],"replies":[{"embeddable":true,"href":"https:\/\/litoral.ufpr.br\/saudecoletiva\/wp-json\/wp\/v2\/comments?post=1937"}],"version-history":[{"count":14,"href":"https:\/\/litoral.ufpr.br\/saudecoletiva\/wp-json\/wp\/v2\/pages\/1937\/revisions"}],"predecessor-version":[{"id":2331,"href":"https:\/\/litoral.ufpr.br\/saudecoletiva\/wp-json\/wp\/v2\/pages\/1937\/revisions\/2331"}],"wp:attachment":[{"href":"https:\/\/litoral.ufpr.br\/saudecoletiva\/wp-json\/wp\/v2\/media?parent=1937"}],"curies":[{"name":"wp","href":"https:\/\/api.w.org\/{rel}","templated":true}]}}