{"id":1891,"date":"2024-02-07T09:47:38","date_gmt":"2024-02-07T12:47:38","guid":{"rendered":"https:\/\/litoral.ufpr.br\/saudecoletiva\/?page_id=1891"},"modified":"2025-09-22T14:14:09","modified_gmt":"2025-09-22T17:14:09","slug":"conheca-o-curso","status":"publish","type":"page","link":"https:\/\/litoral.ufpr.br\/saudecoletiva\/conheca-o-curso\/","title":{"rendered":"Apresenta\u00e7\u00e3o geral"},"content":{"rendered":"\n<p><strong>BACHARELADO EM SA\u00daDE COLETIVA<\/strong><\/p>\n\n\n\n<p>Modalidade: Presencial<br>Regime: Semestral<br>N\u00famero total de vagas\/ano: 40 vagas<br>Carga hor\u00e1ria total: 3.250 horas<br>Turno de funcionamento: Manh\u00e3<br>Prazo de integraliza\u00e7\u00e3o curricular: m\u00ednimo de 8 e m\u00e1ximo de 12 semestres<br>Diploma concedido: Bacharel(a) em Sa\u00fade Coletiva<\/p>\n\n\n\n<p>Aulas: Bloco A (3\u00b0 andar) &#8211; Salas 32,33,34 e 35 <\/p>\n\n\n\n<p><strong>APRESENTA\u00c7\u00c3O<\/strong><\/p>\n\n\n\n<p>O curso tem o prop\u00f3sito de consolidar e fortalecer o campo da sa\u00fade coletiva, atrav\u00e9s de uma concep\u00e7\u00e3o ampliada da sa\u00fade e de suas interfaces. A forma\u00e7\u00e3o profissional enfatiza o comprometimento \u00e9tico, social e sanit\u00e1rio, preparando para atividades como planejamento e programa\u00e7\u00e3o f\u00edsico-financeira; gest\u00e3o e avalia\u00e7\u00e3o de servi\u00e7os e a\u00e7\u00f5es de vigil\u00e2ncia \u00e0 sa\u00fade; sa\u00fade ambiental; promo\u00e7\u00e3o \u00e0 sa\u00fade; preven\u00e7\u00e3o e controle de agravos. Em sintonia com o Projeto Pol\u00edtico Pedag\u00f3gico da UFPR Litoral, que mant\u00e9m estreito contato com a realidade local, estimula e aprimora as compet\u00eancias e habilidades dos educandos, por meio de um curr\u00edculo que privilegia al\u00e9m do \u2018saber fazer\u2019, o \u2018saber ser\u2019 e \u2018saber conviver\u2019 organizados em espa\u00e7os pedag\u00f3gicos diversificados: Fundamentos Te\u00f3rico Pr\u00e1ticos, Projetos de Aprendizagem e Intera\u00e7\u00f5es Culturais e Human\u00edsticas.<\/p>\n\n\n\n<p><strong>A\/O PROFISSIONAL<\/strong><br>Profissionais formados pelo curso superior em Sa\u00fade Coletiva, conhecidos como sanitaristas, s\u00e3o imprescind\u00edveis para a realidade complexa da sa\u00fade no pa\u00eds, pois:<\/p>\n\n\n\n<p>\u2022 atuam na promo\u00e7\u00e3o, preven\u00e7\u00e3o e recupera\u00e7\u00e3o da sa\u00fade das coletividades, a partir da \u00f3tica da administra\u00e7\u00e3o, gest\u00e3o e planejamento de pol\u00edticas, servi\u00e7os e programas;<\/p>\n\n\n\n<p>\u2022 buscam compreender e agir de forma interdisciplinar e intersetorial, articulando o campo da sa\u00fade coletiva com saberes e pr\u00e1ticas nas diferentes esferas da vida (sociocultural, pol\u00edtica, educacional, ambiental, organizacional, econ\u00f4mica e biol\u00f3gica);<\/p>\n\n\n\n<p>\u2022 aplicam compet\u00eancias e habilidades diversas de maneira pro-ativa em quest\u00f5es que desafiam o campo da sa\u00fade coletiva.<\/p>\n\n\n\n<p><\/p>\n\n\n\n<p><\/p>\n\n\n\n<p><strong>Plano de Desenvolvimento Institucional (PDI) da Universidade Federal do Paran\u00e1<\/strong> <strong>(2022\/2026)<\/strong><\/p>\n\n\n\n<p><a href=\"https:\/\/litoral.ufpr.br\/saudecoletiva\/wp-content\/uploads\/sites\/16\/2025\/09\/Plano-de-Desenvolvimento-Institucional-UFPR-2022-2026.pdf\" data-type=\"URL\" data-id=\"https:\/\/litoral.ufpr.br\/saudecoletiva\/wp-content\/uploads\/sites\/16\/2025\/09\/Plano-de-Desenvolvimento-Institucional-UFPR-2022-2026.pdf\">PDI 2022\/2026<\/a><\/p>\n\n\n\n<p><\/p>\n\n\n\n<p><strong>Projeto Pol\u00edtico Pedag\u00f3gico do Setor Litoral<\/strong> <strong>2008<\/strong><\/p>\n\n\n\n<p><a href=\"https:\/\/litoral.ufpr.br\/saudecoletiva\/wp-content\/uploads\/sites\/16\/2025\/09\/PPP-UFPR-LITORAL_Set-2008_Alteracao_Dez-2008-1.pdf\" data-type=\"URL\" data-id=\"https:\/\/litoral.ufpr.br\/saudecoletiva\/wp-content\/uploads\/sites\/16\/2025\/09\/PPP-UFPR-LITORAL_Set-2008_Alteracao_Dez-2008-1.pdf\">PPP SETOR LITORAL 2008<\/a><\/p>\n\n\n\n<p><\/p>\n\n\n\n<p><strong>Projeto Pol\u00edtico Pedag\u00f3gico do Curso de Bacharelado em Sa\u00fade Coletiva (2023<\/strong>)<\/p>\n\n\n\n<p><a href=\"https:\/\/litoral.ufpr.br\/saudecoletiva\/wp-content\/uploads\/sites\/16\/2025\/09\/PPC-Saude-Coletiva-2023.pdf\" data-type=\"URL\" data-id=\"https:\/\/litoral.ufpr.br\/saudecoletiva\/wp-content\/uploads\/sites\/16\/2025\/09\/PPC-Saude-Coletiva-2023.pdf\">PPC 2023<\/a><\/p>\n\n\n\n<p><\/p>\n\n\n\n<p><strong>Projeto Pol\u00edtico Pedag\u00f3gico do Curso<\/strong> <strong>de Bacharelado em Sa\u00fade Coletiva (2015)<\/strong><\/p>\n\n\n\n<p><a href=\"https:\/\/litoral.ufpr.br\/saudecoletiva\/wp-content\/uploads\/sites\/16\/2025\/09\/PPC-1.pdf\" data-type=\"URL\" data-id=\"https:\/\/litoral.ufpr.br\/saudecoletiva\/wp-content\/uploads\/sites\/16\/2025\/09\/PPC-1.pdf\">PPC 2015<\/a><\/p>\n\n\n\n<p>Atualizado em 22\/09\/2025 \u00e0s 13:00.<\/p>\n","protected":false},"excerpt":{"rendered":"<p>BACHARELADO EM SA\u00daDE COLETIVA Modalidade: PresencialRegime: SemestralN\u00famero total de vagas\/ano: 40 vagasCarga hor\u00e1ria total: 3.250 horasTurno de funcionamento: Manh\u00e3Prazo de integraliza\u00e7\u00e3o curricular: m\u00ednimo de 8 e m\u00e1ximo de 12 semestresDiploma concedido: Bacharel(a) em Sa\u00fade Coletiva Aulas: Bloco A (3\u00b0 andar) &#8211; Salas 32,33,34 e 35 APRESENTA\u00c7\u00c3O O curso tem o prop\u00f3sito de consolidar e fortalecer [&hellip;]<\/p>\n","protected":false},"author":1651,"featured_media":0,"parent":0,"menu_order":0,"comment_status":"closed","ping_status":"closed","template":"","meta":{"_acf_changed":false,"footnotes":""},"class_list":["post-1891","page","type-page","status-publish","hentry"],"acf":[],"_links":{"self":[{"href":"https:\/\/litoral.ufpr.br\/saudecoletiva\/wp-json\/wp\/v2\/pages\/1891","targetHints":{"allow":["GET"]}}],"collection":[{"href":"https:\/\/litoral.ufpr.br\/saudecoletiva\/wp-json\/wp\/v2\/pages"}],"about":[{"href":"https:\/\/litoral.ufpr.br\/saudecoletiva\/wp-json\/wp\/v2\/types\/page"}],"author":[{"embeddable":true,"href":"https:\/\/litoral.ufpr.br\/saudecoletiva\/wp-json\/wp\/v2\/users\/1651"}],"replies":[{"embeddable":true,"href":"https:\/\/litoral.ufpr.br\/saudecoletiva\/wp-json\/wp\/v2\/comments?post=1891"}],"version-history":[{"count":17,"href":"https:\/\/litoral.ufpr.br\/saudecoletiva\/wp-json\/wp\/v2\/pages\/1891\/revisions"}],"predecessor-version":[{"id":2417,"href":"https:\/\/litoral.ufpr.br\/saudecoletiva\/wp-json\/wp\/v2\/pages\/1891\/revisions\/2417"}],"wp:attachment":[{"href":"https:\/\/litoral.ufpr.br\/saudecoletiva\/wp-json\/wp\/v2\/media?parent=1891"}],"curies":[{"name":"wp","href":"https:\/\/api.w.org\/{rel}","templated":true}]}}