{"id":4,"date":"2022-08-08T15:13:27","date_gmt":"2022-08-08T18:13:27","guid":{"rendered":"https:\/\/litoral.ufpr.br\/pesquisa-desenvolvimento-e-inovacao\/?page_id=4"},"modified":"2022-08-08T15:26:26","modified_gmt":"2022-08-08T18:26:26","slug":"equipe","status":"publish","type":"page","link":"https:\/\/litoral.ufpr.br\/pesquisa-desenvolvimento-e-inovacao\/equipe\/","title":{"rendered":"Equipe"},"content":{"rendered":"<h4>Comit\u00ea Setorial de Pesquisa<\/h4>\n<div class=\"entry\">\n<div id=\"wppb-builder-container\" class=\"wppb-builder-container\">\n<p><span style=\"text-decoration: underline;\"><strong>MEMBROS ATUAIS (2022-2024)<\/strong><\/span><br \/>\n<strong>Designados pela Portaria n\u00ba 1508\/2022 Setor Litoral, de 9 de maio de 2022<br \/>\n<\/strong>Paulo Gaspar Graziola J\u00fanior (presidente)<br \/>\nAna Christina Duarte Pires<br \/>\nAna Josefina Ferrari<br \/>\nLu\u00eds Fernando da Costa J\u00fanior<\/p>\n<p>Contato: fer@ufpr.br<\/p>\n<p><span style=\"text-decoration: underline;\"><strong>EX-MEMBROS<\/strong><\/span><br \/>\n<strong>Designados pela Portaria n\u00ba 1419\/2021 Setor Litoral, de 2 de agosto de 2021<br \/>\n<\/strong>Mayra Taiza Sulzbach (presidente)<br \/>\nAna Josefina Ferrari<br \/>\nFabio de Carvalho Messa<br \/>\nLu\u00eds Fernando da Costa J\u00fanior<br \/>\nMargio Cezar Loss Klock<\/p>\n<p><strong>Designados pela Portaria n\u00ba 1285 Setor Litoral, de 07 de maio de 2020<br \/>\n<\/strong>Mayra Taiza Sulzbach (presidente)<br \/>\nFabio de Carvalho Messa<br \/>\nLu\u00eds Fernando da Costa J\u00fanior<br \/>\nMargio Cezar Loss Klock<\/p>\n<p><strong>Membros organizadores, agosto de 2019<br \/>\n<\/strong>Marcos Cl\u00e1udio Signorelli (presidente)<br \/>\nAugusto Junior Clemente<br \/>\nChristiano Nogueira, Juliana Quadros<br \/>\nLuciano Fernandes Huergo<br \/>\nLu\u00eds Fernando da Costa J\u00fanior<\/p>\n<\/div>\n<\/div>\n","protected":false},"excerpt":{"rendered":"<p>Comit\u00ea Setorial de Pesquisa MEMBROS ATUAIS (2022-2024) Designados pela Portaria n\u00ba 1508\/2022 Setor Litoral, de 9 de maio de 2022 Paulo Gaspar Graziola J\u00fanior (presidente) Ana Christina Duarte Pires Ana Josefina Ferrari Lu\u00eds Fernando da Costa J\u00fanior Contato: fer@ufpr.br EX-MEMBROS Designados pela Portaria n\u00ba 1419\/2021 Setor Litoral, de 2 de agosto de 2021 Mayra Taiza [&hellip;]<\/p>\n","protected":false},"author":1614,"featured_media":0,"parent":0,"menu_order":0,"comment_status":"closed","ping_status":"closed","template":"","meta":{"_acf_changed":false,"footnotes":""},"class_list":["post-4","page","type-page","status-publish","hentry"],"acf":[],"_links":{"self":[{"href":"https:\/\/litoral.ufpr.br\/pesquisa-desenvolvimento-e-inovacao\/wp-json\/wp\/v2\/pages\/4","targetHints":{"allow":["GET"]}}],"collection":[{"href":"https:\/\/litoral.ufpr.br\/pesquisa-desenvolvimento-e-inovacao\/wp-json\/wp\/v2\/pages"}],"about":[{"href":"https:\/\/litoral.ufpr.br\/pesquisa-desenvolvimento-e-inovacao\/wp-json\/wp\/v2\/types\/page"}],"author":[{"embeddable":true,"href":"https:\/\/litoral.ufpr.br\/pesquisa-desenvolvimento-e-inovacao\/wp-json\/wp\/v2\/users\/1614"}],"replies":[{"embeddable":true,"href":"https:\/\/litoral.ufpr.br\/pesquisa-desenvolvimento-e-inovacao\/wp-json\/wp\/v2\/comments?post=4"}],"version-history":[{"count":5,"href":"https:\/\/litoral.ufpr.br\/pesquisa-desenvolvimento-e-inovacao\/wp-json\/wp\/v2\/pages\/4\/revisions"}],"predecessor-version":[{"id":29,"href":"https:\/\/litoral.ufpr.br\/pesquisa-desenvolvimento-e-inovacao\/wp-json\/wp\/v2\/pages\/4\/revisions\/29"}],"wp:attachment":[{"href":"https:\/\/litoral.ufpr.br\/pesquisa-desenvolvimento-e-inovacao\/wp-json\/wp\/v2\/media?parent=4"}],"curies":[{"name":"wp","href":"https:\/\/api.w.org\/{rel}","templated":true}]}}