{"id":240,"date":"2018-09-21T08:30:41","date_gmt":"2018-09-21T11:30:41","guid":{"rendered":"https:\/\/litoral.ufpr.br\/observatoriolitoral\/?page_id=240"},"modified":"2025-10-09T11:24:44","modified_gmt":"2025-10-09T14:24:44","slug":"artigos-tecnicos-e-cientificos","status":"publish","type":"page","link":"https:\/\/litoral.ufpr.br\/observatoriolitoral\/publicacoes\/artigos-tecnicos-e-cientificos\/","title":{"rendered":"Artigos T\u00e9cnicos e Cient\u00edficos"},"content":{"rendered":"<p>MONTEIRO, Ricardo R.; ANGELIN, Paulo E. <strong>Dados georreferenciados dos Campi fora de sede e Multicampi como instrumento de gest\u00e3o da informa\u00e7\u00e3o pelo FORCAMPI<\/strong>. In: Caderno de Resumos &#8211; I Semin\u00e1rio do F\u00f3rum Nacional de Dirigentes de Campus Fora de Sede Multicampi das Institui\u00e7\u00f5es Federais de Ensino &#8211; FORCAMPI. Orgs ANDRADE, Peterson M. O.; BOCHICHIO, Renato. Governador Valadares &#8211; MG: Ed. dos Autores, 2025. p. 112. Dispon\u00edvel em: &lt;Dispon\u00edvel em: &lt;<a href=\"https:\/\/ufprbr0-my.sharepoint.com\/:b:\/g\/personal\/cosmo_ufpr_br\/ES7BB3H2C61HilaEaJ0EKa4BYfz3zF60zhnXJGhqcgQc5g?e=RIZDr6\">Dados georreferenciados dos campi fora de sede e multicampi como instrumento de gest\u00e3o da informa\u00e7\u00e3o pelo FORCAMPI.pdf<\/a>&gt;; acessado em 9Out2025.<\/p>\n<p>REIS, Leoncio J. de Almeida; MONTEIRO, Ricardo R. <strong>Matr\u00edculas na Educa\u00e7\u00e3o B\u00e1sica no Brasil, Paran\u00e1 e Litoral Paranaense: an\u00e1lise cartogr\u00e1fica e estat\u00edstica a partir dos microdados dos Censo Escolar de 2007 a 2023<\/strong>. Dispon\u00edvel em: &lt;<a href=\"\/\/drive.google.com\/file\/d\/1Ma5D049gMMizlkLLL330CfPCkirU4bJv\/view?usp=sharing&gt;; acessado em 26Jul2024.\">https:\/\/drive.google.com\/file\/d\/1Ma5D049gMMizlkLLL330CfPCkirU4bJv\/view?usp=sharing<\/a>&gt;; acessado em 26Jul2024.<\/p>\n<p>MONTEIRO, Ricardo R.; LAUTERT, Luiz Fernando de Carli. <strong>Demografia nos munic\u00edpios paranaenses &#8211; an\u00e1lise dos censos 1991 a 2022<\/strong>. <em>Confins<\/em> [Online], 61\u00a0|\u00a02023, posto online no dia 22 dezembro 2023, consultado o 26 julho 2024. URL: &lt;<a href=\"https:\/\/doi.org\/10.4000\/confins.54526\">https:\/\/doi.org\/10.4000\/confins.54526<\/a>&gt;.<\/p>\n<p>MONTEIRO, Ricardo R. ; ANGELOTTI, Rangel, LAUTERT, Luiz Fernando de Carli; ANGELIN, Paulo Eduardo; PORTES, Jo\u00e3o <span class=\"familyName\">Portes<\/span>, <strong><span lang=\"pt\" xml:lang=\"pt\">\u201cRodov\u00edrus\u201d ou \u201cCaronav\u00edrus\u201d? Mapas da Distribui\u00e7\u00e3o do Covid-19 na Regi\u00e3o Sul do Brasil: Ind\u00edcios da contamina\u00e7\u00e3o por rodovias<\/span><\/strong>, <em>Confins<\/em> [Online], 45 | 2020. URL: <a href=\"http:\/\/journals.openedition.org\/confins\/28246\">http:\/\/journals.openedition.org\/confins\/28246<\/a>; DOI : https:\/\/doi.org\/10.4000\/confins.28246<\/p>\n<p>MONTEIRO, Ricardo R. FERREIRA, M\u00e1rcia R., FLEIG, Daniel G. <strong>A geoinforma\u00e7\u00e3o como meio de integra\u00e7\u00e3o ensino-pesquisa-extens\u00e3o entre a UFPR Litoral e a comunidade cai\u00e7ara S\u00e3o Jo\u00e3ozinho<\/strong>. In: Geografia no S\u00e9culo XXI -Volume 2. Organiza\u00e7\u00e3o: Fabiane dos Santos Toledo. Belo Horizonte &#8211; MG: Poisson, 2019. Dispon\u00edvel em: &lt;<a href=\"https:\/\/www.poisson.com.br\/livros\/geografia\/seculo\/volume2\/GeoSec_vol2.pdf\">https:\/\/www.poisson.com.br\/livros\/geografia\/seculo\/volume2\/GeoSec_vol2.pdf<\/a>&gt;.<\/p>\n<p>BOCHICCHIO, R. Observat\u00f3rio do Litoral Paranaense. 2018. <a href=\"https:\/\/litoral.ufpr.br\/observatoriolitoral\/wp-content\/uploads\/sites\/20\/2019\/09\/DADOS-GEORREFERENCIADOS-DOS-CAMPI-DAS-UNIVERSIDADES-FEDERAIS-COMO-INSTRUMENTO-DE-GEST\u00c3O-DA-INFORMA\u00c7\u00c3O-PELO-FORCAMPI.pdf\">DADOS GEORREFERENCIADOS DOS CAMPI DAS UNIVERSIDADES FEDERAIS COMO INSTRUMENTO DE GEST\u00c3O DA INFORMA\u00c7\u00c3O PELO FORCAMPI. <\/a>F\u00f3rum Nacional de Dirigentes de Campus Fora de Sede Multicampi das Institui\u00e7\u00f5es Federais de Ensino &#8211; FORCAMPI. Resumo Expandido apresentado no encontro nacional do FORCAMPI, em Bras\u00edlia-DF, setembro 2019.<\/p>\n<p>BOCHICCHIO, R. ; MONTEIRO, Ricardo R. ; FAZION, Fabiano. <strong>Arboriza\u00e7\u00e3o urbana: T\u00e9cnica, representa\u00e7\u00e3o e sociedade<\/strong>. 2014. CBAU &#8211; Congresso Brasileiro de Arboriza\u00e7\u00e3o Urbana. Acesse aqui: <a href=\"https:\/\/litoral.ufpr.br\/observatoriolitoral\/wp-content\/uploads\/sites\/20\/2018\/09\/Artigo-Completo-Arboriza\u00e7\u00e3o-Urbana-e-19-Mapas.rar\">Artigo Completo Arboriza\u00e7\u00e3o Urbana e 19 Mapas.<\/a><\/p>\n<p>MONTEIRO, Ricardo R. ; NAGY, Andr\u00e9. <strong><span lang=\"pt\" xml:lang=\"pt\">A cartografia do litoral paranaense: <\/span><\/strong><span lang=\"pt\" xml:lang=\"pt\">Demografia, acesso \u00e0 universidade, densidade populacional, raz\u00e3o de sexo e temas gerais.<\/span> <em>Confins<\/em> [Online], 33\u00a0|\u00a02017. URL\u00a0:<a href=\"http:\/\/journals.openedition.org\/confins\/12678\"> http:\/\/journals.openedition.org\/confins\/12678<\/a>\u00a0; DOI\u00a0: 10.4000\/confins.12678.<\/p>\n<p>MONTEIRO, Ricardo R. <span lang=\"pt\" xml:lang=\"pt\"><strong>A cartografia do fen\u00f4meno urbano e econ\u00f4mico no Paran\u00e1<\/strong>: uma leitura com aux\u00edlio da semi\u00f3tica. <\/span><em>Confins<\/em> [Online], 27\u00a0|\u00a02016. URL\u00a0: <a href=\"http:\/\/journals.openedition.org\/confins\/10966\">http:\/\/journals.openedition.org\/confins\/10966<\/a>\u00a0; DOI\u00a0: 10.4000\/confins.10966.<\/p>\n<p>MONTEIRO, Ricardo R.\u00a0<strong>Regulamenta\u00e7\u00e3o urbana em revis\u00e3o no Litoral do Paran\u00e1<\/strong>. In: XV Enanpur 2013. URL: <a href=\"https:\/\/www.researchgate.net\/publication\/323199063_Regulamentacao_Urbana_em_Revisao_no_Litoral_do_Parana_-_ENANPUR_2012\">https:\/\/www.researchgate.net\/publication\/323199063_Regulamentacao_Urbana_em_Revisao_no_Litoral_do_Parana_-_ENANPUR_2012<\/a>.<\/p>\n<p>MONTEIRO, Ricardo R. <a href=\"https:\/\/www.researchgate.net\/publication\/323199071_A_organizacao_espacial_no_litoral_paranaense_-_monografia_de_Pos_-_2013?_sg=CJM4vfAt803dMrDeR_Nl6DUuCyIqCSxS2z-t8SQPF_wmf2SyRKW6DqgfeZN9WatPuS_WsNrC_VOeRPM4EbH6XrHlTbvcfHjDvS_xdeql.Iwu-W-0XsTyvwsmMdvh5l-qlwXpxSsSUNWmeXYzIgMFRNApVbI4TDkBTdqjNkjU9lzrgOtaZDecMKFY1XxIjzQ\"><strong>A organiza\u00e7\u00e3o espacial no litoral paranaense<\/strong><\/a>. Monografia de P\u00f3s-Gradua\u00e7\u00e3o FAU USP 2013.<\/p>\n<p>SULZBACH, Mayra Taiza; JOUCOSKI, Emerson; ASSUMP\u00c7\u00c3O, Fabr\u00edcio Silva. <b>Dez anos de pesquisa de inicia\u00e7\u00e3o cient\u00edfica no Setor Litoral da UFPR para o desenvolvimento do litoral do Paran\u00e1<\/b>. Curitiba: <em>Brazil Publishing<\/em>, 2018. Dispon\u00edvel em: &lt;<a href=\"https:\/\/litoral.ufpr.br\/wp-content\/uploads\/2018\/07\/Livro-dez-anos-de-pesquisa-de-inicia%C3%A7%C3%A3o-cientifica-no-Setor-Litoral.pdf\" target=\"_blank\" rel=\"noopener noreferrer\">https:\/\/litoral.ufpr.br\/wp-content\/uploads\/2018\/07\/Livro-dez-anos-de-pesquisa-de-inicia%C3%A7%C3%A3o-cientifica-no-Setor-Litoral.pdf<\/a>&gt;.<\/p>\n","protected":false},"excerpt":{"rendered":"<p>MONTEIRO, Ricardo R.; ANGELIN, Paulo E. Dados georreferenciados dos Campi fora de sede e Multicampi como instrumento de gest\u00e3o da informa\u00e7\u00e3o pelo FORCAMPI. In: Caderno de Resumos &#8211; I Semin\u00e1rio do F\u00f3rum Nacional de Dirigentes de Campus Fora de Sede Multicampi das Institui\u00e7\u00f5es Federais de Ensino &#8211; FORCAMPI. Orgs ANDRADE, Peterson M. O.; BOCHICHIO, Renato. [&hellip;]<\/p>\n","protected":false},"author":3,"featured_media":0,"parent":234,"menu_order":0,"comment_status":"closed","ping_status":"closed","template":"","meta":{"_acf_changed":false,"footnotes":""},"class_list":["post-240","page","type-page","status-publish","hentry"],"acf":[],"_links":{"self":[{"href":"https:\/\/litoral.ufpr.br\/observatoriolitoral\/wp-json\/wp\/v2\/pages\/240","targetHints":{"allow":["GET"]}}],"collection":[{"href":"https:\/\/litoral.ufpr.br\/observatoriolitoral\/wp-json\/wp\/v2\/pages"}],"about":[{"href":"https:\/\/litoral.ufpr.br\/observatoriolitoral\/wp-json\/wp\/v2\/types\/page"}],"author":[{"embeddable":true,"href":"https:\/\/litoral.ufpr.br\/observatoriolitoral\/wp-json\/wp\/v2\/users\/3"}],"replies":[{"embeddable":true,"href":"https:\/\/litoral.ufpr.br\/observatoriolitoral\/wp-json\/wp\/v2\/comments?post=240"}],"version-history":[{"count":22,"href":"https:\/\/litoral.ufpr.br\/observatoriolitoral\/wp-json\/wp\/v2\/pages\/240\/revisions"}],"predecessor-version":[{"id":13407,"href":"https:\/\/litoral.ufpr.br\/observatoriolitoral\/wp-json\/wp\/v2\/pages\/240\/revisions\/13407"}],"up":[{"embeddable":true,"href":"https:\/\/litoral.ufpr.br\/observatoriolitoral\/wp-json\/wp\/v2\/pages\/234"}],"wp:attachment":[{"href":"https:\/\/litoral.ufpr.br\/observatoriolitoral\/wp-json\/wp\/v2\/media?parent=240"}],"curies":[{"name":"wp","href":"https:\/\/api.w.org\/{rel}","templated":true}]}}