{"id":238,"date":"2018-09-21T08:30:17","date_gmt":"2018-09-21T11:30:17","guid":{"rendered":"https:\/\/litoral.ufpr.br\/observatoriolitoral\/?page_id=238"},"modified":"2020-06-05T06:31:51","modified_gmt":"2020-06-05T09:31:51","slug":"boletins","status":"publish","type":"page","link":"https:\/\/litoral.ufpr.br\/observatoriolitoral\/publicacoes\/boletins\/","title":{"rendered":"Boletins"},"content":{"rendered":"<p><a href=\"https:\/\/litoral.ufpr.br\/observatoriolitoral\/wp-content\/uploads\/sites\/20\/2020\/06\/Edital-bolsa-OLP-2020-1.pdf\">Edital bolsa OLP 2020<\/a> (Edital de Sele\u00e7\u00e3o de Bolsas Emergenciais &#8211; <a href=\"https:\/\/docs.google.com\/forms\/d\/e\/1FAIpQLSeTvOGKl5e_DspyPbmIVBsIZm1LKCSJyFaObJR7njGaqYUzWw\/viewform\">Link da Inscri\u00e7\u00e3o<\/a>)<\/p>\n<p><strong>Coronav\u00edrus &#8211; Mapas<\/strong><strong><br \/><\/strong><\/p>\n<p><strong>An\u00e1lise<\/strong><\/p>\n<p><a href=\"https:\/\/litoral.ufpr.br\/observatoriolitoral\/wp-content\/uploads\/sites\/20\/2020\/05\/Compreens\u00e3o-do-avan\u00e7o-da-Covid-19-em-29Maio2020.pdf\">Compreens\u00e3o do avan\u00e7o da Covid-19 em 29Maio2020<\/a> (17 p\u00e1ginas)<\/p>\n<p><a href=\"https:\/\/litoral.ufpr.br\/observatoriolitoral\/wp-content\/uploads\/sites\/20\/2020\/05\/An\u00e1lise-Pandemia-do-Coronav\u00edrus-9\u00b0-Relat\u00f3rio-24Maio.pdf\">An\u00e1lise Pandemia do Coronav\u00edrus &#8211; 9\u00b0 Relat\u00f3rio 24Maio<\/a> (13 p\u00e1ginas)<\/p>\n<p><a href=\"https:\/\/litoral.ufpr.br\/observatoriolitoral\/wp-content\/uploads\/sites\/20\/2020\/05\/An\u00e1lise-Pandemia-do-Coronav\u00edrus-8\u00b0-Relat\u00f3rio-17Maio.pdf\">An\u00e1lise Pandemia do Coronav\u00edrus &#8211; 8\u00b0 Relat\u00f3rio 17Maio<\/a> (12 p\u00e1ginas)<\/p>\n<p><a href=\"https:\/\/litoral.ufpr.br\/observatoriolitoral\/wp-content\/uploads\/sites\/20\/2020\/05\/An\u00e1lise-Pandemia-do-Coronav\u00edrus-7\u00b0-Relat\u00f3rio-10Maio.pdf\">An\u00e1lise Pandemia do Coronav\u00edrus &#8211; 7\u00b0 Relat\u00f3rio 10Maio<\/a> (13 p\u00e1ginas)<\/p>\n<p><a href=\"https:\/\/litoral.ufpr.br\/observatoriolitoral\/wp-content\/uploads\/sites\/20\/2020\/05\/An\u00e1lise-Pandemia-do-Coronav\u00edrus-6\u00b0-Relat\u00f3rio-03Maio.pdf\">An\u00e1lise Pandemia do Coronav\u00edrus &#8211; 6\u00b0 Relat\u00f3rio 03Maio<\/a> (17 p\u00e1ginas)<\/p>\n<p><a href=\"https:\/\/litoral.ufpr.br\/observatoriolitoral\/wp-content\/uploads\/sites\/20\/2020\/04\/An\u00e1lise-Pandemia-do-Coronav\u00edrus-5\u00b0-Relat\u00f3rio-26Abr.pdf\">An\u00e1lise Pandemia do Coronav\u00edrus &#8211; 5\u00b0 Relat\u00f3rio 26Abr<\/a> (13 p\u00e1ginas)<\/p>\n<p><a href=\"https:\/\/litoral.ufpr.br\/observatoriolitoral\/wp-content\/uploads\/sites\/20\/2020\/04\/4\u00b0-Relat\u00f3rio-de-An\u00e1lise-Coronav\u00edrus-19Abr.pdf\">An\u00e1lise Pandemia do Coronav\u00edrus &#8211; 4\u00b0 Relat\u00f3rio 19Abr<\/a> (12 p\u00e1ginas)<\/p>\n<p><a href=\"https:\/\/litoral.ufpr.br\/observatoriolitoral\/wp-content\/uploads\/sites\/20\/2020\/04\/3\u00b0-Relat\u00f3rio-de-An\u00e1lise-Coronav\u00edrus-12Abr.pdf\">An\u00e1lise Pandemia do Coronav\u00edrus &#8211; 3\u00b0 Relat\u00f3rio 12Abr<\/a> (12 p\u00e1ginas)<\/p>\n<p><a href=\"https:\/\/litoral.ufpr.br\/observatoriolitoral\/wp-content\/uploads\/sites\/20\/2020\/04\/2\u00b0-Relat\u00f3rio-de-An\u00e1lise-Coronav\u00edrus-06Abr.pdf\">An\u00e1lise Pandemia do Coronav\u00edrus &#8211; 2\u00b0 Relat\u00f3rio 06Abr\u00a0<\/a> (13 p\u00e1ginas)<\/p>\n<p><a href=\"https:\/\/litoral.ufpr.br\/observatoriolitoral\/wp-content\/uploads\/sites\/20\/2020\/03\/An\u00e1lise-Coronav\u00edrus-29Mar20.pdf\">An\u00e1lise Pandemia do Coronav\u00edrus &#8211; 1\u00b0 Relat\u00f3rio 29Mar<\/a> (10 p\u00e1ginas)<\/p>\n<p><strong>Mapas do Mundo<\/strong><\/p>\n<p><a href=\"https:\/\/litoral.ufpr.br\/observatoriolitoral\/wp-content\/uploads\/sites\/20\/2020\/05\/Mundo-19Maio.pdf\">Mundo &#8211; 19Maio<\/a> (3 Mapas)<\/p>\n<p><a href=\"https:\/\/litoral.ufpr.br\/observatoriolitoral\/wp-content\/uploads\/sites\/20\/2020\/05\/Mundo-13Maio.pdf\">Mundo &#8211; 13Maio<\/a> (2 Mapas)<\/p>\n<p><a href=\"https:\/\/litoral.ufpr.br\/observatoriolitoral\/wp-content\/uploads\/sites\/20\/2020\/05\/Mundo-04Maio.pdf\">Mundo &#8211; 04Maio<\/a> (2 Mapas)<\/p>\n<p><a href=\"https:\/\/litoral.ufpr.br\/observatoriolitoral\/wp-content\/uploads\/sites\/20\/2020\/04\/Mundo-27Abr.pdf\">Mundo &#8211; 27Abr<\/a> (3 Mapas)<\/p>\n<p><a href=\"https:\/\/litoral.ufpr.br\/observatoriolitoral\/wp-content\/uploads\/sites\/20\/2020\/04\/Mundo-19Abr.pdf\">Mundo &#8211; 19Abr<\/a> (2 Mapas)<\/p>\n<p><a href=\"https:\/\/litoral.ufpr.br\/observatoriolitoral\/wp-content\/uploads\/sites\/20\/2020\/04\/Mundo-16Abr.pdf\">Mundo &#8211; 16Abr<\/a> (2 Mapas)<\/p>\n<p><a href=\"https:\/\/litoral.ufpr.br\/observatoriolitoral\/wp-content\/uploads\/sites\/20\/2020\/04\/Mundo-10Abr.pdf\">Mundo &#8211; 10Abr<\/a> (2 Mapas)<\/p>\n<p><a href=\"https:\/\/litoral.ufpr.br\/observatoriolitoral\/wp-content\/uploads\/sites\/20\/2020\/04\/Mundo-06Abr.pdf\">Mundo &#8211; 06Abr<\/a> (1 Mapa)<\/p>\n<p><a href=\"https:\/\/litoral.ufpr.br\/observatoriolitoral\/wp-content\/uploads\/sites\/20\/2020\/03\/Mundo-18Mar-3-Mapas.pdf\">Mundo &#8211; 18Mar &#8211; Confirmados &#8211; Transmiss\u00e3o &#8211; \u00d3bitos e Letalidade<\/a>\u00a0 (3Mapas)<\/p>\n<p><strong>Mapas Brasil por Munic\u00edpios<br \/><\/strong><\/p>\n<p><a href=\"https:\/\/litoral.ufpr.br\/observatoriolitoral\/wp-content\/uploads\/sites\/20\/2020\/06\/Mun-Brasil-04-Junho.pdf\">Mun Brasil &#8211; 04 Junho<\/a> (3 Mapas)<\/p>\n<p><a href=\"https:\/\/litoral.ufpr.br\/observatoriolitoral\/wp-content\/uploads\/sites\/20\/2020\/05\/Mun-Brasil-21Maio.pdf\">Mun Brasil &#8211; 21Maio<\/a> (3 Mapas)<\/p>\n<p><a href=\"https:\/\/litoral.ufpr.br\/observatoriolitoral\/wp-content\/uploads\/sites\/20\/2020\/05\/Mun_Brasil-e-Rodovias-2-Mapas-18Maio-1.pdf\">Mun_Brasil e Rodovias &#8211; 2 Mapas &#8211; 18Maio<\/a> (2 Mapas &#8211; Colab. Andr\u00e9 R. Nagy)<\/p>\n<p><a href=\"https:\/\/litoral.ufpr.br\/observatoriolitoral\/wp-content\/uploads\/sites\/20\/2020\/05\/Mun_Brasil-e-Rodovias-7-Mapas-14Maio.pdf\">Mun_Brasil e Rodovias &#8211; 7 Mapas &#8211; 14Maio<\/a> (7 Mapas)<\/p>\n<p><strong>Mapas dos Estados<\/strong><\/p>\n<p><a href=\"https:\/\/litoral.ufpr.br\/observatoriolitoral\/wp-content\/uploads\/sites\/20\/2020\/05\/UF-Coronav\u00edrus-04Maio.pdf\">UF &#8211; Coronav\u00edrus &#8211; 04Maio<\/a> (3 Mapas)<\/p>\n<p><a href=\"https:\/\/litoral.ufpr.br\/observatoriolitoral\/wp-content\/uploads\/sites\/20\/2020\/04\/UF-Coronav\u00edrus-26Abr.pdf\">UF &#8211; Coronav\u00edrus &#8211; 26Abr<\/a> (2 Mapas)<\/p>\n<p><a href=\"https:\/\/litoral.ufpr.br\/observatoriolitoral\/wp-content\/uploads\/sites\/20\/2020\/04\/UF-Coronav\u00edrus-22Abr.pdf\">UF &#8211; Coronav\u00edrus &#8211; 22Abr<\/a> (2 Mapas)<\/p>\n<p><a href=\"https:\/\/litoral.ufpr.br\/observatoriolitoral\/wp-content\/uploads\/sites\/20\/2020\/04\/UF-Coronav\u00edrus-15Abr.pdf\">UF &#8211; Coronav\u00edrus &#8211; 15Abr<\/a> (3 Mapas)<\/p>\n<p><a href=\"https:\/\/litoral.ufpr.br\/observatoriolitoral\/wp-content\/uploads\/sites\/20\/2020\/04\/UF-Coronav\u00edrus-12Abr.pdf\">UF &#8211; Coronav\u00edrus &#8211; 12Abr<\/a> (4 Mapas)<\/p>\n<p><a href=\"https:\/\/litoral.ufpr.br\/observatoriolitoral\/wp-content\/uploads\/sites\/20\/2020\/04\/UF-Coronav\u00edrus-08Abr.pdf\">UF &#8211; Coronav\u00edrus &#8211; 08Abr<\/a> (3 Mapas)<\/p>\n<p><a href=\"https:\/\/litoral.ufpr.br\/observatoriolitoral\/wp-content\/uploads\/sites\/20\/2020\/04\/UF-Coronav\u00edrus-05Abr.pdf\">UF &#8211; Coronav\u00edrus &#8211; 05Abr<\/a> (2 Mapas)<\/p>\n<p><a href=\"https:\/\/litoral.ufpr.br\/observatoriolitoral\/wp-content\/uploads\/sites\/20\/2020\/04\/UF-Coronav\u00edrus-02Abr.pdf\">UF &#8211; Coronav\u00edrus &#8211; 02Abr<\/a> (2 Mapas)<\/p>\n<p><a href=\"https:\/\/litoral.ufpr.br\/observatoriolitoral\/wp-content\/uploads\/sites\/20\/2020\/04\/UF-Coronav\u00edrus-31Mar.pdf\">UF &#8211; Coronav\u00edrus &#8211; 31Mar<\/a> (2 Mapas)<\/p>\n<p><a href=\"https:\/\/litoral.ufpr.br\/observatoriolitoral\/wp-content\/uploads\/sites\/20\/2020\/03\/UF-Coronav\u00edrus-18Mar.pdf\">UF &#8211; Coronav\u00edrus &#8211; 18Mar<\/a> (2 Mapas)<\/p>\n<p><strong>Mapas das Regi\u00f5es Brasileiras<\/strong><\/p>\n<p><a href=\"https:\/\/litoral.ufpr.br\/observatoriolitoral\/wp-content\/uploads\/sites\/20\/2020\/06\/Mun-Sul-Casos-Semanas-Epidemiol\u00f3gicas-15-a-21.pdf\">Mun Sul &#8211; Casos Semanas Epidemiol\u00f3gicas 15 a 21<\/a> (7 Mapas &#8211; Colab. Andr\u00e9 Nagy)<\/p>\n<p><a href=\"https:\/\/litoral.ufpr.br\/observatoriolitoral\/wp-content\/uploads\/sites\/20\/2020\/05\/Mun_Sul_Novos-Casos-por-semana-de-30Mar-a-18Maio.pdf\">Mun_Sul_Novos Casos por semana &#8211; de 30Mar a 18Maio<\/a> (7 Mapas &#8211; Colab. Andr\u00e9 Nagy)<\/p>\n<p><a href=\"https:\/\/litoral.ufpr.br\/observatoriolitoral\/wp-content\/uploads\/sites\/20\/2020\/05\/Centro-oeste-Covid-19-12-Maio.pdf\">Centro-oeste &#8211; Covid-19 &#8211; 12 Maio<\/a> (5 Mapas)<\/p>\n<p><a href=\"https:\/\/litoral.ufpr.br\/observatoriolitoral\/wp-content\/uploads\/sites\/20\/2020\/05\/Nordeste-Covid-19-12-Maio.pdf\">Nordeste &#8211; Covid-19 &#8211; 12 Maio<\/a> (6 Mapas)<\/p>\n<p><a href=\"https:\/\/litoral.ufpr.br\/observatoriolitoral\/wp-content\/uploads\/sites\/20\/2020\/05\/Norte-Covid-19-12-Maio.pdf\">Norte &#8211; Covid-19 &#8211; 12 Maio<\/a> (5 Mapas)<\/p>\n<p><a href=\"https:\/\/litoral.ufpr.br\/observatoriolitoral\/wp-content\/uploads\/sites\/20\/2020\/05\/Sudeste-Covid-19-12-Maio.pdf\">Sudeste &#8211; Covid-19 &#8211; 12 Maio<\/a> (6 Mapas)<\/p>\n<p><a href=\"https:\/\/litoral.ufpr.br\/observatoriolitoral\/wp-content\/uploads\/sites\/20\/2020\/05\/Sul-Covid-19-12-Maio-Principais-Vetores-de-Transmiss\u00e3o.pdf\">Sul &#8211; Covid-19 &#8211; 12 Maio &#8211; Principais Vetores de Transmiss\u00e3o<\/a> (1 Mapa)<\/p>\n<p><a href=\"https:\/\/litoral.ufpr.br\/observatoriolitoral\/wp-content\/uploads\/sites\/20\/2020\/05\/Sul-Covid-19-12-Maio-gvSIG-com-Rodovias-DNIT.pdf\">Sul &#8211; Covid-19 &#8211; 12 Maio &#8211; gvSIG com Rodovias DNIT<\/a> (1 Mapa)<\/p>\n<p><a href=\"https:\/\/litoral.ufpr.br\/observatoriolitoral\/wp-content\/uploads\/sites\/20\/2020\/05\/Sul-Covid-19-12-Maio.pdf\">Sul &#8211; Covid-19 &#8211; 12 Maio<\/a> (6 Mapas)<\/p>\n<p><a href=\"https:\/\/litoral.ufpr.br\/observatoriolitoral\/wp-content\/uploads\/sites\/20\/2020\/05\/Sul-Covid-19-11-Maio.pdf\">Sul &#8211; Covid-19 &#8211; 11 Maio<\/a> (2 Mapas)<\/p>\n<p><strong>Mapas dos Munic\u00edpios do PR<\/strong><\/p>\n<p><a href=\"https:\/\/litoral.ufpr.br\/observatoriolitoral\/wp-content\/uploads\/sites\/20\/2020\/05\/PR-Coronav\u00edrus-10Maio.pdf\">PR &#8211; Coronav\u00edrus 10Maio<\/a> (2 Mapas)<\/p>\n<p><a href=\"https:\/\/litoral.ufpr.br\/observatoriolitoral\/wp-content\/uploads\/sites\/20\/2020\/05\/PR-Coronav\u00edrus-07Maio.pdf\">PR &#8211; Coronav\u00edrus 07Maio<\/a> (2 Mapas)<\/p>\n<p><a href=\"https:\/\/litoral.ufpr.br\/observatoriolitoral\/wp-content\/uploads\/sites\/20\/2020\/05\/PR-Coronav\u00edrus-04Maio.pdf\">PR &#8211; Coronav\u00edrus 04Maio<\/a> (3 Mapas)<\/p>\n<p><a href=\"https:\/\/litoral.ufpr.br\/observatoriolitoral\/wp-content\/uploads\/sites\/20\/2020\/04\/PR-Coronav\u00edrus-28Abr.pdf\">PR &#8211; Coronav\u00edrus 28Abr<\/a> (2 Mapas)<\/p>\n<p><a href=\"https:\/\/litoral.ufpr.br\/observatoriolitoral\/wp-content\/uploads\/sites\/20\/2020\/04\/PR-Coronav\u00edrus-23Abr.pdf\">PR &#8211; Coronav\u00edrus 23Abr<\/a> (2 Mapas)<\/p>\n<p><a href=\"https:\/\/litoral.ufpr.br\/observatoriolitoral\/wp-content\/uploads\/sites\/20\/2020\/04\/PR-Coronav\u00edrus-21Abr.pdf\">PR &#8211; Coronav\u00edrus 21Abr<\/a> (2 Mapas)<\/p>\n<p><a href=\"https:\/\/litoral.ufpr.br\/observatoriolitoral\/wp-content\/uploads\/sites\/20\/2020\/04\/PR-Coronav\u00edrus-17-e-19Abr.pdf\">PR &#8211; Coronav\u00edrus &#8211; 17 e 19Abr<\/a> (3 Mapas)<\/p>\n<p><a href=\"https:\/\/litoral.ufpr.br\/observatoriolitoral\/wp-content\/uploads\/sites\/20\/2020\/04\/PR-Coronav\u00edrus-15Abr.pdf\">PR &#8211; Coronav\u00edrus &#8211; 15Abr<\/a> (2 Mapas)<\/p>\n<p><a href=\"https:\/\/litoral.ufpr.br\/observatoriolitoral\/wp-content\/uploads\/sites\/20\/2020\/04\/PR-Coronav\u00edrus-13Abr.pdf\">PR &#8211; Coronav\u00edrus &#8211; 13Abr<\/a> (2 Mapas)<\/p>\n<p><a href=\"https:\/\/litoral.ufpr.br\/observatoriolitoral\/wp-content\/uploads\/sites\/20\/2020\/04\/PR-Coronav\u00edrus-12Abr.pdf\">PR &#8211; Coronav\u00edrus &#8211; 12Abr<\/a> (5 Mapas)<\/p>\n<p><a href=\"https:\/\/litoral.ufpr.br\/observatoriolitoral\/wp-content\/uploads\/sites\/20\/2020\/04\/PR-Coronav\u00edrus-08Abr.pdf\">PR &#8211; Coronav\u00edrus &#8211; 08Abr<\/a> (2 Mapas)<\/p>\n<p><a href=\"https:\/\/litoral.ufpr.br\/observatoriolitoral\/wp-content\/uploads\/sites\/20\/2020\/04\/PR-Coronav\u00edrus-07Abr.pdf\">PR &#8211; Coronav\u00edrus &#8211; 07Abr<\/a> (1 Mapa)<\/p>\n<p><a href=\"https:\/\/litoral.ufpr.br\/observatoriolitoral\/wp-content\/uploads\/sites\/20\/2020\/04\/PR-Coronav\u00edrus-06Abr.pdf\">PR &#8211; Coronav\u00edrus &#8211; 06Abr<\/a> (1 Mapa)<\/p>\n<p><a href=\"https:\/\/litoral.ufpr.br\/observatoriolitoral\/wp-content\/uploads\/sites\/20\/2020\/04\/PR-Coronav\u00edrus-05Abr.pdf\">PR &#8211; Coronav\u00edrus &#8211; 05Abr<\/a> (2 Mapas)<\/p>\n<p><a href=\"https:\/\/litoral.ufpr.br\/observatoriolitoral\/wp-content\/uploads\/sites\/20\/2020\/04\/PR-Coronav\u00edrus-03Abr.pdf\">PR &#8211; Coronav\u00edrus &#8211; 03Abr<\/a> (1 Mapa)<\/p>\n<p><a href=\"https:\/\/litoral.ufpr.br\/observatoriolitoral\/wp-content\/uploads\/sites\/20\/2020\/04\/PR-Coronav\u00edrus-02Abr.pdf\">PR &#8211; Coronav\u00edrus &#8211; 02Abr<\/a> (1 Mapa)<\/p>\n<p><a href=\"https:\/\/litoral.ufpr.br\/observatoriolitoral\/wp-content\/uploads\/sites\/20\/2020\/04\/PR-Coronav\u00edrus-01Abr.pdf\">PR &#8211; Coronav\u00edrus &#8211; 01Abr<\/a> (1 Mapa)<\/p>\n<p><a href=\"https:\/\/litoral.ufpr.br\/observatoriolitoral\/wp-content\/uploads\/sites\/20\/2020\/04\/PR-Coronav\u00edrus-31Mar-com-Tx-Urb.pdf\">PR &#8211; Coronav\u00edrus &#8211; 31Mar<\/a> (1 Mapa)<\/p>\n<p><a href=\"https:\/\/litoral.ufpr.br\/observatoriolitoral\/wp-content\/uploads\/sites\/20\/2020\/03\/PR-Coronav\u00edrus-29-e-30Mar.pdf\">PR &#8211; Coronav\u00edrus &#8211; 29 e 30Mar<\/a> (2 Mapas)<\/p>\n<p><a href=\"https:\/\/litoral.ufpr.br\/observatoriolitoral\/wp-content\/uploads\/sites\/20\/2020\/03\/PR-Coronav\u00edrus-26Mar.pdf\">PR &#8211; Coronav\u00edrus &#8211; 26Mar<\/a> (2 Mapas)<\/p>\n<p><a href=\"https:\/\/litoral.ufpr.br\/observatoriolitoral\/wp-content\/uploads\/sites\/20\/2020\/03\/PR-Coronav\u00edrus-24Mar.pdf\">PR &#8211; Coronav\u00edrus &#8211; 24Mar<\/a> (1 Mapa)<\/p>\n<p><a href=\"https:\/\/litoral.ufpr.br\/observatoriolitoral\/wp-content\/uploads\/sites\/20\/2020\/03\/PR-Coronav\u00edrus-21-a-23Mar.pdf\">PR &#8211; Coronav\u00edrus &#8211; 21 a 23Mar<\/a> (1 Mapa)<\/p>\n<p><a href=\"https:\/\/litoral.ufpr.br\/observatoriolitoral\/wp-content\/uploads\/sites\/20\/2020\/03\/PR-Coronav\u00edrus-20Mar.pdf\">PR &#8211; Coronav\u00edrus &#8211; 20Mar<\/a> (1 Mapa)<\/p>\n<p><a href=\"https:\/\/litoral.ufpr.br\/observatoriolitoral\/wp-content\/uploads\/sites\/20\/2020\/03\/PR-Coronav\u00edrus-19Mar.pdf\">PR &#8211; Coronav\u00edrus &#8211; 19Mar<\/a>\u00a0 (1 Mapa)<\/p>\n<p><a href=\"https:\/\/litoral.ufpr.br\/observatoriolitoral\/wp-content\/uploads\/sites\/20\/2020\/03\/Coronav\u00edrus-18Mar.pdf\">PR &#8211; Coronav\u00edrus &#8211; 18Mar<\/a> (2 mapas)<\/p>\n<p><a href=\"https:\/\/litoral.ufpr.br\/observatoriolitoral\/wp-content\/uploads\/sites\/20\/2020\/03\/Coronav\u00edrus-17Mar.pdf\">PR &#8211; Coronav\u00edrus &#8211; 17Mar <\/a>\u00a0(2 Mapas)<\/p>\n<p><a href=\"https:\/\/litoral.ufpr.br\/observatoriolitoral\/wp-content\/uploads\/sites\/20\/2020\/03\/Coronav\u00edrus-16Mar.pdf\">PR &#8211; Coronav\u00edrus &#8211; 16Mar<\/a> (1 Mapa)<\/p>\n<p><strong>Mapa dos Munic\u00edpios do RS<\/strong><\/p>\n<p><a href=\"https:\/\/litoral.ufpr.br\/observatoriolitoral\/wp-content\/uploads\/sites\/20\/2020\/03\/RS-Coronav\u00edrus-19Mar.pdf\">RS &#8211; Coronav\u00edrus &#8211; 19Mar<\/a>\u00a0(1 Mapa)<\/p>\n<p><a href=\"https:\/\/litoral.ufpr.br\/observatoriolitoral\/wp-content\/uploads\/sites\/20\/2020\/05\/Mat\u00e9ria-Folha-do-Litoral-18Maio-2020.pdf\">Mat\u00e9ria Folha do Litoral &#8211; 20Maio 2020<\/a><\/p>\n<p>\u00a0<\/p>\n<hr \/><hr \/>\n\n\n<p>Publica\u00e7\u00f5es anteriores:<\/p>\n\n\n\n<p><a href=\"https:\/\/litoral.ufpr.br\/observatoriolitoral\/wp-content\/uploads\/sites\/20\/2018\/09\/Observat\u00f3rio-do-Litoral-PR-Elei\u00e7\u00f5es-2018-1\u00b0-Turno.pdf\">Elei\u00e7\u00f5es Presidenciais 2018 no PR &#8211; 1\u00b0 Turno<\/a><\/p>\n","protected":false},"excerpt":{"rendered":"<p>Edital bolsa OLP 2020 (Edital de Sele\u00e7\u00e3o de Bolsas Emergenciais &#8211; Link da Inscri\u00e7\u00e3o) Coronav\u00edrus &#8211; Mapas An\u00e1lise Compreens\u00e3o do avan\u00e7o da Covid-19 em 29Maio2020 (17 p\u00e1ginas) An\u00e1lise Pandemia do Coronav\u00edrus &#8211; 9\u00b0 Relat\u00f3rio 24Maio (13 p\u00e1ginas) An\u00e1lise Pandemia do Coronav\u00edrus &#8211; 8\u00b0 Relat\u00f3rio 17Maio (12 p\u00e1ginas) An\u00e1lise Pandemia do Coronav\u00edrus &#8211; 7\u00b0 Relat\u00f3rio 10Maio [&hellip;]<\/p>\n","protected":false},"author":3,"featured_media":0,"parent":234,"menu_order":0,"comment_status":"closed","ping_status":"closed","template":"","meta":{"_acf_changed":false,"footnotes":""},"class_list":["post-238","page","type-page","status-publish","hentry"],"acf":[],"_links":{"self":[{"href":"https:\/\/litoral.ufpr.br\/observatoriolitoral\/wp-json\/wp\/v2\/pages\/238","targetHints":{"allow":["GET"]}}],"collection":[{"href":"https:\/\/litoral.ufpr.br\/observatoriolitoral\/wp-json\/wp\/v2\/pages"}],"about":[{"href":"https:\/\/litoral.ufpr.br\/observatoriolitoral\/wp-json\/wp\/v2\/types\/page"}],"author":[{"embeddable":true,"href":"https:\/\/litoral.ufpr.br\/observatoriolitoral\/wp-json\/wp\/v2\/users\/3"}],"replies":[{"embeddable":true,"href":"https:\/\/litoral.ufpr.br\/observatoriolitoral\/wp-json\/wp\/v2\/comments?post=238"}],"version-history":[{"count":94,"href":"https:\/\/litoral.ufpr.br\/observatoriolitoral\/wp-json\/wp\/v2\/pages\/238\/revisions"}],"predecessor-version":[{"id":870,"href":"https:\/\/litoral.ufpr.br\/observatoriolitoral\/wp-json\/wp\/v2\/pages\/238\/revisions\/870"}],"up":[{"embeddable":true,"href":"https:\/\/litoral.ufpr.br\/observatoriolitoral\/wp-json\/wp\/v2\/pages\/234"}],"wp:attachment":[{"href":"https:\/\/litoral.ufpr.br\/observatoriolitoral\/wp-json\/wp\/v2\/media?parent=238"}],"curies":[{"name":"wp","href":"https:\/\/api.w.org\/{rel}","templated":true}]}}