{"id":226,"date":"2018-09-21T08:28:12","date_gmt":"2018-09-21T11:28:12","guid":{"rendered":"https:\/\/litoral.ufpr.br\/observatoriolitoral\/?page_id=226"},"modified":"2020-11-23T10:51:22","modified_gmt":"2020-11-23T13:51:22","slug":"arquivos-shapefile","status":"publish","type":"page","link":"https:\/\/litoral.ufpr.br\/observatoriolitoral\/geodados\/arquivos-shapefile\/","title":{"rendered":"Arquivos Shapefile"},"content":{"rendered":"<p>(novo &#8211; Nov 2020) <a href=\"https:\/\/drive.google.com\/drive\/folders\/1QGdN9rzcoAyaUFqicCq7CrUT-4osFuao?usp=sharing\">Arquivos Tutoriais Crie Seus Mapas Paranagu\u00e1<\/a><\/p>\n<p><a href=\"https:\/\/drive.google.com\/drive\/folders\/17ro0i9JvmAQ59sI_-T4eLl6CAegCctBi?usp=sharing\">Arquivos completos utilizados Mapas Covid19 14Maio20<\/a><\/p>\n<p><a href=\"https:\/\/drive.google.com\/drive\/folders\/1umWCuvliO-cuUisEimYUtZvV1c9KoWmp?usp=sharing\">Arquivos para os Mapas Coronav\u00edrus &#8211; Mundo, Estados e Mun PR<\/a><\/p>\n<p><a href=\"https:\/\/litoral.ufpr.br\/observatoriolitoral\/wp-content\/uploads\/sites\/20\/2018\/09\/Alagamentos-Caiob\u00e1-Janeiro-2010.rar\">Alagamentos Caiob\u00e1 Janeiro 2010<\/a><\/p>\n<p><a href=\"https:\/\/litoral.ufpr.br\/observatoriolitoral\/wp-content\/uploads\/sites\/20\/2018\/09\/Ba\u00eda-e-Oceano.rar\">Ba\u00eda e Oceano<\/a><\/p>\n<p><a href=\"https:\/\/litoral.ufpr.br\/observatoriolitoral\/wp-content\/uploads\/sites\/20\/2018\/09\/Baixios-\u00c1guas-com-Profundidade-at\u00e9-1m.rar\">Baixios &#8211; \u00c1guas com Profundidade at\u00e9 1m<\/a><\/p>\n<p><a href=\"https:\/\/litoral.ufpr.br\/observatoriolitoral\/wp-content\/uploads\/sites\/20\/2018\/09\/Batimetria-Oce\u00e2nica-Is\u00f3batas.rar\">Batimetria Oce\u00e2nica &#8211; Is\u00f3batas<\/a><\/p>\n<p>(novo) <a href=\"https:\/\/litoral.ufpr.br\/observatoriolitoral\/wp-content\/uploads\/sites\/20\/2019\/09\/334-IFES-shape-e-kml.rar\">334 IFES &#8211; shape e kml<\/a> &#8211; Campi na Sede e no interior &#8211; Forcampi<\/p>\n<p><a href=\"https:\/\/litoral.ufpr.br\/observatoriolitoral\/wp-content\/uploads\/sites\/20\/2018\/09\/Continente.rar\">Continente<\/a><\/p>\n<p><a href=\"https:\/\/litoral.ufpr.br\/observatoriolitoral\/wp-content\/uploads\/sites\/20\/2018\/09\/Curvas-de-N\u00edvel-Litoral-PR-1.rar\">Curvas de N\u00edvel Litoral PR<\/a><\/p>\n<p><a href=\"https:\/\/litoral.ufpr.br\/observatoriolitoral\/wp-content\/uploads\/sites\/20\/2018\/09\/Declividade-ITCG.rar\">Declividade &#8211; ITCG<\/a><\/p>\n<p>(Novo) <a href=\"https:\/\/litoral.ufpr.br\/observatoriolitoral\/wp-content\/uploads\/sites\/20\/2019\/07\/261_Escolas_Litoral_NRE-Nov2013.rar\">261_Escolas_Litoral_NRE-Nov2013<\/a><\/p>\n<p><a href=\"https:\/\/litoral.ufpr.br\/observatoriolitoral\/wp-content\/uploads\/sites\/20\/2018\/09\/Estradas-e-Ferrovia.rar\">Estradas e Ferrovia<\/a><\/p>\n<p><a href=\"https:\/\/litoral.ufpr.br\/observatoriolitoral\/wp-content\/uploads\/sites\/20\/2018\/09\/Farinheiras-2013-Programa-Farinheiras-UFPR-Litoral.rar\">Farinheiras 2013 &#8211; Programa Farinheiras UFPR Litoral<\/a><\/p>\n<p><a href=\"https:\/\/litoral.ufpr.br\/observatoriolitoral\/wp-content\/uploads\/sites\/20\/2018\/09\/Guaraque\u00e7aba-Curvas_Edifica\u00e7\u00f5es-Ruas-Rios-LTM-LPM.rar\">Guaraque\u00e7aba-Curvas_Edifica\u00e7\u00f5es-Ruas-Rios-LTM-LPM<\/a><\/p>\n<p><a href=\"https:\/\/litoral.ufpr.br\/observatoriolitoral\/wp-content\/uploads\/sites\/20\/2018\/09\/Guaratuba-Bairros-Constru\u00e7\u00f5es-Lotes-Rios-LTM_LPM.rar\">Guaratuba &#8211; Bairros-Constru\u00e7\u00f5es-Lotes-Rios-LTM_LPM<\/a><\/p>\n<p>(Novo) Lotes Urbanos Matinhos &#8211;\u00a0<a href=\"https:\/\/litoral.ufpr.br\/observatoriolitoral\/wp-content\/uploads\/sites\/20\/2019\/09\/22888_Lotes_Matinhos_2015.rar\">22888_Lotes_Matinhos_2015<\/a><\/p>\n<p>(Novo-20set19) <a href=\"https:\/\/litoral.ufpr.br\/observatoriolitoral\/wp-content\/uploads\/sites\/20\/2019\/09\/Malhas-Planilhas-CENSO-2010-Litoral-Philcarto_20set19.rar\">Malhas-Planilhas-CENSO-2010-Litoral-Philcarto_20set19<\/a><\/p>\n<p>(Novo-10out19)<a href=\"https:\/\/litoral.ufpr.br\/observatoriolitoral\/wp-content\/uploads\/sites\/20\/2019\/10\/01_Planilha-Completa-Litoral-PR-Setores-Paranagu\u00e1.rar\"> Planilha Completa Litoral PR &#8211; Setores Paranagu\u00e1<\/a><\/p>\n<p><a href=\"https:\/\/litoral.ufpr.br\/observatoriolitoral\/wp-content\/uploads\/sites\/20\/2018\/09\/Manguezais.rar\">Manguezais<\/a><\/p>\n<p><a href=\"https:\/\/litoral.ufpr.br\/observatoriolitoral\/wp-content\/uploads\/sites\/20\/2018\/09\/Morretes-Edifica\u00e7\u00f5es-e-Ruas.rar\">Morretes &#8211; Edifica\u00e7\u00f5es e Ruas<\/a><\/p>\n<p><a href=\"https:\/\/litoral.ufpr.br\/observatoriolitoral\/wp-content\/uploads\/sites\/20\/2018\/09\/Munic\u00edpios-do-Litoral-PR.rar\">Munic\u00edpios do Litoral PR<\/a><\/p>\n<p><a href=\"https:\/\/litoral.ufpr.br\/observatoriolitoral\/wp-content\/uploads\/sites\/20\/2018\/09\/Parque-Saint-Hillaire_Lange-Limites-ICMBio.rar\">Parque Saint-Hillaire_Lange &#8211; Limites ICMBio<\/a><\/p>\n<p><a href=\"https:\/\/litoral.ufpr.br\/observatoriolitoral\/wp-content\/uploads\/sites\/20\/2018\/09\/Rios-Principais-e-Secund\u00e1rios.rar\">Rios Principais e Secund\u00e1rios<\/a><\/p>\n<p><a href=\"https:\/\/litoral.ufpr.br\/observatoriolitoral\/wp-content\/uploads\/sites\/20\/2018\/09\/Ruas-Guaraque\u00e7aba-Guaratuba-Matinhos-Morretes-Paranagu\u00e1-Pontal.rar\">Ruas-Guaraque\u00e7aba-Guaratuba-Matinhos-Morretes-Paranagu\u00e1-Pontal<\/a><\/p>\n<p><a href=\"https:\/\/litoral.ufpr.br\/observatoriolitoral\/wp-content\/uploads\/sites\/20\/2018\/09\/Sambaquis-Pontal-e-Matinhos-Livro-Bigarella.rar\">Sambaquis &#8211; Pontal e Matinhos &#8211; Livro Bigarella<\/a><\/p>\n<p><a href=\"https:\/\/litoral.ufpr.br\/observatoriolitoral\/wp-content\/uploads\/sites\/20\/2018\/09\/Solos-Embrapa-2008.rar\">Solos &#8211; Embrapa 2008<\/a><\/p>\n<p><a href=\"https:\/\/litoral.ufpr.br\/observatoriolitoral\/wp-content\/uploads\/sites\/20\/2018\/09\/Unidades-de-Conserva\u00e7\u00e3o.rar\">Unidades de Conserva\u00e7\u00e3o<\/a><\/p>\n","protected":false},"excerpt":{"rendered":"<p>(novo &#8211; Nov 2020) Arquivos Tutoriais Crie Seus Mapas Paranagu\u00e1 Arquivos completos utilizados Mapas Covid19 14Maio20 Arquivos para os Mapas Coronav\u00edrus &#8211; Mundo, Estados e Mun PR Alagamentos Caiob\u00e1 Janeiro 2010 Ba\u00eda e Oceano Baixios &#8211; \u00c1guas com Profundidade at\u00e9 1m Batimetria Oce\u00e2nica &#8211; Is\u00f3batas (novo) 334 IFES &#8211; shape e kml &#8211; Campi na [&hellip;]<\/p>\n","protected":false},"author":3,"featured_media":0,"parent":224,"menu_order":0,"comment_status":"closed","ping_status":"closed","template":"","meta":{"_acf_changed":false,"footnotes":""},"class_list":["post-226","page","type-page","status-publish","hentry"],"acf":[],"_links":{"self":[{"href":"https:\/\/litoral.ufpr.br\/observatoriolitoral\/wp-json\/wp\/v2\/pages\/226","targetHints":{"allow":["GET"]}}],"collection":[{"href":"https:\/\/litoral.ufpr.br\/observatoriolitoral\/wp-json\/wp\/v2\/pages"}],"about":[{"href":"https:\/\/litoral.ufpr.br\/observatoriolitoral\/wp-json\/wp\/v2\/types\/page"}],"author":[{"embeddable":true,"href":"https:\/\/litoral.ufpr.br\/observatoriolitoral\/wp-json\/wp\/v2\/users\/3"}],"replies":[{"embeddable":true,"href":"https:\/\/litoral.ufpr.br\/observatoriolitoral\/wp-json\/wp\/v2\/comments?post=226"}],"version-history":[{"count":25,"href":"https:\/\/litoral.ufpr.br\/observatoriolitoral\/wp-json\/wp\/v2\/pages\/226\/revisions"}],"predecessor-version":[{"id":13328,"href":"https:\/\/litoral.ufpr.br\/observatoriolitoral\/wp-json\/wp\/v2\/pages\/226\/revisions\/13328"}],"up":[{"embeddable":true,"href":"https:\/\/litoral.ufpr.br\/observatoriolitoral\/wp-json\/wp\/v2\/pages\/224"}],"wp:attachment":[{"href":"https:\/\/litoral.ufpr.br\/observatoriolitoral\/wp-json\/wp\/v2\/media?parent=226"}],"curies":[{"name":"wp","href":"https:\/\/api.w.org\/{rel}","templated":true}]}}