{"id":202,"date":"2018-09-21T08:22:27","date_gmt":"2018-09-21T11:22:27","guid":{"rendered":"https:\/\/litoral.ufpr.br\/observatoriolitoral\/?page_id=202"},"modified":"2023-05-08T17:23:40","modified_gmt":"2023-05-08T20:23:40","slug":"equipe-2","status":"publish","type":"page","link":"https:\/\/litoral.ufpr.br\/observatoriolitoral\/equipe-2\/","title":{"rendered":"Equipe"},"content":{"rendered":"<p><em>(ordem alfab\u00e9tica) <\/em><strong>Professores e T\u00e9cnicos:<\/strong><\/p>\n<p>Dra. Let\u00edcia A. Duarte (<a href=\"mailto:leticia27duarte@gmail.com\">leticia27duarte@gmail.com<\/a>)<\/p>\n<p>Dr. Luiz F. de Carli Lautert (<a href=\"mailto:luizlautert2@gmail.com\">luizlautert2@gmail.com<\/a>);<\/p>\n<p>Dr. Marcelo Cunha Varella (<a href=\"mailto:mvarella@hotmail.com\">mvarella@hotmail.com<\/a>);<\/p>\n<p>Dr. Paulo E. Angelin (<a href=\"mailto:pauloangelin@yahoo.com.br\">pauloangelin@yahoo.com.br<\/a>);<\/p>\n<p>Dr. Rangel Angelotti  (<a href=\"mailto:rangelpontal@ufpr.br\">rangelpontal@ufpr.br<\/a>);<\/p>\n<p>Dr. Ricardo R. Monteiro\u00a0 (<a href=\"mailto:cosmo@ufpr.br\">cosmo@ufpr.br<\/a>);<\/p>\n<p>M.Sc. Simone F. Naves Angelin (<a href=\"mailto:sinaves@yahoo.com.br\">sinaves@yahoo.com.br<\/a>).<\/p>\n<p align=\"justify\"><strong>Bolsistas PROEC (Sele\u00e7\u00e3o 2020):<\/strong><\/p>\n<p align=\"justify\">Cristiane da Costa S. da Silva (<a href=\"mailto:cristianeadelso@gmail.com\">cristianeadelso@gmail.com<\/a>)<\/p>\n<p align=\"justify\">Laura B. R. Zimmermann (<a href=\"mailto:laurabzimmermann@gmail.com\">laurabzimmermann@gmail.com<\/a>)<\/p>\n<p align=\"justify\">Udson R. da Silva (<a href=\"mailto:udson_tuts@hotmail.com\">udson_tuts@hotmail.com<\/a>)<\/p>\n<p align=\"justify\">Vit\u00f3ria Caron A. Pinto (<a href=\"mailto:vitoriacaron729@gmail.com\">vitoriacaron729@gmail.com<\/a>)<\/p>\n<p align=\"justify\"><strong>Bolsistas PROEC (Sele\u00e7\u00e3o 2019):<\/strong><\/p>\n<p align=\"justify\">Luz Bosco Miranda (<a href=\"mailto:luzbosco8@gmail.com\">luzbosco8@gmail.com<\/a>)<\/p>\n<p align=\"justify\">Vit\u00f3ria Caron A. Pinto (<a href=\"mailto:vitoriacaron729@gmail.com\">vitoriacaron729@gmail.com<\/a>)<\/p>\n<p align=\"justify\"><strong>Alunos Volunt\u00e1rios:<\/strong><\/p>\n<p align=\"justify\">Jo\u00e3o Paulo de Melo Portes (<a href=\"mailto:joao.portes88@gmail.com\">joao.portes88@gmail.com<\/a>)<\/p>\n<p align=\"justify\">Rosi\u00e9li A. Gon\u00e7alves <em>(in memorian<\/em>)<\/p>\n<p align=\"justify\">\n<p align=\"justify\">\n<p align=\"justify\">\n<p align=\"justify\">\n","protected":false},"excerpt":{"rendered":"<p>(ordem alfab\u00e9tica) Professores e T\u00e9cnicos: Dra. Let\u00edcia A. Duarte (leticia27duarte@gmail.com) Dr. Luiz F. de Carli Lautert (luizlautert2@gmail.com); Dr. Marcelo Cunha Varella (mvarella@hotmail.com); Dr. Paulo E. Angelin (pauloangelin@yahoo.com.br); Dr. Rangel Angelotti (rangelpontal@ufpr.br); Dr. Ricardo R. Monteiro\u00a0 (cosmo@ufpr.br); M.Sc. Simone F. Naves Angelin (sinaves@yahoo.com.br). Bolsistas PROEC (Sele\u00e7\u00e3o 2020): Cristiane da Costa S. da Silva (cristianeadelso@gmail.com) Laura B. [&hellip;]<\/p>\n","protected":false},"author":3,"featured_media":0,"parent":0,"menu_order":0,"comment_status":"closed","ping_status":"closed","template":"","meta":{"_acf_changed":false,"footnotes":""},"class_list":["post-202","page","type-page","status-publish","hentry"],"acf":[],"_links":{"self":[{"href":"https:\/\/litoral.ufpr.br\/observatoriolitoral\/wp-json\/wp\/v2\/pages\/202","targetHints":{"allow":["GET"]}}],"collection":[{"href":"https:\/\/litoral.ufpr.br\/observatoriolitoral\/wp-json\/wp\/v2\/pages"}],"about":[{"href":"https:\/\/litoral.ufpr.br\/observatoriolitoral\/wp-json\/wp\/v2\/types\/page"}],"author":[{"embeddable":true,"href":"https:\/\/litoral.ufpr.br\/observatoriolitoral\/wp-json\/wp\/v2\/users\/3"}],"replies":[{"embeddable":true,"href":"https:\/\/litoral.ufpr.br\/observatoriolitoral\/wp-json\/wp\/v2\/comments?post=202"}],"version-history":[{"count":16,"href":"https:\/\/litoral.ufpr.br\/observatoriolitoral\/wp-json\/wp\/v2\/pages\/202\/revisions"}],"predecessor-version":[{"id":13376,"href":"https:\/\/litoral.ufpr.br\/observatoriolitoral\/wp-json\/wp\/v2\/pages\/202\/revisions\/13376"}],"wp:attachment":[{"href":"https:\/\/litoral.ufpr.br\/observatoriolitoral\/wp-json\/wp\/v2\/media?parent=202"}],"curies":[{"name":"wp","href":"https:\/\/api.w.org\/{rel}","templated":true}]}}