{"id":194,"date":"2018-09-21T08:19:37","date_gmt":"2018-09-21T11:19:37","guid":{"rendered":"https:\/\/litoral.ufpr.br\/observatoriolitoral\/?page_id=194"},"modified":"2021-11-25T14:49:50","modified_gmt":"2021-11-25T17:49:50","slug":"ibge","status":"publish","type":"page","link":"https:\/\/litoral.ufpr.br\/observatoriolitoral\/mapas-tematicos\/ibge\/","title":{"rendered":"Comunidades"},"content":{"rendered":"\n<p><a href=\"https:\/\/www.google.com\/maps\/d\/edit?mid=1NTQhv_2hzkea3q1fTVv2ZQ4a6PUBq-5U&amp;usp=sharing\">Mapa on line da Comunidade Nossa Senhora do Bom Sucesso, em Matinhos-PR<\/a><\/p>\n\n\n\n<p><a href=\"https:\/\/www.google.com\/maps\/d\/edit?mid=1hpgU9r_xdp_2eZO5Vc0LhAkQL3Xa4qrs&amp;usp=sharing\">Mapa de Im\u00f3veis que n\u00e3o cumprem a fun\u00e7\u00e3o social em Paranagu\u00e1<\/a><\/p>\n\n\n\n<p><a href=\"https:\/\/drive.google.com\/open?id=12V4-YnVnlT_28her5PAsA5EHSBWHlheE&amp;usp=sharing\">Mapa <em>on<\/em> <em>line<\/em> das a\u00e7\u00f5es p\u00fablicas e solid\u00e1rias de atendimento na pandemia do coronav\u00edrus no Litoral do PR<\/a><\/p>\n\n\n\n<p><\/p>\n","protected":false},"excerpt":{"rendered":"<p>Mapa on line da Comunidade Nossa Senhora do Bom Sucesso, em Matinhos-PR Mapa de Im\u00f3veis que n\u00e3o cumprem a fun\u00e7\u00e3o social em Paranagu\u00e1 Mapa on line das a\u00e7\u00f5es p\u00fablicas e solid\u00e1rias de atendimento na pandemia do coronav\u00edrus no Litoral do PR<\/p>\n","protected":false},"author":3,"featured_media":0,"parent":200,"menu_order":0,"comment_status":"closed","ping_status":"closed","template":"","meta":{"_acf_changed":false,"footnotes":""},"class_list":["post-194","page","type-page","status-publish","hentry"],"acf":[],"_links":{"self":[{"href":"https:\/\/litoral.ufpr.br\/observatoriolitoral\/wp-json\/wp\/v2\/pages\/194","targetHints":{"allow":["GET"]}}],"collection":[{"href":"https:\/\/litoral.ufpr.br\/observatoriolitoral\/wp-json\/wp\/v2\/pages"}],"about":[{"href":"https:\/\/litoral.ufpr.br\/observatoriolitoral\/wp-json\/wp\/v2\/types\/page"}],"author":[{"embeddable":true,"href":"https:\/\/litoral.ufpr.br\/observatoriolitoral\/wp-json\/wp\/v2\/users\/3"}],"replies":[{"embeddable":true,"href":"https:\/\/litoral.ufpr.br\/observatoriolitoral\/wp-json\/wp\/v2\/comments?post=194"}],"version-history":[{"count":6,"href":"https:\/\/litoral.ufpr.br\/observatoriolitoral\/wp-json\/wp\/v2\/pages\/194\/revisions"}],"predecessor-version":[{"id":13368,"href":"https:\/\/litoral.ufpr.br\/observatoriolitoral\/wp-json\/wp\/v2\/pages\/194\/revisions\/13368"}],"up":[{"embeddable":true,"href":"https:\/\/litoral.ufpr.br\/observatoriolitoral\/wp-json\/wp\/v2\/pages\/200"}],"wp:attachment":[{"href":"https:\/\/litoral.ufpr.br\/observatoriolitoral\/wp-json\/wp\/v2\/media?parent=194"}],"curies":[{"name":"wp","href":"https:\/\/api.w.org\/{rel}","templated":true}]}}