{"id":192,"date":"2018-09-21T08:19:26","date_gmt":"2018-09-21T11:19:26","guid":{"rendered":"https:\/\/litoral.ufpr.br\/observatoriolitoral\/?page_id=192"},"modified":"2024-07-31T10:14:51","modified_gmt":"2024-07-31T13:14:51","slug":"meio-ambiente","status":"publish","type":"page","link":"https:\/\/litoral.ufpr.br\/observatoriolitoral\/mapas-tematicos\/meio-ambiente\/","title":{"rendered":"Meio Ambiente"},"content":{"rendered":"<p>(novo)\u00a0<a href=\"https:\/\/www.google.com\/maps\/d\/edit?mid=1qP9sz4T_hEYIQzZBH7BdEJmKONX3ZhE&amp;usp=sharing\" target=\"_blank\" rel=\"noopener\">Mapa das enchentes no RS 2024<\/a> &#8211; Abrigos e Munic\u00edpios Afetados<\/p>\n<p>(novo) Brasil &#8211; 1.942 <a href=\"https:\/\/www.google.com\/maps\/d\/edit?mid=1Ty3n6keH7hzZQqLMlMTk2AEIAKsoJII&amp;usp=sharing\" target=\"_blank\" rel=\"noopener\">Munic\u00edpios em \u00c1reas de Risco<\/a> &#8211; 2024<\/p>\n<div id=\"attachment_326\" style=\"width: 179px\" class=\"wp-caption alignleft\"><a href=\"https:\/\/drive.google.com\/open?id=1s8dM2uvtTjwAsN-gyJTEGmDqnN0u9Gcf&amp;usp=sharing\"><img loading=\"lazy\" decoding=\"async\" aria-describedby=\"caption-attachment-326\" class=\"wp-image-326\" src=\"https:\/\/litoral.ufpr.br\/observatoriolitoral\/wp-content\/uploads\/sites\/20\/2018\/09\/Mapa-Ambiental-300x279.jpg\" alt=\"\" width=\"169\" height=\"157\" srcset=\"https:\/\/litoral.ufpr.br\/observatoriolitoral\/wp-content\/uploads\/sites\/20\/2018\/09\/Mapa-Ambiental-300x279.jpg 300w, https:\/\/litoral.ufpr.br\/observatoriolitoral\/wp-content\/uploads\/sites\/20\/2018\/09\/Mapa-Ambiental.jpg 485w\" sizes=\"auto, (max-width: 169px) 100vw, 169px\" \/><\/a><p id=\"caption-attachment-326\" class=\"wp-caption-text\"><a href=\"https:\/\/www.google.com\/maps\/d\/viewer?mid=1s8dM2uvtTjwAsN-gyJTEGmDqnN0u9Gcf&amp;ll=-25.493361533199916%2C-48.70654013281249&amp;z=9\" target=\"_blank\" rel=\"noopener\">Mapa de Meio Ambiente do Litoral Paranaense<\/a><\/p><\/div>\n","protected":false},"excerpt":{"rendered":"<p>(novo)\u00a0Mapa das enchentes no RS 2024 &#8211; Abrigos e Munic\u00edpios Afetados (novo) Brasil &#8211; 1.942 Munic\u00edpios em \u00c1reas de Risco &#8211; 2024<\/p>\n","protected":false},"author":3,"featured_media":0,"parent":200,"menu_order":0,"comment_status":"closed","ping_status":"closed","template":"","meta":{"_acf_changed":false,"footnotes":""},"class_list":["post-192","page","type-page","status-publish","hentry"],"acf":[],"_links":{"self":[{"href":"https:\/\/litoral.ufpr.br\/observatoriolitoral\/wp-json\/wp\/v2\/pages\/192","targetHints":{"allow":["GET"]}}],"collection":[{"href":"https:\/\/litoral.ufpr.br\/observatoriolitoral\/wp-json\/wp\/v2\/pages"}],"about":[{"href":"https:\/\/litoral.ufpr.br\/observatoriolitoral\/wp-json\/wp\/v2\/types\/page"}],"author":[{"embeddable":true,"href":"https:\/\/litoral.ufpr.br\/observatoriolitoral\/wp-json\/wp\/v2\/users\/3"}],"replies":[{"embeddable":true,"href":"https:\/\/litoral.ufpr.br\/observatoriolitoral\/wp-json\/wp\/v2\/comments?post=192"}],"version-history":[{"count":11,"href":"https:\/\/litoral.ufpr.br\/observatoriolitoral\/wp-json\/wp\/v2\/pages\/192\/revisions"}],"predecessor-version":[{"id":13401,"href":"https:\/\/litoral.ufpr.br\/observatoriolitoral\/wp-json\/wp\/v2\/pages\/192\/revisions\/13401"}],"up":[{"embeddable":true,"href":"https:\/\/litoral.ufpr.br\/observatoriolitoral\/wp-json\/wp\/v2\/pages\/200"}],"wp:attachment":[{"href":"https:\/\/litoral.ufpr.br\/observatoriolitoral\/wp-json\/wp\/v2\/media?parent=192"}],"curies":[{"name":"wp","href":"https:\/\/api.w.org\/{rel}","templated":true}]}}