{"id":95,"date":"2020-11-09T14:07:23","date_gmt":"2020-11-09T17:07:23","guid":{"rendered":"https:\/\/litoral.ufpr.br\/nte\/?page_id=95"},"modified":"2021-08-03T16:06:14","modified_gmt":"2021-08-03T19:06:14","slug":"estudantes","status":"publish","type":"page","link":"https:\/\/litoral.ufpr.br\/nte\/tutoriais\/estudantes\/","title":{"rendered":"Tutoriais para Estudantes"},"content":{"rendered":"\n<div class=\"wp-block-columns is-layout-flex wp-container-core-columns-is-layout-9d6595d7 wp-block-columns-is-layout-flex\">\n<div class=\"wp-block-column is-layout-flow wp-block-column-is-layout-flow\">\n<div class=\"wp-block-buttons is-layout-flex wp-block-buttons-is-layout-flex\">\n<div class=\"wp-block-button\"><a class=\"wp-block-button__link no-border-radius\" href=\"https:\/\/www.agtic.ufpr.br\/csi\/o-que-e-eduroam\/\" target=\"_blank\" rel=\"noreferrer noopener\">Internet sem fio EDUROAM <\/a><\/div>\n<\/div>\n\n\n\n<div class=\"wp-block-buttons is-layout-flex wp-block-buttons-is-layout-flex\">\n<div class=\"wp-block-button is-style-outline is-style-outline--1\"><a class=\"wp-block-button__link no-border-radius\" href=\"http:\/\/www.cipead.ufpr.br\/portal1\/index.php\/cipead\/saberesonline\/ufpr-virtual\/\" target=\"_blank\" rel=\"noreferrer noopener\">UFPR Virtual <\/a><\/div>\n<\/div>\n\n\n\n<div class=\"wp-block-buttons is-layout-flex wp-block-buttons-is-layout-flex\">\n<div class=\"wp-block-button is-style-fill\"><a class=\"wp-block-button__link no-border-radius\" href=\"https:\/\/ufpraberta.ufpr.br\/course\/view.php?id=9\" target=\"_blank\" rel=\"noreferrer noopener\">SIGA<\/a><\/div>\n<\/div>\n\n\n\n<div class=\"wp-block-buttons is-layout-flex wp-block-buttons-is-layout-flex\">\n<div class=\"wp-block-button is-style-outline is-style-outline--2\"><a class=\"wp-block-button__link no-border-radius\" href=\"https:\/\/www.agtic.ufpr.br\/wp-content\/uploads\/2020\/03\/guia-teams-1-1.pdf\" target=\"_blank\" rel=\"noreferrer noopener\">Microsoft Teams <\/a><\/div>\n<\/div>\n\n\n\n<div class=\"wp-block-buttons is-layout-flex wp-block-buttons-is-layout-flex\">\n<div class=\"wp-block-button is-style-fill\"><a class=\"wp-block-button__link no-border-radius\" href=\"https:\/\/portal.ufpr.br\/tutoriais.html\" target=\"_blank\" rel=\"noreferrer noopener\"> Biblioteca UFPR<\/a><\/div>\n<\/div>\n\n\n\n<div class=\"wp-block-buttons is-layout-flex wp-block-buttons-is-layout-flex\">\n<div class=\"wp-block-button is-style-outline is-style-outline--3\"><a class=\"wp-block-button__link no-border-radius\" href=\"https:\/\/www.portal.ufpr.br\/bib_lit.html\" target=\"_blank\" rel=\"noreferrer noopener\">Biblioteca UFPR Litoral <\/a><\/div>\n<\/div>\n\n\n\n<div class=\"wp-block-buttons is-layout-flex wp-block-buttons-is-layout-flex\">\n<div class=\"wp-block-button\"><a class=\"wp-block-button__link no-border-radius\" href=\"https:\/\/www.bpp.pr.gov.br\/\" target=\"_blank\" rel=\"noreferrer noopener\">Biblioteca P\u00fablica do Paran\u00e1<\/a><\/div>\n<\/div>\n<\/div>\n\n\n\n<div class=\"wp-block-column is-layout-flow wp-block-column-is-layout-flow\">\n<div class=\"wp-block-buttons is-layout-flex wp-block-buttons-is-layout-flex\">\n<div class=\"wp-block-button is-style-outline is-style-outline--4\"><a class=\"wp-block-button__link no-border-radius\" href=\"http:\/\/www.prae.ufpr.br\/prae\/programas-da-prae\/probem\/\" target=\"_blank\" rel=\"noreferrer noopener\">Informa\u00e7\u00f5es sobre o PROBEM<\/a><\/div>\n<\/div>\n\n\n\n<div class=\"wp-block-buttons is-layout-flex wp-block-buttons-is-layout-flex\">\n<div class=\"wp-block-button is-style-fill\"><a class=\"wp-block-button__link no-border-radius\" href=\"https:\/\/litoral.ufpr.br\/nte\/pacote-office-365\/\" target=\"_blank\" rel=\"noreferrer noopener\">Pacote Office 365 aplicativos<\/a><\/div>\n<\/div>\n\n\n\n<div class=\"wp-block-buttons is-layout-flex wp-block-buttons-is-layout-flex\">\n<div class=\"wp-block-button is-style-outline is-style-outline--5\"><a class=\"wp-block-button__link no-border-radius\" href=\"http:\/\/www.prograd.ufpr.br\/coafe\/ue\/\" target=\"_blank\" rel=\"noreferrer noopener\">Coordena\u00e7\u00e3o de Atividades Formativas e Est\u00e1gios (COAFE)<\/a><\/div>\n<\/div>\n\n\n\n<div class=\"wp-block-buttons is-layout-flex wp-block-buttons-is-layout-flex\">\n<div class=\"wp-block-button is-style-fill\"><a class=\"wp-block-button__link no-border-radius\" href=\"https:\/\/litoral.ufpr.br\/nte\/intranet-ufpr\/\" target=\"_blank\" rel=\"noreferrer noopener\">E-mail @ufpr.br &#8211; INTRANET UFPR<\/a><\/div>\n<\/div>\n\n\n\n<div class=\"wp-block-buttons is-layout-flex wp-block-buttons-is-layout-flex\">\n<div class=\"wp-block-button is-style-outline is-style-outline--6\"><a class=\"wp-block-button__link no-border-radius\" href=\"https:\/\/support.microsoft.com\/pt-br\/office\/treinamento-em-v%c3%addeo-do-microsoft-teams-4f108e54-240b-4351-8084-b1089f0d21d7?ui=pt-br&amp;rs=pt-br&amp;ad=br\" target=\"_blank\" rel=\"noreferrer noopener\">Treinamento em v\u00eddeo do Microsoft Teams<\/a><\/div>\n<\/div>\n<\/div>\n<\/div>\n\n\n\n<div class=\"wp-block-buttons is-layout-flex wp-block-buttons-is-layout-flex\"><\/div>\n\n\n\n<p><\/p>\n","protected":false},"excerpt":{"rendered":"","protected":false},"author":1601,"featured_media":0,"parent":94,"menu_order":0,"comment_status":"closed","ping_status":"closed","template":"","meta":{"_acf_changed":false,"footnotes":""},"class_list":["post-95","page","type-page","status-publish","hentry"],"acf":[],"_links":{"self":[{"href":"https:\/\/litoral.ufpr.br\/nte\/wp-json\/wp\/v2\/pages\/95","targetHints":{"allow":["GET"]}}],"collection":[{"href":"https:\/\/litoral.ufpr.br\/nte\/wp-json\/wp\/v2\/pages"}],"about":[{"href":"https:\/\/litoral.ufpr.br\/nte\/wp-json\/wp\/v2\/types\/page"}],"author":[{"embeddable":true,"href":"https:\/\/litoral.ufpr.br\/nte\/wp-json\/wp\/v2\/users\/1601"}],"replies":[{"embeddable":true,"href":"https:\/\/litoral.ufpr.br\/nte\/wp-json\/wp\/v2\/comments?post=95"}],"version-history":[{"count":65,"href":"https:\/\/litoral.ufpr.br\/nte\/wp-json\/wp\/v2\/pages\/95\/revisions"}],"predecessor-version":[{"id":1224,"href":"https:\/\/litoral.ufpr.br\/nte\/wp-json\/wp\/v2\/pages\/95\/revisions\/1224"}],"up":[{"embeddable":true,"href":"https:\/\/litoral.ufpr.br\/nte\/wp-json\/wp\/v2\/pages\/94"}],"wp:attachment":[{"href":"https:\/\/litoral.ufpr.br\/nte\/wp-json\/wp\/v2\/media?parent=95"}],"curies":[{"name":"wp","href":"https:\/\/api.w.org\/{rel}","templated":true}]}}