{"id":91,"date":"2020-11-09T14:07:23","date_gmt":"2020-11-09T17:07:23","guid":{"rendered":"https:\/\/litoral.ufpr.br\/nte\/?page_id=91"},"modified":"2020-11-21T19:19:52","modified_gmt":"2020-11-21T22:19:52","slug":"logo","status":"publish","type":"page","link":"https:\/\/litoral.ufpr.br\/nte\/nte\/logo\/","title":{"rendered":"Logo"},"content":{"rendered":"\n<div class=\"wp-block-image is-style-circle-mask\"><figure class=\"aligncenter size-large\"><img loading=\"lazy\" decoding=\"async\" width=\"416\" height=\"401\" src=\"https:\/\/litoral.ufpr.br\/nte\/wp-content\/uploads\/sites\/25\/2020\/11\/Imagem1.png\" alt=\"\" class=\"wp-image-10\" srcset=\"https:\/\/litoral.ufpr.br\/nte\/wp-content\/uploads\/sites\/25\/2020\/11\/Imagem1.png 416w, https:\/\/litoral.ufpr.br\/nte\/wp-content\/uploads\/sites\/25\/2020\/11\/Imagem1-300x289.png 300w\" sizes=\"auto, (max-width: 416px) 100vw, 416px\" \/><\/figure><\/div>\n\n\n\n<p>A logo do NTE Litoral foi criada e cedida, em setembro de 2020, pela acad\u00eamica do curso de Administra\u00e7\u00e3o P\u00fablica, Leandra Leysa Lucas, que assim a descreve:<\/p>\n\n\n\n<blockquote class=\"wp-block-quote is-layout-flow wp-block-quote-is-layout-flow\"><p>Inspirada pelo amor de docentes, discentes, t\u00e9cnicos, servidores e comunidade em geral pela UFPR Litoral, a logo busca refletir, em seus detalhes, a identidade do Setor. Al\u00e9m da palheta de cores, tem-se o ideal da interdisciplinaridade, representada pelas in\u00fameras redes que ela constr\u00f3i. Redes criadas agora com apoio da tecnologia. Portanto, o design da logo representa a tecnologia que, mais do que nunca, envolve o Setor Litoral sem o fazer perder sua identidade.<\/p><cite> Leandra Lucas<\/cite><\/blockquote>\n\n\n\n<div class=\"wp-block-image\"><figure class=\"aligncenter size-large is-resized\"><img loading=\"lazy\" decoding=\"async\" src=\"https:\/\/litoral.ufpr.br\/nte\/wp-content\/uploads\/sites\/25\/2020\/11\/Whats.jpeg\" alt=\"\" class=\"wp-image-356\" width=\"496\" height=\"496\" srcset=\"https:\/\/litoral.ufpr.br\/nte\/wp-content\/uploads\/sites\/25\/2020\/11\/Whats.jpeg 500w, https:\/\/litoral.ufpr.br\/nte\/wp-content\/uploads\/sites\/25\/2020\/11\/Whats-300x300.jpeg 300w, https:\/\/litoral.ufpr.br\/nte\/wp-content\/uploads\/sites\/25\/2020\/11\/Whats-150x150.jpeg 150w\" sizes=\"auto, (max-width: 496px) 100vw, 496px\" \/><\/figure><\/div>\n\n\n\n<p>A nova logo do NTE Litoral foi criada para a inaugura\u00e7\u00e3o do site e cedida, em novembro de 2020, pela acad\u00eamica do curso de Licenciatura em Artes, Yasmin Zuza.<\/p>\n\n\n\n<blockquote class=\"wp-block-quote is-layout-flow wp-block-quote-is-layout-flow\"><p>Num momento de ressignifica\u00e7\u00e3o as diferentes possibilidades de ensino-aprendizagem, o NTE surge com o intuito de oportunizar e promover acesso ao conhecimento. Por isso, escolhi como elemento construtivo da logo o l\u00e1pis, que representa a democratiza\u00e7\u00e3o do ensino e os circuitos que representam o acesso \u00e0 informa\u00e7\u00e3o.<\/p><cite> Yasmin Zuza<\/cite><\/blockquote>\n","protected":false},"excerpt":{"rendered":"<p>A logo do NTE Litoral foi criada e cedida, em setembro de 2020, pela acad\u00eamica do curso de Administra\u00e7\u00e3o P\u00fablica, Leandra Leysa Lucas, que assim a descreve: Inspirada pelo amor de docentes, discentes, t\u00e9cnicos, servidores e comunidade em geral pela UFPR Litoral, a logo busca refletir, em seus detalhes, a identidade do Setor. Al\u00e9m da [&hellip;]<\/p>\n","protected":false},"author":3,"featured_media":0,"parent":138,"menu_order":0,"comment_status":"closed","ping_status":"closed","template":"","meta":{"_acf_changed":false,"footnotes":""},"class_list":["post-91","page","type-page","status-publish","hentry"],"acf":[],"_links":{"self":[{"href":"https:\/\/litoral.ufpr.br\/nte\/wp-json\/wp\/v2\/pages\/91","targetHints":{"allow":["GET"]}}],"collection":[{"href":"https:\/\/litoral.ufpr.br\/nte\/wp-json\/wp\/v2\/pages"}],"about":[{"href":"https:\/\/litoral.ufpr.br\/nte\/wp-json\/wp\/v2\/types\/page"}],"author":[{"embeddable":true,"href":"https:\/\/litoral.ufpr.br\/nte\/wp-json\/wp\/v2\/users\/3"}],"replies":[{"embeddable":true,"href":"https:\/\/litoral.ufpr.br\/nte\/wp-json\/wp\/v2\/comments?post=91"}],"version-history":[{"count":4,"href":"https:\/\/litoral.ufpr.br\/nte\/wp-json\/wp\/v2\/pages\/91\/revisions"}],"predecessor-version":[{"id":548,"href":"https:\/\/litoral.ufpr.br\/nte\/wp-json\/wp\/v2\/pages\/91\/revisions\/548"}],"up":[{"embeddable":true,"href":"https:\/\/litoral.ufpr.br\/nte\/wp-json\/wp\/v2\/pages\/138"}],"wp:attachment":[{"href":"https:\/\/litoral.ufpr.br\/nte\/wp-json\/wp\/v2\/media?parent=91"}],"curies":[{"name":"wp","href":"https:\/\/api.w.org\/{rel}","templated":true}]}}