{"id":866,"date":"2021-07-21T10:25:17","date_gmt":"2021-07-21T13:25:17","guid":{"rendered":"https:\/\/litoral.ufpr.br\/nte\/?page_id=866"},"modified":"2021-07-21T10:25:17","modified_gmt":"2021-07-21T13:25:17","slug":"intranet-ufpr","status":"publish","type":"page","link":"https:\/\/litoral.ufpr.br\/nte\/intranet-ufpr\/","title":{"rendered":"INTRANET UFPR"},"content":{"rendered":"\n<p>Passo a passo para fazer o seu e-mail &#8220;<strong><em>__<\/em><\/strong>@ufpr.br&#8221;:<br>Entre na p\u00e1gina da intranet ufpr: <a href=\"https:\/\/intranet.ufpr.br\/\">https:\/\/intranet.ufpr.br\/<\/a><br>No menu do lado esquerdo, logo abaixo de &#8220;Funcionalidades&#8221;, clique em &#8220;Solicitar E-mail&#8221;<\/p>\n\n\n\n<figure class=\"wp-block-image size-large\"><img loading=\"lazy\" decoding=\"async\" width=\"818\" height=\"375\" src=\"https:\/\/litoral.ufpr.br\/nte\/wp-content\/uploads\/sites\/25\/2021\/07\/image-1.png\" alt=\"\" class=\"wp-image-867\" srcset=\"https:\/\/litoral.ufpr.br\/nte\/wp-content\/uploads\/sites\/25\/2021\/07\/image-1.png 818w, https:\/\/litoral.ufpr.br\/nte\/wp-content\/uploads\/sites\/25\/2021\/07\/image-1-300x138.png 300w, https:\/\/litoral.ufpr.br\/nte\/wp-content\/uploads\/sites\/25\/2021\/07\/image-1-768x352.png 768w\" sizes=\"auto, (max-width: 818px) 100vw, 818px\" \/><\/figure>\n\n\n\n<p>Preencha primeiramente o campo com seu CPF ou Passaporte e depois o campo que pede o C\u00f3digo da Imagem e clique em &#8220;Enviar&#8221;<\/p>\n\n\n\n<figure class=\"wp-block-image size-large\"><img loading=\"lazy\" decoding=\"async\" width=\"809\" height=\"377\" src=\"https:\/\/litoral.ufpr.br\/nte\/wp-content\/uploads\/sites\/25\/2021\/07\/image-2.png\" alt=\"\" class=\"wp-image-868\" srcset=\"https:\/\/litoral.ufpr.br\/nte\/wp-content\/uploads\/sites\/25\/2021\/07\/image-2.png 809w, https:\/\/litoral.ufpr.br\/nte\/wp-content\/uploads\/sites\/25\/2021\/07\/image-2-300x140.png 300w, https:\/\/litoral.ufpr.br\/nte\/wp-content\/uploads\/sites\/25\/2021\/07\/image-2-768x358.png 768w\" sizes=\"auto, (max-width: 809px) 100vw, 809px\" \/><\/figure>\n\n\n\n<p>Depois disso, para acessar o seu e-mail, voc\u00ea deve acessar o Office 365.<br>Voc\u00ea pode acess\u00e1-lo no menu do lado direito, logo abaixo de &#8220;Links&#8221;<\/p>\n\n\n\n<figure class=\"wp-block-image size-large\"><img loading=\"lazy\" decoding=\"async\" width=\"825\" height=\"404\" src=\"https:\/\/litoral.ufpr.br\/nte\/wp-content\/uploads\/sites\/25\/2021\/07\/image-3.png\" alt=\"\" class=\"wp-image-869\" srcset=\"https:\/\/litoral.ufpr.br\/nte\/wp-content\/uploads\/sites\/25\/2021\/07\/image-3.png 825w, https:\/\/litoral.ufpr.br\/nte\/wp-content\/uploads\/sites\/25\/2021\/07\/image-3-300x147.png 300w, https:\/\/litoral.ufpr.br\/nte\/wp-content\/uploads\/sites\/25\/2021\/07\/image-3-768x376.png 768w\" sizes=\"auto, (max-width: 825px) 100vw, 825px\" \/><\/figure>\n","protected":false},"excerpt":{"rendered":"<p>Passo a passo para fazer o seu e-mail &#8220;__@ufpr.br&#8221;:Entre na p\u00e1gina da intranet ufpr: https:\/\/intranet.ufpr.br\/No menu do lado esquerdo, logo abaixo de &#8220;Funcionalidades&#8221;, clique em &#8220;Solicitar E-mail&#8221; Preencha primeiramente o campo com seu CPF ou Passaporte e depois o campo que pede o C\u00f3digo da Imagem e clique em &#8220;Enviar&#8221; Depois disso, para acessar o [&hellip;]<\/p>\n","protected":false},"author":1599,"featured_media":0,"parent":0,"menu_order":0,"comment_status":"closed","ping_status":"closed","template":"","meta":{"_acf_changed":false,"footnotes":""},"class_list":["post-866","page","type-page","status-publish","hentry"],"acf":[],"_links":{"self":[{"href":"https:\/\/litoral.ufpr.br\/nte\/wp-json\/wp\/v2\/pages\/866","targetHints":{"allow":["GET"]}}],"collection":[{"href":"https:\/\/litoral.ufpr.br\/nte\/wp-json\/wp\/v2\/pages"}],"about":[{"href":"https:\/\/litoral.ufpr.br\/nte\/wp-json\/wp\/v2\/types\/page"}],"author":[{"embeddable":true,"href":"https:\/\/litoral.ufpr.br\/nte\/wp-json\/wp\/v2\/users\/1599"}],"replies":[{"embeddable":true,"href":"https:\/\/litoral.ufpr.br\/nte\/wp-json\/wp\/v2\/comments?post=866"}],"version-history":[{"count":1,"href":"https:\/\/litoral.ufpr.br\/nte\/wp-json\/wp\/v2\/pages\/866\/revisions"}],"predecessor-version":[{"id":870,"href":"https:\/\/litoral.ufpr.br\/nte\/wp-json\/wp\/v2\/pages\/866\/revisions\/870"}],"wp:attachment":[{"href":"https:\/\/litoral.ufpr.br\/nte\/wp-json\/wp\/v2\/media?parent=866"}],"curies":[{"name":"wp","href":"https:\/\/api.w.org\/{rel}","templated":true}]}}