{"id":91,"date":"2024-09-03T15:09:05","date_gmt":"2024-09-03T18:09:05","guid":{"rendered":"https:\/\/litoral.ufpr.br\/neajucara\/?page_id=91"},"modified":"2024-09-30T15:36:16","modified_gmt":"2024-09-30T18:36:16","slug":"projetos","status":"publish","type":"page","link":"https:\/\/litoral.ufpr.br\/neajucara\/projetos\/","title":{"rendered":"Projetos"},"content":{"rendered":"\n<p>O NEA Ju\u00e7ara agrega projetos que tem como objetivos promover a constru\u00e7\u00e3o coletiva, participativa e dial\u00f3gica de espa\u00e7os para o desenvolvimento sociot\u00e9cnico, a capacita\u00e7\u00e3o continuada de profissionais para a\u00e7\u00f5es educativas relacionadas aos princ\u00edpios e pr\u00e1ticas da Agroecologia, em prol do desenvolvimento sustent\u00e1vel das comunidades rurais e urbanas do litoral paranaense, com respeito \u00e0 autonomia das comunidades experimentadoras e extra-acad\u00eamicas da regi\u00e3o.<\/p>\n\n\n\n<p>Os projetos que integram o NEA Ju\u00e7ara t\u00eam tempos de a\u00e7\u00e3o, focos e atua\u00e7\u00f5es diversas. Estes contam com a participa\u00e7\u00e3o de estudantes bolsistas e volunt\u00e1rias\/volunt\u00e1rios em suas a\u00e7\u00f5es, al\u00e9m de t\u00e9cnicos administrativos, docentes e representantes de comunidade externa.<\/p>\n\n\n\n<p>O NEA Ju\u00e7ara baseia-se em um modelo de universidade p\u00fablica e democr\u00e1tica, no qual suas demandas v\u00eam da popula\u00e7\u00e3o e a ela se destinam, em intera\u00e7\u00e3o dial\u00f3gica no cumprimento de seu papel. O ponto principal de um projeto de extens\u00e3o \u00e9 a popula\u00e7\u00e3o da regi\u00e3o onde est\u00e1 inserida. A partir disso, \u00e9 poss\u00edvel uma democratiza\u00e7\u00e3o real do conhecimento, na qual a universidade se constitui como agente de transforma\u00e7\u00e3o social e de resist\u00eancia a modelos pr\u00e9-concebidos e ultrapassados de educa\u00e7\u00e3o.<\/p>\n\n\n\n<p><\/p>\n","protected":false},"excerpt":{"rendered":"<p>O NEA Ju\u00e7ara agrega projetos que tem como objetivos promover a constru\u00e7\u00e3o coletiva, participativa e dial\u00f3gica de espa\u00e7os para o desenvolvimento sociot\u00e9cnico, a capacita\u00e7\u00e3o continuada de profissionais para a\u00e7\u00f5es educativas relacionadas aos princ\u00edpios e pr\u00e1ticas da Agroecologia, em prol do desenvolvimento sustent\u00e1vel das comunidades rurais e urbanas do litoral paranaense, com respeito \u00e0 autonomia das [&hellip;]<\/p>\n","protected":false},"author":1664,"featured_media":0,"parent":0,"menu_order":0,"comment_status":"closed","ping_status":"closed","template":"","meta":{"_acf_changed":false,"footnotes":""},"class_list":["post-91","page","type-page","status-publish","hentry"],"acf":[],"_links":{"self":[{"href":"https:\/\/litoral.ufpr.br\/neajucara\/wp-json\/wp\/v2\/pages\/91","targetHints":{"allow":["GET"]}}],"collection":[{"href":"https:\/\/litoral.ufpr.br\/neajucara\/wp-json\/wp\/v2\/pages"}],"about":[{"href":"https:\/\/litoral.ufpr.br\/neajucara\/wp-json\/wp\/v2\/types\/page"}],"author":[{"embeddable":true,"href":"https:\/\/litoral.ufpr.br\/neajucara\/wp-json\/wp\/v2\/users\/1664"}],"replies":[{"embeddable":true,"href":"https:\/\/litoral.ufpr.br\/neajucara\/wp-json\/wp\/v2\/comments?post=91"}],"version-history":[{"count":3,"href":"https:\/\/litoral.ufpr.br\/neajucara\/wp-json\/wp\/v2\/pages\/91\/revisions"}],"predecessor-version":[{"id":193,"href":"https:\/\/litoral.ufpr.br\/neajucara\/wp-json\/wp\/v2\/pages\/91\/revisions\/193"}],"wp:attachment":[{"href":"https:\/\/litoral.ufpr.br\/neajucara\/wp-json\/wp\/v2\/media?parent=91"}],"curies":[{"name":"wp","href":"https:\/\/api.w.org\/{rel}","templated":true}]}}