{"id":4,"date":"2023-11-17T10:48:39","date_gmt":"2023-11-17T13:48:39","guid":{"rendered":"https:\/\/litoral.ufpr.br\/neajucara\/?page_id=4"},"modified":"2024-12-17T11:36:31","modified_gmt":"2024-12-17T14:36:31","slug":"informativos","status":"publish","type":"page","link":"https:\/\/litoral.ufpr.br\/neajucara\/informativos\/","title":{"rendered":"Informativos"},"content":{"rendered":"\n<figure class=\"wp-block-image size-full\"><img loading=\"lazy\" decoding=\"async\" width=\"754\" height=\"766\" src=\"https:\/\/litoral.ufpr.br\/neajucara\/wp-content\/uploads\/sites\/33\/2024\/07\/IMG-20240319-WA0020-1.jpg\" alt=\"\" class=\"wp-image-69\" srcset=\"https:\/\/litoral.ufpr.br\/neajucara\/wp-content\/uploads\/sites\/33\/2024\/07\/IMG-20240319-WA0020-1.jpg 754w, https:\/\/litoral.ufpr.br\/neajucara\/wp-content\/uploads\/sites\/33\/2024\/07\/IMG-20240319-WA0020-1-295x300.jpg 295w\" sizes=\"auto, (max-width: 754px) 100vw, 754px\" \/><\/figure>\n\n\n\n<div class=\"wp-block-media-text alignwide is-stacked-on-mobile\"><figure class=\"wp-block-media-text__media\"><img loading=\"lazy\" decoding=\"async\" width=\"1600\" height=\"1066\" src=\"https:\/\/litoral.ufpr.br\/neajucara\/wp-content\/uploads\/sites\/33\/2024\/12\/WhatsApp-Image-2024-12-17-at-11.21.07-1-3.jpeg\" alt=\"\" class=\"wp-image-244 size-full\" \/><\/figure><div class=\"wp-block-media-text__content\">\n<p>Encontro de GTs da ABA e celebra\u00e7\u00e3o de 20 anos da Associa\u00e7\u00e3o<\/p>\n\n\n<a class=\"wp-block-read-more\" href=\"https:\/\/litoral.ufpr.br\/neajucara\/informativos\/\" target=\"_self\">https:\/\/litoral.ufpr.br\/neajucara\/eventos\/<span class=\"screen-reader-text\">: Informativos<\/span><\/a><\/div><\/div>\n","protected":false},"excerpt":{"rendered":"","protected":false},"author":1664,"featured_media":0,"parent":0,"menu_order":0,"comment_status":"closed","ping_status":"closed","template":"informativos.php","meta":{"_acf_changed":false,"footnotes":""},"class_list":["post-4","page","type-page","status-publish","hentry"],"acf":[],"_links":{"self":[{"href":"https:\/\/litoral.ufpr.br\/neajucara\/wp-json\/wp\/v2\/pages\/4","targetHints":{"allow":["GET"]}}],"collection":[{"href":"https:\/\/litoral.ufpr.br\/neajucara\/wp-json\/wp\/v2\/pages"}],"about":[{"href":"https:\/\/litoral.ufpr.br\/neajucara\/wp-json\/wp\/v2\/types\/page"}],"author":[{"embeddable":true,"href":"https:\/\/litoral.ufpr.br\/neajucara\/wp-json\/wp\/v2\/users\/1664"}],"replies":[{"embeddable":true,"href":"https:\/\/litoral.ufpr.br\/neajucara\/wp-json\/wp\/v2\/comments?post=4"}],"version-history":[{"count":5,"href":"https:\/\/litoral.ufpr.br\/neajucara\/wp-json\/wp\/v2\/pages\/4\/revisions"}],"predecessor-version":[{"id":251,"href":"https:\/\/litoral.ufpr.br\/neajucara\/wp-json\/wp\/v2\/pages\/4\/revisions\/251"}],"wp:attachment":[{"href":"https:\/\/litoral.ufpr.br\/neajucara\/wp-json\/wp\/v2\/media?parent=4"}],"curies":[{"name":"wp","href":"https:\/\/api.w.org\/{rel}","templated":true}]}}