{"id":134,"date":"2024-09-30T11:56:56","date_gmt":"2024-09-30T14:56:56","guid":{"rendered":"https:\/\/litoral.ufpr.br\/neajucara\/?page_id=134"},"modified":"2024-09-30T15:37:01","modified_gmt":"2024-09-30T18:37:01","slug":"jardinar-para-emancipar","status":"publish","type":"page","link":"https:\/\/litoral.ufpr.br\/neajucara\/jardinar-para-emancipar\/","title":{"rendered":"Jardinar para emancipar"},"content":{"rendered":"\n<p><strong>JARDINAR PARA EMANCIPAR<\/strong><\/p>\n\n\n\n<p>Em 2017, a partir de um projeto de aprendizagem (PA) que envolvia dois estudantes, criou-se uma iniciativa para o estabelecimento de um jardim com Plantas Aliment\u00edcias N\u00e3o Convencionais (PANC\u00b4s), plantas convencionais e plantas medicinais, na UFPR Litoral. Foram organizados mutir\u00f5es com alta taxa de participa\u00e7\u00e3o, e destas intera\u00e7\u00f5es surgiram eventos e atividades diversas, tais como: festa para o Dia das Crian\u00e7as, constru\u00e7\u00e3o de um viveiro, organiza\u00e7\u00e3o de oficinas de artesanatos e a prepara\u00e7\u00e3o coletiva de mudas para os primeiros plantios.<\/p>\n\n\n\n<p>O resultado destas intera\u00e7\u00f5es culminou com a constitui\u00e7\u00e3o de um coletivo denominado:<br>Coletivo de Conviv\u00eancias Agroecol\u00f3gicas (CCA), que passou a organizar encontros no Centro Cultural da UFPR Litoral e no entorno da Horta que instalou por l\u00e1, partindo para a\u00e7\u00f5es de interven\u00e7\u00e3o entre os bairros de Matinhos conhecidos como Tabuleiro e Vila Nova. Na sequ\u00eancia, houve aproxima\u00e7\u00f5es com associa\u00e7\u00f5es de moradores e organiza\u00e7\u00f5es p\u00fablicas, tratando sobre a agricultura baseada na ecologia.<\/p>\n\n\n\n<p> O CCA organizou algumas atividades, entre elas a denominada \u201cFesta da Ju\u00e7ara\u201d, uma a\u00e7\u00e3o em parceria tamb\u00e9m com o IDR Paran\u00e1. Com o surgimento da crise da COVID 19, o projeto passou a se pautar pelas emerg\u00eancias que acompanharam esse tema. Entre essas emerg\u00eancias, estava a queda de renda das fam\u00edlias, dentre elas, as da agricultura familiar. Nessa perspectiva, o projeto Jardinar Para Emancipar centrou esfor\u00e7os na constru\u00e7\u00e3o de um Circuito Curto de Comercializa\u00e7\u00e3o de Alimentos Agroecol\u00f3gicos, atividade que j\u00e1 existe h\u00e1 3 anos, e que busca fortalecer a renda dos agricultores locais.<\/p>\n\n\n\n<p>O projeto segue construindo abordagens que envolvem princ\u00edpio da Pesquisa-a\u00e7\u00e3o e de outras formas de estrutura\u00e7\u00e3o da Extens\u00e3o, numa perspectiva em que a rela\u00e7\u00e3o com a Pesquisa e o Ensino sirva, para atribuir sentido \u00e0s a\u00e7\u00f5es que as pessoas que participam do projeto, desenvolvem.<\/p>\n","protected":false},"excerpt":{"rendered":"<p>JARDINAR PARA EMANCIPAR Em 2017, a partir de um projeto de aprendizagem (PA) que envolvia dois estudantes, criou-se uma iniciativa para o estabelecimento de um jardim com Plantas Aliment\u00edcias N\u00e3o Convencionais (PANC\u00b4s), plantas convencionais e plantas medicinais, na UFPR Litoral. Foram organizados mutir\u00f5es com alta taxa de participa\u00e7\u00e3o, e destas intera\u00e7\u00f5es surgiram eventos e atividades [&hellip;]<\/p>\n","protected":false},"author":1664,"featured_media":0,"parent":0,"menu_order":0,"comment_status":"closed","ping_status":"closed","template":"","meta":{"_acf_changed":false,"footnotes":""},"class_list":["post-134","page","type-page","status-publish","hentry"],"acf":[],"_links":{"self":[{"href":"https:\/\/litoral.ufpr.br\/neajucara\/wp-json\/wp\/v2\/pages\/134","targetHints":{"allow":["GET"]}}],"collection":[{"href":"https:\/\/litoral.ufpr.br\/neajucara\/wp-json\/wp\/v2\/pages"}],"about":[{"href":"https:\/\/litoral.ufpr.br\/neajucara\/wp-json\/wp\/v2\/types\/page"}],"author":[{"embeddable":true,"href":"https:\/\/litoral.ufpr.br\/neajucara\/wp-json\/wp\/v2\/users\/1664"}],"replies":[{"embeddable":true,"href":"https:\/\/litoral.ufpr.br\/neajucara\/wp-json\/wp\/v2\/comments?post=134"}],"version-history":[{"count":3,"href":"https:\/\/litoral.ufpr.br\/neajucara\/wp-json\/wp\/v2\/pages\/134\/revisions"}],"predecessor-version":[{"id":186,"href":"https:\/\/litoral.ufpr.br\/neajucara\/wp-json\/wp\/v2\/pages\/134\/revisions\/186"}],"wp:attachment":[{"href":"https:\/\/litoral.ufpr.br\/neajucara\/wp-json\/wp\/v2\/media?parent=134"}],"curies":[{"name":"wp","href":"https:\/\/api.w.org\/{rel}","templated":true}]}}