{"id":127,"date":"2024-09-30T11:56:55","date_gmt":"2024-09-30T14:56:55","guid":{"rendered":"https:\/\/litoral.ufpr.br\/neajucara\/?page_id=127"},"modified":"2024-09-30T15:04:57","modified_gmt":"2024-09-30T18:04:57","slug":"quem-somos","status":"publish","type":"page","link":"https:\/\/litoral.ufpr.br\/neajucara\/quem-somos\/","title":{"rendered":"Quem somos"},"content":{"rendered":"\n<div class=\"wp-block-group is-layout-flex wp-block-group-is-layout-flex\">\n<div class=\"wp-block-media-text alignwide has-media-on-the-right is-stacked-on-mobile\" style=\"grid-template-columns:auto 37%\"><figure class=\"wp-block-media-text__media\"><img loading=\"lazy\" decoding=\"async\" width=\"754\" height=\"766\" src=\"https:\/\/litoral.ufpr.br\/neajucara\/wp-content\/uploads\/sites\/33\/2024\/09\/IMG-20240319-WA0020-1-1.jpg\" alt=\"\" class=\"wp-image-171 size-full\" srcset=\"https:\/\/litoral.ufpr.br\/neajucara\/wp-content\/uploads\/sites\/33\/2024\/09\/IMG-20240319-WA0020-1-1.jpg 754w, https:\/\/litoral.ufpr.br\/neajucara\/wp-content\/uploads\/sites\/33\/2024\/09\/IMG-20240319-WA0020-1-1-295x300.jpg 295w\" sizes=\"auto, (max-width: 754px) 100vw, 754px\" \/><\/figure><div class=\"wp-block-media-text__content\">\n<p class=\"has-text-align-center has-medium-font-size\">O N\u00facleo de Estudos em Agroecologia \u2013 NEA Ju\u00e7ara, vinculado ao curso de Tecnologia em Agroecologia da  Universidade Federal do Paran\u00e1 &#8211; Setor Litoral, \u00e9 um Programa de Extens\u00e3o Universit\u00e1ria. Integra atividades de extens\u00e3o, pesquisa e ensino, voltados \u00e0 constru\u00e7\u00e3o e socializa\u00e7\u00e3o de conhecimentos e t\u00e9cnicas relacionados \u00e0 Agroecologia, \u00e0 produ\u00e7\u00e3o org\u00e2nica, \u00e0 educa\u00e7\u00e3o agroecol\u00f3gica e ao desenvolvimento territorial sustent\u00e1vel.<\/p>\n<\/div><\/div>\n<\/div>\n","protected":false},"excerpt":{"rendered":"<p>O N\u00facleo de Estudos em Agroecologia \u2013 NEA Ju\u00e7ara, vinculado ao curso de Tecnologia em Agroecologia da Universidade Federal do Paran\u00e1 &#8211; Setor Litoral, \u00e9 um Programa de Extens\u00e3o Universit\u00e1ria. Integra atividades de extens\u00e3o, pesquisa e ensino, voltados \u00e0 constru\u00e7\u00e3o e socializa\u00e7\u00e3o de conhecimentos e t\u00e9cnicas relacionados \u00e0 Agroecologia, \u00e0 produ\u00e7\u00e3o org\u00e2nica, \u00e0 educa\u00e7\u00e3o agroecol\u00f3gica [&hellip;]<\/p>\n","protected":false},"author":1667,"featured_media":0,"parent":0,"menu_order":0,"comment_status":"closed","ping_status":"closed","template":"","meta":{"_acf_changed":false,"footnotes":""},"class_list":["post-127","page","type-page","status-publish","hentry"],"acf":[],"_links":{"self":[{"href":"https:\/\/litoral.ufpr.br\/neajucara\/wp-json\/wp\/v2\/pages\/127","targetHints":{"allow":["GET"]}}],"collection":[{"href":"https:\/\/litoral.ufpr.br\/neajucara\/wp-json\/wp\/v2\/pages"}],"about":[{"href":"https:\/\/litoral.ufpr.br\/neajucara\/wp-json\/wp\/v2\/types\/page"}],"author":[{"embeddable":true,"href":"https:\/\/litoral.ufpr.br\/neajucara\/wp-json\/wp\/v2\/users\/1667"}],"replies":[{"embeddable":true,"href":"https:\/\/litoral.ufpr.br\/neajucara\/wp-json\/wp\/v2\/comments?post=127"}],"version-history":[{"count":4,"href":"https:\/\/litoral.ufpr.br\/neajucara\/wp-json\/wp\/v2\/pages\/127\/revisions"}],"predecessor-version":[{"id":175,"href":"https:\/\/litoral.ufpr.br\/neajucara\/wp-json\/wp\/v2\/pages\/127\/revisions\/175"}],"wp:attachment":[{"href":"https:\/\/litoral.ufpr.br\/neajucara\/wp-json\/wp\/v2\/media?parent=127"}],"curies":[{"name":"wp","href":"https:\/\/api.w.org\/{rel}","templated":true}]}}