{"id":113,"date":"2024-09-30T11:40:29","date_gmt":"2024-09-30T14:40:29","guid":{"rendered":"https:\/\/litoral.ufpr.br\/neajucara\/?page_id=113"},"modified":"2024-09-30T15:31:03","modified_gmt":"2024-09-30T18:31:03","slug":"agroecologia-nas-escolas","status":"publish","type":"page","link":"https:\/\/litoral.ufpr.br\/neajucara\/agroecologia-nas-escolas\/","title":{"rendered":"Agroecologia nas escolas"},"content":{"rendered":"\n<p><strong>AGROECOLOGIA NAS ESCOLAS P\u00daBLICAS: EDUCA\u00c7\u00c3O AMBIENTAL E<br>RESGATE DE SABERES POPULARES<\/strong><\/p>\n\n\n\n<p>O projeto atua desde 2019 fomentando a constru\u00e7\u00e3o de espa\u00e7os pedag\u00f3gicos para a consolida\u00e7\u00e3o da educa\u00e7\u00e3o agroecol\u00f3gica vinculada \u00e0 educa\u00e7\u00e3o b\u00e1sica. Se prop\u00f5e a estimular aberturas nos espa\u00e7os formais dos curr\u00edculos escolares para promover uma maior integra\u00e7\u00e3o entre sujeitos que fazem a escola, a Universidade e os elementos culturais que transpassam os territ\u00f3rios e a Agroecologia.<\/p>\n\n\n\n<p>Realizamos atividades l\u00fadico-pedag\u00f3gicas com crian\u00e7as de 2 a 13 anos de idade, educadoras e demais funcion\u00e1rias das escolas, com tem\u00e1ticas de princ\u00edpios de agroecologia, hortas, sementes crioulas, identidade, alimenta\u00e7\u00e3o saud\u00e1vel, uso de agrot\u00f3xicos, economia solid\u00e1ria, saberes populares, educa\u00e7\u00e3o ambiental, entre outros. Em 2020, com a suspens\u00e3o das atividades presenciais, realizamos \u201ctelas\u201d de conversa com educadores e educadoras, atividades de forma\u00e7\u00e3o continuada de comunidades escolares e participa\u00e7\u00e3o em Semanas Pedag\u00f3gicas dos munic\u00edpios. <\/p>\n\n\n\n<p>Al\u00e9m disso, publicamos um Livreto de Passatempos (voltado ao p\u00fablico infanto-juvenil) e um folder sobre compostagem dom\u00e9stica, ambos para auxiliar em atividades junto \u00e0s escolas. No mundo virtual temos uma web s\u00e9rie de 5 cap\u00edtulos sobre as tem\u00e1ticas do projeto. Outra a\u00e7\u00e3o importante que estamos envolvidos \u00e9 a elabora\u00e7\u00e3o do Projeto Pol\u00edtico Pedag\u00f3gico mediado pela Educa\u00e7\u00e3o Ambiental da APA de Guaratuba, em parceria com o ICMBio NGI Matinhos.<\/p>\n\n\n\n<p>Acreditamos que a atua\u00e7\u00e3o na forma\u00e7\u00e3o docente e na promo\u00e7\u00e3o de atividades com estudantes do ensino b\u00e1sico e fundamental s\u00e3o passos importantes para a transforma\u00e7\u00e3o socioambiental, a partir de di\u00e1logos contextualizados e do respeito \u00e0s viv\u00eancias e experi\u00eancias das comunidades do litoral paranaense.<\/p>\n\n\n\n<figure class=\"wp-block-embed is-type-video is-provider-youtube wp-block-embed-youtube wp-embed-aspect-16-9 wp-has-aspect-ratio\"><div class=\"wp-block-embed__wrapper\">\n<iframe loading=\"lazy\" title=\"AGROECOLOGIA NAS ESCOLAS P\u00daBLICAS: EDUCA\u00c7\u00c3O AMBIENTAL E RESGATE DE SABERES POPULARES - VIDEO SIEPE\" width=\"500\" height=\"281\" src=\"https:\/\/www.youtube.com\/embed\/wHJCcA-WFmw?feature=oembed\" frameborder=\"0\" allow=\"accelerometer; autoplay; clipboard-write; encrypted-media; gyroscope; picture-in-picture; web-share\" referrerpolicy=\"strict-origin-when-cross-origin\" allowfullscreen><\/iframe>\n<\/div><\/figure>\n","protected":false},"excerpt":{"rendered":"<p>AGROECOLOGIA NAS ESCOLAS P\u00daBLICAS: EDUCA\u00c7\u00c3O AMBIENTAL ERESGATE DE SABERES POPULARES O projeto atua desde 2019 fomentando a constru\u00e7\u00e3o de espa\u00e7os pedag\u00f3gicos para a consolida\u00e7\u00e3o da educa\u00e7\u00e3o agroecol\u00f3gica vinculada \u00e0 educa\u00e7\u00e3o b\u00e1sica. Se prop\u00f5e a estimular aberturas nos espa\u00e7os formais dos curr\u00edculos escolares para promover uma maior integra\u00e7\u00e3o entre sujeitos que fazem a escola, a Universidade [&hellip;]<\/p>\n","protected":false},"author":1648,"featured_media":0,"parent":0,"menu_order":0,"comment_status":"closed","ping_status":"closed","template":"","meta":{"_acf_changed":false,"footnotes":""},"class_list":["post-113","page","type-page","status-publish","hentry"],"acf":[],"_links":{"self":[{"href":"https:\/\/litoral.ufpr.br\/neajucara\/wp-json\/wp\/v2\/pages\/113","targetHints":{"allow":["GET"]}}],"collection":[{"href":"https:\/\/litoral.ufpr.br\/neajucara\/wp-json\/wp\/v2\/pages"}],"about":[{"href":"https:\/\/litoral.ufpr.br\/neajucara\/wp-json\/wp\/v2\/types\/page"}],"author":[{"embeddable":true,"href":"https:\/\/litoral.ufpr.br\/neajucara\/wp-json\/wp\/v2\/users\/1648"}],"replies":[{"embeddable":true,"href":"https:\/\/litoral.ufpr.br\/neajucara\/wp-json\/wp\/v2\/comments?post=113"}],"version-history":[{"count":5,"href":"https:\/\/litoral.ufpr.br\/neajucara\/wp-json\/wp\/v2\/pages\/113\/revisions"}],"predecessor-version":[{"id":187,"href":"https:\/\/litoral.ufpr.br\/neajucara\/wp-json\/wp\/v2\/pages\/113\/revisions\/187"}],"wp:attachment":[{"href":"https:\/\/litoral.ufpr.br\/neajucara\/wp-json\/wp\/v2\/media?parent=113"}],"curies":[{"name":"wp","href":"https:\/\/api.w.org\/{rel}","templated":true}]}}