{"id":387,"date":"2026-03-18T16:50:29","date_gmt":"2026-03-18T19:50:29","guid":{"rendered":"https:\/\/litoral.ufpr.br\/meliponario\/?page_id=387"},"modified":"2026-03-18T17:38:09","modified_gmt":"2026-03-18T20:38:09","slug":"387-2","status":"publish","type":"page","link":"https:\/\/litoral.ufpr.br\/meliponario\/387-2\/","title":{"rendered":"XX Semin\u00e1rio Paranaense de Meliponicultura"},"content":{"rendered":"\n<p><\/p>\n\n\n\n<p><\/p>\n\n\n\n<h2 class=\"wp-block-heading has-text-align-center\"><strong>20<\/strong><strong><sup>\u0585<\/sup><\/strong><strong> Semin\u00e1rio Paranaense de Meliponicultura<\/strong><\/h2>\n\n\n\n<p class=\"has-text-align-center\"><strong>Dias 06 e 07 de novembro de 2026<\/strong><\/p>\n\n\n\n<p><strong>I &#8211; Por que realizar o Semin\u00e1rio no litoral do Paran\u00e1?<\/strong><\/p>\n\n\n\n<p>O Semin\u00e1rio retorna ao litoral paranaense ap\u00f3s 16 anos, quando foi realizada a quarta edi\u00e7\u00e3o, em 2010, na sede da Universidade Federal do Paran\u00e1 (UFPR Litoral), em Matinhos. Espa\u00e7o geogr\u00e1fico definido por um mosaico de unidades de conserva\u00e7\u00e3o federal, estadual e municipal, o litoral constitui um dos principais remanescentes cont\u00ednuos de Floresta Atl\u00e2ntica ainda preservados e, portanto, fonte prim\u00e1ria abundante para o desenvolvimento, em diferentes escalas, da meliponicultura. Mais recentemente, diversos projetos de pesquisa e extens\u00e3o universit\u00e1ria foram criados e encontram-se em pleno desenvolvimento na regi\u00e3o; organiza\u00e7\u00f5es sociais de meliponicultores est\u00e3o sendo criadas e diversas institui\u00e7\u00f5es p\u00fablicas j\u00e1 incorporam a import\u00e2ncia da atividade ecol\u00f3gica e produtiva em seu rol de prioridades. Desse modo, a realiza\u00e7\u00e3o do Semin\u00e1rio Paranaense de Meliponicultura no litoral torna-se estrat\u00e9gica para unir os principais atores da regi\u00e3o ao desenvolvimento da atividade no restante do estado do Paran\u00e1.<\/p>\n\n\n\n<p><strong>II &#8211; Objetivos<\/strong><\/p>\n\n\n\n<p>O Semin\u00e1rio tem por objetivos propiciar um conjunto de debates, reflex\u00f5es, proposi\u00e7\u00f5es e processos formativos, em diversos campos do conhecimento, que contribuam com o fortalecimento da meliponicultura no Estado do Paran\u00e1 e que estimulem o di\u00e1logo e aproxima\u00e7\u00e3o de institui\u00e7\u00f5es p\u00fablicas, coletivos, organiza\u00e7\u00f5es e movimentos sociais parceiros da atividade.<\/p>\n\n\n\n<p><strong>III &#8211; P\u00fablico-alvo<\/strong><\/p>\n\n\n\n<p>O evento reunir\u00e1 meliponicultores rurais e urbanos, institui\u00e7\u00f5es p\u00fablicas, organiza\u00e7\u00f5es e movimentos sociais, empresas constitu\u00eddas na \u00e1rea da meliponicultura, produtores e agricultores familiares, acad\u00eamicos, profissionais da educa\u00e7\u00e3o, hobbystas, iniciantes e p\u00fablicos interessados.<\/p>\n\n\n\n<p><strong>IV &#8211; Eixos e temas<\/strong><\/p>\n\n\n\n<ol class=\"wp-block-list\">\n<li><strong>Ecologia e Conserva\u00e7\u00e3o<\/strong><\/li>\n<\/ol>\n\n\n\n<ul class=\"wp-block-list\">\n<li>Processos de educa\u00e7\u00e3o ambiental no ensino formal e n\u00e3o-formal;<\/li>\n\n\n\n<li>Atividade como instrumento para a gest\u00e3o do entorno de Unidades de Conserva\u00e7\u00e3o (UCs);<\/li>\n\n\n\n<li>Invent\u00e1rio, resgate, destina\u00e7\u00e3o e monitoramento de colm\u00e9ias;<\/li>\n\n\n\n<li>Investimentos em pesquisa b\u00e1sica e aplicada;<\/li>\n\n\n\n<li>Pagamento por servi\u00e7os ambientais (manuten\u00e7\u00e3o de APP, poliniza\u00e7\u00e3o, conserva\u00e7\u00e3o da biodiversidade e recursos h\u00eddricos)<\/li>\n<\/ul>\n\n\n\n<ol start=\"2\" class=\"wp-block-list\">\n<li><strong>Avan\u00e7os na legisla\u00e7\u00e3o e certifica\u00e7\u00e3o da atividade<\/strong><\/li>\n<\/ol>\n\n\n\n<ul class=\"wp-block-list\">\n<li>Revis\u00e3o da Lei Estadual 19.152\/2017 (Adapar\/Ricardo Gon\u00e7alves Velho Vieira);<\/li>\n\n\n\n<li>Beneficiamento e acesso a mercado (IDR);<\/li>\n\n\n\n<li>Cadastro e rastreabilidade de informa\u00e7\u00f5es de melipon\u00e1rios e meliponicultores (ADAPAR\/Eloi)<\/li>\n\n\n\n<li>Experi\u00eancias e proposi\u00e7\u00f5es para a certifica\u00e7\u00e3o da atividade.<\/li>\n<\/ul>\n\n\n\n<ol start=\"3\" class=\"wp-block-list\">\n<li><strong>Educa\u00e7\u00e3o, meliponicultura e sociedade<\/strong><\/li>\n<\/ol>\n\n\n\n<ul class=\"wp-block-list\">\n<li>Estrutura\u00e7\u00e3o de redes de institui\u00e7\u00f5es (pesquisa, produ\u00e7\u00e3o e extens\u00e3o) para organizar a capta\u00e7\u00e3o de recursos (editais) (NAPI Abelhas ou Rafael UNICENTRO\/Guarapuava ou Maria Marta UEPG);<\/li>\n\n\n\n<li>Conhecimentos em bioprospec\u00e7\u00e3o, estudos gen\u00e9ticos, ecol\u00f3gicos, reprodutivos e palinol\u00f3gicos;<\/li>\n\n\n\n<li>Estudos com vistas \u00e0 melhoria dos processos produtivos, padroniza\u00e7\u00e3o e controle de adultera\u00e7\u00e3o de produtos das abelhas;<\/li>\n\n\n\n<li>Amplia\u00e7\u00e3o dos processos de conhecimento e difus\u00e3o cient\u00edfica, de modo a tornar as pr\u00e1ticas e produtos mais conhecidos e cada vez mais desmistificados.<\/li>\n\n\n\n<li>Prioriza\u00e7\u00e3o de parcerias com organiza\u00e7\u00f5es e movimentos sociais, com vistas ao desenvolvimento urbano e rural sustent\u00e1vel, amplia\u00e7\u00e3o da base de meliponicultores e mecanismos de trocas de experi\u00eancias.<\/li>\n<\/ul>\n\n\n\n<ol start=\"4\" class=\"wp-block-list\">\n<li><strong>Pol\u00edticas p\u00fablicas e desenvolvimento social<\/strong><\/li>\n<\/ol>\n\n\n\n<ul class=\"wp-block-list\">\n<li>Experi\u00eancias exitosas em n\u00edvel municipal, estadual e federal;<\/li>\n\n\n\n<li>Fundos e demais instrumentos de fomento \u00e0 atividade ecol\u00f3gica e produtiva;<\/li>\n\n\n\n<li>Arranjos p\u00fablicos interinstitucionais para promo\u00e7\u00e3o de editais espec\u00edficos para o desenvolvimento da meliponicultura rural e urbana.<\/li>\n\n\n\n<li>A relev\u00e2ncia da C\u00e2mara T\u00e9cnica de Meliponicultura do Estado do Paran\u00e1.<\/li>\n\n\n\n<li>Incentivo para a participa\u00e7\u00e3o de jovens e mulheres na meliponicultura.<\/li>\n<\/ul>\n\n\n\n<ol start=\"5\" class=\"wp-block-list\">\n<li><strong>Modelos de neg\u00f3cios comunit\u00e1rios em meliponicultura<\/strong><\/li>\n<\/ol>\n\n\n\n<ul class=\"wp-block-list\">\n<li>Experi\u00eancias em sociobioeconomia;<\/li>\n\n\n\n<li>Arranjos produtivos em economia solid\u00e1ria;<\/li>\n\n\n\n<li>Mulheres na meliponicultura.<\/li>\n\n\n\n<li>Participa\u00e7\u00e3o dos movimentos sociais em modelos de gera\u00e7\u00e3o de renda pela meliponicultura .<\/li>\n<\/ul>\n\n\n\n<p><\/p>\n","protected":false},"excerpt":{"rendered":"<p>20\u0585 Semin\u00e1rio Paranaense de Meliponicultura Dias 06 e 07 de novembro de 2026 I &#8211; Por que realizar o Semin\u00e1rio no litoral do Paran\u00e1? O Semin\u00e1rio retorna ao litoral paranaense ap\u00f3s 16 anos, quando foi realizada a quarta edi\u00e7\u00e3o, em 2010, na sede da Universidade Federal do Paran\u00e1 (UFPR Litoral), em Matinhos. Espa\u00e7o geogr\u00e1fico definido [&hellip;]<\/p>\n","protected":false},"author":1660,"featured_media":0,"parent":0,"menu_order":0,"comment_status":"closed","ping_status":"closed","template":"","meta":{"_acf_changed":false,"footnotes":""},"class_list":["post-387","page","type-page","status-publish","hentry"],"acf":[],"_links":{"self":[{"href":"https:\/\/litoral.ufpr.br\/meliponario\/wp-json\/wp\/v2\/pages\/387","targetHints":{"allow":["GET"]}}],"collection":[{"href":"https:\/\/litoral.ufpr.br\/meliponario\/wp-json\/wp\/v2\/pages"}],"about":[{"href":"https:\/\/litoral.ufpr.br\/meliponario\/wp-json\/wp\/v2\/types\/page"}],"author":[{"embeddable":true,"href":"https:\/\/litoral.ufpr.br\/meliponario\/wp-json\/wp\/v2\/users\/1660"}],"replies":[{"embeddable":true,"href":"https:\/\/litoral.ufpr.br\/meliponario\/wp-json\/wp\/v2\/comments?post=387"}],"version-history":[{"count":6,"href":"https:\/\/litoral.ufpr.br\/meliponario\/wp-json\/wp\/v2\/pages\/387\/revisions"}],"predecessor-version":[{"id":396,"href":"https:\/\/litoral.ufpr.br\/meliponario\/wp-json\/wp\/v2\/pages\/387\/revisions\/396"}],"wp:attachment":[{"href":"https:\/\/litoral.ufpr.br\/meliponario\/wp-json\/wp\/v2\/media?parent=387"}],"curies":[{"name":"wp","href":"https:\/\/api.w.org\/{rel}","templated":true}]}}